{"id":73,"date":"2017-07-03T15:52:08","date_gmt":"2017-07-03T13:52:08","guid":{"rendered":"https:\/\/www.hsu-hh.de\/vorlage\/?page_id=73"},"modified":"2026-02-17T18:08:10","modified_gmt":"2026-02-17T17:08:10","slug":"startseite","status":"publish","type":"page","link":"https:\/\/www.hsu-hh.de\/statistik\/","title":{"rendered":"F\u00e4chergruppe Mathematik und Statistik"},"content":{"rendered":"\n<h2 class=\"wp-block-heading\">F\u00e4chergruppensprecher:<\/h2>\n\n\n\n<p><a href=\"https:\/\/www.hsu-hh.de\/mathstat\/\"><abbr title=\"Universit\u00e4tsprofessor\">Univ.-Prof.<\/abbr> <abbr title=\"Doktor\">Dr.<\/abbr> Christian H. Wei\u00df<\/a><\/p>\n\n\n\n<h2 class=\"wp-block-heading\">Professuren:<\/h2>\n\n\n\n<p><strong>Professur f\u00fcr Rechnergest\u00fctzte Statistik<\/strong><br><a href=\"https:\/\/www.hsu-hh.de\/compstat\/\"><abbr title=\"Universit\u00e4tsprofessor\">Univ.-Prof.<\/abbr> <abbr title=\"Doktor\">Dr.<\/abbr> Sven Knoth<\/a>, Geb. H 1, R. 1368, Tel. 3400<br>E-Mail: sven.knoth (at) hsu-hh.de<\/p>\n\n\n\n<p><strong>Professur f\u00fcr Quantitative Methoden der Wirtschaftswissenschaften<\/strong><br><a href=\"https:\/\/www.hsu-hh.de\/mathstat\/\"><abbr title=\"Universit\u00e4tsprofessor\">Univ.-Prof.<\/abbr> <abbr title=\"Doktor\">Dr.<\/abbr> Christian H. Wei\u00df<\/a>, Geb. H 1, R. 1369 , Tel. 2779<br>E-Mail: weissc (at) hsu-hh.de<\/p>\n\n\n\n<p><strong>Professur f\u00fcr Angewandte Stochastik &amp; Risikomanagement<\/strong><br><a href=\"https:\/\/www.hsu-hh.de\/stochastik\/\"><abbr title=\"Universit\u00e4tsprofessor\">Univ.-Prof.<\/abbr> <abbr title=\"Doktor\">Dr.<\/abbr> Gabriel Frahm<\/a>, Geb. H 1, R. 1396, Tel. 2791<br>E-Mail: frahm (at) hsu-hh.de<\/p>\n\n\n\n<p><strong>Professur f\u00fcr Statistik und Datenwissenschaften<\/strong><br><a href=\"https:\/\/www.hsu-hh.de\/statdat\/\"><abbr title=\"Universit\u00e4tsprofessor\">Univ.-Prof.<\/abbr> <abbr title=\"Doktor\">Dr.<\/abbr> Jan Gertheiss<\/a>, Geb. H 1, R. 1375, Tel.&nbsp;2985<br>E-Mail:&nbsp;gertheij (at) hsu-hh.de<\/p>\n","protected":false},"excerpt":{"rendered":"<p>F\u00e4chergruppensprecher: Univ.-Prof. Dr. Christian H. Wei\u00df Professuren: Professur f\u00fcr Rechnergest\u00fctzte StatistikUniv.-Prof. Dr. Sven Knoth, Geb. H 1, R. 1368, Tel. 3400E-Mail: sven.knoth (at) hsu-hh.de Professur f\u00fcr Quantitative Methoden der WirtschaftswissenschaftenUniv.-Prof. [&hellip;]<\/p>\n","protected":false},"author":1,"featured_media":0,"parent":0,"menu_order":0,"comment_status":"closed","ping_status":"closed","template":"","meta":{"footnotes":""},"categories":[35],"tags":[],"class_list":["post-73","page","type-page","status-publish","hentry","category-startseite"],"_links":{"self":[{"href":"https:\/\/www.hsu-hh.de\/statistik\/wp-json\/wp\/v2\/pages\/73","targetHints":{"allow":["GET"]}}],"collection":[{"href":"https:\/\/www.hsu-hh.de\/statistik\/wp-json\/wp\/v2\/pages"}],"about":[{"href":"https:\/\/www.hsu-hh.de\/statistik\/wp-json\/wp\/v2\/types\/page"}],"author":[{"embeddable":true,"href":"https:\/\/www.hsu-hh.de\/statistik\/wp-json\/wp\/v2\/users\/1"}],"replies":[{"embeddable":true,"href":"https:\/\/www.hsu-hh.de\/statistik\/wp-json\/wp\/v2\/comments?post=73"}],"version-history":[{"count":10,"href":"https:\/\/www.hsu-hh.de\/statistik\/wp-json\/wp\/v2\/pages\/73\/revisions"}],"predecessor-version":[{"id":1295,"href":"https:\/\/www.hsu-hh.de\/statistik\/wp-json\/wp\/v2\/pages\/73\/revisions\/1295"}],"wp:attachment":[{"href":"https:\/\/www.hsu-hh.de\/statistik\/wp-json\/wp\/v2\/media?parent=73"}],"wp:term":[{"taxonomy":"category","embeddable":true,"href":"https:\/\/www.hsu-hh.de\/statistik\/wp-json\/wp\/v2\/categories?post=73"},{"taxonomy":"post_tag","embeddable":true,"href":"https:\/\/www.hsu-hh.de\/statistik\/wp-json\/wp\/v2\/tags?post=73"}],"curies":[{"name":"wp","href":"https:\/\/api.w.org\/{rel}","templated":true}]}}