{"id":151,"date":"2017-10-09T12:37:32","date_gmt":"2017-10-09T10:37:32","guid":{"rendered":"https:\/\/www.hsu-hh.de\/statistik\/?page_id=151"},"modified":"2026-02-17T18:10:32","modified_gmt":"2026-02-17T17:10:32","slug":"nachruf-martin-beckmann","status":"publish","type":"page","link":"https:\/\/www.hsu-hh.de\/statistik\/nachruf-martin-beckmann","title":{"rendered":"Nachruf Martin Beckmann"},"content":{"rendered":"\n<p>Die Helmut-Schmidt-Universit\u00e4t trauert um <strong><abbr title=\"Professor\">Prof.<\/abbr> <abbr title=\"Doktor\">Dr.<\/abbr> Martin Josef Beckmann<\/strong>, Ehrendoktor der Fakult\u00e4t f\u00fcr Wirtschafts- und Sozialwissenschaften seit 1984. Beckmann studierte nach dem Krieg Mathematik, Physik und National\u00f6konomie in G\u00f6ttingen und Freiburg, ging dann als Postdoc nach den USA, wo er in der Cowles Commission mit dem sp\u00e4teren Nobelpreistr\u00e4ger Tjalling Koopmans arbeitete. Danach war er parallel Professor f\u00fcr Volkswirtschaftslehre an der Brown University und der Universit\u00e4t Bonn, von 1969 bis zu seiner Emeritierung 1989 dann Professor f\u00fcr Angewandte Mathematik an der <abbr title=\"Technische Universit\u00e4t\">TU<\/abbr> M\u00fcnchen.<\/p>\n\n\n\n<p>Beckmann war einer der Pioniere der quantitativen Methoden in den Wirtschaftswissenschaften, speziell der Unternehmensforschung und der Mathematischen National\u00f6konomie, au\u00dferdem ein mitrei\u00dfender und inspirierender akademischer Lehrer. Schwerpunkte seiner Forschung bildeten die Regional\u00f6konomie und die Transportwissenschaft, aber ebenso die mathematische Optimierung, die Produktions- und Lagerhaltungstheorie sowie die Theorie der Organisationen. So untersuchte er Grundprinzipien des Nutzerverhaltens und optimale Fl\u00fcsse in \u00fcberlasteten Transportnetzen. Dabei blieb er nicht in den Theorien stehen, sondern praktizierte sie als Berater der Automobil- und Flugzeugindustrie. Beckmanns Oeuvre umfasst sechs Monographien und mehr als 220 wissenschaftliche Artikel.<\/p>\n\n\n\n<p>Martin Beckmann wurde vielfach geehrt: er erhielt weitere Ehrendoktorate der Universit\u00e4ten Umea und Karlsruhe (TH), war Fellow der Econometric Society, World President der Regional Science Association und vieles mehr. Beckmann verstarb am 11. April 2017 in Providence, Rhode Island; er wurde 92 Jahre alt.<\/p>\n","protected":false},"excerpt":{"rendered":"<p>Die Helmut-Schmidt-Universit\u00e4t trauert um Prof. Dr. Martin Josef Beckmann, Ehrendoktor der Fakult\u00e4t f\u00fcr Wirtschafts- und Sozialwissenschaften seit 1984. Beckmann studierte nach dem Krieg Mathematik, Physik und National\u00f6konomie in G\u00f6ttingen und [&hellip;]<\/p>\n","protected":false},"author":98,"featured_media":0,"parent":0,"menu_order":0,"comment_status":"closed","ping_status":"closed","template":"","meta":{"footnotes":""},"categories":[29],"tags":[],"class_list":["post-151","page","type-page","status-publish","hentry","category-aktuelles"],"_links":{"self":[{"href":"https:\/\/www.hsu-hh.de\/statistik\/wp-json\/wp\/v2\/pages\/151","targetHints":{"allow":["GET"]}}],"collection":[{"href":"https:\/\/www.hsu-hh.de\/statistik\/wp-json\/wp\/v2\/pages"}],"about":[{"href":"https:\/\/www.hsu-hh.de\/statistik\/wp-json\/wp\/v2\/types\/page"}],"author":[{"embeddable":true,"href":"https:\/\/www.hsu-hh.de\/statistik\/wp-json\/wp\/v2\/users\/98"}],"replies":[{"embeddable":true,"href":"https:\/\/www.hsu-hh.de\/statistik\/wp-json\/wp\/v2\/comments?post=151"}],"version-history":[{"count":2,"href":"https:\/\/www.hsu-hh.de\/statistik\/wp-json\/wp\/v2\/pages\/151\/revisions"}],"predecessor-version":[{"id":1298,"href":"https:\/\/www.hsu-hh.de\/statistik\/wp-json\/wp\/v2\/pages\/151\/revisions\/1298"}],"wp:attachment":[{"href":"https:\/\/www.hsu-hh.de\/statistik\/wp-json\/wp\/v2\/media?parent=151"}],"wp:term":[{"taxonomy":"category","embeddable":true,"href":"https:\/\/www.hsu-hh.de\/statistik\/wp-json\/wp\/v2\/categories?post=151"},{"taxonomy":"post_tag","embeddable":true,"href":"https:\/\/www.hsu-hh.de\/statistik\/wp-json\/wp\/v2\/tags?post=151"}],"curies":[{"name":"wp","href":"https:\/\/api.w.org\/{rel}","templated":true}]}}