{"id":110,"date":"2017-10-09T12:15:44","date_gmt":"2017-10-09T10:15:44","guid":{"rendered":"https:\/\/www.hsu-hh.de\/statistik\/?page_id=110"},"modified":"2026-02-18T07:45:29","modified_gmt":"2026-02-18T06:45:29","slug":"forschung","status":"publish","type":"page","link":"https:\/\/www.hsu-hh.de\/statistik\/forschung","title":{"rendered":"Forschung"},"content":{"rendered":"\n<p>siehe auch das <a href=\"https:\/\/www.hsu-hh.de\/statistik\/kolloquium\/\" target=\"_blank\" rel=\"noreferrer noopener\">Kolloquium der F\u00e4chergruppe Mathematik und Statistik&nbsp;\u00bb<\/a><\/p>\n\n\n\n<h2 class=\"wp-block-heading\">Forschungsgebiete der F\u00e4chergruppe Mathematik und Statistik:<\/h2>\n\n\n\n<div class=\"wp-block-hsu-publicationblock\"><div class=\"img-area download-image\"><img decoding=\"async\" src=\"https:\/\/www.hsu-hh.de\/statistik\/wp-content\/uploads\/sites\/771\/2017\/10\/CountTS.png\" alt=\"count time series\" \/><\/div><div class=\"content-area\"><strong>Z\u00e4hldatenzeitreihen<\/strong><br \/>Diagnostische Testverfahren, Modellierung, Parametersch\u00e4tzung und Vorhersage<br \/>(<a href=\"https:\/\/www.hsu-hh.de\/mathstat\/forschung\/\">weitere Informationen \u00bb<\/a>)<\/div><\/div>\n\n\n\n<div class=\"wp-block-hsu-publicationblock\"><div class=\"img-area download-image\"><img decoding=\"async\" src=\"https:\/\/www.hsu-hh.de\/statistik\/wp-content\/uploads\/sites\/771\/2017\/10\/CaTS-1.png\" alt=\"Kategoriale Zeitreihe\" \/><\/div><div class=\"content-area\"><strong>Kategoriale Zeitreihen<\/strong><br \/>Analysewerkzeuge, grafische Darstellung, Modellierung, Sch\u00e4tzen und Testen<br \/>(<a href=\"https:\/\/www.hsu-hh.de\/mathstat\/forschung\/\">weitere Informationen \u00bb<\/a>)<\/div><\/div>\n\n\n\n<div class=\"wp-block-hsu-publicationblock\"><div class=\"img-area download-image\"><img decoding=\"async\" src=\"https:\/\/www.hsu-hh.de\/statistik\/wp-content\/uploads\/sites\/771\/2017\/10\/CUSUM-1.png\" alt=\"Control chart\" \/><\/div><div class=\"content-area\"><strong>Statistische Prozesskontrolle<\/strong><br \/><abbr title=\"average run length\">ARL<\/abbr>-Berechnung, diskrete Merkmale, Kontrollkarten und Sch\u00e4tzunsicherheit<br \/>(<a href=\"https:\/\/www.hsu-hh.de\/mathstat\/forschung\/\">weitere Informationen \u00bb<\/a>)<\/div><\/div>\n\n\n\n<div class=\"wp-block-hsu-publicationblock\"><div class=\"img-area download-image\"><img decoding=\"async\" src=\"https:\/\/www.hsu-hh.de\/statistik\/wp-content\/uploads\/sites\/771\/2017\/10\/DataMining-1.png\" alt=\"\" \/><\/div><div class=\"content-area\"><strong>Data Mining<br \/><\/strong>Regelbasierte Verfahren, sequentielle Daten, stochastische Modellierung und Warenkorbanalyse<br \/>(<a href=\"https:\/\/www.hsu-hh.de\/mathstat\/forschung\/\">weitere Informationen \u00bb<\/a>)<\/div><\/div>\n\n\n\n<div class=\"wp-block-hsu-publicationblock\"><div class=\"img-area download-image\"><img decoding=\"async\" src=\"https:\/\/www.hsu-hh.de\/statistik\/wp-content\/uploads\/sites\/771\/2017\/10\/Portfoliooptimierung-100x100.png\" alt=\"Portfolio-Optimierung\" \/><\/div><div class=\"content-area\"><strong>Portfoliooptimierung<br \/><\/strong>Portfoliooptimierung unter Ber\u00fccksichtigung von Sch\u00e4tzrisiken sowie linearer und nicht-linearer Restriktionen in gro\u00dfen Anlageuniversen<br \/>(<a href=\"https:\/\/www.hsu-hh.de\/stochastik\/forschung\/\">weitere Informationen \u00bb<\/a>)<\/div><\/div>\n\n\n\n<div class=\"wp-block-hsu-publicationblock\"><div class=\"img-area download-image\"><img decoding=\"async\" src=\"https:\/\/www.hsu-hh.de\/statistik\/wp-content\/uploads\/sites\/771\/2017\/10\/Finanzmathematik-100x100.png\" alt=\"Bootstrap\" \/><\/div><div class=\"content-area\"><strong>Finanzmathematik<br \/><\/strong>Preisbildung und Bewertung in effizienten M\u00e4rkten, Arbitrage Pricing Theory, Closed-End Fund Puzzle<br \/>(<a href=\"https:\/\/www.hsu-hh.de\/stochastik\/forschung\/\">weitere Informationen \u00bb<\/a>)<\/div><\/div>\n\n\n\n<div class=\"wp-block-hsu-publicationblock\"><div class=\"img-area download-image\"><img decoding=\"async\" src=\"https:\/\/www.hsu-hh.de\/statistik\/wp-content\/uploads\/sites\/771\/2017\/10\/Copulas-100x100.png\" alt=\"\" \/><\/div><div class=\"content-area\"><strong>Copulas und Extremwerttheorie<br \/><\/strong>Komplexe Abh\u00e4ngigkeitsstrukturen, elliptische Verteilungen mit schweren Flanken, Random Matrix Theory<br \/>(<a href=\"https:\/\/www.hsu-hh.de\/stochastik\/forschung\/\">weitere Informationen \u00bb<\/a>)<\/div><\/div>\n\n\n\n<div class=\"wp-block-hsu-publicationblock\"><div class=\"img-area download-image\"><img decoding=\"async\" src=\"https:\/\/www.hsu-hh.de\/statistik\/wp-content\/uploads\/sites\/771\/2017\/10\/Kovarianzmatrizen-100x100.png\" alt=\"\" \/><\/div><div class=\"content-area\"><strong>Robuste Kovarianzmatrizen<br \/><\/strong>M-Sch\u00e4tzung von Kovarianzmatrizen bei hochdimensionalen Daten und fehlenden Werten sowie serieller Abh\u00e4ngigkeit<br \/>(<a href=\"https:\/\/www.hsu-hh.de\/stochastik\/forschung\/\">weitere Informationen \u00bb<\/a>)<\/div><\/div>\n\n\n\n<div class=\"wp-block-hsu-publicationblock\"><div class=\"img-area download-image\"><img decoding=\"async\" src=\"https:\/\/www.hsu-hh.de\/statistik\/wp-content\/uploads\/sites\/771\/2020\/07\/fda2.png\" alt=\"\" \/><\/div><div class=\"content-area\"><strong>Funktionale Datenanalyse<br \/><\/strong>(Weiter-)Entwicklung von Verfahren der funktionalen Datenanalyse, insbesondere aus dem Bereich des statistischen und maschinellen Lernens<br \/>(<a href=\"https:\/\/www.hsu-hh.de\/statdat\/forschung\/\">weitere Informationen \u00bb<\/a>)<\/div><\/div>\n\n\n\n<p><\/p>\n","protected":false},"excerpt":{"rendered":"<p>siehe auch das Kolloquium der F\u00e4chergruppe Mathematik und Statistik&nbsp;\u00bb Forschungsgebiete der F\u00e4chergruppe Mathematik und Statistik:<\/p>\n","protected":false},"author":98,"featured_media":0,"parent":0,"menu_order":0,"comment_status":"closed","ping_status":"closed","template":"","meta":{"footnotes":""},"categories":[4],"tags":[],"class_list":["post-110","page","type-page","status-publish","hentry","category-forschung"],"_links":{"self":[{"href":"https:\/\/www.hsu-hh.de\/statistik\/wp-json\/wp\/v2\/pages\/110","targetHints":{"allow":["GET"]}}],"collection":[{"href":"https:\/\/www.hsu-hh.de\/statistik\/wp-json\/wp\/v2\/pages"}],"about":[{"href":"https:\/\/www.hsu-hh.de\/statistik\/wp-json\/wp\/v2\/types\/page"}],"author":[{"embeddable":true,"href":"https:\/\/www.hsu-hh.de\/statistik\/wp-json\/wp\/v2\/users\/98"}],"replies":[{"embeddable":true,"href":"https:\/\/www.hsu-hh.de\/statistik\/wp-json\/wp\/v2\/comments?post=110"}],"version-history":[{"count":49,"href":"https:\/\/www.hsu-hh.de\/statistik\/wp-json\/wp\/v2\/pages\/110\/revisions"}],"predecessor-version":[{"id":1308,"href":"https:\/\/www.hsu-hh.de\/statistik\/wp-json\/wp\/v2\/pages\/110\/revisions\/1308"}],"wp:attachment":[{"href":"https:\/\/www.hsu-hh.de\/statistik\/wp-json\/wp\/v2\/media?parent=110"}],"wp:term":[{"taxonomy":"category","embeddable":true,"href":"https:\/\/www.hsu-hh.de\/statistik\/wp-json\/wp\/v2\/categories?post=110"},{"taxonomy":"post_tag","embeddable":true,"href":"https:\/\/www.hsu-hh.de\/statistik\/wp-json\/wp\/v2\/tags?post=110"}],"curies":[{"name":"wp","href":"https:\/\/api.w.org\/{rel}","templated":true}]}}