{"id":612,"date":"2021-06-11T08:05:15","date_gmt":"2021-06-11T06:05:15","guid":{"rendered":"https:\/\/www.hsu-hh.de\/statdat\/?page_id=612"},"modified":"2025-06-25T13:54:47","modified_gmt":"2025-06-25T11:54:47","slug":"lizzie-neumann-2","status":"publish","type":"page","link":"https:\/\/www.hsu-hh.de\/statdat\/en\/lizzie-neumann-2","title":{"rendered":"Lizzie Neumann, M.Sc."},"content":{"rendered":"<div class=\"clearfix\"><\/div>\n<div class=\"ansprechparter-container\">\n<div class=\"row ansprechpartner-item ansprechparter-header\">\n<div class=\"col-md-4 col-lg-3 col-xs-4 ansprechpartner-item floatright img-circle center-block\" style=\"margin-bottom: 30px\">\n<div><\/div>\n<div class=\"img-responsive-wrapper\"><img loading=\"lazy\" decoding=\"async\" class=\"aligncenter wp-image-737\" src=\"https:\/\/www.hsu-hh.de\/statdat\/wp-content\/uploads\/sites\/794\/2021\/11\/IMG_0921-1-214x300.jpg\" alt=\" \" width=\"131\" height=\"183\" data-credit=\"Lizzie Neumann\" srcset=\"https:\/\/www.hsu-hh.de\/statdat\/wp-content\/uploads\/sites\/794\/2021\/11\/IMG_0921-1-214x300.jpg 214w, https:\/\/www.hsu-hh.de\/statdat\/wp-content\/uploads\/sites\/794\/2021\/11\/IMG_0921-1.jpg 600w\" sizes=\"auto, (max-width: 131px) 100vw, 131px\" \/><\/div>\n<\/div>\n<div class=\"col-md-12 col-lg-3 col-xs-12 ansprechpartner-item kontakt floatright\" style=\"margin-bottom: 30px\">\n<div class=\"row\">\n<div class=\"col-xs-12 col-sm-6 col-lg-12\">\n<div class=\"row\">\n<div><\/div>\n<div><\/div>\n<div class=\"col-xs-12 col-lg-4 row-text bold\">Room:<\/div>\n<div class=\"col-xs-12 col-lg-8 row-text\">1373<\/div>\n<\/div>\n<\/div>\n<div class=\"col-xs-12 col-sm-6 col-lg-12\">\n<div class=\"row\">\n<div class=\"col-xs-12 col-md-12 row-text bold\">Telephone:<\/div>\n<div>+49 40 6541-3007<\/div>\n<div class=\"col-xs-12 col-md-12 row-text bold\">E-Mail:<\/div>\n<div class=\"col-xs-12 col-md-12 row-text\">neumannl(at)hsu-hh.de<\/div>\n<\/div>\n<\/div>\n<\/div>\n<\/div>\n<div class=\"col-md-6 col-lg-3 col-xs-12 ansprechpartner-item anschrift floatright\">\n<div><\/div>\n<div><\/div>\n<div class=\"row-headline\">Address<\/div>\n<div class=\"row-text\">Helmut-Schmidt-University<\/div>\n<div class=\"row-text\">Building H1<\/div>\n<div class=\"row-text\">Holstenhofweg 85<\/div>\n<div class=\"row-text\">22043 Hamburg<\/div>\n<\/div>\n<div class=\"col-md-6 col-lg-3 col-xs-12 ansprechpartner-item anschrift floatright\">\n<div><\/div>\n<div><\/div>\n<div class=\"row-headline\">Postal address<\/div>\n<div class=\"row-text\">Helmut-Schmidt-University<\/div>\n<div class=\"row-text\">Faculty for Economics and<\/div>\n<div>Social Sciences<\/div>\n<div class=\"row-text\">PO-box 70 08 22<\/div>\n<div class=\"row-text\">22008 Hamburg<\/div>\n<div>Germany<\/div>\n<div><\/div>\n<\/div>\n<\/div>\n<\/div>\n<div class=\"clearfix\"><\/div>\n<h3><\/h3>\n<div>Since May 2021 I work as research assistant in the team of <abbr title=\"Professor\">Prof.<\/abbr> <abbr title=\"Doktor\">Dr.<\/abbr> Jan Gertheiss. I am doing my doctorate in &#8222;Statistical learning methods for covariate adjustment in structural health monitoring&#8220; within the subproject Data Analytics in the joint dtec.bw research project SHM &#8211; Digitization and Monitoring of Bridge Infrastructure.<\/div>\n<h3>Publications<\/h3>\n<p>Neumann, L. (2025). Monitoring Confounder-adjusted Principal Component Scores with an Application to Load Test Data. In: Proceedings of the 35th European Safety and Reliability &amp; the 33rd Society for Risk Analysis Europe Conference. Edited by Eirik Bjorheim Abrahamsen, Terje Aven, Frederic Bouder, Roger Flage, Marja Yl\u00f6nen. Research Publishing, Singapore, 2985-2992, doi:10.3850\/978-981-94-3281-3-procd<\/p>\n<p>Neumann, L., P. Wittenberg, A. Mendler, and J. Gertheiss (2025). Confounder-adjusted covariances of system outputs and applications to structural health monitoring. In: Mechanical Systems and Signal Processing 224, 111083, doi: 10.1016\/j.ymssp.2024.111983<\/p>\n<p>Neumann, L., P. Wittenberg, and J. Gertheiss (2025). Confidence Intervals for Conditional Covariances of Natural Frequencies. In: Proceedings of the IOMAC 2025 (to appear), available from https:\/\/iomac2025.sciencesconf.org\/591249<\/p>\n<p>Neumann, L. (2023). Covariate-adjusted Association of Sensor Outputs using a Nonparametric Estimate of the Conditional Covariance. In: Proceedings of the 37th International Workshop on Statistical Modelling: Volume I., Dortmund, Germany, 543-548.<\/p>\n<p>Neumann, L., Gertheiss J. (2022). Covariate-adjusted Association of Sensor Outputs for Structural Health Monitoring. In: dtec.bw-Beitr\u00e4ge der Helmut-Schmidt-Universit\u00e4t \/ Universit\u00e4t der Bundeswehr Hamburg: Forschungsaktivit\u00e4ten im Zentrum f\u00fcr Digitalisierungs- und Technologieforschung der Bundeswehr dtec.bw \u2013 Band 1, 287-291, available from https:\/\/doi.org\/10.24405\/14566<\/p>\n<p>Neumann, L., Gertheiss J. (2022). Covariate-adjusted Association of Sensor Outouts. In: Proceedings of the 36th International Workshop on Statistical Modelling: Volume I., Trieste, Italy, 513-516.<\/p>\n<h3>Lectures<\/h3>\n<p><abbr title=\"Herbsttrimester\">HT<\/abbr>: Exercise &#8222;Quantitative Methods I&#8220;, &#8222;Quantitative Methods IV&#8220;<\/p>\n<p><abbr title=\"Wintertrimester\">WT<\/abbr>: Exercise &#8222;Quantitative Methods II&#8220;, &#8222;Statistics for Political Scientists&#8220;<\/p>\n<p><abbr title=\"Fr\u00fchjahrstrimester\">FT<\/abbr>: Exercise &#8222;Quantitative Methods III&#8220;, &#8222;Time Series Analysis&#8220;<\/p>\n","protected":false},"excerpt":{"rendered":"<p>Room: 1373 Telephone: +49 40 6541-3007 E-Mail: neumannl(at)hsu-hh.de Address Helmut-Schmidt-University Building H1 Holstenhofweg 85 22043 Hamburg Postal address Helmut-Schmidt-University Faculty for Economics and Social Sciences PO-box 70 08 22 22008 [&hellip;]<\/p>\n","protected":false},"author":3023,"featured_media":0,"parent":0,"menu_order":0,"comment_status":"closed","ping_status":"closed","template":"","meta":{"footnotes":""},"categories":[7],"tags":[],"class_list":["post-612","page","type-page","status-publish","hentry","category-research"],"_links":{"self":[{"href":"https:\/\/www.hsu-hh.de\/statdat\/wp-json\/wp\/v2\/pages\/612","targetHints":{"allow":["GET"]}}],"collection":[{"href":"https:\/\/www.hsu-hh.de\/statdat\/wp-json\/wp\/v2\/pages"}],"about":[{"href":"https:\/\/www.hsu-hh.de\/statdat\/wp-json\/wp\/v2\/types\/page"}],"author":[{"embeddable":true,"href":"https:\/\/www.hsu-hh.de\/statdat\/wp-json\/wp\/v2\/users\/3023"}],"replies":[{"embeddable":true,"href":"https:\/\/www.hsu-hh.de\/statdat\/wp-json\/wp\/v2\/comments?post=612"}],"version-history":[{"count":10,"href":"https:\/\/www.hsu-hh.de\/statdat\/wp-json\/wp\/v2\/pages\/612\/revisions"}],"predecessor-version":[{"id":1515,"href":"https:\/\/www.hsu-hh.de\/statdat\/wp-json\/wp\/v2\/pages\/612\/revisions\/1515"}],"wp:attachment":[{"href":"https:\/\/www.hsu-hh.de\/statdat\/wp-json\/wp\/v2\/media?parent=612"}],"wp:term":[{"taxonomy":"category","embeddable":true,"href":"https:\/\/www.hsu-hh.de\/statdat\/wp-json\/wp\/v2\/categories?post=612"},{"taxonomy":"post_tag","embeddable":true,"href":"https:\/\/www.hsu-hh.de\/statdat\/wp-json\/wp\/v2\/tags?post=612"}],"curies":[{"name":"wp","href":"https:\/\/api.w.org\/{rel}","templated":true}]}}