{"id":374,"date":"2020-06-19T11:57:31","date_gmt":"2020-06-19T09:57:31","guid":{"rendered":"https:\/\/www.hsu-hh.de\/statdat\/?page_id=374"},"modified":"2022-11-08T11:20:23","modified_gmt":"2022-11-08T10:20:23","slug":"leonie-selk","status":"publish","type":"page","link":"https:\/\/www.hsu-hh.de\/statdat\/leonie-selk","title":{"rendered":"Dr. Leonie Selk"},"content":{"rendered":"<div class=\"clearfix\"><\/div>\n<div class=\"ansprechparter-container\">\n<div class=\"row ansprechpartner-item ansprechparter-header\">\n<div class=\"col-xs-8 col-lg-12\" style=\"margin-bottom: 30px\"><\/div>\n<div class=\"col-md-4 col-lg-3 col-xs-4 ansprechpartner-item floatright img-circle center-block\" style=\"margin-bottom: 30px\">\n<div class=\"img-responsive-wrapper\"><img loading=\"lazy\" decoding=\"async\" class=\"alignnone wp-image-376\" src=\"https:\/\/www.hsu-hh.de\/statdat\/wp-content\/uploads\/sites\/794\/2020\/06\/Leonie-300x300.jpg\" alt=\" \" width=\"183\" height=\"183\" data-credit=\" \" srcset=\"https:\/\/www.hsu-hh.de\/statdat\/wp-content\/uploads\/sites\/794\/2020\/06\/Leonie-300x300.jpg 300w, https:\/\/www.hsu-hh.de\/statdat\/wp-content\/uploads\/sites\/794\/2020\/06\/Leonie-1024x1024.jpg 1024w, https:\/\/www.hsu-hh.de\/statdat\/wp-content\/uploads\/sites\/794\/2020\/06\/Leonie-150x150.jpg 150w, https:\/\/www.hsu-hh.de\/statdat\/wp-content\/uploads\/sites\/794\/2020\/06\/Leonie-768x768.jpg 768w, https:\/\/www.hsu-hh.de\/statdat\/wp-content\/uploads\/sites\/794\/2020\/06\/Leonie-1536x1536.jpg 1536w, https:\/\/www.hsu-hh.de\/statdat\/wp-content\/uploads\/sites\/794\/2020\/06\/Leonie-2048x2048.jpg 2048w, https:\/\/www.hsu-hh.de\/statdat\/wp-content\/uploads\/sites\/794\/2020\/06\/Leonie-1100x1100.jpg 1100w, https:\/\/www.hsu-hh.de\/statdat\/wp-content\/uploads\/sites\/794\/2020\/06\/Leonie-100x100.jpg 100w\" sizes=\"auto, (max-width: 183px) 100vw, 183px\" \/><\/div>\n<\/div>\n<div class=\"col-md-12 col-lg-3 col-xs-12 ansprechpartner-item kontakt floatright\" style=\"margin-bottom: 30px\">\n<div class=\"row\">\n<div class=\"col-xs-12 col-sm-6 col-lg-12\">\n<div class=\"row\">\n<div class=\"col-xs-12 col-lg-4 row-text bold\">Raum:<\/div>\n<div class=\"col-xs-12 col-lg-8 row-text\">1373<\/div>\n<\/div>\n<\/div>\n<div class=\"col-xs-12 col-sm-6 col-lg-12\">\n<div class=\"row\"><\/div>\n<\/div>\n<div class=\"col-xs-12 col-sm-6 col-lg-12\">\n<div class=\"row\">\n<div class=\"col-xs-12 col-lg-8 row-text\"><\/div>\n<\/div>\n<\/div>\n<div class=\"col-xs-12 col-sm-6 col-lg-12\">\n<div class=\"row\">\n<div class=\"col-xs-12 col-md-12 row-text bold\">E-Mail:<\/div>\n<div class=\"col-xs-12 col-md-12 row-text\"><a href=\"mailto:leonie.selk@hsu-hh.de\" rel='nofollow'>leonie.selk@hsu-hh.de<\/a><\/div>\n<\/div>\n<\/div>\n<\/div>\n<\/div>\n<div class=\"col-md-6 col-lg-3 col-xs-12 ansprechpartner-item anschrift floatright\">\n<div class=\"row-headline\">Besucheranschrift<\/div>\n<div class=\"row-text\">Helmut-Schmidt-Universit\u00e4t<\/div>\n<div class=\"row-text\">Geb\u00e4ude H1<\/div>\n<div class=\"row-text\">Holstenhofweg 85<\/div>\n<div class=\"row-text\">22043 Hamburg<\/div>\n<\/div>\n<div class=\"col-md-6 col-lg-3 col-xs-12 ansprechpartner-item anschrift floatright\">\n<div class=\"row-headline\">Postanschrift<\/div>\n<div class=\"row-text\">Helmut-Schmidt-Universit\u00e4t<\/div>\n<div class=\"row-text\">Fakult\u00e4t f\u00fcr <abbr title=\"Wirtschafts- und Sozialwissenschaften\">WiSo<\/abbr><br \/>\nStatistik und Datenwissenschaften<\/div>\n<div class=\"row-text\">Postfach 70 08 22<\/div>\n<div class=\"row-text\">22008 Hamburg<\/div>\n<\/div>\n<\/div>\n<\/div>\n<div class=\"clearfix\"><\/div>\n<h3><\/h3>\n<p>Ich bin an die <a href=\"https:\/\/www.math.uni-hamburg.de\/forschung\/bereiche\/st\/personen\/selk-leonie.html\" rel='nofollow'>Universit\u00e4t Hamburg<\/a> gewechselt.<\/p>\n<p>Von April 2020 bis August 2022 war ich als Post-Doc im Team von <abbr title=\"Professor\">Prof.<\/abbr> <abbr title=\"Doktor\">Dr.<\/abbr> Jan Gertheiss innerhalb der&nbsp;<a href=\"https:\/\/www.hsu-hh.de\/statistik\/\">F\u00e4chergruppe Mathematik und Statistik<\/a> t\u00e4tig.<\/p>\n","protected":false},"excerpt":{"rendered":"<p>Raum: 1373 E-Mail: leonie.selk@hsu-hh.de Besucheranschrift Helmut-Schmidt-Universit\u00e4t Geb\u00e4ude H1 Holstenhofweg 85 22043 Hamburg Postanschrift Helmut-Schmidt-Universit\u00e4t Fakult\u00e4t f\u00fcr WiSo Statistik und Datenwissenschaften Postfach 70 08 22 22008 Hamburg Ich bin an die [&hellip;]<\/p>\n","protected":false},"author":2588,"featured_media":376,"parent":0,"menu_order":0,"comment_status":"closed","ping_status":"closed","template":"","meta":{"footnotes":""},"categories":[4],"tags":[],"class_list":["post-374","page","type-page","status-publish","has-post-thumbnail","hentry","category-forschung"],"_links":{"self":[{"href":"https:\/\/www.hsu-hh.de\/statdat\/wp-json\/wp\/v2\/pages\/374","targetHints":{"allow":["GET"]}}],"collection":[{"href":"https:\/\/www.hsu-hh.de\/statdat\/wp-json\/wp\/v2\/pages"}],"about":[{"href":"https:\/\/www.hsu-hh.de\/statdat\/wp-json\/wp\/v2\/types\/page"}],"author":[{"embeddable":true,"href":"https:\/\/www.hsu-hh.de\/statdat\/wp-json\/wp\/v2\/users\/2588"}],"replies":[{"embeddable":true,"href":"https:\/\/www.hsu-hh.de\/statdat\/wp-json\/wp\/v2\/comments?post=374"}],"version-history":[{"count":48,"href":"https:\/\/www.hsu-hh.de\/statdat\/wp-json\/wp\/v2\/pages\/374\/revisions"}],"predecessor-version":[{"id":952,"href":"https:\/\/www.hsu-hh.de\/statdat\/wp-json\/wp\/v2\/pages\/374\/revisions\/952"}],"wp:featuredmedia":[{"embeddable":true,"href":"https:\/\/www.hsu-hh.de\/statdat\/wp-json\/wp\/v2\/media\/376"}],"wp:attachment":[{"href":"https:\/\/www.hsu-hh.de\/statdat\/wp-json\/wp\/v2\/media?parent=374"}],"wp:term":[{"taxonomy":"category","embeddable":true,"href":"https:\/\/www.hsu-hh.de\/statdat\/wp-json\/wp\/v2\/categories?post=374"},{"taxonomy":"post_tag","embeddable":true,"href":"https:\/\/www.hsu-hh.de\/statdat\/wp-json\/wp\/v2\/tags?post=374"}],"curies":[{"name":"wp","href":"https:\/\/api.w.org\/{rel}","templated":true}]}}