{"id":273,"date":"2020-02-18T14:52:19","date_gmt":"2020-02-18T13:52:19","guid":{"rendered":"https:\/\/www.hsu-hh.de\/statdat\/?page_id=273"},"modified":"2026-02-06T09:57:21","modified_gmt":"2026-02-06T08:57:21","slug":"frederike-vogel","status":"publish","type":"page","link":"https:\/\/www.hsu-hh.de\/statdat\/frederike-vogel","title":{"rendered":"Dr. Frederike Vogel"},"content":{"rendered":"<div class=\"ansprechparter-container\">\n<div class=\"row ansprechpartner-item ansprechparter-header\">\n<div class=\"col-xs-8 col-lg-12\" style=\"margin-bottom: 30px\">\n<h3 class=\"ansprechparter-headline\"><\/h3>\n<\/div>\n<div class=\"col-md-4 col-lg-3 col-xs-4 ansprechpartner-item floatright img-circle center-block\" style=\"margin-bottom: 30px\">\n<div class=\"img-responsive-wrapper\"><img loading=\"lazy\" decoding=\"async\" class=\"alignnone wp-image-1256 \" src=\"https:\/\/www.hsu-hh.de\/statdat\/wp-content\/uploads\/sites\/794\/2023\/12\/hallo-249x300.jpg\" alt=\"\" width=\"142\" height=\"171\" data-credit=\"-\" \/><\/div>\n<\/div>\n<div class=\"col-md-12 col-lg-3 col-xs-12 ansprechpartner-item kontakt floatright\" style=\"margin-bottom: 30px\">\n<div class=\"row\">\n<div class=\"col-xs-12 col-sm-6 col-lg-12\">\n<div class=\"row\">\n<div class=\"col-xs-12 col-lg-4 row-text bold\">Raum:<\/div>\n<div class=\"col-xs-12 col-lg-8 row-text\">1374<\/div>\n<\/div>\n<\/div>\n<div class=\"col-xs-12 col-sm-6 col-lg-12\">\n<div class=\"row\">\n<div class=\"col-xs-12 col-lg-4 row-text bold\">Telefon:<\/div>\n<div class=\"col-xs-12 col-lg-8 row-text\">(040) 6541-3632<\/div>\n<\/div>\n<\/div>\n<div class=\"col-xs-12 col-sm-6 col-lg-12\">\n<div class=\"row\">\n<div class=\"col-xs-12 col-md-12 row-text bold\">E-Mail:<\/div>\n<div class=\"col-xs-12 col-md-12 row-text\"><a href=\"mailto:vogelf@hsu-hh.de\" rel='nofollow'>vogelf@hsu-hh.de<\/a><\/div>\n<\/div>\n<\/div>\n<\/div>\n<\/div>\n<div class=\"col-md-6 col-lg-3 col-xs-12 ansprechpartner-item anschrift floatright\">\n<div class=\"row-headline\">Besucheranschrift<\/div>\n<div class=\"row-text\">Helmut-Schmidt-Universit\u00e4t<\/div>\n<div class=\"row-text\">Geb\u00e4ude H1<\/div>\n<div class=\"row-text\">Holstenhofweg 85<\/div>\n<div class=\"row-text\">22043 Hamburg<\/div>\n<\/div>\n<div class=\"col-md-6 col-lg-3 col-xs-12 ansprechpartner-item anschrift floatright\">\n<div class=\"row-headline\">Postanschrift<\/div>\n<div class=\"row-text\">Helmut-Schmidt-Universit\u00e4t<\/div>\n<div class=\"row-text\">Fakult\u00e4t f\u00fcr <abbr title=\"Wirtschafts- und Sozialwissenschaften\">WiSo<\/abbr><\/div>\n<div class=\"row-text\">Statistik und Datenwissenschaften<\/div>\n<div class=\"row-text\">Postfach 70 08 22<\/div>\n<div class=\"row-text\">22008 Hamburg<\/div>\n<\/div>\n<\/div>\n<\/div>\n<div class=\"clearfix\"><\/div>\n<h3><\/h3>\n<p>Von 2019 bis 2024 war ich Doktorandin im Team von <abbr title=\"Professor\">Prof.<\/abbr> <abbr title=\"Doktor\">Dr.<\/abbr> Jan Gertheiss. Inzwischen arbeite ich am\u00a0<a href=\"https:\/\/www.uke.de\/allgemein\/arztprofile-und-wissenschaftlerprofile\/wissenschaftlerprofilseite_frederike_vogel.html\" rel='nofollow'>UKE<\/a>.<\/p>\n<h3><\/h3>\n<h3>Forschungsinteressen:<\/h3>\n<ul>\n<li>statistisches und maschinelles Lernen f\u00fcr sensorbasierte (funktionale) Daten<\/li>\n<\/ul>\n<h3><\/h3>\n<h3>Konferenzen und Vortr\u00e4ge<\/h3>\n<p>IWSM 2023. Examining Quantiles of Sensor Outputs in Structural Health Monitoring. Published in: 37th International Workshop on Statistical Modelling (p. 648).<\/p>\n<p>TeaP 2021.\u00a0 Embodying an old age virtual avatar leads to decline in physical performance and to avoidance of self-observation. Online long presentation submitted as pre-recorded video.<\/p>\n<p>IWSM 2020. Neural network classification of movement patterns in a virtual reality experiment. Published in: 35th International Workshop on Statistical Modelling (p. 442).<\/p>\n<h3>Publikationen<\/h3>\n<p>Vogel, F. Examining Quantiles of Sensor Outputs in Structural Health Monitoring. (2023). In 37th International Workshop on Statistical Modelling (p. 648).<\/p>\n<p>Vogel, F., Vahle, N. M., Gertheiss, J., &amp; Tomasik, M. J. (2022). Supervised learning for analyzing movement patterns in a virtual reality experiment. Royal Society Open Science, 9(4), 211594.<\/p>\n<p>Vogel, F., Vahle, N., Gertheiss, J., &amp; Tomasik, M. Neural network classification of movement patterns in a virtual reality experiment. (2020). In 35th International Workshop on Statistical Modelling\u00a0(p. 442).<\/p>\n<h3><\/h3>\n<h3>Lehre<\/h3>\n<p>2020-2023: \u00dcbungen &#8222;Quantitative Methoden I\/II\/III&#8220;, Studieng\u00e4nge Wirtschaftswissenschaften und Logistik<br \/>\n2022-2024: \u00dcbungen &#8222;Statistik f\u00fcr Studierende der Politikwissenschaft&#8220;<br \/>\n2023: Vorkurs Mathematik, Studieng\u00e4nge der Wirtschaftswissenschaften und Logistik<\/p>\n","protected":false},"excerpt":{"rendered":"<p>Raum: 1374 Telefon: (040) 6541-3632 E-Mail: vogelf@hsu-hh.de Besucheranschrift Helmut-Schmidt-Universit\u00e4t Geb\u00e4ude H1 Holstenhofweg 85 22043 Hamburg Postanschrift Helmut-Schmidt-Universit\u00e4t Fakult\u00e4t f\u00fcr WiSo Statistik und Datenwissenschaften Postfach 70 08 22 22008 Hamburg Von [&hellip;]<\/p>\n","protected":false},"author":2122,"featured_media":1253,"parent":0,"menu_order":0,"comment_status":"closed","ping_status":"closed","template":"","meta":{"footnotes":""},"categories":[4],"tags":[],"class_list":["post-273","page","type-page","status-publish","has-post-thumbnail","hentry","category-forschung"],"_links":{"self":[{"href":"https:\/\/www.hsu-hh.de\/statdat\/wp-json\/wp\/v2\/pages\/273","targetHints":{"allow":["GET"]}}],"collection":[{"href":"https:\/\/www.hsu-hh.de\/statdat\/wp-json\/wp\/v2\/pages"}],"about":[{"href":"https:\/\/www.hsu-hh.de\/statdat\/wp-json\/wp\/v2\/types\/page"}],"author":[{"embeddable":true,"href":"https:\/\/www.hsu-hh.de\/statdat\/wp-json\/wp\/v2\/users\/2122"}],"replies":[{"embeddable":true,"href":"https:\/\/www.hsu-hh.de\/statdat\/wp-json\/wp\/v2\/comments?post=273"}],"version-history":[{"count":16,"href":"https:\/\/www.hsu-hh.de\/statdat\/wp-json\/wp\/v2\/pages\/273\/revisions"}],"predecessor-version":[{"id":1625,"href":"https:\/\/www.hsu-hh.de\/statdat\/wp-json\/wp\/v2\/pages\/273\/revisions\/1625"}],"wp:featuredmedia":[{"embeddable":true,"href":"https:\/\/www.hsu-hh.de\/statdat\/wp-json\/wp\/v2\/media\/1253"}],"wp:attachment":[{"href":"https:\/\/www.hsu-hh.de\/statdat\/wp-json\/wp\/v2\/media?parent=273"}],"wp:term":[{"taxonomy":"category","embeddable":true,"href":"https:\/\/www.hsu-hh.de\/statdat\/wp-json\/wp\/v2\/categories?post=273"},{"taxonomy":"post_tag","embeddable":true,"href":"https:\/\/www.hsu-hh.de\/statdat\/wp-json\/wp\/v2\/tags?post=273"}],"curies":[{"name":"wp","href":"https:\/\/api.w.org\/{rel}","templated":true}]}}