{"id":268,"date":"2020-02-18T14:45:18","date_gmt":"2020-02-18T13:45:18","guid":{"rendered":"https:\/\/www.hsu-hh.de\/statdat\/?page_id=268"},"modified":"2024-10-01T12:33:08","modified_gmt":"2024-10-01T10:33:08","slug":"aisouda-hoshiyar","status":"publish","type":"page","link":"https:\/\/www.hsu-hh.de\/statdat\/aisouda-hoshiyar","title":{"rendered":"Dr. Aisouda Hoshiyar"},"content":{"rendered":"<div class=\"clearfix\"><\/div>\n<div class=\"ansprechparter-container\">\n<div class=\"row ansprechpartner-item ansprechparter-header\">\n<div class=\"col-xs-8 col-lg-12\" style=\"margin-bottom: 30px\">\n<h3 class=\"ansprechparter-headline\"><\/h3>\n<\/div>\n<div class=\"col-md-4 col-lg-3 col-xs-4 ansprechpartner-item floatright img-circle center-block\" style=\"margin-bottom: 30px\">\n<div class=\"img-responsive-wrapper\"><img loading=\"lazy\" decoding=\"async\" class=\"alignnone wp-image-366\" src=\"https:\/\/www.hsu-hh.de\/statdat\/wp-content\/uploads\/sites\/794\/2020\/06\/AisoudaHoshiyar-245x300.jpg\" alt=\"-\" width=\"150\" height=\"183\" data-credit=\"-\" srcset=\"https:\/\/www.hsu-hh.de\/statdat\/wp-content\/uploads\/sites\/794\/2020\/06\/AisoudaHoshiyar-245x300.jpg 245w, https:\/\/www.hsu-hh.de\/statdat\/wp-content\/uploads\/sites\/794\/2020\/06\/AisoudaHoshiyar-838x1024.jpg 838w, https:\/\/www.hsu-hh.de\/statdat\/wp-content\/uploads\/sites\/794\/2020\/06\/AisoudaHoshiyar-768x938.jpg 768w, https:\/\/www.hsu-hh.de\/statdat\/wp-content\/uploads\/sites\/794\/2020\/06\/AisoudaHoshiyar-1257x1536.jpg 1257w, https:\/\/www.hsu-hh.de\/statdat\/wp-content\/uploads\/sites\/794\/2020\/06\/AisoudaHoshiyar-1100x1344.jpg 1100w, https:\/\/www.hsu-hh.de\/statdat\/wp-content\/uploads\/sites\/794\/2020\/06\/AisoudaHoshiyar.jpg 1491w\" sizes=\"auto, (max-width: 150px) 100vw, 150px\" \/><\/div>\n<\/div>\n<div class=\"col-md-12 col-lg-3 col-xs-12 ansprechpartner-item kontakt floatright\" style=\"margin-bottom: 30px\">\n<div class=\"row\">\n<div class=\"col-xs-12 col-sm-6 col-lg-12\">\n<div class=\"row\">\n<div class=\"col-xs-12 col-lg-4 row-text bold\">Raum:<\/div>\n<div class=\"col-xs-12 col-lg-8 row-text\">1374<\/div>\n<div><\/div>\n<\/div>\n<\/div>\n<div class=\"col-xs-12 col-sm-6 col-lg-12\">\n<div class=\"row\">\n<div class=\"col-xs-12 col-lg-4 row-text bold\">Telefon:<\/div>\n<div class=\"col-xs-12 col-lg-8 row-text\">+49 40 6541-1234<\/div>\n<\/div>\n<\/div>\n<div class=\"col-xs-12 col-sm-6 col-lg-12\">\n<div class=\"row\">\n<div class=\"col-xs-12 col-lg-8 row-text\"><\/div>\n<\/div>\n<\/div>\n<div class=\"col-xs-12 col-sm-6 col-lg-12\">\n<div class=\"row\">\n<div class=\"col-xs-12 col-md-12 row-text bold\">E-Mail:<\/div>\n<div class=\"col-xs-12 col-md-12 row-text\"><a href=\"mailto:muster@hsu-hh.de\" rel='nofollow'>aisouda.hoshiyar@hsu-hh.de<\/a><\/div>\n<\/div>\n<\/div>\n<\/div>\n<\/div>\n<div class=\"col-md-6 col-lg-3 col-xs-12 ansprechpartner-item anschrift floatright\">\n<div class=\"row-headline\">Besucheranschrift<\/div>\n<div class=\"row-text\">Helmut-Schmidt-Universit\u00e4t<\/div>\n<div class=\"row-text\">Geb\u00e4ude H1<\/div>\n<div class=\"row-text\">Holstenhofweg 85<\/div>\n<div class=\"row-text\">22043 Hamburg<\/div>\n<\/div>\n<div class=\"col-md-6 col-lg-3 col-xs-12 ansprechpartner-item anschrift floatright\">\n<div class=\"row-headline\">Postanschrift<\/div>\n<div class=\"row-text\">Helmut-Schmidt-Universit\u00e4t<\/div>\n<div class=\"row-text\">Fakult\u00e4t f\u00fcr <abbr title=\"Wirtschafts- und Sozialwissenschaften\">WiSo<\/abbr><\/div>\n<div class=\"row-text\">Statistik und Datenwissenschaften<\/div>\n<div class=\"row-text\">Postfach 70 08 22<\/div>\n<div class=\"row-text\">22008 Hamburg<\/div>\n<\/div>\n<\/div>\n<\/div>\n<div class=\"clearfix\"><\/div>\n<h3><\/h3>\n<h3>Publikationen<\/h3>\n<p>Hoshiyar, A., Gertheiss, L.H. and Gertheiss, J. (2024). Regularization and Model Selection for Ordinal-on-Ordinal Regression with Applications to Food Products&#8216; Testing and Survey Data. Preprint.<\/p>\n<p>Hoshiyar, A. and Gertheiss, J. (2023). Fusion, Smoothing and Model Selection for Item-on-Item Regression. In: Proceedings of the 37th International Workshop on Statistical Modelling, Dortmund, Germany, 133\u2013138.<\/p>\n<p>Hoshiyar,\u00a0A., H.A.L. Kiers, and J. Gertheiss (2023). Penalized optimal scaling for ordinal variables with an application to international classification of functioning core sets.\u00a0British Journal of Mathematical and Statistical Psychology,\u00a076(2), 353-371.<\/p>\n<p>Hoshiyar,\u00a0A., Gertheiss, J. (2022). Fusion, Smoothing and Model Selection for Item-on-Item Regression. In: Proceedings of the 35th International Workshop on Statistical Modelling, Trieste, Italy, 467\u2013471.<\/p>\n<p>Wei\u00df, C.H., F. Zhu, and\u00a0Hoshiyar,\u00a0A.\u00a0(2022). Softplus INGARCH Models.\u00a0Statistica Sinica\u00a032, 1099-1120.<\/p>\n<p>Hoshiyar,\u00a0A.\u00a0(2021). ordPens: An R package for Selection, Smoothing and Principal Components Analysis for Ordinal Variables. Journal of Open Source Software, 6(68), 3828.<\/p>\n<p>Hoshiyar, A. (2020). Analyzing Likert-Type Data using Penalized Non-Linear Principal Components Analysis. In:\u00a0Proceedings of the 35th International Workshop on Statistical Modelling: Volume I., Bilbao, Basque Country, Spain, 337 \u2013 340.<\/p>\n<p>Hoshiyar, A., Gertheiss, J., Wiemann, P., Kneib, T. (2019). Challenging the commonly used log-link in statistical models for count data with an application to infectious disease data. In:\u00a0Proceedings of the 34th International Workshop on Statistical Modelling: Volume II., Guimar\u00e3es, Portugal, 346 \u2013 350.<\/p>\n<h3><\/h3>\n<h3>Lehre<\/h3>\n<p><abbr title=\"Wintertrimester\">WT<\/abbr> 2024 U\u0308bung Statistik fu\u0308r Politologen<\/p>\n<p><abbr title=\"Fr\u00fchjahrstrimester\">FT<\/abbr> 2023 U\u0308bung Quantitative Methoden III<\/p>\n<p><abbr title=\"Wintertrimester\">WT<\/abbr> 2023 U\u0308bung Statistik fu\u0308r Politologen<\/p>\n<p><abbr title=\"Herbsttrimester\">HT<\/abbr> 2022 Vorkurs Mathematik fu\u0308r Wirtschaftswissenschaften<\/p>\n<p><abbr title=\"Wintertrimester\">WT<\/abbr> 21\/22: Seminar &#8222;Introduction to Programming with Python for Data Analysis&#8220;<\/p>\n<p><abbr title=\"Herbsttrimester\">HT<\/abbr> 21: Vorkurs &#8222;Mathematik f\u00fcr Wirtschaftswissenschaften&#8220;<\/p>\n<p><abbr title=\"Wintertrimester\">WT<\/abbr> 21: \u00dcbung &#8222;Statistik f\u00fcr Politologen&#8220;<\/p>\n<p><abbr title=\"Herbsttrimester\">HT<\/abbr> 20: Vorkurs &#8222;Mathematik f\u00fcr Wirtschaftswissenschaften&#8220;<\/p>\n<p><abbr title=\"Wintertrimester\">WT<\/abbr> 20: \u00dcbung &#8222;Statistik f\u00fcr Politologen&#8220;<\/p>\n<p><abbr title=\"Herbsttrimester\">HT<\/abbr> 19: Vorkurs &#8222;Mathematik f\u00fcr Wirtschaftswissenschaften&#8220;<\/p>\n<p><abbr title=\"Fr\u00fchjahrstrimester\">FT<\/abbr> 19: \u00dcbung &#8222;Statistik f\u00fcr Politologen&#8220;<\/p>\n<p><abbr title=\"Wintertrimester\">WT<\/abbr> 19: \u00dcbung &#8222;Statistik I&#8220;<\/p>\n","protected":false},"excerpt":{"rendered":"<p>Raum: 1374 Telefon: +49 40 6541-1234 E-Mail: aisouda.hoshiyar@hsu-hh.de Besucheranschrift Helmut-Schmidt-Universit\u00e4t Geb\u00e4ude H1 Holstenhofweg 85 22043 Hamburg Postanschrift Helmut-Schmidt-Universit\u00e4t Fakult\u00e4t f\u00fcr WiSo Statistik und Datenwissenschaften Postfach 70 08 22 22008 Hamburg [&hellip;]<\/p>\n","protected":false},"author":2589,"featured_media":366,"parent":0,"menu_order":0,"comment_status":"closed","ping_status":"closed","template":"","meta":{"footnotes":""},"categories":[4],"tags":[],"class_list":["post-268","page","type-page","status-publish","has-post-thumbnail","hentry","category-forschung"],"_links":{"self":[{"href":"https:\/\/www.hsu-hh.de\/statdat\/wp-json\/wp\/v2\/pages\/268","targetHints":{"allow":["GET"]}}],"collection":[{"href":"https:\/\/www.hsu-hh.de\/statdat\/wp-json\/wp\/v2\/pages"}],"about":[{"href":"https:\/\/www.hsu-hh.de\/statdat\/wp-json\/wp\/v2\/types\/page"}],"author":[{"embeddable":true,"href":"https:\/\/www.hsu-hh.de\/statdat\/wp-json\/wp\/v2\/users\/2589"}],"replies":[{"embeddable":true,"href":"https:\/\/www.hsu-hh.de\/statdat\/wp-json\/wp\/v2\/comments?post=268"}],"version-history":[{"count":19,"href":"https:\/\/www.hsu-hh.de\/statdat\/wp-json\/wp\/v2\/pages\/268\/revisions"}],"predecessor-version":[{"id":1347,"href":"https:\/\/www.hsu-hh.de\/statdat\/wp-json\/wp\/v2\/pages\/268\/revisions\/1347"}],"wp:featuredmedia":[{"embeddable":true,"href":"https:\/\/www.hsu-hh.de\/statdat\/wp-json\/wp\/v2\/media\/366"}],"wp:attachment":[{"href":"https:\/\/www.hsu-hh.de\/statdat\/wp-json\/wp\/v2\/media?parent=268"}],"wp:term":[{"taxonomy":"category","embeddable":true,"href":"https:\/\/www.hsu-hh.de\/statdat\/wp-json\/wp\/v2\/categories?post=268"},{"taxonomy":"post_tag","embeddable":true,"href":"https:\/\/www.hsu-hh.de\/statdat\/wp-json\/wp\/v2\/tags?post=268"}],"curies":[{"name":"wp","href":"https:\/\/api.w.org\/{rel}","templated":true}]}}