{"id":238,"date":"2020-02-07T11:04:00","date_gmt":"2020-02-07T10:04:00","guid":{"rendered":"https:\/\/www.hsu-hh.de\/statdat\/?page_id=238"},"modified":"2020-07-30T12:12:00","modified_gmt":"2020-07-30T10:12:00","slug":"jan-gertheiss","status":"publish","type":"page","link":"https:\/\/www.hsu-hh.de\/statdat\/jan-gertheiss","title":{"rendered":"Prof. Dr. Jan Gertheiss"},"content":{"rendered":"<div class=\"ansprechparter-container\">\n<div class=\"row ansprechpartner-item ansprechparter-header\">\n<div class=\"col-xs-8 col-lg-12\" style=\"margin-bottom: 30px\">\n<h3 class=\"ansprechparter-headline\"><\/h3>\n<\/div>\n<div class=\"col-md-4 col-lg-3 col-xs-4 ansprechpartner-item floatright img-circle center-block\" style=\"margin-bottom: 30px\">\n<p><img loading=\"lazy\" decoding=\"async\" class=\"size-full wp-image-437 aligncenter\" src=\"https:\/\/www.hsu-hh.de\/statdat\/wp-content\/uploads\/sites\/794\/2020\/07\/jg1.png\" alt=\" \" width=\"161\" height=\"161\" data-credit=\"Jan Gertheiss\" srcset=\"https:\/\/www.hsu-hh.de\/statdat\/wp-content\/uploads\/sites\/794\/2020\/07\/jg1.png 161w, https:\/\/www.hsu-hh.de\/statdat\/wp-content\/uploads\/sites\/794\/2020\/07\/jg1-150x150.png 150w, https:\/\/www.hsu-hh.de\/statdat\/wp-content\/uploads\/sites\/794\/2020\/07\/jg1-100x100.png 100w\" sizes=\"auto, (max-width: 161px) 100vw, 161px\" \/><\/p>\n<\/div>\n<div class=\"col-md-12 col-lg-3 col-xs-12 ansprechpartner-item kontakt floatright\" style=\"margin-bottom: 30px\">\n<div class=\"row\">\n<div class=\"col-xs-12 col-sm-6 col-lg-12\">\n<div class=\"row\">\n<div class=\"col-xs-12 col-lg-4 row-text bold\">Raum:<\/div>\n<div class=\"col-xs-12 col-lg-8 row-text\">1375<\/div>\n<\/div>\n<\/div>\n<div class=\"col-xs-12 col-sm-6 col-lg-12\">\n<div class=\"row\">\n<div class=\"col-xs-12 col-lg-4 row-text bold\">Telefon:<\/div>\n<div class=\"col-xs-12 col-lg-8 row-text\">(040) 6541-2985<\/div>\n<\/div>\n<\/div>\n<div class=\"col-xs-12 col-sm-6 col-lg-12\">\n<div class=\"row\">\n<div class=\"col-xs-12 col-md-12 row-text bold\">E-Mail:<\/div>\n<div class=\"col-xs-12 col-md-12 row-text\"><a href=\"mailto:jan.gertheiss@hsu-hh.de\" rel='nofollow'>jan.gertheiss@hsu-hh.de<\/a><\/div>\n<\/div>\n<\/div>\n<\/div>\n<\/div>\n<div class=\"col-md-6 col-lg-3 col-xs-12 ansprechpartner-item anschrift floatright\">\n<div class=\"row-headline\">Besucheranschrift<\/div>\n<div class=\"row-text\">Helmut-Schmidt-Universit\u00e4t<\/div>\n<div class=\"row-text\">Geb\u00e4ude H1<\/div>\n<div class=\"row-text\">Holstenhofweg 85<\/div>\n<div class=\"row-text\">22043 Hamburg<\/div>\n<\/div>\n<div class=\"col-md-6 col-lg-3 col-xs-12 ansprechpartner-item anschrift floatright\">\n<div class=\"row-headline\">Postanschrift<\/div>\n<div class=\"row-text\">Helmut-Schmidt-Universit\u00e4t<\/div>\n<div class=\"row-text\">Fakult\u00e4t f\u00fcr Wirtschafts- und Sozialwissenschaften<\/div>\n<div class=\"row-text\">Postfach 70 08 22<\/div>\n<div class=\"row-text\">22008 Hamburg<\/div>\n<\/div>\n<\/div>\n<\/div>\n","protected":false},"excerpt":{"rendered":"<p>Raum: 1375 Telefon: (040) 6541-2985 E-Mail: jan.gertheiss@hsu-hh.de Besucheranschrift Helmut-Schmidt-Universit\u00e4t Geb\u00e4ude H1 Holstenhofweg 85 22043 Hamburg Postanschrift Helmut-Schmidt-Universit\u00e4t Fakult\u00e4t f\u00fcr Wirtschafts- und Sozialwissenschaften Postfach 70 08 22 22008 Hamburg<\/p>\n","protected":false},"author":2122,"featured_media":0,"parent":0,"menu_order":0,"comment_status":"closed","ping_status":"closed","template":"","meta":{"footnotes":""},"categories":[4],"tags":[],"class_list":["post-238","page","type-page","status-publish","hentry","category-forschung"],"_links":{"self":[{"href":"https:\/\/www.hsu-hh.de\/statdat\/wp-json\/wp\/v2\/pages\/238","targetHints":{"allow":["GET"]}}],"collection":[{"href":"https:\/\/www.hsu-hh.de\/statdat\/wp-json\/wp\/v2\/pages"}],"about":[{"href":"https:\/\/www.hsu-hh.de\/statdat\/wp-json\/wp\/v2\/types\/page"}],"author":[{"embeddable":true,"href":"https:\/\/www.hsu-hh.de\/statdat\/wp-json\/wp\/v2\/users\/2122"}],"replies":[{"embeddable":true,"href":"https:\/\/www.hsu-hh.de\/statdat\/wp-json\/wp\/v2\/comments?post=238"}],"version-history":[{"count":10,"href":"https:\/\/www.hsu-hh.de\/statdat\/wp-json\/wp\/v2\/pages\/238\/revisions"}],"predecessor-version":[{"id":469,"href":"https:\/\/www.hsu-hh.de\/statdat\/wp-json\/wp\/v2\/pages\/238\/revisions\/469"}],"wp:attachment":[{"href":"https:\/\/www.hsu-hh.de\/statdat\/wp-json\/wp\/v2\/media?parent=238"}],"wp:term":[{"taxonomy":"category","embeddable":true,"href":"https:\/\/www.hsu-hh.de\/statdat\/wp-json\/wp\/v2\/categories?post=238"},{"taxonomy":"post_tag","embeddable":true,"href":"https:\/\/www.hsu-hh.de\/statdat\/wp-json\/wp\/v2\/tags?post=238"}],"curies":[{"name":"wp","href":"https:\/\/api.w.org\/{rel}","templated":true}]}}