{"id":229,"date":"2020-02-07T10:53:00","date_gmt":"2020-02-07T09:53:00","guid":{"rendered":"https:\/\/www.hsu-hh.de\/statdat\/?page_id=229"},"modified":"2025-11-26T10:57:50","modified_gmt":"2025-11-26T09:57:50","slug":"lehre","status":"publish","type":"page","link":"https:\/\/www.hsu-hh.de\/statdat\/lehre","title":{"rendered":"Lehre"},"content":{"rendered":"<h3>Herbsttrimester 2025<\/h3>\n<p><a href=\"https:\/\/intranet.hsu-hh.de\/\" rel='nofollow'>Statistical Computing<\/a><\/p>\n<p><a href=\"https:\/\/intranet.hsu-hh.de\/\" rel='nofollow'>Fortgeschrittene Statistik<\/a><\/p>\n<h3>Fr\u00fchjahrstrimester 2025<\/h3>\n<p>Datenwissenschaften und Maschinelles Lernen<\/p>\n<p>Seminar zur Statistik<\/p>\n<h3>Wintertrimester 2025<\/h3>\n<p>Statistik f\u00fcr Politologen<\/p>\n<p>Stochastische Prozesse<\/p>\n<h3>Herbsttrimester 2024<\/h3>\n<p>Statistical Computing<\/p>\n<p>Fortgeschrittene Statistik<\/p>\n<p>Mathematik f\u00fcr WiWi (ISA)<\/p>\n<h3>Fr\u00fchjahrstrimester 2024<\/h3>\n<p>Datenwissenschaften und Maschinelles Lernen<\/p>\n<p>Seminar zur Statistik<\/p>\n<h3>Wintertrimester 2024<\/h3>\n<p>Statistik f\u00fcr Politologen<\/p>\n<p>Stochastische Prozesse<\/p>\n<h3>Herbsttrimester 2023<\/h3>\n<p>Statistical Computing<\/p>\n<p>Fortgeschrittene Statistik<\/p>\n<p>Mathematik f\u00fcr WiWi (ISA)<\/p>\n<h3>Fr\u00fchjahrstrimester 2023<\/h3>\n<p>Datenwissenschaften und Maschinelles Lernen<\/p>\n<p>Seminar zur Statistik<\/p>\n<h3>Wintertrimester 2023<\/h3>\n<p>Statistik f\u00fcr Politologen<\/p>\n<h3>Herbsttrimester 2022<\/h3>\n<p>Mathematik f\u00fcr WiWi (ISA)<\/p>\n<h3>Fr\u00fchjahrstrimester 2022<\/h3>\n<p>&#8211;<\/p>\n<h3>Wintertrimester 2022<\/h3>\n<p>Statistik f\u00fcr Politologen<\/p>\n<p>Stochastische Prozesse<\/p>\n<h3>Herbsttrimester 2021<\/h3>\n<p>Statistical Computing<\/p>\n<p>Fortgeschrittene Statistik<\/p>\n<p>Mathematik f\u00fcr WiWi (ISA)<\/p>\n<h3>Fr\u00fchjahrstrimester 2021<\/h3>\n<p>Datenwissenschaften und Maschinelles Lernen<\/p>\n<p>Seminar zur Statistik<\/p>\n<p>Warteschlangentheorie<\/p>\n<h3>Wintertrimester 2021<\/h3>\n<p>Statistik f\u00fcr Politologen<\/p>\n<p>Stochastische Prozesse<\/p>\n<h3>Herbsttrimester 2020<\/h3>\n<p>Quantitative Methoden 1<\/p>\n<p>Statistical Computing<\/p>\n<p>Fortgeschrittene Statistik<\/p>\n<h3>Fr\u00fchjahrstrimester 2020<\/h3>\n<p>Mathematik f\u00fcr WiWi (ISA)<\/p>\n<p>Seminar zur Statistik<\/p>\n<h3>Wintertrimester 2020<\/h3>\n<p>Statistik f\u00fcr Politologen<\/p>\n<p>Stochastische Prozesse<\/p>\n<h3>Herbsttrimester 2019<\/h3>\n<p>Statistical Computing<\/p>\n","protected":false},"excerpt":{"rendered":"<p>Herbsttrimester 2025 Statistical Computing Fortgeschrittene Statistik Fr\u00fchjahrstrimester 2025 Datenwissenschaften und Maschinelles Lernen Seminar zur Statistik Wintertrimester 2025 Statistik f\u00fcr Politologen Stochastische Prozesse Herbsttrimester 2024 Statistical Computing Fortgeschrittene Statistik Mathematik f\u00fcr [&hellip;]<\/p>\n","protected":false},"author":2122,"featured_media":0,"parent":0,"menu_order":0,"comment_status":"closed","ping_status":"closed","template":"","meta":{"footnotes":""},"categories":[4],"tags":[],"class_list":["post-229","page","type-page","status-publish","hentry","category-forschung"],"_links":{"self":[{"href":"https:\/\/www.hsu-hh.de\/statdat\/wp-json\/wp\/v2\/pages\/229","targetHints":{"allow":["GET"]}}],"collection":[{"href":"https:\/\/www.hsu-hh.de\/statdat\/wp-json\/wp\/v2\/pages"}],"about":[{"href":"https:\/\/www.hsu-hh.de\/statdat\/wp-json\/wp\/v2\/types\/page"}],"author":[{"embeddable":true,"href":"https:\/\/www.hsu-hh.de\/statdat\/wp-json\/wp\/v2\/users\/2122"}],"replies":[{"embeddable":true,"href":"https:\/\/www.hsu-hh.de\/statdat\/wp-json\/wp\/v2\/comments?post=229"}],"version-history":[{"count":16,"href":"https:\/\/www.hsu-hh.de\/statdat\/wp-json\/wp\/v2\/pages\/229\/revisions"}],"predecessor-version":[{"id":1581,"href":"https:\/\/www.hsu-hh.de\/statdat\/wp-json\/wp\/v2\/pages\/229\/revisions\/1581"}],"wp:attachment":[{"href":"https:\/\/www.hsu-hh.de\/statdat\/wp-json\/wp\/v2\/media?parent=229"}],"wp:term":[{"taxonomy":"category","embeddable":true,"href":"https:\/\/www.hsu-hh.de\/statdat\/wp-json\/wp\/v2\/categories?post=229"},{"taxonomy":"post_tag","embeddable":true,"href":"https:\/\/www.hsu-hh.de\/statdat\/wp-json\/wp\/v2\/tags?post=229"}],"curies":[{"name":"wp","href":"https:\/\/api.w.org\/{rel}","templated":true}]}}