{"id":1472,"date":"2025-06-12T13:55:55","date_gmt":"2025-06-12T11:55:55","guid":{"rendered":"https:\/\/www.hsu-hh.de\/statdat\/?page_id=1472"},"modified":"2025-09-22T13:12:24","modified_gmt":"2025-09-22T11:12:24","slug":"dr-rer-nat-simon-schlumbohm","status":"publish","type":"page","link":"https:\/\/www.hsu-hh.de\/statdat\/dr-rer-nat-simon-schlumbohm","title":{"rendered":"Dr. Simon Schlumbohm"},"content":{"rendered":"<div class=\"ansprechparter-container\">\n<div class=\"row ansprechpartner-item ansprechparter-header\">\n<div class=\"col-xs-8 col-lg-12\" style=\"margin-bottom: 30px\">\n<div class=\"img-responsive-wrapper\"><\/div>\n<\/div>\n<div class=\"col-md-4 col-lg-3 col-xs-4 ansprechpartner-item floatright img-circle center-block\" style=\"margin-bottom: 30px\">\n<div class=\"img-responsive-wrapper\"><img decoding=\"async\" class=\"img-circle img-responsive center-block alignright\" src=\"\/wp-content\/themes\/hsu\/img\/dummy\/dummy_ansprechpartner.png\" alt=\"\" \/><\/div>\n<\/div>\n<div class=\"col-md-12 col-lg-3 col-xs-12 ansprechpartner-item kontakt floatright\" style=\"margin-bottom: 30px\">\n<div class=\"row\">\n<div class=\"col-xs-12 col-sm-6 col-lg-12\">\n<div class=\"row\">\n<div class=\"col-xs-12 col-lg-4 row-text bold\">Raum:<\/div>\n<div class=\"col-xs-12 col-lg-8 row-text\">1374<\/div>\n<\/div>\n<\/div>\n<div class=\"col-xs-12 col-sm-6 col-lg-12\">\n<div class=\"row\">\n<div class=\"col-xs-12 col-lg-4 row-text bold\">Telefon:<\/div>\n<div class=\"col-xs-12 col-lg-8 row-text\">+49-40-6541-3632<\/div>\n<\/div>\n<\/div>\n<div class=\"col-xs-12 col-sm-6 col-lg-12\">\n<div class=\"row\">\n<div class=\"col-xs-12 col-md-12 row-text bold\">Email:<\/div>\n<div class=\"col-xs-12 col-lg-8 row-text\">schlumbs(at)hsu-hh.de<\/div>\n<\/div>\n<\/div>\n<\/div>\n<\/div>\n<div class=\"col-md-6 col-lg-3 col-xs-12 ansprechpartner-item anschrift floatright\">\n<div class=\"row-headline\">Besucheranschrift<\/div>\n<div class=\"row-text\">Helmut-Schmidt-Universit\u00e4t<\/div>\n<div class=\"row-text\">Geb\u00e4ude H1 R 1397<\/div>\n<div class=\"row-text\">Holstenhofweg 85<\/div>\n<div class=\"row-text\">22043 Hamburg<\/div>\n<\/div>\n<div class=\"col-md-6 col-lg-3 col-xs-12 ansprechpartner-item anschrift floatright\">\n<div class=\"row-headline\">Postanschrift<\/div>\n<div class=\"row-text\"><abbr title=\"Doktor\">Dr.<\/abbr> Simon Schlumbohm<\/div>\n<div class=\" row-text\"><a href=\"https:\/\/www.hsu-hh.de\/statistik\/\">F\u00e4chergruppe Mathematik und Statistik<\/a><\/div>\n<div class=\"row-text\">Helmut-Schmidt-Universit\u00e4t<\/div>\n<div class=\"row-text\">Postfach 700822<\/div>\n<div class=\"row-text\">22008 Hamburg<\/div>\n<\/div>\n<\/div>\n<div class=\"clearfix\"><\/div>\n<\/div>\n<p>&nbsp;<\/p>\n<h3>Publikationen<\/h3>\n<h4>Als Hauptautor:<\/h4>\n<ul>\n<li> Vo\u00df H. and Schlumbohm S., Barwikowski P., Wurlitzer M., Dottermusch M., Neumann P., Schl\u00fcter H., Neumann J., Krisp C. (2022) HarmonizR enables data harmonization across independent proteomic datasets with appropriate handling of missing values. Nature Communications 13:3523 [<a href=\"https:\/\/www.nature.com\/articles\/s41467-022-31007-x\" rel='nofollow'>link to the paper<\/a>]<\/li>\n<li>Schlumbohm S., Neumann J., Neumann P. (2025) HarmonizR: Blocking and Singular Feature Data Adjustment Improve Runtime Efficiency and Data Preservation. BMC Bioinformatics 26, 47 [<a href=\"https:\/\/doi.org\/10.1186\/s12859-025-06073-9\" rel='nofollow'>link to the paper<\/a>]<\/li>\n<li>Schumann Y. and Schlumbohm S., Neumann J., Neumann P. (2025) High Performance Data Integration for Large-Scale Analyses of Incomplete Omic Profiles Using <u>B<\/u>atch-<u>E<\/u>ffect <u>R<\/u>eduction <u>T<\/u>rees (BERT). Nature Communications 16:7104 [<a href=\"https:\/\/www.nature.com\/articles\/s41467-025-62237-4\" rel='nofollow'>link to the paper<\/a>]<\/li>\n<\/ul>\n<h4>Als Koautor:<\/h4>\n<ul>\n<li>Navolic J., Moritz M., Vo\u00df H., Schlumbohm S., Schumann Y., Schl\u00fcter H., Neumann J., Hahn J. (2023) Direct 3D Sampling of the Embryonic Mouse Head: Layer-wise Nanosecond Infrared Laser (NIRL) Ablation from Scalp to Cortex for Spatially Resolved Proteomics. Analytical Chemistry 95, pp. 17220-17227 [<a href=\"https:\/\/pubs.acs.org\/doi\/10.1021\/acs.analchem.3c02637\" rel='nofollow'>link to the paper<\/a>]<\/li>\n<li>Godbole S., Vo\u00df H., Gocke A., Schlumbohm S., Schumann Y., Peng B., Mynarek M., Rutkowski S., Dottermusch M., Dorostkar M., Korshunov A., Mair T., Pfister S., Kwiatkowski M., Hotze M., Neumann P., Hartmann C., Weis J., Liesche-Starnecker F., Guan Y., Moritz M., Siebels B., Struve N., Schl\u00fcter H., Sch\u00fcller U., Krisp C., Neumann J. (2024) Multiomic profiling of medulloblastoma reveals subtype-specific targetable alterations at the proteome and N-glycan level. Nature Communications 15, 6237 [<a href=\"https:\/\/doi.org\/10.1038\/s41467-024-50554-z\" rel='nofollow'>link to the paper<\/a>]<\/li>\n<\/ul>\n<h4>Algorithmen:<\/h4>\n<ul>\n<li>Schlumbohm S. (2023) <b>HarmonizR<\/b>. Bioconductor [<a href=\"https:\/\/www.bioconductor.org\/packages\/release\/bioc\/html\/HarmonizR.html\" rel='nofollow'>link to the software<\/a>]<\/li>\n<li>Schumann Y. and Schlumbohm S. (2023) <b>BERT<\/b>. Bioconductor [<a href=\"https:\/\/www.bioconductor.org\/packages\/release\/bioc\/html\/BERT.html\" rel='nofollow'>link to the software<\/a>]<\/li>\n<\/ul>\n","protected":false},"excerpt":{"rendered":"<p>Raum: 1374 Telefon: +49-40-6541-3632 Email: schlumbs(at)hsu-hh.de Besucheranschrift Helmut-Schmidt-Universit\u00e4t Geb\u00e4ude H1 R 1397 Holstenhofweg 85 22043 Hamburg Postanschrift Dr. Simon Schlumbohm F\u00e4chergruppe Mathematik und Statistik Helmut-Schmidt-Universit\u00e4t Postfach 700822 22008 Hamburg &nbsp; [&hellip;]<\/p>\n","protected":false},"author":3945,"featured_media":0,"parent":0,"menu_order":0,"comment_status":"closed","ping_status":"closed","template":"","meta":{"footnotes":""},"categories":[4],"tags":[],"class_list":["post-1472","page","type-page","status-publish","hentry","category-forschung"],"_links":{"self":[{"href":"https:\/\/www.hsu-hh.de\/statdat\/wp-json\/wp\/v2\/pages\/1472","targetHints":{"allow":["GET"]}}],"collection":[{"href":"https:\/\/www.hsu-hh.de\/statdat\/wp-json\/wp\/v2\/pages"}],"about":[{"href":"https:\/\/www.hsu-hh.de\/statdat\/wp-json\/wp\/v2\/types\/page"}],"author":[{"embeddable":true,"href":"https:\/\/www.hsu-hh.de\/statdat\/wp-json\/wp\/v2\/users\/3945"}],"replies":[{"embeddable":true,"href":"https:\/\/www.hsu-hh.de\/statdat\/wp-json\/wp\/v2\/comments?post=1472"}],"version-history":[{"count":22,"href":"https:\/\/www.hsu-hh.de\/statdat\/wp-json\/wp\/v2\/pages\/1472\/revisions"}],"predecessor-version":[{"id":1639,"href":"https:\/\/www.hsu-hh.de\/statdat\/wp-json\/wp\/v2\/pages\/1472\/revisions\/1639"}],"wp:attachment":[{"href":"https:\/\/www.hsu-hh.de\/statdat\/wp-json\/wp\/v2\/media?parent=1472"}],"wp:term":[{"taxonomy":"category","embeddable":true,"href":"https:\/\/www.hsu-hh.de\/statdat\/wp-json\/wp\/v2\/categories?post=1472"},{"taxonomy":"post_tag","embeddable":true,"href":"https:\/\/www.hsu-hh.de\/statdat\/wp-json\/wp\/v2\/tags?post=1472"}],"curies":[{"name":"wp","href":"https:\/\/api.w.org\/{rel}","templated":true}]}}