{"id":916,"date":"2023-04-26T13:01:28","date_gmt":"2023-04-26T11:01:28","guid":{"rendered":"https:\/\/www.hsu-hh.de\/stahlbau\/?page_id=916"},"modified":"2023-07-06T08:57:11","modified_gmt":"2023-07-06T06:57:11","slug":"korrosionsschutz-im-stahlwasserbau","status":"publish","type":"page","link":"https:\/\/www.hsu-hh.de\/stahlbau\/forschung\/korrosionsschutz-im-stahlwasserbau\/","title":{"rendered":"Korrosionsschutz im Stahlwasserbau"},"content":{"rendered":"\n<p>Der durch Korrosion verursachte wirtschaftlichen Gesamtschaden in Deutschland wird auf j\u00e4hrlich \u00fcber 3 % des BIP gesch\u00e4tzt. Ein geeigneter Korrosionsschutz ist daher auch f\u00fcr einen dauerhaften Betrieb von Stahlwasserbauten essenziell. Bislang bieten Zink und seine Legierungen einen des wirksamsten Korrosionsschutzes f\u00fcr die St\u00e4hle. Jedoch sind Korrosionsschutzsysteme aus Zink in Deutschland bisher nicht zugelassen. Die Feuerverzinkung als Schutzschicht dient dazu, das Eindringen der korrosiven Medien wie Cl-Ionen in die Stahlmatrix zu verhindern, und zus\u00e4tzlich auch als Opferanode zu fungieren, die gegen\u00fcber dem Stahl bevorzugt korrodieren w\u00fcrde. Die oben erw\u00e4hnte feuerverzinkten Schichte haben jedoch gewisse Nachteile, die die Stahlwasserbauten im Betrieb anf\u00e4lliger f\u00fcr Korrosion verursachen, wenn sie mit O<sub>2<\/sub>, Feuchtigkeit, abrasiven Medien (<abbr title=\"zum Beispiel\">z.B.<\/abbr> Sand und Kies in den Fl\u00fcssen) sowie den dynamischen Wasserstr\u00f6mungen in Ber\u00fchrung kommen.<\/p>\n\n\n\n<p>Ziel aktueller Forschungsarbeiten ist es, die Parameter des Feuerverzinkens zu optimieren und effektive Vor- und Nach-Behandlungen zu definieren, um die Rissausbreitung, Spannungskonzentration, die inneren Eigenspannungen sowie die Auswirkung des Temperaturgradienten zu reduzieren. Damit soll eine bessere Korrosionsbest\u00e4ndigkeit erreicht werden.<\/p>\n\n\n\n<p><strong>Ansprechpartner<\/strong><\/p>\n\n\n\n<p><a href=\"https:\/\/www.hsu-hh.de\/stahlbau\/mitarbeiter\/\"><abbr title=\"Universit\u00e4tsprofessor\">Univ.-Prof.<\/abbr> <abbr title=\"Doktor\">Dr.<\/abbr>&#8211;<abbr title=\"Ingenieur\">Ing.<\/abbr> Max G\u00fcndel<\/a><\/p>\n\n\n\n<p><\/p>\n","protected":false},"excerpt":{"rendered":"<p>Der durch Korrosion verursachte wirtschaftlichen Gesamtschaden in Deutschland wird auf j\u00e4hrlich \u00fcber 3 % des BIP gesch\u00e4tzt. Ein geeigneter Korrosionsschutz ist daher auch f\u00fcr einen dauerhaften Betrieb von Stahlwasserbauten essenziell. [&hellip;]<\/p>\n","protected":false},"author":3335,"featured_media":0,"parent":112,"menu_order":0,"comment_status":"closed","ping_status":"closed","template":"","meta":{"footnotes":""},"categories":[4],"tags":[],"class_list":["post-916","page","type-page","status-publish","hentry","category-forschung"],"_links":{"self":[{"href":"https:\/\/www.hsu-hh.de\/stahlbau\/wp-json\/wp\/v2\/pages\/916","targetHints":{"allow":["GET"]}}],"collection":[{"href":"https:\/\/www.hsu-hh.de\/stahlbau\/wp-json\/wp\/v2\/pages"}],"about":[{"href":"https:\/\/www.hsu-hh.de\/stahlbau\/wp-json\/wp\/v2\/types\/page"}],"author":[{"embeddable":true,"href":"https:\/\/www.hsu-hh.de\/stahlbau\/wp-json\/wp\/v2\/users\/3335"}],"replies":[{"embeddable":true,"href":"https:\/\/www.hsu-hh.de\/stahlbau\/wp-json\/wp\/v2\/comments?post=916"}],"version-history":[{"count":5,"href":"https:\/\/www.hsu-hh.de\/stahlbau\/wp-json\/wp\/v2\/pages\/916\/revisions"}],"predecessor-version":[{"id":925,"href":"https:\/\/www.hsu-hh.de\/stahlbau\/wp-json\/wp\/v2\/pages\/916\/revisions\/925"}],"up":[{"embeddable":true,"href":"https:\/\/www.hsu-hh.de\/stahlbau\/wp-json\/wp\/v2\/pages\/112"}],"wp:attachment":[{"href":"https:\/\/www.hsu-hh.de\/stahlbau\/wp-json\/wp\/v2\/media?parent=916"}],"wp:term":[{"taxonomy":"category","embeddable":true,"href":"https:\/\/www.hsu-hh.de\/stahlbau\/wp-json\/wp\/v2\/categories?post=916"},{"taxonomy":"post_tag","embeddable":true,"href":"https:\/\/www.hsu-hh.de\/stahlbau\/wp-json\/wp\/v2\/tags?post=916"}],"curies":[{"name":"wp","href":"https:\/\/api.w.org\/{rel}","templated":true}]}}