{"id":802,"date":"2023-02-13T10:48:26","date_gmt":"2023-02-13T09:48:26","guid":{"rendered":"https:\/\/www.hsu-hh.de\/stahlbau\/?page_id=802"},"modified":"2025-11-06T09:16:12","modified_gmt":"2025-11-06T08:16:12","slug":"farrokh-taherkhani","status":"publish","type":"page","link":"https:\/\/www.hsu-hh.de\/stahlbau\/mitarbeiter\/farrokh-taherkhani\/","title":{"rendered":""},"content":{"rendered":"<script type=\"application\/ld+json\">[{\"@context\": \"https:\/\/www.schema.org\",\"@type\": \"Person\",\"name\": \"Dr.-Ing. Farrokh Taherkhani\",\"worksFor\": [{\t\"@type\": \"Organization\",\t\"name\": \"Helmut-Schmidt-Universit\u00e4t\",\t\"url\": \"https:\/\/www.hsu-hh.de\"\t, \"department\": {\"@type\": \"Organization\",\t\t\t\t\t\"name\": \"Stahlbau und Stahlwasserbau\",\t\t\t\t\t\"location\": {\t\t\t\t\t\t\"@type\": \"PostalAddress\",\t\t\t\t\t\t\"addressLocality\": \"\",        \t\t\t\t\"postalCode\": \"22159\",        \t\t\t\t\"streetAddress\": \"Friedrich-Ebert-Damm 245 , Geb\u00e4ude DRV\"\t\t\t\t\t}},\t\"location\": {\t\t\"@type\": \"PostalAddress\",    \t\"addressLocality\": \"\",    \t\"postalCode\": \"22008\",    \t\"postOfficeBoxNumber\": \"700822\"\t}   }],\"image\": \"https:\/\/www.hsu-hh.de\/stahlbau\/wp-content\/uploads\/sites\/848\/2025\/09\/F.Taherkhani-150x150.jpg\",\"telephone\": \"+49406541-3962\",\"faxNumber\": \"\",\"email\": \"farrokh.taherkhani@hsu.hamburg\"}]<\/script><div class=\"clearfix\"><\/div><div class=\"ansprechparter-container \" style=\"margin-top:1em; \"><div class=\"row ansprechpartner-item ansprechparter-header\" ><div class=\"col-xs-8 col-lg-12\" style=\"margin-bottom: 30px;\"><h3 class=\"ansprechparter-headline\">Dr.-Ing. Farrokh Taherkhani<\/h3><\/div><\/div><div class=\"col-md-4 col-lg-3 col-xs-4 ansprechpartner-item floatright img-circle center-block\" style=\"margin-bottom: 30px;\"><div class=\"img-responsive-wrapper\"><img decoding=\"async\" src=\"https:\/\/www.hsu-hh.de\/stahlbau\/wp-content\/uploads\/sites\/848\/2025\/09\/F.Taherkhani-150x150.jpg\" alt=\"F.Taherkhani\" class=\"img-circle img-responsive center-block\" \/><\/div><\/div><div class=\"col-md-12 col-lg-3 col-xs-12 ansprechpartner-item kontakt floatright\" style=\"margin-bottom: 30px; \"><div class=\"row\"><div class=\"col-xs-12 col-sm-6 col-lg-12\"><div class=\"row\"><div class=\"col-xs-4 col-lg-4 row-text bold\" >Raum:<\/div><div class=\" row-text\">1E134<\/div><\/div><\/div><div class=\"col-xs-12 col-sm-6 col-lg-12\"><div class=\"row\"><div class=\"col-xs-4 col-lg-4 row-text bold\">Telefon:<\/div><div class=\" row-text\">+49406541-3962<\/div><\/div><\/div><div class=\"col-xs-12 col-sm-6 col-lg-12\"><div class=\"row\"><div class=\"col-xs-4 col-lg-4 row-text bold\">E-Mail:<\/div><div class=\"row-text\" style=\"overflow:hidden; word-break: break-word\"><a href=\"mailto:farrokh.taherkhani@hsu.hamburg\" rel=\"nofollow\">farrokh.taherkhani@hsu.hamburg<\/a><\/div><\/div><\/div><\/div><\/div><div class=\"col-md-6 col-lg-3 col-xs-12 ansprechpartner-item anschrift floatright\" ><div class=\"row-headline\">Besucheranschrift<\/div><div class=\"dataBesucheranschrift\" style=\"\"><div class=\"row-text\">Helmut-Schmidt-Universit\u00e4t<\/div><div class=\"row-text\">Geb\u00e4ude DRV<\/div><div class=\"row-text\">Friedrich-Ebert-Damm 245<\/div><div class=\"row-text\">22159 Hamburg<\/div><\/div><\/div><div class=\"col-md-6 col-lg-3 col-xs-12 ansprechpartner-item anschrift floatright\"><div class=\"row-headline\">Postanschrift<\/div><div class=\"dataPostanschrift\" style=\"\"><div class=\"row-text\">Helmut-Schmidt-Universit\u00e4t<\/div><div class=\"row-text\">Stahlbau und Stahlwasserbau<\/div><div class=\"row-text\">Postfach 70 08 22<\/div><div class=\"row-text\">22008 Hamburg<\/div><\/div><\/div><\/div><div class=\"clearfix\"><\/div>\n\n\n<p><\/p>\n\n\n\n<h2 class=\"wp-block-heading\"><strong>Kurzvita<\/strong><\/h2>\n\n\n\n<h3 class=\"wp-block-heading\"><strong>Ausbildung:<\/strong><\/h3>\n\n\n\n<p><strong><em>2021-2024<\/em><\/strong><\/p>\n\n\n\n<p><abbr title=\"Doktor\">Dr.<\/abbr>&#8211;<abbr title=\"Ingenieur\">Ing.<\/abbr>, Institut f\u00fcr Werkstofftechnik, Fakult\u00e4t f\u00fcr Maschinenbau und Bauingenieurwesen, Helmut-Schmidt-Universit\u00e4t \/ Universit\u00e4t der Bundeswehr Hamburg<\/p>\n\n\n\n<p><strong><em>2003-2006<\/em><\/strong><\/p>\n\n\n\n<p>Masterstudiengang Werkstofftechnik an der <abbr title=\"Technische Universit\u00e4t\">TU<\/abbr> AmirKabir, Teheran, Iran<\/p>\n\n\n\n<p><strong><em>2019<\/em><\/strong><\/p>\n\n\n\n<p>Internationaler Schwei\u00dffachingenieur (DVS-IIW 1170), SLV Nord, Hamburg<\/p>\n\n\n\n<h3 class=\"wp-block-heading\"><strong>Werdegang:<\/strong><\/h3>\n\n\n\n<p><em><strong>Seit 01.02.2023<\/strong><\/em><\/p>\n\n\n\n<p>Wissenschaftlicher Mitarbeiter \/ Postdoc und Teaching Assistant, Lehrstuhl f\u00fcr Stahl- und Stahlwasserbau, Helmut-Schmidt-Universit\u00e4t\/Universit\u00e4t&nbsp;der&nbsp;Bundeswehr&nbsp;Hamburg<\/p>\n\n\n\n<p><em><strong>04.2021 \u2013 31.01.2023<\/strong><\/em><\/p>\n\n\n\n<p>Wissenschaftlicher Mitarbeiter, Institut f\u00fcr Werkstofftechnik, Helmut-Schmidt-Universit\u00e4t\/Universit\u00e4t&nbsp;der&nbsp;Bundeswehr&nbsp;Hamburg<\/p>\n\n\n\n<p><em><strong>2003-2011<\/strong><\/em><\/p>\n\n\n\n<p>T\u00e4tig in verschiedenen Positionen in Industrie und Wissenschaft zu metallurgischen Themen als Dozent, Produkt Manager und Leiter der F&amp;E<\/p>\n\n\n\n<h3 class=\"wp-block-heading\"><strong>Lehre<\/strong><\/h3>\n\n\n\n<ul class=\"wp-block-list\">\n<li>Betreuung der \u00dcbungen: Stahlbau III &#8211; Verbundbau und Verbundtragwerke<\/li>\n<\/ul>\n\n\n\n<h3 class=\"wp-block-heading\"><strong>Forschungschwerpunkte<\/strong><\/h3>\n\n\n\n<ul class=\"wp-block-list\">\n<li>Additive Fertigung mittels Kaltgasspritzen<\/li>\n\n\n\n<li>Oberfl\u00e4chentechnik und Beschichtungsoptimierung mittels (thermo-) mechanische Behandlungen<\/li>\n\n\n\n<li>Feuerverzinken als Korrosionsschutzsystem f\u00fcr die Stahlwasserbauten<\/li>\n<\/ul>\n\n\n\n<h3 class=\"wp-block-heading\"><strong>Forschungsprojekt<\/strong><\/h3>\n\n\n\n<ul class=\"wp-block-list\">\n<li>Feuerverzinken als Korrosionsschutzsystem f\u00fcr Stahlwasserbau in verschiedenen W\u00e4ssern<\/li>\n\n\n\n<li>Additive Fertigung mittels Kaltgasspritzen f\u00fcr Stahlknoten im Stahlbau (IFF2024\/<abbr title=\"Helmut Schmidt Universit\u00e4t\">HSU<\/abbr>)<\/li>\n\n\n\n<li>Versuche Rollenmaterial, Bestimmung der Werkstoffkennwerte von Polyamiden (PA)<\/li>\n<\/ul>\n\n\n\n<h3 class=\"wp-block-heading\"><strong>Ver\u00f6ffentlichungen und Berichte<\/strong><\/h3>\n\n\n\n<p><strong>2025<\/strong><\/p>\n\n\n\n<p><em><a href=\"https:\/\/doi.org\/10.1007\/s11666-025-02098-x\" data-type=\"link\" data-id=\"https:\/\/doi.org\/10.1007\/s11666-025-02098-x\" rel='nofollow'>\u201eEffect of (Thermo-) Mechanical Post-Treatments on Material Properties of Cold-Sprayed Inconel\u00ae625 Coatings\u201c<\/a>,\u00a0<\/em>Journal of Thermal Spray Technology, F. Taherkhani, F. G\u00e4rtner, N. Kashaev, M. G\u00fcndel, T. Klassen<\/p>\n\n\n\n<p><a href=\"https:\/\/dl.asminternational.org\/itsc\/proceedings-abstract\/ITSC2025\/85045\/1\/34519\" data-type=\"link\" data-id=\"https:\/\/dl.asminternational.org\/itsc\/proceedings-abstract\/ITSC2025\/85045\/1\/34519\" rel='nofollow'>\u201e<em>Modification of Cold Sprayed Inconel\u00ae625 Deposits by Laser Shock Peening\u201c<\/em> <\/a> International Thermal Spray Conference (ITSC 2025), proceedings paper, pp 1-6,  F. Taherkhani, F. G\u00e4rtner, T. Klassen, N. Kashaev, M. G\u00fcndel<\/p>\n\n\n\n<p><a href=\"http:\/\/www.taylorfrancis.com\/books\/oa-edit\/10.1201\/9781003595120-110\" data-type=\"link\" data-id=\"www.taylorfrancis.com\/books\/oa-edit\/10.1201\/9781003595120-110\" rel='nofollow'>\u201c<em>Hot-dip galvanizing as a corrosion protection system for steel hydraulic structures<\/em>\u201d<\/a>, Life-Cycle Performance of Structures and Infrastructure Systems in Diverse Environments, Edited by C-Q. Li &amp; D. M. Frangopol, <abbr title=\"International Standard Book Number\">ISBN<\/abbr> 978-1-032-97605-1, F. Taherkhani, T. Pinger, M. G\u00fcndel<\/p>\n\n\n\n<p><strong><em>2023<\/em><\/strong><\/p>\n\n\n\n<p><em><a href=\"https:\/\/link.springer.com\/article\/10.1007\/s11666-024-01712-8\" data-type=\"link\" data-id=\"https:\/\/link.springer.com\/article\/10.1007\/s11666-024-01712-8\" rel='nofollow'>&#8222;The influence of spraying parameters and powder sizes on the microstructure and mechanical behavior of cold sprayed Inconel\u00ae625 deposits&#8220;<\/a><\/em>, Journal of Thermal Spray Technology, 33:2-3. F. Taherkhani F. G\u00e4rtner, T. Klassen et al.<\/p>\n\n\n\n<p><em><a href=\"https:\/\/dl.asminternational.org\/itsc\/proceedings-abstract\/ITSC2023\/84536\/266\/26318\" data-type=\"link\" data-id=\"https:\/\/dl.asminternational.org\/itsc\/proceedings-abstract\/ITSC2023\/84536\/266\/26318\" rel='nofollow'>&#8222;Cold spraying of&nbsp;Inconel\u00ae625 thick deposits&#8220;<\/a><\/em>, International Thermal Spray Conference (ITSC 2023), proceedings paper, Wiley online library, Volume 6, Issue 3-4, pp 266-272, F. Taherkhani, F. G\u00e4rtner et al.<\/p>\n\n\n\n<p><em>&#8222;Additive manufacturing of steel components by cold-spraying&#8220;<\/em>, Eurosteel 2023, Proceedings in civil engineering, Vol. 6(3-4) , A. Klemm, F. Taherkhani, M. G\u00fcndel<\/p>\n\n\n\n<p><em>&#8222;Erstmalige Verfahrensentwicklung zum Kaltgasspritzen von Inconel\u00ae625 zur Anwendung f\u00fcr die Kugelh\u00e4hne in Kooperation mit Hartmann Valve <abbr title=\"Gesellschaft mit beschr\u00e4nkter Haftung\">GmbH<\/abbr>&#8222;<\/em>, ZIM Abschlussbericht VN-ZF4772101KO9, F. Taherkhani, F. G\u00e4rtner, T. Klassen<\/p>\n\n\n\n<p><em>&#8222;Feuerverzinken als Korrosionsschutzsystem f\u00fcr den Stahlwasserbau&#8220;<\/em>, \u201eStahl im Wasserbau\u201c- Mitteilung des Instituts f\u00fcr Geomechanik und Geotechnik Technische Universit\u00e4t Braunschweig, Heft Nr. 114. F. Taherkhani, T. Pinger, M. G\u00fcndel<\/p>\n\n\n\n<h3 class=\"wp-block-heading\"><strong>Konferenzvortr\u00e4ge:<\/strong><\/h3>\n\n\n\n<p><strong><em>2025<\/em><\/strong><\/p>\n\n\n\n<p>Chairman of the Session <em>\u201cPerformance Evolution and Enhancement of Engineering Materials and Structures\u201d <\/em>and presenter of<em> \u201cHot-dip galvanizing as a corrosion protection system\u201d, <\/em>IALCCE 2025, July 15-19, 2025, Melbourne, Australia<\/p>\n\n\n\n<p><em>\u201e<\/em> <em>Modification of Cold Sprayed Inconel\u00ae625 Deposits by LSP\u201c<\/em>, International Thermal Spray Conference ( ITSC 2025), Vancouver, Canada<\/p>\n\n\n\n<p><strong>2024<\/strong><\/p>\n\n\n\n<p><em>\u201cAdditive Fertigung mittels Kaltgasspritzen im Stahlbau\u201d<\/em>, 21. Fachtagung Rapid Prototyping, Hochschule f\u00fcr Angewandte Wissenschaften Hamburg (HAW), Hamburg, Germany<\/p>\n\n\n\n<p><em>\u201cHot-dip galvanizing as a barrier protection coating for steel hydraulic structures\u201d, <\/em>EuroCivil2024, Edinburgh, Scotland<em><\/em><\/p>\n\n\n\n<p><em>\u201cMaking Hot-dip galvanizing usable as a corrosion protection system for steel hydraulic structures in Germany\u201d <strong>&amp;<\/strong> \u201cInfluence of robot kinematics on corrosion behavior of cold sprayed Inconel\u00ae625 deposits\u201d, <\/em>European Corrosion Conference 2024 (EUROCORR2024), Paris, France<\/p>\n\n\n\n<p><em>\u201cThe influence of cold spray parameters and feedstock powder sizes on corrosion behavior of cold sprayed Inconel\u00ae625 deposits\u201d,<\/em> 10th international conference on Materials Science &amp; Engineering, Tokyo, Japan<\/p>\n\n\n\n<p><strong>2023<\/strong><\/p>\n\n\n\n<p><em>&#8222;Cold spraying of&nbsp;Inconel\u00ae625 thick deposits&#8220;<\/em>, International Thermal Spray Conference ( ITSC 2023), Quebec City, Canada<\/p>\n\n\n\n<p><em>&#8222;Influence of robot kinematics on properties of cold-sprayed Inconel\u00ae625 thick deposits&#8220;<\/em>, FEMS EUROMAT 2023, 17th European Congress on Advanced Materials and Processes, Frankfurt am Main, Germany<\/p>\n\n\n\n<p><em>&#8222;Influence of Surface-Rolling and Annealing on Microstructural and Mechanical Characteristics of Cold Sprayed Inconel\u00ae625 Deposits&#8220;<\/em>, 35th International Conference on Surface Modification Technologies (SMT35), Helmut-Schmidt-Universit\u00e4t, Hamburg, Germany<\/p>\n\n\n\n<p><em>&#8222;Influences of spray parameters and robot kinematics on cavitation erosion resistance of cold sprayed Inconel\u00ae625 coatings&#8220;<\/em>, 35th International Conference on Surface Modification Technologies, Helmut-Schmidt-Universit\u00e4t, Hamburg, Germany<\/p>\n\n\n\n<p><em>&#8222;Feuerverzinken als Korrosionsschutzsystem f\u00fcr den Stahlwasserbau&#8220;<\/em>, Stahl im Wasserbau 2023, Technische Universit\u00e4t Braunschweig, Germany<\/p>\n","protected":false},"excerpt":{"rendered":"<p>Kurzvita Ausbildung: 2021-2024 Dr.&#8211;Ing., Institut f\u00fcr Werkstofftechnik, Fakult\u00e4t f\u00fcr Maschinenbau und Bauingenieurwesen, Helmut-Schmidt-Universit\u00e4t \/ Universit\u00e4t der Bundeswehr Hamburg 2003-2006 Masterstudiengang Werkstofftechnik an der TU AmirKabir, Teheran, Iran 2019 Internationaler Schwei\u00dffachingenieur [&hellip;]<\/p>\n","protected":false},"author":3335,"featured_media":0,"parent":106,"menu_order":0,"comment_status":"closed","ping_status":"closed","template":"","meta":{"footnotes":""},"categories":[8],"tags":[99],"class_list":["post-802","page","type-page","status-publish","hentry","category-team","tag-ft"],"_links":{"self":[{"href":"https:\/\/www.hsu-hh.de\/stahlbau\/wp-json\/wp\/v2\/pages\/802","targetHints":{"allow":["GET"]}}],"collection":[{"href":"https:\/\/www.hsu-hh.de\/stahlbau\/wp-json\/wp\/v2\/pages"}],"about":[{"href":"https:\/\/www.hsu-hh.de\/stahlbau\/wp-json\/wp\/v2\/types\/page"}],"author":[{"embeddable":true,"href":"https:\/\/www.hsu-hh.de\/stahlbau\/wp-json\/wp\/v2\/users\/3335"}],"replies":[{"embeddable":true,"href":"https:\/\/www.hsu-hh.de\/stahlbau\/wp-json\/wp\/v2\/comments?post=802"}],"version-history":[{"count":24,"href":"https:\/\/www.hsu-hh.de\/stahlbau\/wp-json\/wp\/v2\/pages\/802\/revisions"}],"predecessor-version":[{"id":1815,"href":"https:\/\/www.hsu-hh.de\/stahlbau\/wp-json\/wp\/v2\/pages\/802\/revisions\/1815"}],"up":[{"embeddable":true,"href":"https:\/\/www.hsu-hh.de\/stahlbau\/wp-json\/wp\/v2\/pages\/106"}],"wp:attachment":[{"href":"https:\/\/www.hsu-hh.de\/stahlbau\/wp-json\/wp\/v2\/media?parent=802"}],"wp:term":[{"taxonomy":"category","embeddable":true,"href":"https:\/\/www.hsu-hh.de\/stahlbau\/wp-json\/wp\/v2\/categories?post=802"},{"taxonomy":"post_tag","embeddable":true,"href":"https:\/\/www.hsu-hh.de\/stahlbau\/wp-json\/wp\/v2\/tags?post=802"}],"curies":[{"name":"wp","href":"https:\/\/api.w.org\/{rel}","templated":true}]}}