{"id":262,"date":"2021-02-06T18:31:32","date_gmt":"2021-02-06T17:31:32","guid":{"rendered":"https:\/\/www.hsu-hh.de\/stahlbau\/?page_id=262"},"modified":"2024-11-13T14:54:09","modified_gmt":"2024-11-13T13:54:09","slug":"karriere","status":"publish","type":"page","link":"https:\/\/www.hsu-hh.de\/stahlbau\/karriere\/","title":{"rendered":"Offene Stellen"},"content":{"rendered":"\n<h4 class=\"wp-block-heading\">Studentische Hilfskr\u00e4fte<\/h4>\n\n\n\n<p>Suchen Sie nach spannenden Herausforderungen und der Gelegenheit wertvolle Erfahrung zu sammeln? Wir haben derzeit offene Stellen f\u00fcr studentische Hilfskr\u00e4fte. Werden Sie Teil unseres Team und bauen Sie ihr Kompetenzprofil mit unseren zahlreichen laufenden Projekten aus<\/p>\n\n\n\n<div class=\"wp-block-hsu-downloadblock\"><div class=\"thumbnail-area\"><img decoding=\"async\" src=\"\/wp-content\/themes\/hsu\/img\/dummy\/downloads_dummy.png\" alt=\"Download Symbol-Icon\" \/><\/div><div class=\"text-area\">Ausschreibung studentischen Hilfskr\u00e4fte<\/div><div class=\"download-area\"><a class=\"download-link\" href=\"https:\/\/www.hsu-hh.de\/stahlbau\/wp-content\/uploads\/sites\/848\/2024\/11\/Kennziffer-BIW-1424-Studentische-Hilfskraefte.pdf\"><span class=\"download-name\">pdf laden<\/span><span class=\"download-icon\"><img decoding=\"async\" class=\"download-icon\" alt=\"download icon\" src=\"\/wp-content\/themes\/hsu\/img\/icons\/download_icon.png\" \/><\/span><span class=\"download-size\">175 kB<\/span><\/a><\/div><\/div>\n\n\n\n<p>Wir suchen immer nach Studentische Hilfskr\u00e4fte und die Stellenanzeige ist unabh\u00e4ngig von Frist g\u00fcltig. Sie finden die aktuellste Version der Ausschreibung und die gerade aktuelle Kennziffer <a href=\"https:\/\/www.hsu-hh.de\/karriere\/studentische-hilfskraefte\" data-type=\"link\" data-id=\"https:\/\/www.hsu-hh.de\/karriere\/studentische-hilfskraefte\">hier<\/a>.<\/p>\n","protected":false},"excerpt":{"rendered":"<p>Studentische Hilfskr\u00e4fte Suchen Sie nach spannenden Herausforderungen und der Gelegenheit wertvolle Erfahrung zu sammeln? Wir haben derzeit offene Stellen f\u00fcr studentische Hilfskr\u00e4fte. Werden Sie Teil unseres Team und bauen Sie [&hellip;]<\/p>\n","protected":false},"author":2497,"featured_media":0,"parent":0,"menu_order":0,"comment_status":"closed","ping_status":"closed","template":"","meta":{"footnotes":""},"categories":[4],"tags":[],"class_list":["post-262","page","type-page","status-publish","hentry","category-forschung"],"_links":{"self":[{"href":"https:\/\/www.hsu-hh.de\/stahlbau\/wp-json\/wp\/v2\/pages\/262","targetHints":{"allow":["GET"]}}],"collection":[{"href":"https:\/\/www.hsu-hh.de\/stahlbau\/wp-json\/wp\/v2\/pages"}],"about":[{"href":"https:\/\/www.hsu-hh.de\/stahlbau\/wp-json\/wp\/v2\/types\/page"}],"author":[{"embeddable":true,"href":"https:\/\/www.hsu-hh.de\/stahlbau\/wp-json\/wp\/v2\/users\/2497"}],"replies":[{"embeddable":true,"href":"https:\/\/www.hsu-hh.de\/stahlbau\/wp-json\/wp\/v2\/comments?post=262"}],"version-history":[{"count":24,"href":"https:\/\/www.hsu-hh.de\/stahlbau\/wp-json\/wp\/v2\/pages\/262\/revisions"}],"predecessor-version":[{"id":1528,"href":"https:\/\/www.hsu-hh.de\/stahlbau\/wp-json\/wp\/v2\/pages\/262\/revisions\/1528"}],"wp:attachment":[{"href":"https:\/\/www.hsu-hh.de\/stahlbau\/wp-json\/wp\/v2\/media?parent=262"}],"wp:term":[{"taxonomy":"category","embeddable":true,"href":"https:\/\/www.hsu-hh.de\/stahlbau\/wp-json\/wp\/v2\/categories?post=262"},{"taxonomy":"post_tag","embeddable":true,"href":"https:\/\/www.hsu-hh.de\/stahlbau\/wp-json\/wp\/v2\/tags?post=262"}],"curies":[{"name":"wp","href":"https:\/\/api.w.org\/{rel}","templated":true}]}}