{"id":252,"date":"2021-02-06T17:52:00","date_gmt":"2021-02-06T16:52:00","guid":{"rendered":"https:\/\/www.hsu-hh.de\/stahlbau\/?page_id=252"},"modified":"2025-03-13T07:35:21","modified_gmt":"2025-03-13T06:35:21","slug":"anna-bauer","status":"publish","type":"page","link":"https:\/\/www.hsu-hh.de\/stahlbau\/mitarbeiter\/anna-bauer\/","title":{"rendered":""},"content":{"rendered":"<script type=\"application\/ld+json\">[{\"@context\": \"https:\/\/www.schema.org\",\"@type\": \"Person\",\"name\": \"Frau Anna Bauer, M.Sc.\",\"worksFor\": [{\t\"@type\": \"Organization\",\t\"name\": \"Helmut-Schmidt-Universit\u00e4t\",\t\"url\": \"https:\/\/www.hsu-hh.de\"\t, \"department\": {\"@type\": \"Organization\",\t\t\t\t\t\"name\": \"Stahlbau und Stahlwasserbau\",\t\t\t\t\t\"location\": {\t\t\t\t\t\t\"@type\": \"PostalAddress\",\t\t\t\t\t\t\"addressLocality\": \"\",        \t\t\t\t\"postalCode\": \"22159\",        \t\t\t\t\"streetAddress\": \"Friedrich-Ebert-Damm 245 , Geb\u00e4ude DRV\"\t\t\t\t\t}},\t\"location\": {\t\t\"@type\": \"PostalAddress\",    \t\"addressLocality\": \"\",    \t\"postalCode\": \"22008\",    \t\"postOfficeBoxNumber\": \"700822\"\t}   }],\"image\": \"https:\/\/www.hsu-hh.de\/stahlbau\/wp-content\/uploads\/sites\/848\/2022\/04\/ICH-002-150x150.png\",\"telephone\": \"+49406541-2856\",\"faxNumber\": \"\",\"email\": \"bauer@woelfel.de\"}]<\/script><div class=\"clearfix\"><\/div><div class=\"ansprechparter-container \" style=\"margin-top:1em; \"><div class=\"row ansprechpartner-item ansprechparter-header\" ><div class=\"col-xs-8 col-lg-12\" style=\"margin-bottom: 30px;\"><h3 class=\"ansprechparter-headline\">Frau Anna Bauer, M.Sc.<\/h3><\/div><\/div><div class=\"col-md-4 col-lg-3 col-xs-4 ansprechpartner-item floatright img-circle center-block\" style=\"margin-bottom: 30px;\"><div class=\"img-responsive-wrapper\"><img decoding=\"async\" src=\"https:\/\/www.hsu-hh.de\/stahlbau\/wp-content\/uploads\/sites\/848\/2022\/04\/ICH-002-150x150.png\" alt=\"AB\" class=\"img-circle img-responsive center-block\" \/><\/div><\/div><div class=\"col-md-12 col-lg-3 col-xs-12 ansprechpartner-item kontakt floatright\" style=\"margin-bottom: 30px; \"><div class=\"row\"><div class=\"col-xs-12 col-sm-6 col-lg-12\"><div class=\"row\"><div class=\"col-xs-4 col-lg-4 row-text bold\" >Raum:<\/div><div class=\" row-text\">extern<\/div><\/div><\/div><div class=\"col-xs-12 col-sm-6 col-lg-12\"><div class=\"row\"><div class=\"col-xs-4 col-lg-4 row-text bold\">Telefon:<\/div><div class=\" row-text\">+49406541-2856<\/div><\/div><\/div><div class=\"col-xs-12 col-sm-6 col-lg-12\"><div class=\"row\"><div class=\"col-xs-4 col-lg-4 row-text bold\">E-Mail:<\/div><div class=\"row-text\" style=\"overflow:hidden; word-break: break-word\"><a href=\"mailto:bauer@woelfel.de\" rel=\"nofollow\">bauer@woelfel.de<\/a><\/div><\/div><\/div><\/div><\/div><div class=\"col-md-6 col-lg-3 col-xs-12 ansprechpartner-item anschrift floatright\" ><div class=\"row-headline\">Besucheranschrift<\/div><div class=\"dataBesucheranschrift\" style=\"\"><div class=\"row-text\">Helmut-Schmidt-Universit\u00e4t<\/div><div class=\"row-text\">Geb\u00e4ude DRV<\/div><div class=\"row-text\">Friedrich-Ebert-Damm 245<\/div><div class=\"row-text\">22159 Hamburg<\/div><\/div><\/div><div class=\"col-md-6 col-lg-3 col-xs-12 ansprechpartner-item anschrift floatright\"><div class=\"row-headline\">Postanschrift<\/div><div class=\"dataPostanschrift\" style=\"\"><div class=\"row-text\">Helmut-Schmidt-Universit\u00e4t<\/div><div class=\"row-text\">Stahlbau und Stahlwasserbau<\/div><div class=\"row-text\">Postfach 70 08 22<\/div><div class=\"row-text\">22008 Hamburg<\/div><\/div><\/div><\/div><div class=\"clearfix\"><\/div>\n\n\n<h3 class=\"wp-block-heading\">Kurzvita<\/h3>\n\n\n\n<p><strong><em>seit 02.2021<\/em><\/strong>&nbsp;&nbsp;&nbsp;&nbsp;&nbsp;&nbsp;&nbsp;&nbsp;&nbsp;&nbsp;&nbsp;&nbsp;&nbsp;&nbsp;&nbsp; <\/p>\n\n\n\n<p>Externe Doktorandin Lehrstuhl Stahl- und Stahlwasserbau, Helmut-Schmidt-Universit\u00e4t Hamburg<\/p>\n\n\n\n<p><strong><em>seit 01.2017<\/em><\/strong><\/p>\n\n\n\n<p>Tragwerksplaner, W\u00f6lfel Engineeering <abbr title=\"Gesellschaft mit beschr\u00e4nkter Haftung\">GmbH<\/abbr>, H\u00f6chberg<\/p>\n\n\n\n<p><strong><em>2015-2016<\/em><\/strong><\/p>\n\n\n\n<p>Masterstudiengang Bauingenieurwesen an der Technischen Universit\u00e4t M\u00fcnchen, Vertiefungsrichtung: Massivbau, Baudynamik, Stahlbau, Statik, Abschluss <abbr title=\"Master of Science\">M.Sc.<\/abbr><\/p>\n\n\n\n<p><strong><em>2011-2015<\/em><\/strong><\/p>\n\n\n\n<p>Bachelorstudiengang Bauingenieurwesen an der Technischen Universit\u00e4t M\u00fcnchen, Abschluss: B.Sc.<\/p>\n\n\n\n<h3 class=\"wp-block-heading\">Ver\u00f6ffentlichungen<\/h3>\n\n\n\n<p><strong><em>2021<\/em><\/strong><\/p>\n\n\n\n<p><em>&#8222;Vereinfachtes Nachweisformat f\u00fcr die Erdbebenbemessung von Br\u00fccken in Deutschland&#8220;<\/em> 17. D-A-CH Tagung Erdbebeningenieurwesen und Baudynamik, A. Bauer, M. G\u00fcndel<\/p>\n\n\n\n<p><em>&#8222;Earthquake early warning and rapid response system based on smart seismic and monitoring sensors embedded in communication platform and coupled with BIM models&#8220;<\/em> COMPDYN 2021, 8th International Conference on Computational Methods in Structural Dynamics and Earthquake Engineering, Athen, Griechenland. G. Balaskas, B. Hoffmeister, C. Butenweg, M. Pilz, A. Bauer<\/p>\n\n\n\n<p><strong><em>2020<\/em><\/strong><\/p>\n\n\n\n<p><em>&#8222;Erarbeitung eines vereinfachten Nachweisformats f\u00fcr die Erbebenbessung von Br\u00fcckenbauwerken in Deutschland&#8220;<\/em> Endbericht Z0122.004.02.001, W\u00f6lfel <abbr title=\"Gesellschaft mit beschr\u00e4nkter Haftung\">GmbH<\/abbr>, H\u00f6chberg, A. Bauer, K. Karius, M. G\u00fcndel, D. Honerboom, M. Ries, H. Huag<\/p>\n","protected":false},"excerpt":{"rendered":"<p>Kurzvita seit 02.2021&nbsp;&nbsp;&nbsp;&nbsp;&nbsp;&nbsp;&nbsp;&nbsp;&nbsp;&nbsp;&nbsp;&nbsp;&nbsp;&nbsp;&nbsp; Externe Doktorandin Lehrstuhl Stahl- und Stahlwasserbau, Helmut-Schmidt-Universit\u00e4t Hamburg seit 01.2017 Tragwerksplaner, W\u00f6lfel Engineeering GmbH, H\u00f6chberg 2015-2016 Masterstudiengang Bauingenieurwesen an der Technischen Universit\u00e4t M\u00fcnchen, Vertiefungsrichtung: Massivbau, Baudynamik, Stahlbau, [&hellip;]<\/p>\n","protected":false},"author":2497,"featured_media":0,"parent":106,"menu_order":0,"comment_status":"closed","ping_status":"closed","template":"","meta":{"footnotes":""},"categories":[8],"tags":[129],"class_list":["post-252","page","type-page","status-publish","hentry","category-team","tag-ab-de"],"_links":{"self":[{"href":"https:\/\/www.hsu-hh.de\/stahlbau\/wp-json\/wp\/v2\/pages\/252","targetHints":{"allow":["GET"]}}],"collection":[{"href":"https:\/\/www.hsu-hh.de\/stahlbau\/wp-json\/wp\/v2\/pages"}],"about":[{"href":"https:\/\/www.hsu-hh.de\/stahlbau\/wp-json\/wp\/v2\/types\/page"}],"author":[{"embeddable":true,"href":"https:\/\/www.hsu-hh.de\/stahlbau\/wp-json\/wp\/v2\/users\/2497"}],"replies":[{"embeddable":true,"href":"https:\/\/www.hsu-hh.de\/stahlbau\/wp-json\/wp\/v2\/comments?post=252"}],"version-history":[{"count":7,"href":"https:\/\/www.hsu-hh.de\/stahlbau\/wp-json\/wp\/v2\/pages\/252\/revisions"}],"predecessor-version":[{"id":1701,"href":"https:\/\/www.hsu-hh.de\/stahlbau\/wp-json\/wp\/v2\/pages\/252\/revisions\/1701"}],"up":[{"embeddable":true,"href":"https:\/\/www.hsu-hh.de\/stahlbau\/wp-json\/wp\/v2\/pages\/106"}],"wp:attachment":[{"href":"https:\/\/www.hsu-hh.de\/stahlbau\/wp-json\/wp\/v2\/media?parent=252"}],"wp:term":[{"taxonomy":"category","embeddable":true,"href":"https:\/\/www.hsu-hh.de\/stahlbau\/wp-json\/wp\/v2\/categories?post=252"},{"taxonomy":"post_tag","embeddable":true,"href":"https:\/\/www.hsu-hh.de\/stahlbau\/wp-json\/wp\/v2\/tags?post=252"}],"curies":[{"name":"wp","href":"https:\/\/api.w.org\/{rel}","templated":true}]}}