{"id":239,"date":"2021-02-06T17:36:38","date_gmt":"2021-02-06T16:36:38","guid":{"rendered":"https:\/\/www.hsu-hh.de\/stahlbau\/?page_id=239"},"modified":"2025-03-13T07:26:56","modified_gmt":"2025-03-13T06:26:56","slug":"max-guendel","status":"publish","type":"page","link":"https:\/\/www.hsu-hh.de\/stahlbau\/mitarbeiter\/max-guendel\/","title":{"rendered":""},"content":{"rendered":"<script type=\"application\/ld+json\">[{\"@context\": \"https:\/\/www.schema.org\",\"@type\": \"Person\",\"name\": \"Univ.-Prof. Dr.-Ing. Max G\u00fcndel\",\"worksFor\": [{\t\"@type\": \"Organization\",\t\"name\": \"Helmut-Schmidt-Universit\u00e4t\",\t\"url\": \"https:\/\/www.hsu-hh.de\"\t, \"department\": {\"@type\": \"Organization\",\t\t\t\t\t\"name\": \"Stahlbau und Stahlwasserbau\",\t\t\t\t\t\"location\": {\t\t\t\t\t\t\"@type\": \"PostalAddress\",\t\t\t\t\t\t\"addressLocality\": \"\",        \t\t\t\t\"postalCode\": \"22159\",        \t\t\t\t\"streetAddress\": \"Friedrich-Ebert-Damm 245 , Geb\u00e4ude DRV\"\t\t\t\t\t}},\t\"location\": {\t\t\"@type\": \"PostalAddress\",    \t\"addressLocality\": \"\",    \t\"postalCode\": \"22008\",    \t\"postOfficeBoxNumber\": \"700822\"\t}   }],\"image\": \"https:\/\/www.hsu-hh.de\/stahlbau\/wp-content\/uploads\/sites\/848\/2021\/09\/Gue-WebSite-scaled-e1631441632324-150x150.jpg\",\"telephone\": \"+49 40 6541-3960\",\"faxNumber\": \"\",\"email\": \"max.guendel@hsu-hh.de\"}]<\/script><div class=\"clearfix\"><\/div><div class=\"ansprechparter-container \" style=\"margin-top:1em; \"><div class=\"row ansprechpartner-item ansprechparter-header\" ><div class=\"col-xs-8 col-lg-12\" style=\"margin-bottom: 30px;\"><h3 class=\"ansprechparter-headline\">Univ.-Prof. Dr.-Ing. Max G\u00fcndel<\/h3><\/div><\/div><div class=\"col-md-4 col-lg-3 col-xs-4 ansprechpartner-item floatright img-circle center-block\" style=\"margin-bottom: 30px;\"><div class=\"img-responsive-wrapper\"><img decoding=\"async\" src=\"https:\/\/www.hsu-hh.de\/stahlbau\/wp-content\/uploads\/sites\/848\/2021\/09\/Gue-WebSite-scaled-e1631441632324-150x150.jpg\" alt=\"Gue\" class=\"img-circle img-responsive center-block\" \/><\/div><\/div><div class=\"col-md-12 col-lg-3 col-xs-12 ansprechpartner-item kontakt floatright\" style=\"margin-bottom: 30px; \"><div class=\"row\"><div class=\"col-xs-12 col-sm-6 col-lg-12\"><div class=\"row\"><div class=\"col-xs-4 col-lg-4 row-text bold\" >Raum:<\/div><div class=\" row-text\">1E050<\/div><\/div><\/div><div class=\"col-xs-12 col-sm-6 col-lg-12\"><div class=\"row\"><div class=\"col-xs-4 col-lg-4 row-text bold\">Telefon:<\/div><div class=\" row-text\">+49 40 6541-3960<\/div><\/div><\/div><div class=\"col-xs-12 col-sm-6 col-lg-12\"><div class=\"row\"><div class=\"col-xs-4 col-lg-4 row-text bold\">E-Mail:<\/div><div class=\"row-text\" style=\"overflow:hidden; word-break: break-word\"><a href=\"mailto:max.guendel@hsu-hh.de\" rel=\"nofollow\">max.guendel@hsu-hh.de<\/a><\/div><\/div><\/div><\/div><\/div><div class=\"col-md-6 col-lg-3 col-xs-12 ansprechpartner-item anschrift floatright\" ><div class=\"row-headline\">Besucheranschrift<\/div><div class=\"dataBesucheranschrift\" style=\"\"><div class=\"row-text\">Helmut-Schmidt-Universit\u00e4t<\/div><div class=\"row-text\">Geb\u00e4ude DRV<\/div><div class=\"row-text\">Friedrich-Ebert-Damm 245<\/div><div class=\"row-text\">22159 Hamburg<\/div><\/div><\/div><div class=\"col-md-6 col-lg-3 col-xs-12 ansprechpartner-item anschrift floatright\"><div class=\"row-headline\">Postanschrift<\/div><div class=\"dataPostanschrift\" style=\"\"><div class=\"row-text\">Helmut-Schmidt-Universit\u00e4t<\/div><div class=\"row-text\">Stahlbau und Stahlwasserbau<\/div><div class=\"row-text\">Postfach 70 08 22<\/div><div class=\"row-text\">22008 Hamburg<\/div><\/div><\/div><\/div><div class=\"clearfix\"><\/div>\n\n\n<h3 class=\"wp-block-heading\">Lebenslauf<\/h3>\n\n\n\n<p><abbr title=\"Professor\">Prof.<\/abbr> G\u00fcndel studierte von 1999 bis 2004 Bauingenieurwesen an der <abbr title=\"Technische Universit\u00e4t\">TU<\/abbr> Darmstadt. Nach Abschluss seines Studiums arbeitete er als Projektingenieur und Projektleiter f\u00fcr die Hochtief Construction AG. Anschlie\u00dfend war er als Wissenschaftlicher Mitarbeiter am Institut f\u00fcr Stahlbau der RWTH Aachen t\u00e4tig und promovierte bei <abbr title=\"Professor\">Prof.<\/abbr> Feldmann. Ab 2013 arbeitete er f\u00fcr W\u00f6lfel Engingeering in verschiedenen leitenden Funktionen &#8211; zuletzt in der Gesch\u00e4ftleitung. Am 1.9.2020 hat <abbr title=\"Professor\">Prof.<\/abbr> G\u00fcndel den Lehrstuhl f\u00fcr Stahlbau und Stahlwasserbau an der Helmut-Schmidt-Universit\u00e4t \/ UniBW H \u00fcbernommen.<\/p>\n\n\n\n<p><abbr title=\"Professor\">Prof.<\/abbr> G\u00fcndel ist Mitglied in mehreren nationalen und europ\u00e4ischen Normenaussch\u00fcssen (DIN EN 1998-1, -2, -4 und -6, DIN 4150-2, SC8 WG2) und befasst sich intensiv mit Stahlbauten unter dynamischen Einwirkungen, neuartigen Fertigungsverfahren und Zustandsanalysen.<\/p>\n\n\n\n<h3 class=\"wp-block-heading\">Forschungsschwerpunkte<\/h3>\n\n\n\n<ul class=\"wp-block-list\">\n<li>Stahlbauten unter dynamischen Lasten aus Erdbeben, Anprall und Explosion<\/li>\n\n\n\n<li>neuartige Fertigungsverfahren f\u00fcr Stahl-, Stahlverbundbau- und Metallleichtbau-Strukturen<\/li>\n\n\n\n<li>Zustandserfassung und Monitoring der Tragstruktur und des Werkstoffs<\/li>\n<\/ul>\n\n\n\n<p><\/p>\n","protected":false},"excerpt":{"rendered":"<p>Lebenslauf Prof. G\u00fcndel studierte von 1999 bis 2004 Bauingenieurwesen an der TU Darmstadt. Nach Abschluss seines Studiums arbeitete er als Projektingenieur und Projektleiter f\u00fcr die Hochtief Construction AG. Anschlie\u00dfend war [&hellip;]<\/p>\n","protected":false},"author":2497,"featured_media":0,"parent":106,"menu_order":0,"comment_status":"closed","ping_status":"closed","template":"","meta":{"footnotes":""},"categories":[8],"tags":[212,51],"class_list":["post-239","page","type-page","status-publish","hentry","category-team","tag-cv-de","tag-max-guendel"],"_links":{"self":[{"href":"https:\/\/www.hsu-hh.de\/stahlbau\/wp-json\/wp\/v2\/pages\/239","targetHints":{"allow":["GET"]}}],"collection":[{"href":"https:\/\/www.hsu-hh.de\/stahlbau\/wp-json\/wp\/v2\/pages"}],"about":[{"href":"https:\/\/www.hsu-hh.de\/stahlbau\/wp-json\/wp\/v2\/types\/page"}],"author":[{"embeddable":true,"href":"https:\/\/www.hsu-hh.de\/stahlbau\/wp-json\/wp\/v2\/users\/2497"}],"replies":[{"embeddable":true,"href":"https:\/\/www.hsu-hh.de\/stahlbau\/wp-json\/wp\/v2\/comments?post=239"}],"version-history":[{"count":11,"href":"https:\/\/www.hsu-hh.de\/stahlbau\/wp-json\/wp\/v2\/pages\/239\/revisions"}],"predecessor-version":[{"id":901,"href":"https:\/\/www.hsu-hh.de\/stahlbau\/wp-json\/wp\/v2\/pages\/239\/revisions\/901"}],"up":[{"embeddable":true,"href":"https:\/\/www.hsu-hh.de\/stahlbau\/wp-json\/wp\/v2\/pages\/106"}],"wp:attachment":[{"href":"https:\/\/www.hsu-hh.de\/stahlbau\/wp-json\/wp\/v2\/media?parent=239"}],"wp:term":[{"taxonomy":"category","embeddable":true,"href":"https:\/\/www.hsu-hh.de\/stahlbau\/wp-json\/wp\/v2\/categories?post=239"},{"taxonomy":"post_tag","embeddable":true,"href":"https:\/\/www.hsu-hh.de\/stahlbau\/wp-json\/wp\/v2\/tags?post=239"}],"curies":[{"name":"wp","href":"https:\/\/api.w.org\/{rel}","templated":true}]}}