{"id":227,"date":"2021-02-06T16:05:02","date_gmt":"2021-02-06T15:05:02","guid":{"rendered":"https:\/\/www.hsu-hh.de\/stahlbau\/?page_id=227"},"modified":"2023-07-06T08:56:22","modified_gmt":"2023-07-06T06:56:22","slug":"shm","status":"publish","type":"page","link":"https:\/\/www.hsu-hh.de\/stahlbau\/forschung\/shm\/","title":{"rendered":"SHM"},"content":{"rendered":"\n<h4 class=\"wp-block-heading\">Digitalisierung von Infrastrukturbauwerken zur Bauwerks\u00fcberwachung: Structural Health Monitoring<\/h4>\n\n\n\n<p>Das \u00fcbergeordnete Ziel des Vorhabens ist die Erarbeitung und Bereitstellung von Methoden, die unter Nutzung von Daten verschiedenster Sensoren die zuverl\u00e4ssigkeitsbasierte digitale Zustandsbewertung von bestehenden Infrastrukturbauwerken erlauben. Die entwickelten SHM-Methoden haben den Anspruch, auf Bauwerke und Sch\u00e4den verschiedenster Art anwendbar zu sein. Endprodukt des Projekts<br>ist ein \u00fcber den bisherigen Wissens- und Forschungsstand hinausgehendes, durchgehend digitales und integriertes System zur \u00dcberwachung von Infrastrukturbauwerken. Dieses soll mit dem Building Information Modeling (BIM) in einer l\u00fcckenlosen digitalen Prozesskette zusammengef\u00fchrt werden, um auf Basis aller zur Verf\u00fcgung stehenden Daten eine kontinuierliche Zustandsbewertung zu realisieren.<\/p>\n\n\n\n<p>SHM&nbsp;wird&nbsp;gef\u00f6rdert vom Zentrum f\u00fcr Digitalisierungs- und Technologieforschung der Bundeswehr (DTEC.Bw).&nbsp;Unter der F\u00fchrung der Professur f\u00fcr Konstruktionswerkstoffe und Bauwerkserhaltung arbeiten sieben Professuren der <abbr title=\"Helmut Schmidt Universit\u00e4t\">HSU<\/abbr>&nbsp;sowie&nbsp;weitere Industriepartner&nbsp;an dem Projekt.&nbsp;<\/p>\n\n\n\n<p><strong>Ansprechpartner<\/strong><\/p>\n\n\n\n<p><a href=\"https:\/\/www.hsu-hh.de\/stahlbau\/alina-klemm\/\" data-type=\"page\" data-id=\"520\">Alina Klemm, M.Eng.<\/a><\/p>\n\n\n\n<p><a href=\"https:\/\/www.hsu-hh.de\/stahlbau\/saboor-karimi\/\" data-type=\"page\" data-id=\"885\">Saboor Karimi, <abbr title=\"Master of Science\">M.Sc.<\/abbr><\/a><\/p>\n\n\n\n<p><strong>Beteiligte Professuren im Hause<\/strong><\/p>\n\n\n\n<p><a href=\"https:\/\/www.hsu-hh.de\/geot\/\">Professur f\u00fcr Geotechnik<\/a><\/p>\n\n\n\n<p><a href=\"https:\/\/www.hsu-hh.de\/kwb\/\">Professur f\u00fcr Konstruktionswerkstoffe und Bauwerkserhaltung<\/a><\/p>\n\n\n\n<p><a href=\"https:\/\/www.hsu-hh.de\/stahlbau\/\">Lehrstuhl f\u00fcr Stahlbau und Stahlwasserbau<\/a><\/p>\n\n\n\n<p><a href=\"https:\/\/www.hsu-hh.de\/mathematik\/\">Professur f\u00fcr Mathematik im Bauingenieurwesen<\/a><\/p>\n\n\n\n<p><a href=\"https:\/\/www.hsu-hh.de\/mechanik\/\">Professur f\u00fcr Mechanik<\/a><\/p>\n\n\n\n<p><a href=\"https:\/\/www.hsu-hh.de\/statdyn\/team\/\">Professur f\u00fcr Statik und Dynamik<\/a><\/p>\n\n\n\n<p><a href=\"https:\/\/www.hsu-hh.de\/compstat\/\">Professur f\u00fcr rechnergest\u00fctzte Statistik<\/a><\/p>\n\n\n\n<p><a href=\"https:\/\/www.hsu-hh.de\/statdat\/\">Professur f\u00fcr Statistik und Datenwissenschaften<\/a><\/p>\n","protected":false},"excerpt":{"rendered":"<p>Digitalisierung von Infrastrukturbauwerken zur Bauwerks\u00fcberwachung: Structural Health Monitoring Das \u00fcbergeordnete Ziel des Vorhabens ist die Erarbeitung und Bereitstellung von Methoden, die unter Nutzung von Daten verschiedenster Sensoren die zuverl\u00e4ssigkeitsbasierte digitale [&hellip;]<\/p>\n","protected":false},"author":2497,"featured_media":0,"parent":112,"menu_order":0,"comment_status":"closed","ping_status":"closed","template":"","meta":{"footnotes":""},"categories":[4],"tags":[],"class_list":["post-227","page","type-page","status-publish","hentry","category-forschung"],"_links":{"self":[{"href":"https:\/\/www.hsu-hh.de\/stahlbau\/wp-json\/wp\/v2\/pages\/227","targetHints":{"allow":["GET"]}}],"collection":[{"href":"https:\/\/www.hsu-hh.de\/stahlbau\/wp-json\/wp\/v2\/pages"}],"about":[{"href":"https:\/\/www.hsu-hh.de\/stahlbau\/wp-json\/wp\/v2\/types\/page"}],"author":[{"embeddable":true,"href":"https:\/\/www.hsu-hh.de\/stahlbau\/wp-json\/wp\/v2\/users\/2497"}],"replies":[{"embeddable":true,"href":"https:\/\/www.hsu-hh.de\/stahlbau\/wp-json\/wp\/v2\/comments?post=227"}],"version-history":[{"count":7,"href":"https:\/\/www.hsu-hh.de\/stahlbau\/wp-json\/wp\/v2\/pages\/227\/revisions"}],"predecessor-version":[{"id":1108,"href":"https:\/\/www.hsu-hh.de\/stahlbau\/wp-json\/wp\/v2\/pages\/227\/revisions\/1108"}],"up":[{"embeddable":true,"href":"https:\/\/www.hsu-hh.de\/stahlbau\/wp-json\/wp\/v2\/pages\/112"}],"wp:attachment":[{"href":"https:\/\/www.hsu-hh.de\/stahlbau\/wp-json\/wp\/v2\/media?parent=227"}],"wp:term":[{"taxonomy":"category","embeddable":true,"href":"https:\/\/www.hsu-hh.de\/stahlbau\/wp-json\/wp\/v2\/categories?post=227"},{"taxonomy":"post_tag","embeddable":true,"href":"https:\/\/www.hsu-hh.de\/stahlbau\/wp-json\/wp\/v2\/tags?post=227"}],"curies":[{"name":"wp","href":"https:\/\/api.w.org\/{rel}","templated":true}]}}