{"id":188,"date":"2021-01-09T22:07:15","date_gmt":"2021-01-09T21:07:15","guid":{"rendered":"https:\/\/www.hsu-hh.de\/stahlbau\/?page_id=188"},"modified":"2021-01-09T22:17:28","modified_gmt":"2021-01-09T21:17:28","slug":"stahlbau-3-stahl-und-verbundtragwerke-inkl-stahlbruecken","status":"publish","type":"page","link":"https:\/\/www.hsu-hh.de\/stahlbau\/lehre\/stahlbau-3-stahl-und-verbundtragwerke-inkl-stahlbruecken\/","title":{"rendered":"Stahlbau 3 (Stahl- und Verbundtragwerke inkl. Stahlbr\u00fccken)"},"content":{"rendered":"\n<p><strong>Vorlesungszeitraum:<\/strong><\/p>\n\n\n\n<p>Wintertrimester<\/p>\n\n\n\n<p><strong>Umfang:<\/strong><\/p>\n\n\n\n<p>2,0 TWS Vorlesung, 2,0 TWS \u00dcbung<\/p>\n\n\n\n<p><strong>Inhalte:<\/strong><\/p>\n\n\n\n<ul class=\"wp-block-list\"><li>Verbundtr\u00e4ger<\/li><li>Verbunddecken<\/li><li>Verbundst\u00fctzen <\/li><li>Gesamtquerschnittsverfahren<\/li><li>Biegedrillknicken<\/li><li>Sonderthemen<\/li><\/ul>\n","protected":false},"excerpt":{"rendered":"<p>Vorlesungszeitraum: Wintertrimester Umfang: 2,0 TWS Vorlesung, 2,0 TWS \u00dcbung Inhalte: Verbundtr\u00e4ger Verbunddecken Verbundst\u00fctzen Gesamtquerschnittsverfahren Biegedrillknicken Sonderthemen<\/p>\n","protected":false},"author":2497,"featured_media":0,"parent":116,"menu_order":0,"comment_status":"closed","ping_status":"closed","template":"","meta":{"footnotes":""},"categories":[6],"tags":[],"class_list":["post-188","page","type-page","status-publish","hentry","category-lehre"],"_links":{"self":[{"href":"https:\/\/www.hsu-hh.de\/stahlbau\/wp-json\/wp\/v2\/pages\/188","targetHints":{"allow":["GET"]}}],"collection":[{"href":"https:\/\/www.hsu-hh.de\/stahlbau\/wp-json\/wp\/v2\/pages"}],"about":[{"href":"https:\/\/www.hsu-hh.de\/stahlbau\/wp-json\/wp\/v2\/types\/page"}],"author":[{"embeddable":true,"href":"https:\/\/www.hsu-hh.de\/stahlbau\/wp-json\/wp\/v2\/users\/2497"}],"replies":[{"embeddable":true,"href":"https:\/\/www.hsu-hh.de\/stahlbau\/wp-json\/wp\/v2\/comments?post=188"}],"version-history":[{"count":1,"href":"https:\/\/www.hsu-hh.de\/stahlbau\/wp-json\/wp\/v2\/pages\/188\/revisions"}],"predecessor-version":[{"id":189,"href":"https:\/\/www.hsu-hh.de\/stahlbau\/wp-json\/wp\/v2\/pages\/188\/revisions\/189"}],"up":[{"embeddable":true,"href":"https:\/\/www.hsu-hh.de\/stahlbau\/wp-json\/wp\/v2\/pages\/116"}],"wp:attachment":[{"href":"https:\/\/www.hsu-hh.de\/stahlbau\/wp-json\/wp\/v2\/media?parent=188"}],"wp:term":[{"taxonomy":"category","embeddable":true,"href":"https:\/\/www.hsu-hh.de\/stahlbau\/wp-json\/wp\/v2\/categories?post=188"},{"taxonomy":"post_tag","embeddable":true,"href":"https:\/\/www.hsu-hh.de\/stahlbau\/wp-json\/wp\/v2\/tags?post=188"}],"curies":[{"name":"wp","href":"https:\/\/api.w.org\/{rel}","templated":true}]}}