{"id":1305,"date":"2024-12-02T08:29:28","date_gmt":"2024-12-02T07:29:28","guid":{"rendered":"https:\/\/www.hsu-hh.de\/stahlbau\/?page_id=1305"},"modified":"2025-03-13T07:38:45","modified_gmt":"2025-03-13T06:38:45","slug":"1305-2","status":"publish","type":"page","link":"https:\/\/www.hsu-hh.de\/stahlbau\/en\/team\/1305-2\/","title":{"rendered":""},"content":{"rendered":"<script type=\"application\/ld+json\">[{\"@context\": \"https:\/\/www.schema.org\",\"@type\": \"Person\",\"name\": \"Mrs Maura Cirstoiu, M.Sc.\",\"worksFor\": [{\t\"@type\": \"Organization\",\t\"name\": \"Helmut-Schmidt-Universit\u00e4t\",\t\"url\": \"https:\/\/www.hsu-hh.de\"\t, \"department\": {\"@type\": \"Organization\",\t\t\t\t\t\"name\": \"Chair of steel structures\",\t\t\t\t\t\"location\": {\t\t\t\t\t\t\"@type\": \"PostalAddress\",\t\t\t\t\t\t\"addressLocality\": \"\",        \t\t\t\t\"postalCode\": \"22159\",        \t\t\t\t\"streetAddress\": \"Friedrich-Ebert-Damm 245 , Geb\u00e4ude DRV\"\t\t\t\t\t}},\t\"location\": {\t\t\"@type\": \"PostalAddress\",    \t\"addressLocality\": \"\",    \t\"postalCode\": \"22008\",    \t\"postOfficeBoxNumber\": \"700822\"\t}   }],\"image\": \"https:\/\/www.hsu-hh.de\/stahlbau\/wp-content\/uploads\/sites\/848\/2021\/09\/VM-WebSite-1-e1631442084937-150x150.jpg\",\"telephone\": \"+49406541-3962\",\"faxNumber\": \"\",\"email\": \"maura.cirstoiu@hsu-hh.de\"}]<\/script><div class=\"clearfix\"><\/div><div class=\"ansprechparter-container \" style=\"margin-top:1em; \"><div class=\"row ansprechpartner-item ansprechparter-header\" ><div class=\"col-xs-8 col-lg-12\" style=\"margin-bottom: 30px;\"><h3 class=\"ansprechparter-headline\">Mrs Maura Cirstoiu, M.Sc.<\/h3><\/div><\/div><div class=\"col-md-4 col-lg-3 col-xs-4 ansprechpartner-item floatright img-circle center-block\" style=\"margin-bottom: 30px;\"><div class=\"img-responsive-wrapper\"><img decoding=\"async\" src=\"https:\/\/www.hsu-hh.de\/stahlbau\/wp-content\/uploads\/sites\/848\/2021\/09\/VM-WebSite-1-e1631442084937-150x150.jpg\" alt=\"VM\" class=\"img-circle img-responsive center-block\" \/><\/div><\/div><div class=\"col-md-12 col-lg-3 col-xs-12 ansprechpartner-item kontakt floatright\" style=\"margin-bottom: 30px; \"><div class=\"row\"><div class=\"col-xs-12 col-sm-6 col-lg-12\"><div class=\"row\"><div class=\"col-xs-4 col-lg-4 row-text bold\" >Raum:<\/div><div class=\" row-text\">1E-134<\/div><\/div><\/div><div class=\"col-xs-12 col-sm-6 col-lg-12\"><div class=\"row\"><div class=\"col-xs-4 col-lg-4 row-text bold\">Telefon:<\/div><div class=\" row-text\">+49406541-3962<\/div><\/div><\/div><div class=\"col-xs-12 col-sm-6 col-lg-12\"><div class=\"row\"><div class=\"col-xs-4 col-lg-4 row-text bold\">E-Mail:<\/div><div class=\"row-text\" style=\"overflow:hidden; word-break: break-word\"><a href=\"mailto:maura.cirstoiu@hsu-hh.de\" rel=\"nofollow\">maura.cirstoiu@hsu-hh.de<\/a><\/div><\/div><\/div><\/div><\/div><div class=\"col-md-6 col-lg-3 col-xs-12 ansprechpartner-item anschrift floatright\" ><div class=\"row-headline\">Besucheranschrift<\/div><div class=\"dataBesucheranschrift\" style=\"\"><div class=\"row-text\">Helmut-Schmidt-Universit\u00e4t<\/div><div class=\"row-text\">Geb\u00e4ude DRV<\/div><div class=\"row-text\">Friedrich-Ebert-Damm 245<\/div><div class=\"row-text\">22159 Hamburg<\/div><\/div><\/div><div class=\"col-md-6 col-lg-3 col-xs-12 ansprechpartner-item anschrift floatright\"><div class=\"row-headline\">Postanschrift<\/div><div class=\"dataPostanschrift\" style=\"\"><div class=\"row-text\">Helmut-Schmidt-Universit\u00e4t<\/div><div class=\"row-text\">Chair of steel structures<\/div><div class=\"row-text\">Postfach 70 08 22<\/div><div class=\"row-text\">22008 Hamburg<\/div><\/div><\/div><\/div><div class=\"clearfix\"><\/div>\n\n\n<h3 class=\"wp-block-heading\">Short CV<\/h3>\n\n\n\n<p><strong><em>Since 01.06.2021 <\/em><\/strong><\/p>\n\n\n\n<p>Scientific researcher, Chair of steel structures, Helmut-Schmidt-Universit\u00e4t, Hamburg<\/p>\n\n\n\n<p><strong><em>2017-2019<\/em><\/strong><\/p>\n\n\n\n<p>Degree Master of Science Civil Engineering \u2013 \u201cAdvanced Design of Steel Structures\u201d, Polytechnic University of Timisoara, Romania<\/p>\n\n\n\n<p>Erasmus program HTWG Konstanz 09\/2017- 03\/2018&nbsp;<\/p>\n\n\n\n<p>Final thesis <abbr title=\"Technische Universit\u00e4t\">TU<\/abbr> Graz<\/p>\n\n\n\n<p><strong><em>2018 \u2013 2019&nbsp; <\/em><\/strong><\/p>\n\n\n\n<p>Research and development assistant, ASR &#8211; Romanian Welding Technology Association, Timisoara, Romania<\/p>\n\n\n\n<p><strong><em>2014 \u2013 2017&nbsp; <\/em><\/strong><\/p>\n\n\n\n<p>Marketing Manager, SC Madox Construct SRL \u2013 Precast Concrete Parts (cost controlling, contracts, acquisitions), Arad, Romania<\/p>\n\n\n\n<p><strong><em>2017<\/em><\/strong><\/p>\n\n\n\n<p>Degree Bachelor of Science Civil Engineering &#8211; German Department Polytechnic University of Timisoara, Romania&nbsp;<\/p>\n\n\n\n<p>Final thesis DAAD scholarship, Technical University of Munich, Chair of Concrete Construction<\/p>\n\n\n\n<h3 class=\"wp-block-heading\">Qualifications<\/h3>\n\n\n\n<p><strong><em>2018<\/em><\/strong><\/p>\n\n\n\n<p>\u201cInternational\/European Welding Engineer\u201d IWE\/EWE International\/European Welding Engineer Certificate<\/p>\n\n\n\n<h3 class=\"wp-block-heading\">Research projects<\/h3>\n\n\n\n<p>dtec project \u201cDigitization of infrastructure structures for structural monitoring: Structural Health Monitoring\u201d<\/p>\n\n\n\n<h3 class=\"wp-block-heading\">Memberships<\/h3>\n\n\n\n<ul class=\"wp-block-list\">\n<li>DSV &#8211; German Association for Welding and Related Processes. e.V.<\/li>\n\n\n\n<li>IABSE &#8211; International Association for Bridge and Structural Engineering<\/li>\n\n\n\n<li>ASR \u2013 Romanian Welding Technology Association<\/li>\n<\/ul>\n\n\n\n<p><\/p>\n\n\n\n<h3 class=\"wp-block-heading\">Publications<\/h3>\n\n\n\n<p><strong><em>2021<\/em><\/strong> <\/p>\n\n\n\n<p><em>&#8222;The Influence of Tool Wear on the Mechanical Performance of AA6061-T6 Refill Friction Stir Spot Welds&#8220;&nbsp;<\/em>MDPI Journals &#8211; https:\/\/doi.org\/10.3390\/ma14237252, Willian S. de Carvalho, Maura C. Vioreanu, Maxime R. A. Lutz, Gon\u00e7alo P. Cipriano, Sergio T. Amancio-Filho<\/p>\n\n\n\n<p><strong><em>2020<\/em><\/strong><\/p>\n\n\n\n<p><em>&#8222;New concepts and visions regarding &#8218;the lovers&#8216; Footbridge&#8230;from Timisoara&#8220;<\/em> TMPMIII2020 Conference, Oradea &#8211; Gro\u00dfwardein, Rum\u00e4nien, D. R. B\u00e2rdan, M. C. Vioreanu, A. Bota<\/p>\n\n\n\n<p><em>&#8222;Ecological transport system on the B\u00e2rzava river banks&#8220;<\/em> TMPMIII2020 Conference, Oradea &#8211; Gro\u00dfwardein, Rum\u00e4nien,&nbsp;M. C. Vioreanu, A. Bota, S. Dan<\/p>\n\n\n\n<p><em>&#8222;The influence of tool wear on mechanical performance of AA6061-T6 Refill Friction Stir Spot Welding&#8220;<\/em> IIW Annual Assembly in Singapour &#8211; Commission III Resistance Welding, Solid State Welding and Allied Joining Processes, W. S. Carvalho, M. C. Vioreanu, M.R.A. Lutz, G.P. Cipriano, S.T. Amancio-Filho<\/p>\n\n\n\n<p><strong><em>2018<\/em><\/strong><\/p>\n\n\n\n<p><em>\u201cHistory of welded structures in Romania\u201d<\/em>&nbsp;SGEM Conferences on Earth and Geo Sciences &#8211; Bulgarien,&nbsp;Feier, D. Dumbrava, M. Vioreanu, S. Hernea, I. Ciortea<\/p>\n\n\n\n<p><em>\u201cConstructive details on welded industrial structures for good structural behavior in the highly corrosive environment\u201d<\/em> SGEM Conferences on Earth and Geo Sciences \u2013 Bulgarien,&nbsp;Anamaria Feier, Doru Dumbrava, Maura Vioreanu, Richard Molnar, Radu Dorin<\/p>\n\n\n\n<p><em>\u201cAssessment and evaluation of a single storey exiting structure and the possibilities to extend at two storeys\u201d<\/em> International Scientific Conference CIBv2018 -Kronnstadt, Rum\u00e4nien,&nbsp;M. Tuta, S. Pescari, S. Dan, M. Vioreanu, R. Ciobotaru<\/p>\n\n\n\n<p><em>\u201cUsing of limestone filler and fly ash as partial substitution of cement in concrete\u201d<\/em> 6th International Conference Contemporary Achievements in Civil Engineering; Subotica, Serbien,&nbsp;Leilla-Luciana Vago, Sorin Dan, Maura Vioreanu<\/p>\n\n\n\n<p><strong><em>2017<\/em><\/strong><\/p>\n\n\n\n<p><em>\u201cEntwicklung des Stahlbaus und der Schwei\u00dftechniken des Br\u00fcckenbaus in Rum\u00e4nien\u201d <\/em>Conferin\u021b\u0103 Sudur\u0103 Ia\u0219i &#8211; Schweisskonferenz in Jassy,&nbsp;Radu B\u0103ncil\u0103,&nbsp;&nbsp;Edward Petzek,&nbsp;&nbsp;Anamaria Feier,&nbsp;&nbsp;Maura Vioreanu<\/p>\n\n\n\n<p><strong><em>2016<\/em><\/strong><\/p>\n\n\n\n<p><em>\u201cNachhaltige Entwicklungsrichtungen in Europa\u201d<\/em> SNCSS (Scientific state conference for students) \u2013 Klausenburg, Rum\u00e4nien, M\u0103d\u0103lina F. \u015eora, Maura C. Vioreanu, Andrei Cri\u015fan&nbsp;<\/p>\n","protected":false},"excerpt":{"rendered":"<p>Short CV Since 01.06.2021 Scientific researcher, Chair of steel structures, Helmut-Schmidt-Universit\u00e4t, Hamburg 2017-2019 Degree Master of Science Civil Engineering \u2013 \u201cAdvanced Design of Steel Structures\u201d, Polytechnic University of Timisoara, Romania [&hellip;]<\/p>\n","protected":false},"author":3824,"featured_media":0,"parent":110,"menu_order":0,"comment_status":"closed","ping_status":"closed","template":"","meta":{"footnotes":""},"categories":[9],"tags":[194],"class_list":["post-1305","page","type-page","status-publish","hentry","category-team-en","tag-mv"],"_links":{"self":[{"href":"https:\/\/www.hsu-hh.de\/stahlbau\/wp-json\/wp\/v2\/pages\/1305","targetHints":{"allow":["GET"]}}],"collection":[{"href":"https:\/\/www.hsu-hh.de\/stahlbau\/wp-json\/wp\/v2\/pages"}],"about":[{"href":"https:\/\/www.hsu-hh.de\/stahlbau\/wp-json\/wp\/v2\/types\/page"}],"author":[{"embeddable":true,"href":"https:\/\/www.hsu-hh.de\/stahlbau\/wp-json\/wp\/v2\/users\/3824"}],"replies":[{"embeddable":true,"href":"https:\/\/www.hsu-hh.de\/stahlbau\/wp-json\/wp\/v2\/comments?post=1305"}],"version-history":[{"count":7,"href":"https:\/\/www.hsu-hh.de\/stahlbau\/wp-json\/wp\/v2\/pages\/1305\/revisions"}],"predecessor-version":[{"id":1542,"href":"https:\/\/www.hsu-hh.de\/stahlbau\/wp-json\/wp\/v2\/pages\/1305\/revisions\/1542"}],"up":[{"embeddable":true,"href":"https:\/\/www.hsu-hh.de\/stahlbau\/wp-json\/wp\/v2\/pages\/110"}],"wp:attachment":[{"href":"https:\/\/www.hsu-hh.de\/stahlbau\/wp-json\/wp\/v2\/media?parent=1305"}],"wp:term":[{"taxonomy":"category","embeddable":true,"href":"https:\/\/www.hsu-hh.de\/stahlbau\/wp-json\/wp\/v2\/categories?post=1305"},{"taxonomy":"post_tag","embeddable":true,"href":"https:\/\/www.hsu-hh.de\/stahlbau\/wp-json\/wp\/v2\/tags?post=1305"}],"curies":[{"name":"wp","href":"https:\/\/api.w.org\/{rel}","templated":true}]}}