{"id":1299,"date":"2024-12-02T08:28:09","date_gmt":"2024-12-02T07:28:09","guid":{"rendered":"https:\/\/www.hsu-hh.de\/stahlbau\/?page_id=1299"},"modified":"2025-05-17T22:24:19","modified_gmt":"2025-05-17T20:24:19","slug":"1299-2","status":"publish","type":"page","link":"https:\/\/www.hsu-hh.de\/stahlbau\/en\/team\/1299-2\/","title":{"rendered":""},"content":{"rendered":"<script type=\"application\/ld+json\">[{\"@context\": \"https:\/\/www.schema.org\",\"@type\": \"Person\",\"name\": \"Mr Dominik Thomas, M.Sc.\",\"worksFor\": [{\t\"@type\": \"Organization\",\t\"name\": \"Helmut-Schmidt-Universit\u00e4t\",\t\"url\": \"https:\/\/www.hsu-hh.de\"\t, \"department\": {\"@type\": \"Organization\",\t\t\t\t\t\"name\": \"Chair of steel structures\",\t\t\t\t\t\"location\": {\t\t\t\t\t\t\"@type\": \"PostalAddress\",\t\t\t\t\t\t\"addressLocality\": \"\",        \t\t\t\t\"postalCode\": \"22159\",        \t\t\t\t\"streetAddress\": \"Friedrich-Ebert-Damm 245 , Geb\u00e4ude DRV\"\t\t\t\t\t}},\t\"location\": {\t\t\"@type\": \"PostalAddress\",    \t\"addressLocality\": \"\",    \t\"postalCode\": \"22008\",    \t\"postOfficeBoxNumber\": \"700822\"\t}   }],\"image\": \"https:\/\/www.hsu-hh.de\/stahlbau\/wp-content\/uploads\/sites\/848\/2021\/09\/DT-Website-e1631441004766-150x150.jpg\",\"telephone\": \"+49406541-3961\",\"faxNumber\": \"\",\"email\": \"dominik.thomas@hsu-hh.de\"}]<\/script><div class=\"clearfix\"><\/div><div class=\"ansprechparter-container \" style=\"margin-top:1em; \"><div class=\"row ansprechpartner-item ansprechparter-header\" ><div class=\"col-xs-8 col-lg-12\" style=\"margin-bottom: 30px;\"><h3 class=\"ansprechparter-headline\">Mr Dominik Thomas, M.Sc.<\/h3><\/div><\/div><div class=\"col-md-4 col-lg-3 col-xs-4 ansprechpartner-item floatright img-circle center-block\" style=\"margin-bottom: 30px;\"><div class=\"img-responsive-wrapper\"><img decoding=\"async\" src=\"https:\/\/www.hsu-hh.de\/stahlbau\/wp-content\/uploads\/sites\/848\/2021\/09\/DT-Website-e1631441004766-150x150.jpg\" alt=\"DT\" class=\"img-circle img-responsive center-block\" \/><\/div><\/div><div class=\"col-md-12 col-lg-3 col-xs-12 ansprechpartner-item kontakt floatright\" style=\"margin-bottom: 30px; \"><div class=\"row\"><div class=\"col-xs-12 col-sm-6 col-lg-12\"><div class=\"row\"><div class=\"col-xs-4 col-lg-4 row-text bold\" >Raum:<\/div><div class=\" row-text\">1E-107<\/div><\/div><\/div><div class=\"col-xs-12 col-sm-6 col-lg-12\"><div class=\"row\"><div class=\"col-xs-4 col-lg-4 row-text bold\">Telefon:<\/div><div class=\" row-text\">+49406541-3961<\/div><\/div><\/div><div class=\"col-xs-12 col-sm-6 col-lg-12\"><div class=\"row\"><div class=\"col-xs-4 col-lg-4 row-text bold\">E-Mail:<\/div><div class=\"row-text\" style=\"overflow:hidden; word-break: break-word\"><a href=\"mailto:dominik.thomas@hsu-hh.de\" rel=\"nofollow\">dominik.thomas@hsu-hh.de<\/a><\/div><\/div><\/div><\/div><\/div><div class=\"col-md-6 col-lg-3 col-xs-12 ansprechpartner-item anschrift floatright\" ><div class=\"row-headline\">Besucheranschrift<\/div><div class=\"dataBesucheranschrift\" style=\"\"><div class=\"row-text\">Helmut-Schmidt-Universit\u00e4t<\/div><div class=\"row-text\">Geb\u00e4ude DRV<\/div><div class=\"row-text\">Friedrich-Ebert-Damm 245<\/div><div class=\"row-text\">22159 Hamburg<\/div><\/div><\/div><div class=\"col-md-6 col-lg-3 col-xs-12 ansprechpartner-item anschrift floatright\"><div class=\"row-headline\">Postanschrift<\/div><div class=\"dataPostanschrift\" style=\"\"><div class=\"row-text\">Helmut-Schmidt-Universit\u00e4t<\/div><div class=\"row-text\">Chair of steel structures<\/div><div class=\"row-text\">Postfach 70 08 22<\/div><div class=\"row-text\">22008 Hamburg<\/div><\/div><\/div><\/div><div class=\"clearfix\"><\/div>\n\n\n<h3 class=\"wp-block-heading\">Short CV<\/h3>\n\n\n\n<p><strong><em>Since 01.07.2021 <\/em><\/strong><\/p>\n\n\n\n<p>Scientific researcher, Chair of steel structures, Helmut-Schmidt-Universit\u00e4t Hamburg<\/p>\n\n\n\n<p><strong><em>2020-2021<\/em><\/strong><\/p>\n\n\n\n<p>Java and database programmer for agricultural cadastral software, Hansa Luftbild AG, M\u00fcnster<\/p>\n\n\n\n<p><strong><em>2020<\/em><\/strong><\/p>\n\n\n\n<p>Degree Master of Science, Physics &#8211; focus on biophysics, materials physics and nuclear physics, Westf\u00e4lische Wilhelms-Universit\u00e4t M\u00fcnster, Thesis: Methods of optical detection for brain activity and metabolism<\/p>\n\n\n\n<p><strong><em>2017-2019<\/em><\/strong><\/p>\n\n\n\n<p>First and second level support (<abbr title=\"Studentische Hilfskraft\">SHK<\/abbr>) for the <abbr title=\"Informationstechnologie\">IT<\/abbr> user advice at the WWU M\u00fcnster<\/p>\n\n\n\n<p><em><strong>2018<\/strong><\/em><\/p>\n\n\n\n<p>Degree Bachelor of Science Computer Science, Westf\u00e4lische Wilhelms-Universit\u00e4t M\u00fcnster, Thesis: Fast online detection of epileptic seizures in calcium recordings in the GAERS model<\/p>\n\n\n\n<p><strong><em>2016<\/em><\/strong><\/p>\n\n\n\n<p>Degree Bachelor of Science, Physics, Westf\u00e4lische Wilhelms-Universit\u00e4t M\u00fcnster Thesis: Monte Carlo simulation of a detection system for single photons on the CRYRING storage ring<\/p>\n\n\n\n<p>Tutor (<abbr title=\"Studentische Hilfskraft\">SHK<\/abbr>) for the lecture \u201cDatabases\u201d at the Institute of Computer Science, WWU M\u00fcnster<\/p>\n\n\n\n<p><strong><em>2015-2016<\/em><\/strong><\/p>\n\n\n\n<p>iOS app developer (<abbr title=\"Studentische Hilfskraft\">SHK<\/abbr>) for zeb <abbr title=\"Gesellschaft mit beschr\u00e4nkter Haftung\">GmbH<\/abbr>, M\u00fcnster<\/p>\n\n\n\n<p><strong><em>2013-2015<\/em><\/strong><\/p>\n\n\n\n<p>Employed as a PHP programmer (<abbr title=\"Studentische Hilfskraft\">SHK<\/abbr>) for the central student advisory service at the WWU M\u00fcnster<\/p>\n\n\n\n<h3 class=\"wp-block-heading\">Teaching<\/h3>\n\n\n\n<p>Tutor: ISA earthquakes, steel bridge construction,<\/p>\n\n\n\n<h3 class=\"wp-block-heading\">Research projects<\/h3>\n\n\n\n<p>MISDRO &#8211; Condition recording of steel infrastructure structures using multivariate inspection systems and dronesMemberships<\/p>\n\n\n\n<h3 class=\"wp-block-heading\">Publications<\/h3>\n\n\n\n<p><strong><em>202<\/em>3<\/strong><\/p>\n\n\n\n<p><em>&#8222;Hyperspectral imaging systems for corrosion detection from remotely operated vehicles&#8220;<\/em> In <em>ce\/papers, 6<\/em>: 934-938. <a href=\"https:\/\/doi.org\/10.1002\/cepa.2132\" rel='nofollow'>https:\/\/doi.org\/10.1002\/cepa.2132 <span><\/span><\/a><a href=\"\" rel='nofollow'><img decoding=\"async\" title=\"Titel anhand dieser DOI in Citavi-Projekt \u00fcbernehmen\" class=\"citavipicker\" style=\"border: 0px none!important;width: 16px!important;height: 16px!important;margin-left:1px !important;margin-right:1px !important\" src=\"image\/svg+xml;base64,PD94bWwgdmVyc2lvbj0iMS4wIiBlbmNvZGluZz0idXRmLTgiPz48IURPQ1RZUEUgc3ZnIFBVQkxJQyAiLS8vVzNDLy9EVEQgU1ZHIDEuMS8vRU4iICJodHRwOi8vd3d3LnczLm9yZy9HcmFwaGljcy9TVkcvMS4xL0RURC9zdmcxMS5kdGQiPjxzdmcgdmVyc2lvbj0iMS4xIiBpZD0iRWJlbmVfMSIgeG1sbnM9Imh0dHA6Ly93d3cudzMub3JnLzIwMDAvc3ZnIiB4bWxuczp4bGluaz0iaHR0cDovL3d3dy53My5vcmcvMTk5OS94bGluayIgeD0iMHB4IiB5PSIwcHgiIHdpZHRoPSIxNnB4IiBoZWlnaHQ9IjE2cHgiIHZpZXdCb3g9IjAgMCAxNiAxNiIgZW5hYmxlLWJhY2tncm91bmQ9Im5ldyAwIDAgMTYgMTYiIHhtbDpzcGFjZT0icHJlc2VydmUiPjxnPjxnPjxwYXRoIGZpbGw9IiNGRkZGRkYiIGQ9Ik04LjAwMSwxNS41QzMuODY0LDE1LjUsMC41LDEyLjEzNiwwLjUsOGMwLTQuMTM1LDMuMzY1LTcuNSw3LjUwMS03LjVTMTUuNSwzLjg2NCwxNS41LDhTMTIuMTM3LDE1LjUsOC4wMDEsMTUuNXoiLz48cGF0aCBmaWxsPSIjRDUyQjFFIiBkPSJNOC4wMDEsMUMxMS44NiwxLDE1LDQuMTQxLDE1LDhzLTMuMTM5LDctNi45OTksN0M0LjE0LDE1LDEsMTEuODU5LDEsOFM0LjE0LDEsOC4wMDEsMSBNOC4wMDEsMEMzLjU4MiwwLDAsMy41ODIsMCw4czMuNTgyLDgsOC4wMDEsOEMxMi40MTgsMTYsMTYsMTIuNDE4LDE2LDhTMTIuNDE4LDAsOC4wMDEsMEw4LjAwMSwweiIvPjwvZz48cGF0aCBmaWxsPSIjRDUyQjFFIiBkPSJNNi43NDUsMTIuNTg5Yy0wLjIyNywwLjEyMi0wLjQ5NywwLjI0Ny0wLjY4NCwwLjI0N2MtMC4zMTgsMC0wLjUwMS0wLjE2NC0wLjUwMS0wLjQ1MmMwLTAuMjA3LDAuMTQtMC4zNzUsMC41OTUtMC42MjJjMS41NDktMC45MDQsMi41OTQtMi4yNzIsMi41OTQtMy43MjFjMC0wLjgyNS0wLjIyNy0xLjExOS0wLjY4MS0xLjExOWMtMC4xMzUsMC0wLjMyLDAuMjE5LTAuNjM2LDAuMjE5SDcuMTU3QzYuMTAyLDcuMTQzLDUuMzMzLDYuMjY0LDUuMzMzLDUuMjNjMC0xLjE1MiwwLjk1OC0yLjAwNiwyLjI4LTIuMDA2YzEuNzc3LDAsMy4wNTMsMS4zNzMsMy4wNTMsMy40M0MxMC42NjYsOS4yMTUsOS4yMDMsMTEuMjcsNi43NDUsMTIuNTg5Ii8+PC9nPjwvc3ZnPg\"><\/a>. D. Thomas, M. G\u00fcndel<\/p>\n\n\n\n<p><em>&#8222;Multivariate inspection of German steel civil infrastructure using autonomous UAS&#8220;<\/em> In <em>Life-Cycle of Structures and Infrastructure Systems<\/em> (pp. 493-500). D. Thomas., M. G\u00fcndel, A. Wickers, M. Alpen, J. Horn <\/p>\n\n\n\n<p><strong><em>2022<\/em><\/strong><\/p>\n\n\n\n<p><em>&#8222;Drohnengest\u00fctzte, multivariate Inspektionssysteme zur Zustandserfassung von Stahlbr\u00fccken und Stahlwasserbauten&#8220;<\/em> dtec.bw-Beitr\u00e4ge der Helmut-Schmidt-Universit\u00e4t \/ Universit\u00e4t der Bundeswehr Hamburg: Forschungsaktivit\u00e4ten im Zentrum f\u00fcr Digitalisierungs- und Technologieforschung der Bundeswehr dtec.bw &#8211; Band 1, D. Thomas, M. G\u00fcndel, A. Wickers, M. Alpen. J. Horn<\/p>\n\n\n\n<p><em>&#8222;Fiber-based lactate recordings with fluorescence resonance energy transfer sensors by applying an magnetic resonance-informed correction of hemodynamic artifacts&#8220;<\/em> Neurophotonics, 9(3). H. Lambers, L. Wachsmuth, D. Thomas, F. Boumezbeur, V. Hoesker, B. Pradier, C. Faber<\/p>\n\n\n\n<p><\/p>\n","protected":false},"excerpt":{"rendered":"<p>Short CV Since 01.07.2021 Scientific researcher, Chair of steel structures, Helmut-Schmidt-Universit\u00e4t Hamburg 2020-2021 Java and database programmer for agricultural cadastral software, Hansa Luftbild AG, M\u00fcnster 2020 Degree Master of Science, [&hellip;]<\/p>\n","protected":false},"author":3824,"featured_media":0,"parent":110,"menu_order":0,"comment_status":"closed","ping_status":"closed","template":"","meta":{"footnotes":""},"categories":[9],"tags":[190],"class_list":["post-1299","page","type-page","status-publish","hentry","category-team-en","tag-dt-en"],"_links":{"self":[{"href":"https:\/\/www.hsu-hh.de\/stahlbau\/wp-json\/wp\/v2\/pages\/1299","targetHints":{"allow":["GET"]}}],"collection":[{"href":"https:\/\/www.hsu-hh.de\/stahlbau\/wp-json\/wp\/v2\/pages"}],"about":[{"href":"https:\/\/www.hsu-hh.de\/stahlbau\/wp-json\/wp\/v2\/types\/page"}],"author":[{"embeddable":true,"href":"https:\/\/www.hsu-hh.de\/stahlbau\/wp-json\/wp\/v2\/users\/3824"}],"replies":[{"embeddable":true,"href":"https:\/\/www.hsu-hh.de\/stahlbau\/wp-json\/wp\/v2\/comments?post=1299"}],"version-history":[{"count":7,"href":"https:\/\/www.hsu-hh.de\/stahlbau\/wp-json\/wp\/v2\/pages\/1299\/revisions"}],"predecessor-version":[{"id":1729,"href":"https:\/\/www.hsu-hh.de\/stahlbau\/wp-json\/wp\/v2\/pages\/1299\/revisions\/1729"}],"up":[{"embeddable":true,"href":"https:\/\/www.hsu-hh.de\/stahlbau\/wp-json\/wp\/v2\/pages\/110"}],"wp:attachment":[{"href":"https:\/\/www.hsu-hh.de\/stahlbau\/wp-json\/wp\/v2\/media?parent=1299"}],"wp:term":[{"taxonomy":"category","embeddable":true,"href":"https:\/\/www.hsu-hh.de\/stahlbau\/wp-json\/wp\/v2\/categories?post=1299"},{"taxonomy":"post_tag","embeddable":true,"href":"https:\/\/www.hsu-hh.de\/stahlbau\/wp-json\/wp\/v2\/tags?post=1299"}],"curies":[{"name":"wp","href":"https:\/\/api.w.org\/{rel}","templated":true}]}}