{"id":112,"date":"2018-01-17T14:06:36","date_gmt":"2018-01-17T13:06:36","guid":{"rendered":"https:\/\/www.hsu-hh.de\/vorlage\/?page_id=112"},"modified":"2025-07-09T13:39:52","modified_gmt":"2025-07-09T11:39:52","slug":"forschung","status":"publish","type":"page","link":"https:\/\/www.hsu-hh.de\/stahlbau\/forschung\/","title":{"rendered":"Forschung"},"content":{"rendered":"\n<h2 class=\"wp-block-heading\">Forschungsschwerpunkte<\/h2>\n\n\n\n<p>Der Lehrstuhl f\u00fcr Stahlbau und Stahlwasserbau betreibt Grundlagenforschung und anwendungsorientierte Forschung im Stahlbau mit den Schwerpunkten dynamische Einwirkungen, neuartige Fertigungsverfahren und Zustandsanalysen.<\/p>\n\n\n\n<h2 class=\"wp-block-heading\"><a href=\"https:\/\/www.hsu-hh.de\/stahlbau\/versuchshalle-stahl-und-beton\/\" data-type=\"page\" data-id=\"1416\">Versuchshalle<\/a><\/h2>\n\n\n\n<p>Wir verf\u00fcgen \u00fcber eine hochmoderne <a href=\"https:\/\/www.hsu-hh.de\/stahlbau\/versuchshalle-stahl-beton\/\" data-type=\"page\" data-id=\"1682\">Laborausstattung<\/a>, die wir f\u00fcr die Durchf\u00fchrung einer breiten Palette von Experimenten nutzen, von Komponententests im gro\u00dfen Ma\u00dfstab \u00fcber Erm\u00fcdungstests bis hin zu hochfrequenten dynamischen Belastungen.<\/p>\n\n\n\n<h2 class=\"wp-block-heading\">Aktuelle Forschungsprojekte<\/h2>\n\n\n\n<p><a href=\"https:\/\/www.hsu-hh.de\/stahlbau\/shm\/\">SHM &#8211; Digitalisierung von Infrastrukturbauwerken zur Bauwerks\u00fcberwachung: Structural Health Monitoring<\/a><\/p>\n\n\n\n<p><a href=\"https:\/\/www.hsu-hh.de\/stahlbau\/forschung\/misdro\/\">MISDRO &#8211; Zustandserfassung von Infrastruktubauwerken aus Stahl mittels multivariater Inspektionssysteme und Drohnen<\/a><\/p>\n\n\n\n<p><a href=\"https:\/\/www.hsu-hh.de\/stahlbau\/korrosionsschutz-im-stahlwasserbau\/\" data-type=\"page\" data-id=\"916\">Korrosionschutz im Stahlwasser<\/a><a href=\"http:\/\/korrosionsschutz-im-stahlwasserbau\" data-type=\"URL\" data-id=\"korrosionsschutz-im-stahlwasserbau\" rel='nofollow'>bau<\/a><\/p>\n\n\n\n<p><a href=\"https:\/\/www.hsu-hh.de\/stahlbau\/forschung\/erdbebentechnik\/\" data-type=\"page\" data-id=\"1079\">Erdbebentechnik<\/a><\/p>\n\n\n\n<p><a href=\"https:\/\/www.hsu-hh.de\/stahlbau\/forschung\/klein-windenergieanlagen-fuer-wohngebaeude\/\" data-type=\"page\" data-id=\"1090\">Klein-Windenergienanlagen f\u00fcr Wohngeb\u00e4ude<\/a><\/p>\n\n\n\n<p><a href=\"https:\/\/www.hsu-hh.de\/stahlbau\/belastungsmonitoring-von-autobahnbruecken\/\" data-type=\"page\" data-id=\"1628\">TollCollect &#8211; Belastungsmonitoring von Autobahnbr\u00fccken<\/a><\/p>\n\n\n\n<p><\/p>\n","protected":false},"excerpt":{"rendered":"<p>Forschungsschwerpunkte Der Lehrstuhl f\u00fcr Stahlbau und Stahlwasserbau betreibt Grundlagenforschung und anwendungsorientierte Forschung im Stahlbau mit den Schwerpunkten dynamische Einwirkungen, neuartige Fertigungsverfahren und Zustandsanalysen. Versuchshalle Wir verf\u00fcgen \u00fcber eine hochmoderne Laborausstattung, [&hellip;]<\/p>\n","protected":false},"author":26,"featured_media":0,"parent":0,"menu_order":0,"comment_status":"closed","ping_status":"closed","template":"","meta":{"footnotes":""},"categories":[4],"tags":[],"class_list":["post-112","page","type-page","status-publish","hentry","category-forschung"],"_links":{"self":[{"href":"https:\/\/www.hsu-hh.de\/stahlbau\/wp-json\/wp\/v2\/pages\/112","targetHints":{"allow":["GET"]}}],"collection":[{"href":"https:\/\/www.hsu-hh.de\/stahlbau\/wp-json\/wp\/v2\/pages"}],"about":[{"href":"https:\/\/www.hsu-hh.de\/stahlbau\/wp-json\/wp\/v2\/types\/page"}],"author":[{"embeddable":true,"href":"https:\/\/www.hsu-hh.de\/stahlbau\/wp-json\/wp\/v2\/users\/26"}],"replies":[{"embeddable":true,"href":"https:\/\/www.hsu-hh.de\/stahlbau\/wp-json\/wp\/v2\/comments?post=112"}],"version-history":[{"count":16,"href":"https:\/\/www.hsu-hh.de\/stahlbau\/wp-json\/wp\/v2\/pages\/112\/revisions"}],"predecessor-version":[{"id":1767,"href":"https:\/\/www.hsu-hh.de\/stahlbau\/wp-json\/wp\/v2\/pages\/112\/revisions\/1767"}],"wp:attachment":[{"href":"https:\/\/www.hsu-hh.de\/stahlbau\/wp-json\/wp\/v2\/media?parent=112"}],"wp:term":[{"taxonomy":"category","embeddable":true,"href":"https:\/\/www.hsu-hh.de\/stahlbau\/wp-json\/wp\/v2\/categories?post=112"},{"taxonomy":"post_tag","embeddable":true,"href":"https:\/\/www.hsu-hh.de\/stahlbau\/wp-json\/wp\/v2\/tags?post=112"}],"curies":[{"name":"wp","href":"https:\/\/api.w.org\/{rel}","templated":true}]}}