{"id":847,"date":"2017-11-27T16:19:51","date_gmt":"2017-11-27T15:19:51","guid":{"rendered":"https:\/\/www.hsu-hh.de\/staackib\/?page_id=847"},"modified":"2020-04-16T16:16:36","modified_gmt":"2020-04-16T14:16:36","slug":"aktuelles-2015","status":"publish","type":"page","link":"https:\/\/www.hsu-hh.de\/staackib\/aktuelles-2015","title":{"rendered":"Aktuelles 2015"},"content":{"rendered":"<p><strong>Gedenkveranstaltung f\u00fcr Helmut Schmidt\u00a0<\/strong><\/p>\n<p>Am 10. Dezember 2015 lud\u00a0die Helmut-Schmidt-Universit\u00e4t zu einer Gedenkveranstaltung f\u00fcr ihren Gr\u00fcndungsvater und Namensgeber Bundeskanzler a.D.\u00a0<abbr title=\"Doktor\">Dr.<\/abbr>\u00a0h. c.\u00a0<abbr title=\"multiplex\">mult.<\/abbr>\u00a0Helmut Schmidt ein. Professor Staack w\u00fcrdigte in seiner Gedenkrede den Staatsmann, Sicherheitspolitiker und Reformer der Bundeswehr. \u2026\u00a0Zum Wortlaut der Rede \u2026.\u00a0<a href=\"https:\/\/www.hsu-hh.de\/staackib\/wp-content\/uploads\/sites\/757\/2017\/11\/Ansprache-f\u00fcr-Helmut-Schmidt_Staack-12.pdf\" target=\"_blank\" rel=\"noopener noreferrer\">\u21d2<\/a><\/p>\n<p>&nbsp;<\/p>\n<p><strong>Generaldirektorin des West Africa Institute in Hamburg<\/strong><\/p>\n<p>Am 15. Und 16. November 2015 besuchten Professorin\u00a0<abbr title=\"Doktor\">Dr.<\/abbr>\u00a0Dj\u00e9n\u00e9ma Traor\u00e9 (Mali), Generaldirektorin des mit der ECOWAS assoziierten West Africa Institute (WAI) in Praia\/Cabo Verde, und Benjamin Akoutou (Togo), Wissenschaftlicher Mitarbeiter am WAI, auf Einladung von Professor Staack Hamburg und die Helmut-Schmidt-Universit\u00e4t. Im Mittelpunkt verschiedener Vortr\u00e4ge und Gespr\u00e4che standen\u00a0<abbr title=\"unter anderem\">u.a.<\/abbr>\u00a0die aktuelle Entwicklung in Mali und die Migrationspolitik der EU gegen\u00fcber Subsahara-Afrika. Gemeinsam mit Studierenden der\u00a0HSUgedachten die G\u00e4ste aus Westafrika auch der Opfer der Anschl\u00e4ge von Paris und trugen sich ins Kondolenzbuch f\u00fcr Helmut Schmidt ein. Der Besuch bildete den Auftakt f\u00fcr eine Zusammenarbeit in Bezug auf regionale Sicherheit und Kooperation in Westafrika.<\/p>\n<p>&nbsp;<\/p>\n<p><strong>Staatsbesuch von Bundespr\u00e4sident Gauck und dritte Sitzung der Beratergruppe in Seoul<\/strong><\/p>\n<p>Anl\u00e4sslich des 25j\u00e4hrigen Jubil\u00e4ums der deutschen Wiedervereinigung besuchte Bundespr\u00e4sident Joachim Gauck vom 11. bis 14. Oktober 2015 die Republik Korea. Auf dem Programm des Bundespr\u00e4sidenten standen\u00a0<abbr title=\"unter anderem\">u.a.<\/abbr>\u00a0Gespr\u00e4che mit seiner s\u00fcdkoreanischen Amtskollegin Park, eine Rede in der Gro\u00dfen Nationalversammlung und (gemeinsam mit Au\u00dfenminister Yun) eine Zusammenkunft mit den Mitgliedern der Hochrangigen Beratergruppe zu den au\u00dfenpolitischen Aspekten der Wiedervereinigung Koreas. Begleitend zum Staatsbesuch befasste sich die Beratergruppe <abbr title=\"unter anderem\">u.a.<\/abbr> mit der Sicherheitslage in Nordostasien und vertrauensbildenden Ma\u00dfnahmen, mit menschlichen Kontakten\u00a0<abbr title=\"beziehungsweise\">bzw.<\/abbr>\u00a0humanit\u00e4rer Hilfe sowie mit wirtschaftlichen Aspekten des deutschen Vereinigungsprozesses und ihrer Bedeutung f\u00fcr Korea. Weitere Informationen finden Sie auf der\u00a0Homepage von Hartmut Koschyk MdB, dem Vorsitzenden der Beratergruppe.\u00a0<a href=\"https:\/\/www.koschyk.de\/international\/3-sitzung-des-deutsch-koreanischen-beratergremiums-zu-aussenpolitischen-fragen-der-wiedervereinigung-23426.html\" target=\"_blank\" rel=\"noopener noreferrer\">\u21d2<\/a><\/p>\n<p>&nbsp;<\/p>\n","protected":false},"excerpt":{"rendered":"<p>Gedenkveranstaltung f\u00fcr Helmut Schmidt\u00a0 Am 10. Dezember 2015 lud\u00a0die Helmut-Schmidt-Universit\u00e4t zu einer Gedenkveranstaltung f\u00fcr ihren Gr\u00fcndungsvater und Namensgeber Bundeskanzler a.D.\u00a0Dr.\u00a0h. c.\u00a0mult.\u00a0Helmut Schmidt ein. Professor Staack w\u00fcrdigte in seiner Gedenkrede den [&hellip;]<\/p>\n","protected":false},"author":89,"featured_media":852,"parent":0,"menu_order":0,"comment_status":"closed","ping_status":"closed","template":"","meta":{"footnotes":""},"categories":[],"tags":[],"class_list":["post-847","page","type-page","status-publish","has-post-thumbnail","hentry"],"_links":{"self":[{"href":"https:\/\/www.hsu-hh.de\/staackib\/wp-json\/wp\/v2\/pages\/847","targetHints":{"allow":["GET"]}}],"collection":[{"href":"https:\/\/www.hsu-hh.de\/staackib\/wp-json\/wp\/v2\/pages"}],"about":[{"href":"https:\/\/www.hsu-hh.de\/staackib\/wp-json\/wp\/v2\/types\/page"}],"author":[{"embeddable":true,"href":"https:\/\/www.hsu-hh.de\/staackib\/wp-json\/wp\/v2\/users\/89"}],"replies":[{"embeddable":true,"href":"https:\/\/www.hsu-hh.de\/staackib\/wp-json\/wp\/v2\/comments?post=847"}],"version-history":[{"count":5,"href":"https:\/\/www.hsu-hh.de\/staackib\/wp-json\/wp\/v2\/pages\/847\/revisions"}],"predecessor-version":[{"id":1806,"href":"https:\/\/www.hsu-hh.de\/staackib\/wp-json\/wp\/v2\/pages\/847\/revisions\/1806"}],"wp:featuredmedia":[{"embeddable":true,"href":"https:\/\/www.hsu-hh.de\/staackib\/wp-json\/wp\/v2\/media\/852"}],"wp:attachment":[{"href":"https:\/\/www.hsu-hh.de\/staackib\/wp-json\/wp\/v2\/media?parent=847"}],"wp:term":[{"taxonomy":"category","embeddable":true,"href":"https:\/\/www.hsu-hh.de\/staackib\/wp-json\/wp\/v2\/categories?post=847"},{"taxonomy":"post_tag","embeddable":true,"href":"https:\/\/www.hsu-hh.de\/staackib\/wp-json\/wp\/v2\/tags?post=847"}],"curies":[{"name":"wp","href":"https:\/\/api.w.org\/{rel}","templated":true}]}}