{"id":619,"date":"2017-11-14T14:21:08","date_gmt":"2017-11-14T13:21:08","guid":{"rendered":"https:\/\/www.hsu-hh.de\/staackib\/?page_id=619"},"modified":"2017-11-14T18:10:36","modified_gmt":"2017-11-14T17:10:36","slug":"zukunft-der-nuklearen-ordnung-abgeschlossene-forschungsprojekte","status":"publish","type":"page","link":"https:\/\/www.hsu-hh.de\/staackib\/zukunft-der-nuklearen-ordnung-abgeschlossene-forschungsprojekte","title":{"rendered":"Zukunft der nuklearen Ordnung &#8211; abgeschlossene Forschungsprojekte"},"content":{"rendered":"<p>&nbsp;<\/p>\n<p><strong>ZUSAMMENFASSUNG<\/strong><\/p>\n<p><strong>Die Zukunft der nuklearen Ordnung<\/strong><\/p>\n<p>Nach dem Abschluss des Vertrags \u00fcber die Nichtverbreitung von Kernwaffen (NVV) im Jahre 1968 hat dieses Regime \u00fcber drei Jahrzehnte die nukleare Ordnung gew\u00e4hrleisten k\u00f6nnen. Ungeachtet seines bisherigen Erfolgs wurde das Regime aber im zur\u00fcckliegenden Jahrzehnt zunehmend in Frage gestellt: durch neue Atomwaffenbesitzer und entsprechende Aspiranten (<abbr title=\"zum Beispiel\">z.B.<\/abbr>\u00a0Iran), durch die mangelnde Abr\u00fcstungsbereitschaft der etablierten Atomm\u00e4chte, durch die Wiederentdeckung der Nuklearwaffe als Kriegsf\u00fchrungswaffe vor allem in den USA, aber auch in Frankreich, durch offensichtliche Defizite in Bezug auf die Kontrollmechanismen und durch \u201edoppelte Standards\u201c bei der Sanktionierung von Verst\u00f6\u00dfen gegen das Regime. Seit ein oder zwei Jahren deutet sich \u2013 optimistisch betrachtet \u2013 ein Paradigmenwechsel in der multilateralen R\u00fcstungskontrolle an. Nukleare Abr\u00fcstung, R\u00fcstungskontrolle und Nichtweiterverbreitung \u00a0sind wieder auf einen prominenten Platz auf der weltpolitischen Agenda ger\u00fcckt. An einer solchen Entwicklung hat die Bundesrepublik Deutschland als Nicht-Kernwaffenstaat und als ein an Multilateralismus und R\u00fcstungsbegrenzung orientierter Akteur ein besonderes Interesse, denn sie setzt sich traditionell f\u00fcr die St\u00e4rkung eines funktionsf\u00e4higen, effizienten Regimes der nuklearen Ordnung ein.<\/p>\n<p>Im Rahmen dieses Projekts wurde untersucht, welche Erfolgsbedingungen erf\u00fcllt sein m\u00fcssen, um das Regime der nuklearen Ordnung zu erhalten und auszubauen. Dazu wurden\u00a0<abbr title=\"unter anderem\">u.a.<\/abbr>\u00a0zentrale Herausforderungen an das Regime (<abbr title=\"zum Beispiel\">z.B.<\/abbr> das iranische Nuklearprogramm) als auch alternative Ordnungsentw\u00fcrfe (z.B.nukleare Nichtweiterverbreitung durch unilateralen Zwang) analysiert. Besonders ber\u00fccksichtigt wurde eine m\u00f6gliche Beeintr\u00e4chtigung der nuklearen Ordnung durch die Einf\u00fchrung strategischer Raketenabwehrsysteme. Die Ergebnisse eines Workshops und einer wissenschaftlichen Konferenz wurden im Fr\u00fchjahr 2009 als Buch ver\u00f6ffentlicht. Dieser Sammelband\u00a0(\u201e<em>Die Zukunft der nuklearen Ordnung<\/em>\u201c)\u00a0 wurde Helmut Schmidt, in dessen Amtszeit (1975) die Bundesrepublik Deutschland dem NVV beitrat,\u00a0 zum 90. Geburtstag gewidmet.<\/p>\n<p>Zu den Ergebnissen des Projekts geh\u00f6ren die folgenden Schlussfolgerungen:<\/p>\n<ol>\n<li>Zum etablierten System der nuklearen Ordnung mit dem Vertrag \u00fcber die Nichtweiterverbreitung von Kernwaffen als zentraler Referenznorm gibt es keine Erfolg versprechende Alternative. Alle politischen Initiativen, die eine Reform der nuklearen Ordnung erreichen wollen, sollten daher bei der St\u00e4rkung des NVV-Systems ansetzen.<\/li>\n<li>Unilaterale, nicht-integrative Ordnungskonzepte zur nuklearen Nichtweiterverbreitung haben sich nicht bew\u00e4hrt. Kein Staat allein \u2013 und auch keine \u201eKoalition der Willigen\u201c \u2013 ist in der Lage, die Ordnungsfunktion der bisherigen Nuklearordnung zu ersetzen. \u201eDouble standards\u201c und Alleing\u00e4nge gerade von wichtigen Atomwaffenstaaten f\u00f6rdern aber eine Erosion des NVV-Systems und sind deshalb kontraproduktiv.<\/li>\n<li>Alle Vertragsstaaten, besonders aber die Besitzer von Kernwaffen, m\u00fcssen den Vertrag \u00fcber Nichtweiterverbreitung in allen Bestandteilen respektieren und anwenden. Die selektive Akzeptanz von Normen, wie der Verpflichtung zur Abr\u00fcstung und der Gleichbehandlung aller Vertragsstaaten, untergr\u00e4bt die Legitimit\u00e4t des nuklearen Ordnungsregimes. Je signifikanter wichtige Atomwaffenstaaten von Buchstaben und Geist des Regimes abweichen, desto geringer wird f\u00fcr die Nichtbesitzer der Anreiz, dieses System als im eigenen Interesse liegend zu akzeptieren.<\/li>\n<li>Der internationalen Behandlung des iranischen Atomprogramms kommt h\u00f6chstwahrscheinlich eine Schl\u00fcsselbedeutung f\u00fcr die zuk\u00fcnftige Gestaltung der nuklearen Ordnung zu. Der Erwerb von Atomwaffen durch die Islamische Republik k\u00f6nnte zu einem \u201eDammbruch\u201c regionaler Proliferation f\u00fchren und die Aufrechterhaltung des NVV-Systems untergraben. Darum muss nachdr\u00fccklich eine umfassende L\u00f6sung (\u201eGrand bargain) angestrebt werden, die nicht nur die internationalen Aspekte, sondern auch und vor allem die Sicherheitsinteressen und \u2013perzeptionen des Iran und der USA ber\u00fccksichtigt.<\/li>\n<\/ol>\n<hr \/>\n<p>&nbsp;<\/p>\n<p><strong>ABSTRACT<\/strong><\/p>\n<p><strong>The future of the nuclear order<\/strong><\/p>\n<p>After the signing of the Treaty on the Non-Proliferation of Nuclear Weapons (NPT) in 1968, this regime has been able to provide a nuclear order over three decades. Despite its recent success the regime has been called increasingly into question over the past decade by new nuclear weapons owners and appropriate candidates (e.g. Iran), by an unreadiness to disarm among established nuclear powers, through the rediscovery of the nuclear weapons as an actual weapon of warfare especially in the U.S., but also in France, due to obvious deficiencies in terms of control mechanisms, and by &#8222;double standards &#8220; regarding sanctions for violations of the regime. Optimistically speaking there have been signs for a paradigm shift in the multilateral arms control over the last two or three years. Nuclear disarmament, arms control and nonproliferation returned prominently on the world political agenda, not least by the &#8222;Global Zero&#8220;-movement. The Federal Republic of Germany as a non-nuclear weapon state is traditionally involved in multilateral oriented arms control and has therefore a special interest in strengthening an effective and efficient regime of the nuclear order.<\/p>\n<p>This project examined the key conditions for maintaining and expanding the nuclear order regime. For this purpose, central challenges to the regime (such as the Iranian nuclear program) as well as alternative order designs (e.g. nuclear nonproliferation through unilateral coercion) have been analyzed. Special consideration was given to a possible impairment of the nuclear order by the introduction of strategic missile defense systems. The outcomes of a workshop and a scientific conference in the spring of 2009 have been published as a book. This volume (&#8222;The future of the nuclear order&#8220;) is dedicated to former German chancellor Helmut Schmidt (on the occasion of his 90th\u00a0birthday), who was in office, when the Federal Republic Germany joined the NPT in 1975.<\/p>\n<p>The results of the project include the following conclusions:<\/p>\n<ol>\n<li>There is no effective alternative to the established system of nuclear order build around the Treaty on the Non-proliferation of nuclear weapons. All political initiatives which aim to achieve a reform of the nuclear order should, therefore, start with strengthening the NPT regime.<\/li>\n<li>Unilateral, non-integrative concepts of order on nuclear non-proliferation have not been successful. No state alone \u2013 not even a &#8222;coalition of the willing&#8220; &#8211; is able to replace the regulatory function of the existing nuclear order. &#8222;Double standards&#8220; and unilateral support especially from major nuclear weapon states foster an erosion of the NPT regime and are therefore counterproductive.<\/li>\n<li>All parties, especially the owners of nuclear weapons, must respect the Treaty on Non-proliferation and comply with all its elements. The selective acceptance of standards, such as the obligation to disarm and the equal treatment of all Contracting States, undermines the legitimacy of the regime&#8217;s nuclear order. The more significant major nuclear weapons states deviate from the wording and spirit of the regime, the less there will be an incentive for non-owners to believe this system is in their own interest.<\/li>\n<li>The international treatment of the Iranian nuclear program is likely to be of key importance for the future of the nuclear order. The acquisition of nuclear weapons by the Islamic republic might lead to a &#8222;slippery slope&#8220; of regional proliferation and undermine the maintenance of the NPT regime. Therefore a comprehensive solution (&#8222;grand bargain&#8220;) must be sought which not only takes into account international aspects, but also and above all the security interests and security perceptions of Iran and the United States.<\/li>\n<\/ol>\n","protected":false},"excerpt":{"rendered":"<p>&nbsp; ZUSAMMENFASSUNG Die Zukunft der nuklearen Ordnung Nach dem Abschluss des Vertrags \u00fcber die Nichtverbreitung von Kernwaffen (NVV) im Jahre 1968 hat dieses Regime \u00fcber drei Jahrzehnte die nukleare Ordnung [&hellip;]<\/p>\n","protected":false},"author":89,"featured_media":0,"parent":0,"menu_order":0,"comment_status":"closed","ping_status":"closed","template":"","meta":{"footnotes":""},"categories":[],"tags":[],"class_list":["post-619","page","type-page","status-publish","hentry"],"_links":{"self":[{"href":"https:\/\/www.hsu-hh.de\/staackib\/wp-json\/wp\/v2\/pages\/619","targetHints":{"allow":["GET"]}}],"collection":[{"href":"https:\/\/www.hsu-hh.de\/staackib\/wp-json\/wp\/v2\/pages"}],"about":[{"href":"https:\/\/www.hsu-hh.de\/staackib\/wp-json\/wp\/v2\/types\/page"}],"author":[{"embeddable":true,"href":"https:\/\/www.hsu-hh.de\/staackib\/wp-json\/wp\/v2\/users\/89"}],"replies":[{"embeddable":true,"href":"https:\/\/www.hsu-hh.de\/staackib\/wp-json\/wp\/v2\/comments?post=619"}],"version-history":[{"count":6,"href":"https:\/\/www.hsu-hh.de\/staackib\/wp-json\/wp\/v2\/pages\/619\/revisions"}],"predecessor-version":[{"id":759,"href":"https:\/\/www.hsu-hh.de\/staackib\/wp-json\/wp\/v2\/pages\/619\/revisions\/759"}],"wp:attachment":[{"href":"https:\/\/www.hsu-hh.de\/staackib\/wp-json\/wp\/v2\/media?parent=619"}],"wp:term":[{"taxonomy":"category","embeddable":true,"href":"https:\/\/www.hsu-hh.de\/staackib\/wp-json\/wp\/v2\/categories?post=619"},{"taxonomy":"post_tag","embeddable":true,"href":"https:\/\/www.hsu-hh.de\/staackib\/wp-json\/wp\/v2\/tags?post=619"}],"curies":[{"name":"wp","href":"https:\/\/api.w.org\/{rel}","templated":true}]}}