{"id":613,"date":"2017-11-14T14:13:53","date_gmt":"2017-11-14T13:13:53","guid":{"rendered":"https:\/\/www.hsu-hh.de\/staackib\/?page_id=613"},"modified":"2021-04-13T08:29:44","modified_gmt":"2021-04-13T06:29:44","slug":"publikationen-westafrika","status":"publish","type":"page","link":"https:\/\/www.hsu-hh.de\/staackib\/publikationen-westafrika","title":{"rendered":"Publikationen &#8211; Westafrika"},"content":{"rendered":"<div>\n<div>\n<div>\n<div>\n<div>\n<p><strong>2021<\/strong><br \/>\nTesch-Ntad, Germaine (2021): Die deutsche Entwicklungspolitik in Westafrika: Empowerment von Frauen in Bildung und Arbeitsmarktintegration, WIFIS aktuell, Opladen\/Berlin\/Toronto. <a href=\"https:\/\/www.hsu-hh.de\/staackib\/wp-content\/uploads\/sites\/757\/2020\/12\/Tesch-Ntad_Interview-Transkript.pdf\">Dokumentation der Interviews<\/a> <a href=\"https:\/\/shop.budrich.de\/produkt\/empowerment-von-frauen-in-bildung-und-arbeitsmarktintegration-lautonomisation-des-femmes-dans-le-domaine-de-leducation-et-lintegration-dans-le-marche-du-travail\/\" target=\"_blank\" rel=\"noopener\">\u21d2<\/a><\/p>\n<p><strong>2020<\/strong><br \/>\nNietz, Sonja (2020): Germany\u2019s West Africa Policy. New Approaches, Perceptions and Expectations from the Region. In: Die Friedens-Warte. <abbr title=\"Band\">Bd.<\/abbr> 93, S. 222-230.\u00a0<a href=\"https:\/\/elibrary.bwv-verlag.de\/article\/99.105025\/fw202001022201\" target=\"_blank\" rel=\"noopener\">\u21d2<\/a><\/p>\n<p><strong>2019<br \/>\n<\/strong>Demesmay, Claire\/Staack, Michael (2019): Westafrikapolitik: Wie deutsch-franz\u00f6sische Zusammenarbeit gelingen kann. In: Deutsch-Franz\u00f6sisches Institut (<abbr title=\"Herausgeber\">Hrsg.<\/abbr>): Frankreich Jahrbuch 2019. Der Aachener Vertrag und das Deutsch-Franz\u00f6sische Parlamentsabkommen, Springer, S. 91-110. <a href=\"https:\/\/link.springer.com\/chapter\/10.1007\/978-3-658-29818-0_10\" rel='nofollow'>\u21d2<\/a><\/p>\n<p>Staack, Michael\/Ehrhart, Hans-Georg (<abbr title=\"Herausgeber\">Hrsg.<\/abbr>) (2019): Sicherheits- und Friedensordnungen in Afrika. Nationale und regionale Herausforderungen. Nomos. <a href=\"https:\/\/www.hsu-hh.de\/staackib\/wp-content\/uploads\/sites\/757\/2019\/06\/FLYER_Ehrhart_5944-6_D_E.pdf\" target=\"_blank\" rel=\"noopener noreferrer\">\u21d2<\/a><\/p>\n<p>Staack, Michael\/Nietz, Sonja (2019): Deutsche Westafrika-Politik \u2013 Friedensprozess in Mali. Zwei Studien\/ Politique ouest-africaine de l\u2019Allemagne &#8211; Le processus de paix au Mali. Deux \u00e9tudes, WIFIS aktuell, Opladen\/Berlin\/Toronto. <a href=\"https:\/\/www.hsu-hh.de\/staackib\/wp-content\/uploads\/sites\/757\/2019\/06\/Flyer-Staack_Nietz.pdf\" target=\"_blank\" rel=\"noopener noreferrer\">\u21d2<\/a><\/p>\n<p>Staack, Michael\/Demesmay, Claire (2019): Cap vers le Sud : La coop\u00e9ration franco-allemande en Afrique de l\u2019Ouest, Annuaire Fran\u00e7ais de Relations Internationales AFRI (Centre Thucydide, Universit\u00e9 Paris II Panth\u00e9on-Assas).<\/p>\n<p>Nietz, Sonja (2019): Traditional conflict resolution &#8211; a way out of the crisis? Insights on traditional institutions and the prospects for peace in Mali, RLS research paper on peace and conflict studies in West and Central Africa. <a href=\"https:\/\/www.hsu-hh.de\/staackib\/wp-content\/uploads\/sites\/757\/2019\/01\/RLS_Dakar_PC_01_2019-2.pdf\" target=\"_blank\" rel=\"noopener noreferrer\">\u21d2<\/a><\/p>\n<\/div>\n<\/div>\n<\/div>\n<\/div>\n<\/div>\n","protected":false},"excerpt":{"rendered":"<p>2021 Tesch-Ntad, Germaine (2021): Die deutsche Entwicklungspolitik in Westafrika: Empowerment von Frauen in Bildung und Arbeitsmarktintegration, WIFIS aktuell, Opladen\/Berlin\/Toronto. Dokumentation der Interviews \u21d2 2020 Nietz, Sonja (2020): Germany\u2019s West Africa [&hellip;]<\/p>\n","protected":false},"author":2512,"featured_media":0,"parent":0,"menu_order":0,"comment_status":"closed","ping_status":"closed","template":"","meta":{"footnotes":""},"categories":[4],"tags":[],"class_list":["post-613","page","type-page","status-publish","hentry","category-forschung"],"_links":{"self":[{"href":"https:\/\/www.hsu-hh.de\/staackib\/wp-json\/wp\/v2\/pages\/613","targetHints":{"allow":["GET"]}}],"collection":[{"href":"https:\/\/www.hsu-hh.de\/staackib\/wp-json\/wp\/v2\/pages"}],"about":[{"href":"https:\/\/www.hsu-hh.de\/staackib\/wp-json\/wp\/v2\/types\/page"}],"author":[{"embeddable":true,"href":"https:\/\/www.hsu-hh.de\/staackib\/wp-json\/wp\/v2\/users\/2512"}],"replies":[{"embeddable":true,"href":"https:\/\/www.hsu-hh.de\/staackib\/wp-json\/wp\/v2\/comments?post=613"}],"version-history":[{"count":29,"href":"https:\/\/www.hsu-hh.de\/staackib\/wp-json\/wp\/v2\/pages\/613\/revisions"}],"predecessor-version":[{"id":2422,"href":"https:\/\/www.hsu-hh.de\/staackib\/wp-json\/wp\/v2\/pages\/613\/revisions\/2422"}],"wp:attachment":[{"href":"https:\/\/www.hsu-hh.de\/staackib\/wp-json\/wp\/v2\/media?parent=613"}],"wp:term":[{"taxonomy":"category","embeddable":true,"href":"https:\/\/www.hsu-hh.de\/staackib\/wp-json\/wp\/v2\/categories?post=613"},{"taxonomy":"post_tag","embeddable":true,"href":"https:\/\/www.hsu-hh.de\/staackib\/wp-json\/wp\/v2\/tags?post=613"}],"curies":[{"name":"wp","href":"https:\/\/api.w.org\/{rel}","templated":true}]}}