{"id":582,"date":"2017-11-14T12:54:59","date_gmt":"2017-11-14T11:54:59","guid":{"rendered":"https:\/\/www.hsu-hh.de\/staackib\/?page_id=582"},"modified":"2019-06-24T11:25:17","modified_gmt":"2019-06-24T09:25:17","slug":"zusammenfassung-westafrika","status":"publish","type":"page","link":"https:\/\/www.hsu-hh.de\/staackib\/zusammenfassung-westafrika","title":{"rendered":"Zusammenfassung &#8211; Westafrika"},"content":{"rendered":"<p>&nbsp;<\/p>\n<p><strong><em>Regional Security Governance<\/em>\u00a0in Westafrika und der Beitrag deutscher Au\u00dfenpolitik<\/strong><\/p>\n<p>Westafrika hat in den vergangenen Jahren, obwohl keine direkte Nachbarregion, eine zunehmende Bedeutung f\u00fcr Europa gewonnen. Zu den Gr\u00fcnden f\u00fcr diese neue Aufmerksamkeit z\u00e4hlen: (1) die Destabilisierung von Staatlichkeit durch nicht-staatliche Gewaltakteure, vor allem als nicht-intendierte Folge der westlichen Milit\u00e4rintervention in Libyen 2011; (2) dabei insbesondere ein Erstarken des islamistischen Terrorismus; (3) die Ausbreitung von Netzwerken des Drogenhandels; (4) die fortschreitende Desertifikation der Sahel-Zone sowie, als Ergebnis der schlechten wirtschaftlichen Perspektiven, aber auch der anderen genannten Entwicklungen (5) ein Anstieg der Migration in Richtung Europa.<\/p>\n<p>In der Europ\u00e4ischen Union\u00a0<abbr title=\"beziehungsweise\">bzw.<\/abbr>\u00a0in Deutschland besteht zwar ein weitgehender, grunds\u00e4tzlicher Konsens dar\u00fcber, dass sich diese Herausforderungen nur mit einer koordinierten Antwort aus Entwicklungszusammenarbeit, wirtschaftlicher und sicherheitspolitischer Unterst\u00fctzung bearbeiten lassen (<abbr title=\"vergleiche\">vgl.<\/abbr>\u00a0exemplarisch das Afrika-Konzept der Bundesregierung 2014) \u2013 es fehlt aber an einer wirklich stimmigen Strategie und Praxis. Deutschland ist in Westafrika bilateral und im Rahmen der EU engagiert; seit 2013 leistet es zudem milit\u00e4rische Beitr\u00e4ge, vor allem in Mali, kurzzeitig auch in der Zentralafrikanischen Republik. Die St\u00e4rkung der Regionalorganisation\u00a0<em>Economic Community of West\u00a0African States<\/em>\u00a0(ECOWAS), insbesondere in Bezug auf ihre sicherheitspolitische Leistungsf\u00e4higkeit, stellt ein explizites Ziel deutscher Au\u00dfenpolitik dar.<\/p>\n<p>Professor Staack besch\u00e4ftigt sich seit langem mit\u00a0Regional Security Governance, insbesondere mit Prozessen regionaler Kooperation und Integration in Europa (<abbr title=\"zum Beispiel\">z.B.<\/abbr>\u00a0in OSZE, NATO und EU\/GSVP), seit \u00fcber einem Jahrzehnt auch in Bezug auf Ostasien. Darauf theoretisch-konzeptionell aufbauend, soll Westafrika als dritter regionaler Schwerpunkt in den Fokus genommen werden. Dabei stehen zwei Themenkomplexe im Vordergrund:<\/p>\n<ol>\n<li>Die Untersuchung der\u00a0<em>sicherheitspolitischen Zusammenarbeit\u00a0<\/em>und der\u00a0<em>Aussichten weiterer\u00a0Gemeinschaftsbildung<\/em>\u00a0innerhalb der ECOWAS unter besonderer Ber\u00fccksichtigung der Rolle externer Akteure sowie<\/li>\n<li>Die konzeptionelle Ausrichtung und praktische Umsetzung der\u00a0deutschen <em>Entwicklungs-,\u00a0Au\u00dfen- und Sicherheitspolitik<\/em>\u00a0in Westafrika unter Ber\u00fccksichtigung ihrer Einbindung in die EU sowie m\u00f6glicher Zielkonflikte im Rahmen der\u00a0<em>deutsch-franz\u00f6sischen Partnerschaft<\/em>.<\/li>\n<\/ol>\n","protected":false},"excerpt":{"rendered":"<p>&nbsp; Regional Security Governance\u00a0in Westafrika und der Beitrag deutscher Au\u00dfenpolitik Westafrika hat in den vergangenen Jahren, obwohl keine direkte Nachbarregion, eine zunehmende Bedeutung f\u00fcr Europa gewonnen. Zu den Gr\u00fcnden f\u00fcr [&hellip;]<\/p>\n","protected":false},"author":89,"featured_media":0,"parent":0,"menu_order":0,"comment_status":"closed","ping_status":"closed","template":"","meta":{"footnotes":""},"categories":[],"tags":[],"class_list":["post-582","page","type-page","status-publish","hentry"],"_links":{"self":[{"href":"https:\/\/www.hsu-hh.de\/staackib\/wp-json\/wp\/v2\/pages\/582","targetHints":{"allow":["GET"]}}],"collection":[{"href":"https:\/\/www.hsu-hh.de\/staackib\/wp-json\/wp\/v2\/pages"}],"about":[{"href":"https:\/\/www.hsu-hh.de\/staackib\/wp-json\/wp\/v2\/types\/page"}],"author":[{"embeddable":true,"href":"https:\/\/www.hsu-hh.de\/staackib\/wp-json\/wp\/v2\/users\/89"}],"replies":[{"embeddable":true,"href":"https:\/\/www.hsu-hh.de\/staackib\/wp-json\/wp\/v2\/comments?post=582"}],"version-history":[{"count":5,"href":"https:\/\/www.hsu-hh.de\/staackib\/wp-json\/wp\/v2\/pages\/582\/revisions"}],"predecessor-version":[{"id":1502,"href":"https:\/\/www.hsu-hh.de\/staackib\/wp-json\/wp\/v2\/pages\/582\/revisions\/1502"}],"wp:attachment":[{"href":"https:\/\/www.hsu-hh.de\/staackib\/wp-json\/wp\/v2\/media?parent=582"}],"wp:term":[{"taxonomy":"category","embeddable":true,"href":"https:\/\/www.hsu-hh.de\/staackib\/wp-json\/wp\/v2\/categories?post=582"},{"taxonomy":"post_tag","embeddable":true,"href":"https:\/\/www.hsu-hh.de\/staackib\/wp-json\/wp\/v2\/tags?post=582"}],"curies":[{"name":"wp","href":"https:\/\/api.w.org\/{rel}","templated":true}]}}