{"id":577,"date":"2017-11-14T12:49:34","date_gmt":"2017-11-14T11:49:34","guid":{"rendered":"https:\/\/www.hsu-hh.de\/staackib\/?page_id=577"},"modified":"2020-07-21T12:00:20","modified_gmt":"2020-07-21T10:00:20","slug":"publikationen-europaeische-sicherheitspolitik","status":"publish","type":"page","link":"https:\/\/www.hsu-hh.de\/staackib\/publikationen-europaeische-sicherheitspolitik","title":{"rendered":"Publikationen &#8211;  Europ\u00e4ische Sicherheit und R\u00fcstungskontrolle"},"content":{"rendered":"<p><strong>2020<\/strong><\/p>\n<p>Krause, Dan\/Staack, Michael (2020): Die Entwicklung der Sicherheits- und Verteidigungspolitik Deutschlands &#8211; Analyse im Spiegel der strategisch-konzeptionellen Grundlagendokumente 2014 bis 2018. In: Hauser, Gunther (<abbr title=\"Herausgeber\">Hrsg.<\/abbr>)<\/p>\n<p>Krause, Dan (2020): Die Handlungsf\u00e4higkeit der Europ\u00e4ischen Union in der Au\u00dfen- und Sicherheitspolitik. In: Krause, Dan (<abbr title=\"Herausgeber\">Hrsg.<\/abbr>): Europ\u00e4ische Sicherheit: Die EU auf dem Weg zu strategischer Autonomie und Europ\u00e4ischer Verteidigungsunion?, Budrich, S. 13-36.<\/p>\n<p>&nbsp;<\/p>\n<p><strong>2019<\/strong><\/p>\n<p>Staack, Michael (2019): Mythos V \u201eR\u00fcstungskontrolle ist nicht mehr zeitgem\u00e4\u00df\u201c, Debatte. In: Von Arnauld, Andreas\/Staack, Michael\/Tomuschat, Christian (<abbr title=\"Herausgeber\">Hrsg.<\/abbr>): Die Friedens-Warte, Journal of Peace and Organization, Band 92, Ausgabe 3-4, S. 167-172.<\/p>\n<p>Krause, Dan (2019): Mythos III \u201eRobuste Milit\u00e4rinterventionen k\u00f6nnen dabei helfen, Konflikte im Globalen S\u00fcden zu l\u00f6sen.\u201c, Kommentar. In:\u00a0 Von Arnauld, Andreas\/Staack, Michael\/Tomuschat, Christian (<abbr title=\"Herausgeber\">Hrsg.<\/abbr>): Die Friedens-Warte, Journal of Peace and Organization, Band 92, Ausgabe 3-4, S. 151-156.<\/p>\n<p>Krause, Dan (2019): Luft nach oben. Die Handlungsf\u00e4higkeit der EU in der Au\u00dfenpolitik und Deutschlands Rolle, In: if &#8211; Zeitschrift f\u00fcr Innere F\u00fchrung 1\/2019, S. 5-12. <a href=\"https:\/\/www.hsu-hh.de\/staackib\/wp-content\/uploads\/sites\/757\/2019\/05\/if-1-2019_Handlungsf\u00e4higkeit-EU-SiPol.pdf\" target=\"_blank\" rel=\"noopener noreferrer\">\u21d2<\/a><\/p>\n<p>&nbsp;<\/p>\n<p><strong>2017<\/strong><\/p>\n<p>Staack, Michael (<abbr title=\"Herausgeber\">Hrsg.<\/abbr>) (2017): Der Ukraine-Konflikt. Russland und die europ\u00e4ische Sicherheitsordnung, Opladen\/Berlin\/Toronto. <a href=\"https:\/\/shop.budrich-academic.de\/wp-content\/uploads\/2017\/05\/2089-staack_bd.33.pdf?v=3a52f3c22ed6\" target=\"_blank\" rel=\"noopener noreferrer\">\u21d2<\/a><\/p>\n<p>Staack, Michael (2017): Russland, die Europ\u00e4ische Union und die NATO. Ist eine &#8222;neue Normalit\u00e4t&#8220; m\u00f6glich? In: ders. (<abbr title=\"Herausgeber\">Hrsg.<\/abbr>):\u00a0Der Ukraine-Konflikt, Russland und die europ\u00e4ische Sicherheitsordnung,\u00a0Opladen\/Berlin\/Toronto, S. 157-187. <a href=\"https:\/\/shop.budrich-academic.de\/wp-content\/uploads\/2017\/05\/2089-staack_bd.33.pdf?v=3a52f3c22ed6\" target=\"_blank\" rel=\"noopener noreferrer\">\u21d2<\/a><\/p>\n<p>&nbsp;<\/p>\n<p><strong>2016<\/strong><\/p>\n<p>Staack, Michael (2016): Helmut Schmidt &#8211; Staatsmann, Stratege, Reformer der Bundeswehr (Helmut Schmidt &#8211; Statesman, Strategist, Bundeswehr Reformer), Opladen\/Berlin\/Toronto. <a href=\"https:\/\/shop.budrich-academic.de\/wp-content\/uploads\/2016\/09\/2034-staack_flip-over.pdf?v=3a52f3c22ed6\" target=\"_blank\" rel=\"noopener noreferrer\">\u21d2<\/a><\/p>\n<p>&nbsp;<\/p>\n<p><strong>2015<\/strong><\/p>\n<p>Staack, Michael (2015): Der Ukraine-Konflikt und die gesamteurop\u00e4ische Sicherheit, Opladen\/Berlin\/Toronto. <a href=\"https:\/\/shop.budrich-academic.de\/wp-content\/uploads\/2015\/10\/0742-staack_ukraine.pdf?v=3a52f3c22ed6\" target=\"_blank\" rel=\"noopener noreferrer\">\u21d2<\/a><\/p>\n<p>&nbsp;<\/p>\n<p><strong>2014<\/strong><\/p>\n<p>Staack, Michael (2014): The Ukraine Crisis. A New Division of Europe? In: China International Strategy Review 2014, Beijing, S. 286-300.<\/p>\n<p>Staack, Michael (2014):\u00a0Die Ukraine-Krise und die gesamteurop\u00e4ische Sicherheit. In: Information und Forschung \u00fcber deutschsprachige L\u00e4nder (Beijing), Heft 3\/2014, S. 91-101.<\/p>\n<p>Staack, Michael (2014): Die Ukraine-Krise und die gesamteurop\u00e4ische Sicherheit. In: Chinesische Halbjahreszeitschrift zur Forschung \u00fcber die deutschsprachigen L\u00e4nder (i.E.). <a href=\"https:\/\/www.hsu-hh.de\/staackib\/wp-content\/uploads\/sites\/757\/2017\/11\/Michael-Staack-Die-Ukraine-Krise-und-die-gesamteurop\u00e4ische-Sicherheit-4.pdf\" target=\"_blank\" rel=\"noopener noreferrer\">\u21d2<\/a><\/p>\n<p>Krause, Dan (2014): Die Europ\u00e4ische Union und der (Wieder-)Aufstieg Asiens \u2013 Herausforderungen und Chancen im Indopazifischen Raum. In: Michael Staack\/Dan Krause (<abbr title=\"Herausgeber\">Hrsg.<\/abbr>): Europa als sicherheitspolitischer Akteur, Opladen, S. 73-102. <a href=\"https:\/\/shop.budrich-academic.de\/wp-content\/uploads\/2015\/10\/0052-staack_europa.pdf?v=3a52f3c22ed6\" target=\"_blank\" rel=\"noopener noreferrer\">\u21d2<\/a><\/p>\n<p>Staack, Michael (2014): Ohne Ziel und ohne Kompass? Anmerkungen zur neuen deutschen Au\u00dfenpolitik. In: Michael Staack\/ Dan Krause (<abbr title=\"Herausgeber\">Hrsg.<\/abbr>), Europa als sicherheitspolitischer Akteur, Opladen, S. 173-200. <a href=\"https:\/\/shop.budrich-academic.de\/wp-content\/uploads\/2015\/10\/0052-staack_europa.pdf?v=3a52f3c22ed6\" target=\"_blank\" rel=\"noopener noreferrer\">\u21d2<\/a><\/p>\n<p>Staack, Michael\/Krause, Dan (<abbr title=\"Herausgeber\">Hrsg.<\/abbr>) (2014): Europa als sicherheitspolitischer Akteur, Opladen. <a href=\"https:\/\/shop.budrich-academic.de\/wp-content\/uploads\/2015\/10\/0052-staack_europa.pdf?v=3a52f3c22ed6\" target=\"_blank\" rel=\"noopener noreferrer\">\u21d2<\/a><\/p>\n<p>Staack, Michael\/Krause, Dan (2014): Vorwort. In: Michael Staack\/Dan Krause (<abbr title=\"Herausgeber\">Hrsg.<\/abbr>), Europa als sicherheitspolitischer Akteur, Opladen, S. 7-14. <a href=\"https:\/\/shop.budrich-academic.de\/wp-content\/uploads\/2015\/10\/0052-staack_europa.pdf?v=3a52f3c22ed6\" target=\"_blank\" rel=\"noopener noreferrer\">\u21d2<\/a><\/p>\n<p>&nbsp;<\/p>\n<p><strong>2012<\/strong><\/p>\n<p>Krause, Dan (2012): Reforming the Reform? The Growing Criticism of the Bundeswehr Realignment. In: Newsbrief, Royal United Services Institute (RUSI), 32\u00a0<abbr title=\"Jahrgang\">Jg.<\/abbr>, Heft Nr. 6, London, November 2012, S. 9-11.<\/p>\n<p>Krause, Dan (2012): Deutschlands neue Rolle. In: Y- Das Magazin der Bundeswehr, Heft 5\/2012, S. 10-14.<\/p>\n<p>Krause, Dan (2012): Der Aufstieg Asiens und die Europ\u00e4ische Union. Herausforderungen und Chancen im \u201easiatisch-pazifischen Jahrhundert\u201c. In: if &#8211; Zeitschrift f\u00fcr Innere F\u00fchrung, 3\/2012, S. 27-34.<\/p>\n<p>&nbsp;<\/p>\n<p><strong>2011<\/strong><\/p>\n<p>Krause, Dan (2011): Europas Verteidigungspolitik am Scheideweg? Die Gemeinsame Sicherheits- und Verteidigungspolitik vor dem Hintergrund der neuen britisch-franz\u00f6sischen Zusammenarbeit. In: if \u2013 Zeitschrift f\u00fcr Innere F\u00fchrung, 3\/2011.<\/p>\n<p>Krause, Dan (2011): Die Fortentwicklung der europ\u00e4ischen Au\u00dfen-, Sicherheits- und Verteidigungspolitik nach Lissabon. In: Zeitschrift f\u00fcr Gesellschaft-Wirtschaft-Politik, GWP 2\/2011, S. 155-163.<\/p>\n<p>&nbsp;<\/p>\n<p><strong>2010<\/strong><\/p>\n<p>Staack, Michael (<abbr title=\"Herausgeber\">Hrsg.<\/abbr>) (2010): Gesamteurop\u00e4ische Friedensordnung 1989-2009, Bremen.<\/p>\n<p>Staack, Michael (2010): Gesamteurop\u00e4ische Friedensordnung und deutsche Einheit. In: Michael Staack (<abbr title=\"Herausgeber\">Hrsg.<\/abbr>), Gesamteurop\u00e4ische Friedensordnung 1989-2009, Bremen, S. 8-29.<\/p>\n","protected":false},"excerpt":{"rendered":"<p>2020 Krause, Dan\/Staack, Michael (2020): Die Entwicklung der Sicherheits- und Verteidigungspolitik Deutschlands &#8211; Analyse im Spiegel der strategisch-konzeptionellen Grundlagendokumente 2014 bis 2018. In: Hauser, Gunther (Hrsg.) Krause, Dan (2020): Die [&hellip;]<\/p>\n","protected":false},"author":89,"featured_media":795,"parent":0,"menu_order":0,"comment_status":"closed","ping_status":"closed","template":"","meta":{"footnotes":""},"categories":[4],"tags":[],"class_list":["post-577","page","type-page","status-publish","has-post-thumbnail","hentry","category-forschung"],"_links":{"self":[{"href":"https:\/\/www.hsu-hh.de\/staackib\/wp-json\/wp\/v2\/pages\/577","targetHints":{"allow":["GET"]}}],"collection":[{"href":"https:\/\/www.hsu-hh.de\/staackib\/wp-json\/wp\/v2\/pages"}],"about":[{"href":"https:\/\/www.hsu-hh.de\/staackib\/wp-json\/wp\/v2\/types\/page"}],"author":[{"embeddable":true,"href":"https:\/\/www.hsu-hh.de\/staackib\/wp-json\/wp\/v2\/users\/89"}],"replies":[{"embeddable":true,"href":"https:\/\/www.hsu-hh.de\/staackib\/wp-json\/wp\/v2\/comments?post=577"}],"version-history":[{"count":18,"href":"https:\/\/www.hsu-hh.de\/staackib\/wp-json\/wp\/v2\/pages\/577\/revisions"}],"predecessor-version":[{"id":1869,"href":"https:\/\/www.hsu-hh.de\/staackib\/wp-json\/wp\/v2\/pages\/577\/revisions\/1869"}],"wp:featuredmedia":[{"embeddable":true,"href":"https:\/\/www.hsu-hh.de\/staackib\/wp-json\/wp\/v2\/media\/795"}],"wp:attachment":[{"href":"https:\/\/www.hsu-hh.de\/staackib\/wp-json\/wp\/v2\/media?parent=577"}],"wp:term":[{"taxonomy":"category","embeddable":true,"href":"https:\/\/www.hsu-hh.de\/staackib\/wp-json\/wp\/v2\/categories?post=577"},{"taxonomy":"post_tag","embeddable":true,"href":"https:\/\/www.hsu-hh.de\/staackib\/wp-json\/wp\/v2\/tags?post=577"}],"curies":[{"name":"wp","href":"https:\/\/api.w.org\/{rel}","templated":true}]}}