{"id":560,"date":"2017-11-14T12:47:59","date_gmt":"2017-11-14T11:47:59","guid":{"rendered":"https:\/\/www.hsu-hh.de\/staackib\/?page_id=560"},"modified":"2020-07-21T12:02:53","modified_gmt":"2020-07-21T10:02:53","slug":"560-2","status":"publish","type":"page","link":"https:\/\/www.hsu-hh.de\/staackib\/560-2","title":{"rendered":"Konferenzen und Medienbeitr\u00e4ge &#8211; Europ\u00e4ische Sicherheit und R\u00fcstungskontrolle"},"content":{"rendered":"<p>&nbsp;<\/p>\n<p><strong>KONFERENZEN<\/strong><\/p>\n<p>Jahrestagung des Wissenschaftlichen Forums Internationale Sicherheit \u2013 WIFIS e.V. zu \u201eEurop\u00e4ische Sicherheit \u2013 Auf dem Weg zu Strategischer Autonomie und Europ\u00e4ischer Verteidigungsunion?\u201c, 19. \u2013 20. September 2019, Landesverteidigungsakademie Wien. \u2026 Zum Programm \u2026 <a href=\"https:\/\/www.hsu-hh.de\/staackib\/wp-content\/uploads\/sites\/757\/2020\/07\/Programm-WIFIS-Tagung-2019.pdf\">\u21d2<\/a><\/p>\n<p>Jahrestagung des Wissenschaftlichen Forums Internationale Sicherheit \u2013 WIFIS e.V. zu \u201eDer Ukraine-Konflikt, Russland und die europ\u00e4ische Sicherheitsordnung\u201c, 29. &#8211; 31. Oktober 2015, Landesverteidigungsakademie Wien. &#8230; Zum Programm &#8230; <a href=\"https:\/\/www.hsu-hh.de\/staackib\/wp-content\/uploads\/sites\/757\/2017\/11\/Programm-WIFIS-Jahreskonferenz-2015-2.pdf\" target=\"_blank\" rel=\"noopener noreferrer\">\u21d2<\/a><\/p>\n<p>Jahrestagung des Wissenschaftlichen Forums Internationale Sicherheit \u2013 WIFIS e.V. zu \u201eEin zivil-milit\u00e4risches Wei\u00dfbuch f\u00fcr die EU &#8211; Impuls f\u00fcr die GSVP und ein handlungsf\u00e4higes Europa\u201c,\u00a06. &#8211; 9. September 2012, Landesverteidigungsakademie Wien<\/p>\n<p>Ein gutes Jahrzehnt nach der Einigung auf die erste \u201eEurop\u00e4ische Sicherheitsstrategie\u201c von 2003 befand sich die EU nicht nur wirtschafts- und finanzpolitisch, sondern auch au\u00dfen- und sicherheitspolitisch in der Krise. Diese Konferenz zog eine Zwischenbilanz der EU in ihrer Rolle als weltpolitischer Akteur und diskutierte die konzeptionellen Notwendigkeiten einer k\u00fcnftigen europ\u00e4ischen Sicherheitspolitik. &#8230; Zum Programm &#8230; <a href=\"https:\/\/www.hsu-hh.de\/staackib\/wp-content\/uploads\/sites\/757\/2017\/11\/Programm-WIFIS-Jahreskonferenz-2012-GSVP-3.pdf\" target=\"_blank\" rel=\"noopener noreferrer\">\u21d2<\/a><\/p>\n<div class=\"alignright\" style=\"padding-left: 30px\"><\/div>\n<p>&nbsp;<\/p>\n<hr \/>\n<p>&nbsp;<\/p>\n<p><strong>MEDIENBEITR\u00c4GE<\/strong><\/p>\n<p>Krause, Dan (2017): \u201eDas Schicksalsjahr der EU\u00a0 &#8220; Interview in der Landeszeitung f\u00fcr die L\u00fcneburger Heide am 13.01.2017. <a href=\"https:\/\/www.presseportal.de\/pm\/65442\/3533720\" target=\"_blank\" rel=\"noopener noreferrer\">\u21d2<\/a><\/p>\n<p>Krause, Dan (2015): \u201eEuropa-Armee &#8211; Wohin mit der NATO?\u201c Interview zur\u00a0Europa-Armee mit Sputnik Deutschland vom 13.03.2015. <a href=\"https:\/\/de.sputniknews.com\/meinungen\/20150313301482071\/\" target=\"_blank\" rel=\"noopener noreferrer\">\u21d2<\/a><\/p>\n<p>Krause, Dan (2015): \u201eBrauchen wir eine EU-Armee?\u201c Experten-Kommentar bei Gro\u00dfe Themen, keine Meinung mit Katja Weber und Jenni Zylka, Radio Eins am 13.03.2015.<\/p>\n<p>Krause, Dan (2015): &#8222;Europa muss erwachsen werden&#8220; Interview zur Europa-Armee in der Landeszeitung f\u00fcr die L\u00fcneburger Heide am 20.03.2015. <a href=\"https:\/\/www.hsu-hh.de\/staackib\/wp-content\/uploads\/sites\/757\/2017\/11\/LZ-Europa-muss-erwachsen-werden-200315.pdf\" target=\"_blank\" rel=\"noopener noreferrer\">\u21d2<\/a><\/p>\n<p>Krause, Dan (2015): Radiointerview\u00a0zur augenblicklichen Situation zwischen der T\u00fcrkei, dem IS, den Kurden und der NATO, Radio Eins am 28.07.2015.<\/p>\n<p>Krause, Dan (2014): &#8222;Herausforderungen und Chancen im Indopazifischen Raum&#8220;, Blog offiziere.ch am 01.10.2014. <a href=\"http:\/\/www.offiziere.ch\/?p=18108\" target=\"_blank\" rel=\"noopener noreferrer\">\u21d2<\/a><\/p>\n","protected":false},"excerpt":{"rendered":"<p>&nbsp; KONFERENZEN Jahrestagung des Wissenschaftlichen Forums Internationale Sicherheit \u2013 WIFIS e.V. zu \u201eEurop\u00e4ische Sicherheit \u2013 Auf dem Weg zu Strategischer Autonomie und Europ\u00e4ischer Verteidigungsunion?\u201c, 19. \u2013 20. September 2019, Landesverteidigungsakademie [&hellip;]<\/p>\n","protected":false},"author":89,"featured_media":810,"parent":0,"menu_order":0,"comment_status":"closed","ping_status":"closed","template":"","meta":{"footnotes":""},"categories":[4],"tags":[],"class_list":["post-560","page","type-page","status-publish","has-post-thumbnail","hentry","category-forschung"],"_links":{"self":[{"href":"https:\/\/www.hsu-hh.de\/staackib\/wp-json\/wp\/v2\/pages\/560","targetHints":{"allow":["GET"]}}],"collection":[{"href":"https:\/\/www.hsu-hh.de\/staackib\/wp-json\/wp\/v2\/pages"}],"about":[{"href":"https:\/\/www.hsu-hh.de\/staackib\/wp-json\/wp\/v2\/types\/page"}],"author":[{"embeddable":true,"href":"https:\/\/www.hsu-hh.de\/staackib\/wp-json\/wp\/v2\/users\/89"}],"replies":[{"embeddable":true,"href":"https:\/\/www.hsu-hh.de\/staackib\/wp-json\/wp\/v2\/comments?post=560"}],"version-history":[{"count":28,"href":"https:\/\/www.hsu-hh.de\/staackib\/wp-json\/wp\/v2\/pages\/560\/revisions"}],"predecessor-version":[{"id":1873,"href":"https:\/\/www.hsu-hh.de\/staackib\/wp-json\/wp\/v2\/pages\/560\/revisions\/1873"}],"wp:featuredmedia":[{"embeddable":true,"href":"https:\/\/www.hsu-hh.de\/staackib\/wp-json\/wp\/v2\/media\/810"}],"wp:attachment":[{"href":"https:\/\/www.hsu-hh.de\/staackib\/wp-json\/wp\/v2\/media?parent=560"}],"wp:term":[{"taxonomy":"category","embeddable":true,"href":"https:\/\/www.hsu-hh.de\/staackib\/wp-json\/wp\/v2\/categories?post=560"},{"taxonomy":"post_tag","embeddable":true,"href":"https:\/\/www.hsu-hh.de\/staackib\/wp-json\/wp\/v2\/tags?post=560"}],"curies":[{"name":"wp","href":"https:\/\/api.w.org\/{rel}","templated":true}]}}