{"id":521,"date":"2017-11-14T12:13:01","date_gmt":"2017-11-14T11:13:01","guid":{"rendered":"https:\/\/www.hsu-hh.de\/staackib\/?page_id=521"},"modified":"2017-11-14T18:13:57","modified_gmt":"2017-11-14T17:13:57","slug":"521-2","status":"publish","type":"page","link":"https:\/\/www.hsu-hh.de\/staackib\/521-2","title":{"rendered":"Konferenzen und Medienbeitr\u00e4ge &#8211; Kooperative Sicherheit in Ostasien"},"content":{"rendered":"<p>&nbsp;<\/p>\n<p><strong>KONFERENZEN<\/strong><\/p>\n<p>&nbsp;<\/p>\n<p><strong>Konferenz: Strukturen kooperativer und gemeinsamer Sicherheit &#8211; eine Entwicklungsperspektive f\u00fcr Ostasien?<\/strong>,\u00a0Oktober\/November 2016<\/p>\n<p>Die Deutsche Stiftung Friedensforschung f\u00f6rdert ein von Professor Staack beantragtes Tagungsprojekt zum Thema &#8222;Strukturen kooperativer und gemeinsamer Sicherheit &#8211; eine Entwicklungsperspektive f\u00fcr Ostasien?&#8220; (&#8222;Structures of cooperative and common security: A prospect for development of East Asia?&#8220;). Im Rahmen der vom 30. Oktober bis 1. November 2016 in Hamburg stattfindenden Konferenz soll die regionale Sicherheitskonstellation in Ostasien analysiert, unterschiedliche Sicherheitsperzeptionen diskutiert und, darauf aufbauend, er\u00f6rtert werden, inwiefern europ\u00e4ische Erfahrungen mit kooperativer Sicherheit (z.B.Vertrauens- und sicherheitsbildende Ma\u00dfnahmen, politische Vertrauensbildung, R\u00fcstungskontrolle, Institutionenbildung) f\u00fcr die Bearbeitung des Sicherheitsdilemmas in der Region (<abbr title=\"zum Beispiel\">z.B.<\/abbr>\u00a0Territorialkonflikte im S\u00fcdchinesischen Meer, R\u00fcstungswettl\u00e4ufe) friedenspolitisch frucht- und nutzbar gemacht werden k\u00f6nnen.<\/p>\n<p>Die Internationale Tagung ist interdisziplin\u00e4r angelegt (Internationale Beziehungen, V\u00f6lkerrecht, Friedens- und Konfliktforschung), wird vom Ausw\u00e4rtigen Amt unterst\u00fctzt und dient auch der wissenschaftlichen Politikberatung. Die Durchf\u00fchrung der Konferenz erfolgt in Zusammenarbeit mit drei renommierten Institutionen: der China Foreign Affairs University, die dem chinesischen Au\u00dfenministerium zugeordnet ist, dem Institut f\u00fcr Friedensforschung und Sicherheitspolitik an der Universit\u00e4t Hamburg und dem Walther-Sch\u00fccking-Institut f\u00fcr V\u00f6lkerrecht an der Christian-Albrechts-Universit\u00e4t Kiel. Mit der Hamburger Tagung erfolgt der Auftakt zu einem Projekt, das zwei weitere Konferenzen (2017 in Peking und 2018 in den USA) zu Fragen der regionalen Sicherheit in Ostasien umfassen soll.\u00a0Link (English)<\/p>\n<p>PROGRAM International academic conference &#8222;Structures of cooperative and common security: A prospect for development of East Asia?&#8220;<\/p>\n<p>&nbsp;<\/p>\n<p><strong>Jahrestagung des Wissenschaftlichen Forums Internationale Sicherheit \u2013 WIFIS e.V. zu \u201eChina, Indien und die koreanische Halbinsel \u2013 Kooperation und Konflikt\u201c<\/strong>,\u00a0Oktober 2016, F\u00fchrungsakademie der Bundeswehr in Hamburg<\/p>\n<p>Der wirtschaftliche und politische Aufstieg Asiens \u2013 und darin insbesondere Chinas, aber auch Indiens \u2013 geh\u00f6rt zu den wichtigsten internationalen Entwicklungen zu Beginn des 21. Jahrhunderts. Da es um Macht- und Einflussverschiebungen von erheblicher Bedeutung geht, wird dieser Prozess auch durch Konflikte gepr\u00e4gt. Eine deutlich kooperative Gestaltung dieser Prozesse und eine verst\u00e4rkte Integration Chinas und Indiens in eine reformierte internationale Ordnung sind aber durchaus m\u00f6glich.<\/p>\n<p>Weitaus weniger g\u00fcnstig stellen sich die Rahmenbedingungen der asiatischen Sicherheit insgesamt und in ihren Subregionen dar. Die Region befindet sich in einem Zustand des nicht oder nur ungen\u00fcgend eingehegten Sicherheitsdilemmas, das durch den zunehmenden Grad \u00f6konomischer Interdependenz offenkundig nicht wirksam reduziert werden kann (Asian Paradox). Deshalb erscheint es sinnvoll und notwendig, sich eingehender mit zentralen Aspekten und Akteuren dieser Region und ihren wirtschafts-, au\u00dfen- und sicherheitspolitischen Vorstellungen und Entwicklungen zu befassen sowie kooperative L\u00f6sungsans\u00e4tze auszuloten.<\/p>\n<p>PROGRAMM WIFIS-Jahreskonferenz\u00a02016 &#8222;\u201eChina, Indien und die koreanische Halbinsel \u2013 Kooperation und Konflikt\u201c<\/p>\n<p>KONFERENZBERICHT WIFIS-Jahreskonferenz 2016\u00a0\u201eChina, Indien und die koreanische Halbinsel \u2013 Kooperation und Konflikt\u201c<\/p>\n<p>&nbsp;<\/p>\n<p><strong>Workshop \u201eSicherheit in Ostasien\u201c<\/strong>,\u00a019. November 2014, Helmut-Schmidt-Universit\u00e4t\/Universit\u00e4t der Bundeswehr<\/p>\n<p>Am 19.11.2014 fand an der Helmut-Schmidt-Universit\u00e4t in Hamburg (HSU) ein Workshop zum Thema \u201eSicherheit in Ostasien\u201c statt, an dem ausgewiesene Experten aus Politik, Wissenschaft sowie Nachwuchswissenschaftler der\u00a0HSU\u00a0teilnahmen. Im Mittelpunkt der Veranstaltung stand die Analyse diverser Regionalkonflikte und die Diskussion der Chancen und Grenzen derzeitiger und zuk\u00fcnftiger deutscher beziehungsweise europ\u00e4ischer Ostasienpolitik in Ostasien. Im Anschluss hielt der Referats-Leiter f\u00fcr Ostasien im Ausw\u00e4rtigen Amt einen Vortrag vor Studierenden der Universit\u00e4t.<\/p>\n<p>BERICHT Workshop &#8222;Sicherheit in Ostasien&#8220;<\/p>\n<p>&nbsp;<\/p>\n<p><strong>Jahrestagung des Wissenschaftlichen Forums Internationale Sicherheit \u2013 WIFIS e.V. zu \u201eAsiens Aufstieg in der Weltpolitik\u201c<\/strong>,\u00a0Oktober 2010, Landesverteidigungsakademie in Wien<\/p>\n<p>Der wirtschaftliche und politische Aufstieg Asiens, besonders seiner wichtigsten M\u00e4chte China und Indien, ver\u00e4ndert die Welt. Geht durch diese Entwicklung die 500j\u00e4hrige Vorherrschaft des Westens in der internationalen Politik zu Ende?\u00a0Nach aktuellen Prognosen k\u00f6nnte China die US-amerikanische Volkswirtschaft um das Jahr 2030 \u00fcberholen, Indien in der Mitte des 21. Jahrhunderts. Die erfolgreichen Staaten in Asien haben auch die Weltfinanzkrise besser \u00fcberstanden als die meisten westlichen M\u00e4chte und dadurch an Attraktivit\u00e4t gewonnen. Mit dem \u00f6konomischen Erfolg sind gerade China und Indien zus\u00e4tzliche Ressourcen zugewachsen, die eine verst\u00e4rkte politische Einflussnahme erm\u00f6glichen. Beide M\u00e4chte wollen die internationale Ordnung aktiv mitgestalten, beide beanspruchen eine f\u00fchrende Rolle in der entstehenden multipolaren Welt. Zwanzig Jahre nach dem Ende des Ost-West-Konflikts befindet sich die Welt erneut in einem fundamentalen Umbruch, der sich zudem mit gro\u00dfer Geschwindigkeit vollzieht und sicherheitspolitische Risiken beinhaltet. Im Rahmen dieser Konferenz sollten diese dynamischen Ver\u00e4nderungsprozesse aufgegriffen und analytisch eingeordnet werden.<\/p>\n<p>PROGRAMM WIFIS-Jahreskonferenz 2010 &#8222;Asiens Aufstieg in der Welpolitik&#8220;<\/p>\n<p>KONFERENZBERICHT WIFIS-Jahreskonferenz 2010 &#8222;Asiens Aufstieg in der Weltpolitik.&#8220; von Brettner-Messler, Gerald In: Der Soldat, Ausgabe Nr. 19\/2010 vom 6. Oktober 2010.<\/p>\n<p>&nbsp;<\/p>\n<hr \/>\n<p>&nbsp;<\/p>\n<p><strong>GASTVORTR\u00c4GE<\/strong><\/p>\n<p>Gastvortrag &#8222;Sicherheit in Ostasien&#8220;,\u00a019. November 2014, VLR II Frank Hartmann, Leiter Ostasien-Referat im Ausw\u00e4rtigen Amt.\u00a0(FOTOS)<\/p>\n<p>Gastvortrag \u201eChina und die Zukunft der internationalen Ordnung\u201c,\u00a019. Juni 2013, Prof.\u00a0<abbr title=\"Doktor\">Dr.<\/abbr>\u00a0Hanns W. Maull, Senior Distinguished Fellow bei der SWP Berlin.<\/p>\n<p>Gastvortrag \u201eF\u00fchrungswechsel in China\u00a0&#8211;\u00a0Wandel der staatlich-zivilen Interaktionsmuster im Mikroblog-Zeitalter\u201c,\u00a019. Februar 2013,\u00a0Dr.<abbr title=\"Doktor\">Dr.<\/abbr>\u00a0Nele Noesselt, Research Fellow am GIGA Institut f\u00fcr Asien-Studien.<\/p>\n<p>Gastvortrag \u201eKultur, Identit\u00e4t und Interessen: die Au\u00dfenpolitik der Volksrepublik China\u201c,\u00a019. Dezember 2012, Prof.\u00a0<abbr title=\"Doktor\">Dr.<\/abbr>\u00a0Sven Bernhard Gareis, German Deputy Dean, George C. Marshall European Center for Security Studies in Garmisch-Partenkirchen.<\/p>\n<p>Gastvortrag \u201eJapans Au\u00dfenpolitik in einer multipolaren Welt\u201c,\u00a017. Februar 2010,\u00a0<abbr title=\"Doktor\">Dr.<\/abbr>\u00a0Takahiro Shinyo, bis 2011 Botschafter von Japan in der Bundesrepublik Deutschland.<\/p>\n<p>&nbsp;<\/p>\n<hr \/>\n<p>&nbsp;<\/p>\n<p><strong>EXKURSIONEN<\/strong><\/p>\n<p>Studienreise nach Peking zum Leitthema \u201eChina, Deutschland und die Europ\u00e4ische Union in der multipolaren Welt\u201c,\u00a013. &#8211; 27. September 2012, Peking<\/p>\n<p>Chinas Aufstieg ver\u00e4ndert die Welt, und die wachsenden Handlungszusammenh\u00e4nge der Welt mit diesem Land ver\u00e4ndern wiederum China. In einem \u201ehistorisch pr\u00e4zedenzlosen Prozess\u201c ist die Volksrepublik innerhalb von drei\u00dfig Jahren von einem innerlich zerrissenen Entwicklungsland zu einer potentiellen Weltmacht geworden. Der anhaltende Modernisierungs- und Transformationsprozess zieht vielf\u00e4ltige globale und regionale Folgen nach sich und beeinflusst in unterschiedlicher Weise alle Bereiche der internationalen Politik. Vor diesem Hintergrund geh\u00f6rt die Besch\u00e4ftigung mit der Politik Chinas und, dar\u00fcber hinaus, mit den Prozessen von Kooperation und Konflikt in der Gro\u00dfregion Ostasien in den vergangenen Jahren zum festen Bestandteil des Studiums der Internationalen Beziehungen.\u00a0Nach der positiven Erfahrung mit einer ersten, \u00e4u\u00dferst spannenden und inhaltlich ertragreichen Exkursion nach Peking im Sommer 2008, wurde eine zweite Exkursion mit besonders engagierten und qualifizierten Studierenden f\u00fcr September 2012 veranschlagt.\u00a0Zu den\u00a0Stationen auf dem Weg nach Peking\u00a0geh\u00f6rten ein interkulturelles Training und ein inhaltlicher Vorbereitungstag ebenso wie ein umfangreiches Lekt\u00fcrepaket.\u00a0Unter der gro\u00dfen \u00dcberschrift\u00a0China, Deutschland und die Europ\u00e4ische Union in der multipolaren Welt\u00a0verbrachten wir zwei sehr spannende Wochen in dem Zeitraum vom 13. bis 27. September 2012 in Peking, in denen wir Gelegenheit hatten, uns mit der ganzen Bandbreite dieses Thema auseinanderzusetzen.<\/p>\n","protected":false},"excerpt":{"rendered":"<p>&nbsp; KONFERENZEN &nbsp; Konferenz: Strukturen kooperativer und gemeinsamer Sicherheit &#8211; eine Entwicklungsperspektive f\u00fcr Ostasien?,\u00a0Oktober\/November 2016 Die Deutsche Stiftung Friedensforschung f\u00f6rdert ein von Professor Staack beantragtes Tagungsprojekt zum Thema &#8222;Strukturen kooperativer [&hellip;]<\/p>\n","protected":false},"author":89,"featured_media":0,"parent":0,"menu_order":0,"comment_status":"closed","ping_status":"closed","template":"","meta":{"footnotes":""},"categories":[],"tags":[],"class_list":["post-521","page","type-page","status-publish","hentry"],"_links":{"self":[{"href":"https:\/\/www.hsu-hh.de\/staackib\/wp-json\/wp\/v2\/pages\/521","targetHints":{"allow":["GET"]}}],"collection":[{"href":"https:\/\/www.hsu-hh.de\/staackib\/wp-json\/wp\/v2\/pages"}],"about":[{"href":"https:\/\/www.hsu-hh.de\/staackib\/wp-json\/wp\/v2\/types\/page"}],"author":[{"embeddable":true,"href":"https:\/\/www.hsu-hh.de\/staackib\/wp-json\/wp\/v2\/users\/89"}],"replies":[{"embeddable":true,"href":"https:\/\/www.hsu-hh.de\/staackib\/wp-json\/wp\/v2\/comments?post=521"}],"version-history":[{"count":5,"href":"https:\/\/www.hsu-hh.de\/staackib\/wp-json\/wp\/v2\/pages\/521\/revisions"}],"predecessor-version":[{"id":766,"href":"https:\/\/www.hsu-hh.de\/staackib\/wp-json\/wp\/v2\/pages\/521\/revisions\/766"}],"wp:attachment":[{"href":"https:\/\/www.hsu-hh.de\/staackib\/wp-json\/wp\/v2\/media?parent=521"}],"wp:term":[{"taxonomy":"category","embeddable":true,"href":"https:\/\/www.hsu-hh.de\/staackib\/wp-json\/wp\/v2\/categories?post=521"},{"taxonomy":"post_tag","embeddable":true,"href":"https:\/\/www.hsu-hh.de\/staackib\/wp-json\/wp\/v2\/tags?post=521"}],"curies":[{"name":"wp","href":"https:\/\/api.w.org\/{rel}","templated":true}]}}