{"id":471,"date":"2017-11-13T17:11:43","date_gmt":"2017-11-13T16:11:43","guid":{"rendered":"https:\/\/www.hsu-hh.de\/staackib\/?page_id=471"},"modified":"2020-07-21T11:22:52","modified_gmt":"2020-07-21T09:22:52","slug":"r2p-publikationen","status":"publish","type":"page","link":"https:\/\/www.hsu-hh.de\/staackib\/r2p-publikationen","title":{"rendered":"Publikationen &#8211; Schutzverantwortung (R2P)"},"content":{"rendered":"<p><strong>2020<\/strong><\/p>\n<p>Krause, Dan (2020): Noch an Bord? S\u00fcdafrika und die Schutzverantwortung. In: Hansel, Mischa und Reichwein, Alexander (<abbr title=\"Herausgeber\">Hrsg.<\/abbr>): Die Internationale Schutzverantwortung: Etabliert. Herausgefordert. Gescheitert? LIT-Verlag, S. 153-184.<\/p>\n<p>&nbsp;<\/p>\n<p><strong>2019<\/strong><\/p>\n<p>Krause, Dan\/Staack, Michael (2019): Frieden und Schutzverantwortung. In: Gie\u00dfmann, Hans J. und Rinke, Bernhard (<abbr title=\"Herausgeber\">Hrsg.<\/abbr>): Handbuch Frieden, 2. <abbr title=\"Auflage\">Aufl.<\/abbr>, Springer VS, S. 641-654.<\/p>\n<p>Krause, Dan (2019): Responsibility to Protect &#8211; ein westliches Konzept? In: Werkner,Ines-Jacqueline\/Marauhn, Thilo (<abbr title=\"Herausgeber\">Hrsg.<\/abbr>): Die internationale Schutzverantwortung im Lichte des gerechten Friedens, Band 3, S. 107-142. <a href=\"https:\/\/www.hsu-hh.de\/staackib\/wp-content\/uploads\/sites\/757\/2019\/05\/Werkner-Marauhn-2019_Die-Internationale-Schutzverantwortung-im-Lichte-des-gerechten-Friedens_Inhalt-1.pdf\" target=\"_blank\" rel=\"noopener noreferrer\">\u21d2<\/a><\/p>\n<p>&nbsp;<\/p>\n<p><strong>2017<\/strong><\/p>\n<p>Peters, Daniel\/Krause, Dan (2017):\u00a0Southern Democracies and\u00a0the <em>Responsibility to Protect. <\/em>Perspectives from India, Brazil and South Africa, Nomos.\u00a0<a href=\"http:\/\/www.nomos-shop.de\/Peters-Krause-Southern-Democracies-Responsibility-to-Protect\/productview.aspx?product=30185&amp;pac=weco\" target=\"_blank\" rel=\"noopener noreferrer\">\u21d2<\/a><\/p>\n<p>&nbsp;<\/p>\n<p><strong>2016<\/strong><\/p>\n<p>Krause, Dan\u00a0(2016): It is Changing After All. India&#8217;s Stance on &#8218;Responsibility to Protect&#8216;, ORF Occasional Paper.\u00a0<a href=\"http:\/\/www.orfonline.org\/research\/it-is-changing-after-all-indias-stance-on-responsibility-to-protect\/\" target=\"_blank\" rel=\"noopener noreferrer\">\u21d2 <\/a><\/p>\n<p>&nbsp;<\/p>\n<p><strong>2015<\/strong><\/p>\n<p>Krause, Dan (2015): Und sie bewegt sich doch! Indiens Haltung zur Responsibility to Protect. In: Michael Staack\/Dan Krause (<abbr title=\"Herausgeber\">Hrsg.<\/abbr>), Schutzverantwortung in der Debatte. Die &#8222;Responsibility to Protect&#8220; nach dem Libyen-Dissens, Opladen.\u00a0<a href=\"https:\/\/shop.budrich-academic.de\/wp-content\/uploads\/2015\/10\/0600-staack_krause.pdf?v=3a52f3c22ed6\" target=\"_blank\" rel=\"noopener noreferrer\">\u21d2<\/a><\/p>\n<p>Staack, Michael\/Krause, Dan (2015): Einleitung. In: Michael Staack\/Dan Krause (<abbr title=\"Herausgeber\">Hrsg.<\/abbr>), Schutzverantwortung in der Debatte. Die &#8222;Responsibility to Protect&#8220; nach dem Libyen-Dissens, Opladen.\u00a0<a href=\"https:\/\/shop.budrich-academic.de\/wp-content\/uploads\/2015\/10\/0600-staack_krause.pdf?v=3a52f3c22ed6\" target=\"_blank\" rel=\"noopener noreferrer\">\u21d2<\/a><\/p>\n<p>Staack, Michael\/Krause, Dan (<abbr title=\"Herausgeber\">Hrsg.<\/abbr>) (2015): Schutzverantwortung in der Debatte. Die &#8222;Responsibility to Protect&#8220; nach dem Libyen-Dissens, Opladen.\u00a0<a href=\"https:\/\/shop.budrich-academic.de\/wp-content\/uploads\/2015\/10\/0600-staack_krause.pdf?v=3a52f3c22ed6\" target=\"_blank\" rel=\"noopener noreferrer\">\u21d2<\/a><\/p>\n<p>&nbsp;<\/p>\n<p><strong>2014<\/strong><\/p>\n<p>Krause, Dan (2014): Schutzverantwortung, Konferenzbericht &#8222;Die Responsibility to Protect nach Libyen&#8220;, Wissenschaftliches Forum f\u00fcr Internationale Sicherheit, Hamburg, 07. bis 08. November 2013. In: Welttrends, Zeitschrift f\u00fcr internationale Politik, Nr. 95, M\u00e4rz\/April 2014, S. 137-139.<\/p>\n<p>&nbsp;<\/p>\n<p><strong>2013<\/strong><\/p>\n<p>Staack, Michael (2013): Humanit\u00e4re Intervention. In: Rolf Gr\u00f6schner\/Antje Kapust\/Oliver W. Lembcke (<abbr title=\"Herausgeber\">Hrsg.<\/abbr>), W\u00f6rterbuch der W\u00fcrde, M\u00fcnchen, S. 313-314.<\/p>\n","protected":false},"excerpt":{"rendered":"<p>2020 Krause, Dan (2020): Noch an Bord? S\u00fcdafrika und die Schutzverantwortung. In: Hansel, Mischa und Reichwein, Alexander (Hrsg.): Die Internationale Schutzverantwortung: Etabliert. Herausgefordert. Gescheitert? LIT-Verlag, S. 153-184. &nbsp; 2019 Krause, [&hellip;]<\/p>\n","protected":false},"author":89,"featured_media":0,"parent":0,"menu_order":0,"comment_status":"closed","ping_status":"closed","template":"","meta":{"footnotes":""},"categories":[4],"tags":[],"class_list":["post-471","page","type-page","status-publish","hentry","category-forschung"],"_links":{"self":[{"href":"https:\/\/www.hsu-hh.de\/staackib\/wp-json\/wp\/v2\/pages\/471","targetHints":{"allow":["GET"]}}],"collection":[{"href":"https:\/\/www.hsu-hh.de\/staackib\/wp-json\/wp\/v2\/pages"}],"about":[{"href":"https:\/\/www.hsu-hh.de\/staackib\/wp-json\/wp\/v2\/types\/page"}],"author":[{"embeddable":true,"href":"https:\/\/www.hsu-hh.de\/staackib\/wp-json\/wp\/v2\/users\/89"}],"replies":[{"embeddable":true,"href":"https:\/\/www.hsu-hh.de\/staackib\/wp-json\/wp\/v2\/comments?post=471"}],"version-history":[{"count":24,"href":"https:\/\/www.hsu-hh.de\/staackib\/wp-json\/wp\/v2\/pages\/471\/revisions"}],"predecessor-version":[{"id":1863,"href":"https:\/\/www.hsu-hh.de\/staackib\/wp-json\/wp\/v2\/pages\/471\/revisions\/1863"}],"wp:attachment":[{"href":"https:\/\/www.hsu-hh.de\/staackib\/wp-json\/wp\/v2\/media?parent=471"}],"wp:term":[{"taxonomy":"category","embeddable":true,"href":"https:\/\/www.hsu-hh.de\/staackib\/wp-json\/wp\/v2\/categories?post=471"},{"taxonomy":"post_tag","embeddable":true,"href":"https:\/\/www.hsu-hh.de\/staackib\/wp-json\/wp\/v2\/tags?post=471"}],"curies":[{"name":"wp","href":"https:\/\/api.w.org\/{rel}","templated":true}]}}