{"id":2913,"date":"2021-11-22T19:09:36","date_gmt":"2021-11-22T18:09:36","guid":{"rendered":"https:\/\/www.hsu-hh.de\/staackib\/?page_id=2913"},"modified":"2021-11-22T19:10:44","modified_gmt":"2021-11-22T18:10:44","slug":"publications","status":"publish","type":"page","link":"https:\/\/www.hsu-hh.de\/staackib\/en\/publications","title":{"rendered":"Publications"},"content":{"rendered":"\n<div class=\"wp-block-columns is-layout-flex wp-container-core-columns-is-layout-9d6595d7 wp-block-columns-is-layout-flex\">\n<div class=\"wp-block-column is-layout-flow wp-block-column-is-layout-flow\" style=\"flex-basis:100%\">\n<div class=\"wp-block-columns is-layout-flex wp-container-core-columns-is-layout-9d6595d7 wp-block-columns-is-layout-flex\">\n<div class=\"wp-block-column is-layout-flow wp-block-column-is-layout-flow\" style=\"flex-basis:15%\">\n<figure class=\"wp-block-image size-full\"><img loading=\"lazy\" decoding=\"async\" width=\"455\" height=\"648\" src=\"https:\/\/www.hsu-hh.de\/staackib\/wp-content\/uploads\/sites\/757\/2021\/11\/Groten-2019-How-Sentiment-Matters.jpg\" data-credit=\"How-Sentiment-Matters\" alt=\"How-Sentiment-Matters\" class=\"wp-image-2898\" srcset=\"https:\/\/www.hsu-hh.de\/staackib\/wp-content\/uploads\/sites\/757\/2021\/11\/Groten-2019-How-Sentiment-Matters.jpg 455w, https:\/\/www.hsu-hh.de\/staackib\/wp-content\/uploads\/sites\/757\/2021\/11\/Groten-2019-How-Sentiment-Matters-211x300.jpg 211w\" sizes=\"auto, (max-width: 455px) 100vw, 455px\" \/><\/figure>\n<\/div>\n\n\n\n<div class=\"wp-block-column is-layout-flow wp-block-column-is-layout-flow\" style=\"flex-basis:85%\">\n<p><\/p>\n\n\n\n<p>Groten, David (2019): How Sentiment Matters in International Relations. China and the South China Sea Dispute, International and Security Studies, Volume 7, Opladen, Berlin &amp; Toronto: Verlag Barbara Budrich. <a rel=\"noreferrer noopener\" href=\"https:\/\/www.hsu-hh.de\/staackib\/wp-content\/uploads\/sites\/757\/2019\/08\/Groten-2019-Waschzettel.pdf\" target=\"_blank\">\u21d2<\/a><\/p>\n<\/div>\n<\/div>\n<\/div>\n<\/div>\n\n\n\n<div class=\"wp-block-columns is-layout-flex wp-container-core-columns-is-layout-9d6595d7 wp-block-columns-is-layout-flex\">\n<div class=\"wp-block-column is-layout-flow wp-block-column-is-layout-flow\" style=\"flex-basis:15%\">\n<figure class=\"wp-block-image size-full\"><img loading=\"lazy\" decoding=\"async\" width=\"687\" height=\"1020\" src=\"https:\/\/www.hsu-hh.de\/staackib\/wp-content\/uploads\/sites\/757\/2021\/11\/CD7E563E-2F90-497A-BDA8-1E9F1B04A2E9.jpeg\" data-credit=\"Sicherheit- und Friedensordnungen in Afrika\" alt=\"Sicherheit- und Friedensordnungen in Afrika\" class=\"wp-image-2910\" srcset=\"https:\/\/www.hsu-hh.de\/staackib\/wp-content\/uploads\/sites\/757\/2021\/11\/CD7E563E-2F90-497A-BDA8-1E9F1B04A2E9.jpeg 687w, https:\/\/www.hsu-hh.de\/staackib\/wp-content\/uploads\/sites\/757\/2021\/11\/CD7E563E-2F90-497A-BDA8-1E9F1B04A2E9-202x300.jpeg 202w\" sizes=\"auto, (max-width: 687px) 100vw, 687px\" \/><\/figure>\n<\/div>\n\n\n\n<div class=\"wp-block-column is-layout-flow wp-block-column-is-layout-flow\" style=\"flex-basis:85%\">\n<p><\/p>\n\n\n\n<p>Staack, Michael\/Ehrhart, Hans-Georg (Hrsg.) (2019): Sicherheits- und Friedensordnungen in Afrika. Nationale und regionale Herausforderungen. Nomos.&nbsp;<a rel=\"noreferrer noopener\" href=\"https:\/\/www.hsu-hh.de\/staackib\/wp-content\/uploads\/sites\/757\/2019\/06\/FLYER_Ehrhart_5944-6_D_E.pdf\" target=\"_blank\">\u21d2<\/a><\/p>\n<\/div>\n<\/div>\n\n\n\n<div class=\"wp-block-columns is-layout-flex wp-container-core-columns-is-layout-9d6595d7 wp-block-columns-is-layout-flex\">\n<div class=\"wp-block-column is-layout-flow wp-block-column-is-layout-flow\" style=\"flex-basis:15%\">\n<figure class=\"wp-block-image size-large\"><img loading=\"lazy\" decoding=\"async\" width=\"722\" height=\"1024\" src=\"https:\/\/www.hsu-hh.de\/staackib\/wp-content\/uploads\/sites\/757\/2021\/11\/Politique-ouest-africaine-de-lAllgemagne-Cover-722x1024.jpg\" data-credit=\"Politique-ouest-africaine-de-lAllgemagne-Cover\" alt=\"Politique-ouest-africaine-de-lAllgemagne-Cover\" class=\"wp-image-2902\" srcset=\"https:\/\/www.hsu-hh.de\/staackib\/wp-content\/uploads\/sites\/757\/2021\/11\/Politique-ouest-africaine-de-lAllgemagne-Cover-722x1024.jpg 722w, https:\/\/www.hsu-hh.de\/staackib\/wp-content\/uploads\/sites\/757\/2021\/11\/Politique-ouest-africaine-de-lAllgemagne-Cover-212x300.jpg 212w, https:\/\/www.hsu-hh.de\/staackib\/wp-content\/uploads\/sites\/757\/2021\/11\/Politique-ouest-africaine-de-lAllgemagne-Cover-768x1089.jpg 768w, https:\/\/www.hsu-hh.de\/staackib\/wp-content\/uploads\/sites\/757\/2021\/11\/Politique-ouest-africaine-de-lAllgemagne-Cover-1083x1536.jpg 1083w, https:\/\/www.hsu-hh.de\/staackib\/wp-content\/uploads\/sites\/757\/2021\/11\/Politique-ouest-africaine-de-lAllgemagne-Cover-1444x2048.jpg 1444w, https:\/\/www.hsu-hh.de\/staackib\/wp-content\/uploads\/sites\/757\/2021\/11\/Politique-ouest-africaine-de-lAllgemagne-Cover-1100x1560.jpg 1100w, https:\/\/www.hsu-hh.de\/staackib\/wp-content\/uploads\/sites\/757\/2021\/11\/Politique-ouest-africaine-de-lAllgemagne-Cover.jpg 1737w\" sizes=\"auto, (max-width: 722px) 100vw, 722px\" \/><\/figure>\n<\/div>\n\n\n\n<div class=\"wp-block-column is-layout-flow wp-block-column-is-layout-flow\" style=\"flex-basis:85%\">\n<p><\/p>\n\n\n\n<p>Staack, Michael\/Nietz, Sonja (2019): Politique ouest-africaine de l\u2019Allemagne \u2013 Le processus de paix au Mali. Deux \u00e9tudes, WIFIS aktuell, Opladen\/Berlin\/Toronto. <a rel=\"noreferrer noopener\" href=\"https:\/\/www.hsu-hh.de\/staackib\/wp-content\/uploads\/sites\/757\/2019\/06\/Flyer-Staack_Nietz.pdf\" target=\"_blank\">\u21d2<\/a><\/p>\n<\/div>\n<\/div>\n\n\n\n<div class=\"wp-block-columns is-layout-flex wp-container-core-columns-is-layout-9d6595d7 wp-block-columns-is-layout-flex\">\n<div class=\"wp-block-column is-layout-flow wp-block-column-is-layout-flow\" style=\"flex-basis:15%\">\n<figure class=\"wp-block-image size-full\"><img loading=\"lazy\" decoding=\"async\" width=\"351\" height=\"499\" src=\"https:\/\/www.hsu-hh.de\/staackib\/wp-content\/uploads\/sites\/757\/2021\/11\/31szpoGabrL._SX349_BO1204203200_.jpg\" data-credit=\"China und Indien im regionalen und globalen Umfeld\" alt=\"China und Indien im regionalen und globalen Umfeld\" class=\"wp-image-2897\" srcset=\"https:\/\/www.hsu-hh.de\/staackib\/wp-content\/uploads\/sites\/757\/2021\/11\/31szpoGabrL._SX349_BO1204203200_.jpg 351w, https:\/\/www.hsu-hh.de\/staackib\/wp-content\/uploads\/sites\/757\/2021\/11\/31szpoGabrL._SX349_BO1204203200_-211x300.jpg 211w\" sizes=\"auto, (max-width: 351px) 100vw, 351px\" \/><\/figure>\n<\/div>\n\n\n\n<div class=\"wp-block-column is-layout-flow wp-block-column-is-layout-flow\" style=\"flex-basis:85%\">\n<p><\/p>\n\n\n\n<p>Staack, Michael\/Groten, David (Hrsg.) (2018): China und Indien im regionalen und globalen Umfeld. Schriftenreihe des Wissenschaftlichen Forums f\u00fcr Internationale Sicherheit (WIFIS), Band 34.&nbsp;<a rel=\"noreferrer noopener\" href=\"https:\/\/shop.budrich-academic.de\/produkt\/china-und-indien-im-regionalen-und-globalen-umfeld\/?v=3a52f3c22ed6\" target=\"_blank\">\u21d2<\/a><\/p>\n<\/div>\n<\/div>\n\n\n\n<div class=\"wp-block-columns is-layout-flex wp-container-core-columns-is-layout-9d6595d7 wp-block-columns-is-layout-flex\">\n<div class=\"wp-block-column is-layout-flow wp-block-column-is-layout-flow\" style=\"flex-basis:15%\">\n<figure class=\"wp-block-image size-full\"><img loading=\"lazy\" decoding=\"async\" width=\"140\" height=\"214\" src=\"https:\/\/www.hsu-hh.de\/staackib\/wp-content\/uploads\/sites\/757\/2021\/11\/7F78A9B5-E226-4575-AA38-ED9BC6F0B01F_4_5005_c.jpeg\" data-credit=\"\" alt=\"Southern Democracies and the Responsibility to Protect\" class=\"wp-image-2903\" \/><\/figure>\n<\/div>\n\n\n\n<div class=\"wp-block-column is-layout-flow wp-block-column-is-layout-flow\" style=\"flex-basis:85%\">\n<p><\/p>\n\n\n\n<p>Peters, Daniel\/Krause, Dan (2017):&nbsp;Southern Democracies and&nbsp;the&nbsp;Responsibility to Protect.&nbsp;Perspectives from India, Brazil and South Africa, Nomos.&nbsp;&nbsp;<a rel=\"noreferrer noopener\" href=\"http:\/\/www.nomos-shop.de\/Peters-Krause-Southern-Democracies-Responsibility-to-Protect\/productview.aspx?product=30185&amp;pac=weco\" target=\"_blank\">\u21d2<\/a><\/p>\n<\/div>\n<\/div>\n\n\n\n<div class=\"wp-block-columns is-layout-flex wp-container-core-columns-is-layout-9d6595d7 wp-block-columns-is-layout-flex\">\n<div class=\"wp-block-column is-layout-flow wp-block-column-is-layout-flow\" style=\"flex-basis:15%\">\n<figure class=\"wp-block-image size-large\"><img loading=\"lazy\" decoding=\"async\" width=\"721\" height=\"1024\" src=\"https:\/\/www.hsu-hh.de\/staackib\/wp-content\/uploads\/sites\/757\/2021\/11\/03427B6F-0FA0-4DBC-BE93-4E58A0CA2B38-721x1024.jpeg\" data-credit=\"Der Ukraine-Konflikt, Russland und die europ\u00e4ische Sicherheitsordnung\" alt=\"Der Ukraine-Konflikt, Russland und die europ\u00e4ische Sicherheitsordnung\" class=\"wp-image-2904\" srcset=\"https:\/\/www.hsu-hh.de\/staackib\/wp-content\/uploads\/sites\/757\/2021\/11\/03427B6F-0FA0-4DBC-BE93-4E58A0CA2B38-721x1024.jpeg 721w, https:\/\/www.hsu-hh.de\/staackib\/wp-content\/uploads\/sites\/757\/2021\/11\/03427B6F-0FA0-4DBC-BE93-4E58A0CA2B38-211x300.jpeg 211w, https:\/\/www.hsu-hh.de\/staackib\/wp-content\/uploads\/sites\/757\/2021\/11\/03427B6F-0FA0-4DBC-BE93-4E58A0CA2B38.jpeg 745w\" sizes=\"auto, (max-width: 721px) 100vw, 721px\" \/><\/figure>\n<\/div>\n\n\n\n<div class=\"wp-block-column is-layout-flow wp-block-column-is-layout-flow\" style=\"flex-basis:66.66%\">\n<p><\/p>\n\n\n\n<p>Staack, Michael (Hrsg.) (2017): Der Ukraine-Konflikt, Russland und die europ\u00e4ische Sicherheitsordnung.&nbsp;Schriftenreihe des Wissenschaftlichen Forums f\u00fcr Internationale Sicherheit (WIFIS), Band 33.&nbsp;<a rel=\"noreferrer noopener\" href=\"https:\/\/www.hsu-hh.de\/staackib\/wp-content\/uploads\/sites\/757\/2017\/09\/2089-staack_bd.33.pdf\" target=\"_blank\">\u21d2<\/a><\/p>\n<\/div>\n<\/div>\n\n\n\n<div class=\"wp-block-columns is-layout-flex wp-container-core-columns-is-layout-9d6595d7 wp-block-columns-is-layout-flex\">\n<div class=\"wp-block-column is-layout-flow wp-block-column-is-layout-flow\" style=\"flex-basis:15%\">\n<figure class=\"wp-block-image size-full\"><img loading=\"lazy\" decoding=\"async\" width=\"425\" height=\"609\" src=\"https:\/\/www.hsu-hh.de\/staackib\/wp-content\/uploads\/sites\/757\/2021\/11\/13AFF301-AA67-468F-8CC6-30C97D60AB76.jpeg\" data-credit=\"Dekonstruktion von Souver\u00e4nit\u00e4t. Diskurse zur Legitimierung milit\u00e4rischer Interventionen\" alt=\"Dekonstruktion von Souver\u00e4nit\u00e4t. Diskurse zur Legitimierung milit\u00e4rischer Interventionen\" class=\"wp-image-2925\" srcset=\"https:\/\/www.hsu-hh.de\/staackib\/wp-content\/uploads\/sites\/757\/2021\/11\/13AFF301-AA67-468F-8CC6-30C97D60AB76.jpeg 425w, https:\/\/www.hsu-hh.de\/staackib\/wp-content\/uploads\/sites\/757\/2021\/11\/13AFF301-AA67-468F-8CC6-30C97D60AB76-209x300.jpeg 209w\" sizes=\"auto, (max-width: 425px) 100vw, 425px\" \/><\/figure>\n<\/div>\n\n\n\n<div class=\"wp-block-column is-layout-flow wp-block-column-is-layout-flow\" style=\"flex-basis:85%\">\n<p><br>Staack, Michael (Gastherausgeber) (2015): Dekonstruktion von Souver\u00e4nit\u00e4t. Diskurse zur Legitimierung milit\u00e4rischer Interventionen, Die Friedens-Warte, Band 89, Ausgabe 3\/2014.&nbsp;<a href=\"http:\/\/www.friedens-warte.de\/de\/heftarchiv\/2014\/heft-3-4.html\" rel='nofollow'>\u21d2<\/a><\/p>\n<\/div>\n<\/div>\n\n\n\n<div class=\"wp-block-columns is-layout-flex wp-container-core-columns-is-layout-9d6595d7 wp-block-columns-is-layout-flex\">\n<div class=\"wp-block-column is-layout-flow wp-block-column-is-layout-flow\" style=\"flex-basis:15%\">\n<figure class=\"wp-block-image size-large\"><img loading=\"lazy\" decoding=\"async\" width=\"715\" height=\"1024\" src=\"https:\/\/www.hsu-hh.de\/staackib\/wp-content\/uploads\/sites\/757\/2021\/11\/8F1CBB72-ECBC-4FCD-810A-24018C73B203-715x1024.jpeg\" data-credit=\"Friedens-Warte\" alt=\"Friedens-Warte\" class=\"wp-image-2905\" srcset=\"https:\/\/www.hsu-hh.de\/staackib\/wp-content\/uploads\/sites\/757\/2021\/11\/8F1CBB72-ECBC-4FCD-810A-24018C73B203-715x1024.jpeg 715w, https:\/\/www.hsu-hh.de\/staackib\/wp-content\/uploads\/sites\/757\/2021\/11\/8F1CBB72-ECBC-4FCD-810A-24018C73B203-209x300.jpeg 209w, https:\/\/www.hsu-hh.de\/staackib\/wp-content\/uploads\/sites\/757\/2021\/11\/8F1CBB72-ECBC-4FCD-810A-24018C73B203.jpeg 756w\" sizes=\"auto, (max-width: 715px) 100vw, 715px\" \/><\/figure>\n<\/div>\n\n\n\n<div class=\"wp-block-column is-layout-flow wp-block-column-is-layout-flow\">\n<p><\/p>\n\n\n\n<p>Staack, Michael (Gastherausgeber) (2015): Dekonstruktion von Souver\u00e4nit\u00e4t. Diskurse zur Legitimierung milit\u00e4rischer Interventionen, Die Friedens-Warte, Band 89, Ausgabe 3\/2014.&nbsp;<a href=\"http:\/\/www.friedens-warte.de\/de\/heftarchiv\/2014\/heft-3-4.html\" rel='nofollow'>\u21d2<\/a><\/p>\n<\/div>\n<\/div>\n\n\n\n<div class=\"wp-block-columns is-layout-flex wp-container-core-columns-is-layout-9d6595d7 wp-block-columns-is-layout-flex\">\n<div class=\"wp-block-column is-layout-flow wp-block-column-is-layout-flow\" style=\"flex-basis:15%\">\n<figure class=\"wp-block-image size-large\"><img loading=\"lazy\" decoding=\"async\" width=\"716\" height=\"1024\" src=\"https:\/\/www.hsu-hh.de\/staackib\/wp-content\/uploads\/sites\/757\/2021\/11\/B31B1BD0-69DC-47F4-8D2F-0D6AE38CC3D1-716x1024.jpeg\" data-credit=\"Schutzverantwortung in der Debatte\" alt=\"Schutzverantwortung in der Debatte\" class=\"wp-image-2906\" srcset=\"https:\/\/www.hsu-hh.de\/staackib\/wp-content\/uploads\/sites\/757\/2021\/11\/B31B1BD0-69DC-47F4-8D2F-0D6AE38CC3D1-716x1024.jpeg 716w, https:\/\/www.hsu-hh.de\/staackib\/wp-content\/uploads\/sites\/757\/2021\/11\/B31B1BD0-69DC-47F4-8D2F-0D6AE38CC3D1-210x300.jpeg 210w, https:\/\/www.hsu-hh.de\/staackib\/wp-content\/uploads\/sites\/757\/2021\/11\/B31B1BD0-69DC-47F4-8D2F-0D6AE38CC3D1-768x1098.jpeg 768w, https:\/\/www.hsu-hh.de\/staackib\/wp-content\/uploads\/sites\/757\/2021\/11\/B31B1BD0-69DC-47F4-8D2F-0D6AE38CC3D1.jpeg 839w\" sizes=\"auto, (max-width: 716px) 100vw, 716px\" \/><\/figure>\n<\/div>\n\n\n\n<div class=\"wp-block-column is-layout-flow wp-block-column-is-layout-flow\" style=\"flex-basis:85%\">\n<p><\/p>\n\n\n\n<p>Staack, Michael\/Krause, Dan (Hrsg.) (2015):&nbsp;Schutzverantwortung in der Debatte. Die \u00bbResponsibility to Protect\u00ab nach dem Libyen-Dissens, Schriftenreihe des Wissenschaftlichen Forums f\u00fcr Internationale Sicherheit (WIFIS), Band 32.&nbsp;<a rel=\"noreferrer noopener\" href=\"https:\/\/www.hsu-hh.de\/staackib\/wp-content\/uploads\/sites\/757\/2017\/11\/Verlag-Schutzverantwortung.jpg\" target=\"_blank\">\u21d2<\/a><\/p>\n<\/div>\n<\/div>\n\n\n\n<div class=\"wp-block-columns is-layout-flex wp-container-core-columns-is-layout-9d6595d7 wp-block-columns-is-layout-flex\">\n<div class=\"wp-block-column is-layout-flow wp-block-column-is-layout-flow\" style=\"flex-basis:15%\">\n<figure class=\"wp-block-image size-large\"><img loading=\"lazy\" decoding=\"async\" width=\"716\" height=\"1024\" src=\"https:\/\/www.hsu-hh.de\/staackib\/wp-content\/uploads\/sites\/757\/2021\/11\/33367E53-080D-412F-8A24-7876313F74E8-716x1024.jpeg\" data-credit=\"Europa als sicherheitspolitischer Akteur\" alt=\"Europa als sicherheitspolitischer Akteur\" class=\"wp-image-2907\" srcset=\"https:\/\/www.hsu-hh.de\/staackib\/wp-content\/uploads\/sites\/757\/2021\/11\/33367E53-080D-412F-8A24-7876313F74E8-716x1024.jpeg 716w, https:\/\/www.hsu-hh.de\/staackib\/wp-content\/uploads\/sites\/757\/2021\/11\/33367E53-080D-412F-8A24-7876313F74E8-210x300.jpeg 210w, https:\/\/www.hsu-hh.de\/staackib\/wp-content\/uploads\/sites\/757\/2021\/11\/33367E53-080D-412F-8A24-7876313F74E8-768x1098.jpeg 768w, https:\/\/www.hsu-hh.de\/staackib\/wp-content\/uploads\/sites\/757\/2021\/11\/33367E53-080D-412F-8A24-7876313F74E8.jpeg 839w\" sizes=\"auto, (max-width: 716px) 100vw, 716px\" \/><\/figure>\n<\/div>\n\n\n\n<div class=\"wp-block-column is-layout-flow wp-block-column-is-layout-flow\" style=\"flex-basis:66.66%\">\n<p><\/p>\n\n\n\n<p>Staack, Michael\/Krause, Dan (Hrsg.) (2014):&nbsp;Europa als sicherheitspolitischer Akteur.&nbsp;Schriftenreihe des Wissenschaftlichen Forums f\u00fcr Internationale Sicherheit (WIFIS), Band 31.&nbsp;<a rel=\"noreferrer noopener\" href=\"https:\/\/www.hsu-hh.de\/staackib\/wp-content\/uploads\/sites\/757\/2017\/11\/Verlag-Europa.jpg\" target=\"_blank\">\u21d2<\/a><\/p>\n<\/div>\n<\/div>\n\n\n\n<div class=\"wp-block-columns is-layout-flex wp-container-core-columns-is-layout-9d6595d7 wp-block-columns-is-layout-flex\">\n<div class=\"wp-block-column is-layout-flow wp-block-column-is-layout-flow\" style=\"flex-basis:15%\">\n<figure class=\"wp-block-image size-large\"><img loading=\"lazy\" decoding=\"async\" width=\"729\" height=\"1024\" src=\"https:\/\/www.hsu-hh.de\/staackib\/wp-content\/uploads\/sites\/757\/2021\/11\/2AD661A6-2B0C-4025-83FA-6CC9A46E2F45-729x1024.jpeg\" data-credit=\"Asiens Aufstieg in der Weltpolitik\" alt=\"Asiens Aufstieg in der Weltpolitik\" class=\"wp-image-2908\" srcset=\"https:\/\/www.hsu-hh.de\/staackib\/wp-content\/uploads\/sites\/757\/2021\/11\/2AD661A6-2B0C-4025-83FA-6CC9A46E2F45-729x1024.jpeg 729w, https:\/\/www.hsu-hh.de\/staackib\/wp-content\/uploads\/sites\/757\/2021\/11\/2AD661A6-2B0C-4025-83FA-6CC9A46E2F45-214x300.jpeg 214w, https:\/\/www.hsu-hh.de\/staackib\/wp-content\/uploads\/sites\/757\/2021\/11\/2AD661A6-2B0C-4025-83FA-6CC9A46E2F45-768x1079.jpeg 768w, https:\/\/www.hsu-hh.de\/staackib\/wp-content\/uploads\/sites\/757\/2021\/11\/2AD661A6-2B0C-4025-83FA-6CC9A46E2F45.jpeg 854w\" sizes=\"auto, (max-width: 729px) 100vw, 729px\" \/><\/figure>\n<\/div>\n\n\n\n<div class=\"wp-block-column is-layout-flow wp-block-column-is-layout-flow\" style=\"flex-basis:85%\">\n<p><\/p>\n\n\n\n<p>Staack, Michael (Hrsg.) (2013):&nbsp;Asiens Aufstieg in der Weltpolitik,&nbsp;Schriftenreihe des Wissenschaftlichen Forums f\u00fcr Internationale Sicherheit (WIFIS), Band 30.&nbsp;<a rel=\"noreferrer noopener\" href=\"https:\/\/www.hsu-hh.de\/staackib\/wp-content\/uploads\/sites\/757\/2017\/11\/Verlag-Asien.jpg\" target=\"_blank\">\u21d2<\/a><\/p>\n<\/div>\n<\/div>\n\n\n\n<div class=\"wp-block-columns is-layout-flex wp-container-core-columns-is-layout-9d6595d7 wp-block-columns-is-layout-flex\">\n<div class=\"wp-block-column is-layout-flow wp-block-column-is-layout-flow\" style=\"flex-basis:15%\">\n<figure class=\"wp-block-image size-full\"><img loading=\"lazy\" decoding=\"async\" width=\"200\" height=\"280\" src=\"https:\/\/www.hsu-hh.de\/staackib\/wp-content\/uploads\/sites\/757\/2021\/11\/6F8AD2E2-12EA-4BDC-996E-7205D8ECAF4F_4_5005_c.jpeg\" data-credit=\"Einf\u00fchrung in die Internationale Politik\" alt=\"Einf\u00fchrung in die Internationale Politik\" class=\"wp-image-2909\" \/><\/figure>\n<\/div>\n\n\n\n<div class=\"wp-block-column is-layout-flow wp-block-column-is-layout-flow\" style=\"flex-basis:85%\">\n<p><\/p>\n\n\n\n<p>Staack,&nbsp;Michael (Hrsg.) (2011): Einf\u00fchrung in die Internationale Politik, Studienbuch, Oldenbourg Wissenschaftsverlag.&nbsp;<a rel=\"noreferrer noopener\" href=\"https:\/\/www.hsu-hh.de\/staackib\/wp-content\/uploads\/sites\/757\/2017\/11\/flyer_product_231160_de-1.pdf\" target=\"_blank\">\u21d2<\/a><\/p>\n<\/div>\n<\/div>\n","protected":false},"excerpt":{"rendered":"<p>Groten, David (2019): How Sentiment Matters in International Relations. China and the South China Sea Dispute, International and Security Studies, Volume 7, Opladen, Berlin &amp; Toronto: Verlag Barbara Budrich. \u21d2 [&hellip;]<\/p>\n","protected":false},"author":2927,"featured_media":0,"parent":0,"menu_order":0,"comment_status":"closed","ping_status":"closed","template":"","meta":{"footnotes":""},"categories":[7],"tags":[],"class_list":["post-2913","page","type-page","status-publish","hentry","category-research"],"_links":{"self":[{"href":"https:\/\/www.hsu-hh.de\/staackib\/wp-json\/wp\/v2\/pages\/2913","targetHints":{"allow":["GET"]}}],"collection":[{"href":"https:\/\/www.hsu-hh.de\/staackib\/wp-json\/wp\/v2\/pages"}],"about":[{"href":"https:\/\/www.hsu-hh.de\/staackib\/wp-json\/wp\/v2\/types\/page"}],"author":[{"embeddable":true,"href":"https:\/\/www.hsu-hh.de\/staackib\/wp-json\/wp\/v2\/users\/2927"}],"replies":[{"embeddable":true,"href":"https:\/\/www.hsu-hh.de\/staackib\/wp-json\/wp\/v2\/comments?post=2913"}],"version-history":[{"count":9,"href":"https:\/\/www.hsu-hh.de\/staackib\/wp-json\/wp\/v2\/pages\/2913\/revisions"}],"predecessor-version":[{"id":2934,"href":"https:\/\/www.hsu-hh.de\/staackib\/wp-json\/wp\/v2\/pages\/2913\/revisions\/2934"}],"wp:attachment":[{"href":"https:\/\/www.hsu-hh.de\/staackib\/wp-json\/wp\/v2\/media?parent=2913"}],"wp:term":[{"taxonomy":"category","embeddable":true,"href":"https:\/\/www.hsu-hh.de\/staackib\/wp-json\/wp\/v2\/categories?post=2913"},{"taxonomy":"post_tag","embeddable":true,"href":"https:\/\/www.hsu-hh.de\/staackib\/wp-json\/wp\/v2\/tags?post=2913"}],"curies":[{"name":"wp","href":"https:\/\/api.w.org\/{rel}","templated":true}]}}