{"id":165,"date":"2017-09-26T16:16:07","date_gmt":"2017-09-26T14:16:07","guid":{"rendered":"https:\/\/www.hsu-hh.de\/staackib\/?page_id=165"},"modified":"2021-11-21T20:41:47","modified_gmt":"2021-11-21T19:41:47","slug":"publikationen","status":"publish","type":"page","link":"https:\/\/www.hsu-hh.de\/staackib\/publikationen","title":{"rendered":"Publikationen"},"content":{"rendered":"<p>\u00a0<\/p>\n<div class=\"col-xs-12 downloads-item\">\n<div class=\"row pub-block\">\n<div class=\"img-area download-image\" style=\"max-width: 100px;overflow: hidden\"><a href=\"https:\/\/www.hsu-hh.de\/staackib\/wp-content\/uploads\/sites\/757\/2019\/08\/Groten-2019-How-Sentiment-Matters.jpg\" target=\"_blank\" rel=\"noopener noreferrer\"><img loading=\"lazy\" decoding=\"async\" class=\"attachment-266x266 \" src=\"https:\/\/www.hsu-hh.de\/staackib\/wp-content\/uploads\/sites\/757\/2019\/08\/Groten-2019-How-Sentiment-Matters.jpg\" alt=\"Groten 2019\" width=\"104\" height=\"148\" \/><\/a><\/div>\n<div class=\"content-area\">\n<p>Groten, David (2019): How Sentiment Matters in International Relations. China and the South China Sea Dispute, International and Security Studies, Volume 7, Opladen, Berlin &amp; Toronto: Verlag Barbara Budrich. <a href=\"https:\/\/www.hsu-hh.de\/staackib\/wp-content\/uploads\/sites\/757\/2019\/08\/Groten-2019-Waschzettel.pdf\" target=\"_blank\" rel=\"noopener noreferrer\">\u21d2<\/a><\/p>\n<\/div>\n<\/div>\n<\/div>\n<p>\u00a0<\/p>\n<div class=\"col-xs-12 downloads-item\">\n<div class=\"row pub-block\">\n<div class=\"img-area download-image\" style=\"max-width: 100px;overflow: hidden\"><a href=\"https:\/\/www.hsu-hh.de\/staackib\/wp-content\/uploads\/sites\/757\/2019\/06\/Sicherheits-und-Friedensordnungen-in-Afrika_Ehrhart-Staack-2019.jpg\" target=\"_blank\" rel=\"noopener noreferrer\"><img loading=\"lazy\" decoding=\"async\" class=\"attachment-266x266 \" src=\"https:\/\/www.hsu-hh.de\/staackib\/wp-content\/uploads\/sites\/757\/2019\/06\/Sicherheits-und-Friedensordnungen-in-Afrika_Ehrhart-Staack-2019.jpg\" alt=\"Cover\" width=\"101\" height=\"150\" \/><\/a><\/div>\n<div class=\"content-area\">\n<p>Staack, Michael\/Ehrhart, Hans-Georg (<abbr title=\"Herausgeber\">Hrsg.<\/abbr>) (2019): Sicherheits- und Friedensordnungen in Afrika. Nationale und regionale Herausforderungen. Nomos.\u00a0<a href=\"https:\/\/www.hsu-hh.de\/staackib\/wp-content\/uploads\/sites\/757\/2019\/06\/FLYER_Ehrhart_5944-6_D_E.pdf\" target=\"_blank\" rel=\"noopener noreferrer\">\u21d2<\/a><\/p>\n<\/div>\n<\/div>\n<\/div>\n<p>\u00a0<\/p>\n<div class=\"col-xs-12 downloads-item\">\n<div class=\"row pub-block\">\n<div class=\"img-area download-image\" style=\"max-width: 100px;overflow: hidden\"><a href=\"https:\/\/www.hsu-hh.de\/staackib\/wp-content\/uploads\/sites\/757\/2019\/07\/Politique-ouest-africaine-de-lAllgemagne-Cover.jpg\" target=\"_blank\" rel=\"noopener noreferrer\"><img loading=\"lazy\" decoding=\"async\" class=\"attachment-266x266 \" src=\"https:\/\/www.hsu-hh.de\/staackib\/wp-content\/uploads\/sites\/757\/2019\/07\/Politique-ouest-africaine-de-lAllgemagne-Cover.jpg\" alt=\"Politique ouest-africaine de l'Allgemagne-Cover\" width=\"106\" height=\"150\" \/><\/a><\/div>\n<div class=\"content-area\">\n<p>Staack, Michael\/Nietz, Sonja (2019): Politique ouest-africaine de l\u2019Allemagne \u2013 Le processus de paix au Mali. Deux \u00e9tudes, WIFIS aktuell, Opladen\/Berlin\/Toronto. <a href=\"https:\/\/www.hsu-hh.de\/staackib\/wp-content\/uploads\/sites\/757\/2019\/06\/Flyer-Staack_Nietz.pdf\" target=\"_blank\" rel=\"noopener noreferrer\">\u21d2<\/a><\/p>\n<\/div>\n<\/div>\n<\/div>\n<p>\u00a0<\/p>\n<div class=\"col-xs-12 downloads-item\">\n<div class=\"row pub-block\">\n<div class=\"img-area download-image\" style=\"max-width: 100px;overflow: hidden\"><a href=\"https:\/\/www.hsu-hh.de\/staackib\/wp-content\/uploads\/sites\/757\/2018\/06\/2191-staack_china-Waschzettel.pdf\" target=\"_blank\" rel=\"noopener noreferrer\"><img loading=\"lazy\" decoding=\"async\" class=\"attachment-266x266 \" src=\"https:\/\/www.hsu-hh.de\/staackib\/wp-content\/uploads\/sites\/757\/2018\/06\/Staack-Groten.jpg\" alt=\"Staack Groten 2018\" width=\"102\" height=\"145\" \/><\/a><\/div>\n<div class=\"content-area\">\n<p>Staack, Michael\/Groten, David (<abbr title=\"Herausgeber\">Hrsg.<\/abbr>) (2018): China und Indien im regionalen und globalen Umfeld. Schriftenreihe des Wissenschaftlichen Forums f\u00fcr Internationale Sicherheit (WIFIS), Band 34.\u00a0<a href=\"https:\/\/shop.budrich-academic.de\/produkt\/china-und-indien-im-regionalen-und-globalen-umfeld\/?v=3a52f3c22ed6\" target=\"_blank\" rel=\"noopener noreferrer\">\u21d2<\/a><\/p>\n<\/div>\n<\/div>\n<\/div>\n<p>\u00a0<\/p>\n<div class=\"col-xs-12 downloads-item\">\n<div class=\"row pub-block\">\n<div class=\"img-area download-image\" style=\"max-width: 100px;overflow: hidden\"><a href=\"https:\/\/www.hsu-hh.de\/staackib\/wp-content\/uploads\/sites\/757\/2018\/01\/FLYER_PEters_4343-8_dt_eng.pdf\" target=\"_blank\" rel=\"noopener noreferrer\"><img loading=\"lazy\" decoding=\"async\" class=\"attachment-266x266 \" src=\"https:\/\/www.hsu-hh.de\/staackib\/wp-content\/uploads\/sites\/757\/2018\/01\/Peters-Krause-2017.gif\" alt=\"Peters, Krause 2017\" width=\"100\" height=\"153\" \/><\/a><\/div>\n<div class=\"content-area\">\n<p>Peters, Daniel\/Krause, Dan (2017):\u00a0Southern Democracies and\u00a0the\u00a0Responsibility to Protect.\u00a0Perspectives from India, Brazil and South Africa, Nomos.\u00a0\u00a0<a href=\"http:\/\/www.nomos-shop.de\/Peters-Krause-Southern-Democracies-Responsibility-to-Protect\/productview.aspx?product=30185&amp;pac=weco\" target=\"_blank\" rel=\"noopener noreferrer\">\u21d2<\/a><\/p>\n<\/div>\n<\/div>\n<\/div>\n<p>\u00a0<\/p>\n<div class=\"col-xs-12 downloads-item\">\n<div class=\"row pub-block\">\n<div class=\"img-area download-image\" style=\"max-width: 100px;overflow: hidden\"><a href=\"https:\/\/www.hsu-hh.de\/staackib\/wp-content\/uploads\/sites\/757\/2017\/09\/2089-staack_bd.33.pdf\"><img loading=\"lazy\" decoding=\"async\" class=\"attachment-266x266 \" src=\"https:\/\/www.hsu-hh.de\/staackib\/wp-content\/uploads\/sites\/757\/2017\/09\/Deckblatt-Staack-Hrsg-2017_Der-Ukraine-Konflikt-Russland-und-die-europ{3728c0ddcf5026c65bc0b4e995c837d09025c3e7fa253cea254631dfe46bf841}C3{3728c0ddcf5026c65bc0b4e995c837d09025c3e7fa253cea254631dfe46bf841}A4ische-Sicherheitsordnung-pdf.jpg\" alt=\"\" width=\"96\" height=\"137\" \/><\/a><a href=\"https:\/\/www.hsu-hh.de\/staackib\/wp-content\/uploads\/sites\/757\/2017\/09\/2089-staack_bd.33.pdf\"><img loading=\"lazy\" decoding=\"async\" class=\"attachment-266x266 \" src=\"https:\/\/www.hsu-hh.de\/staackib\/wp-content\/uploads\/sites\/757\/2017\/11\/Deckblatt-Staack-Hrsg-2017_Der-Ukraine-Konflikt-Russland-und-die-europ%C3%A4ische-Sicherheitsordnung-1-pdf.jpg\" alt=\"\" width=\"99\" height=\"140\" \/><\/a><\/div>\n<div class=\"content-area\">\n<p>Staack, Michael (<abbr title=\"Herausgeber\">Hrsg.<\/abbr>) (2017): Der Ukraine-Konflikt, Russland und die europ\u00e4ische Sicherheitsordnung.\u00a0Schriftenreihe des Wissenschaftlichen Forums f\u00fcr Internationale Sicherheit (WIFIS), Band 33.\u00a0<a href=\"https:\/\/www.hsu-hh.de\/staackib\/wp-content\/uploads\/sites\/757\/2017\/09\/2089-staack_bd.33.pdf\" target=\"_blank\" rel=\"noopener noreferrer\">\u21d2<\/a><\/p>\n<\/div>\n<\/div>\n<\/div>\n<p>\u00a0<\/p>\n<div class=\"col-xs-12 downloads-item\">\n<div class=\"row pub-block\">\n<div class=\"img-area download-image\" style=\"max-width: 100px;overflow: hidden\"><a href=\"http:\/\/www.friedens-warte.de\/de\/heftarchiv\/2016.html\" rel='nofollow'><img loading=\"lazy\" decoding=\"async\" class=\"attachment-266x266 \" src=\"https:\/\/www.hsu-hh.de\/staackib\/wp-content\/uploads\/sites\/757\/2017\/09\/Friedens-Warte-2016-1-2-pdf.jpg\" alt=\"\" width=\"114\" height=\"163\" \/><\/a><\/div>\n<div class=\"content-area\">\n<p>Arnauld v., Andreas\/Staack, Michael\/Tomuschat, Christian (<abbr title=\"Herausgeber\">Hrsg.<\/abbr>) (2017): Freihandel \/ Flucht und Zuflucht, Die Friedens-Warte, Band 91, Ausgabe 1-2\/2016.\u00a0<a href=\"http:\/\/www.friedens-warte.de\/de\/heftarchiv\/2016.html\" target=\"_blank\" rel=\"noopener noreferrer\">\u21d2<\/a><\/p>\n<\/div>\n<\/div>\n<\/div>\n<p>\u00a0<\/p>\n<div class=\"col-xs-12 downloads-item\">\n<div class=\"row pub-block\">\n<div class=\"img-area download-image\" style=\"max-width: 100px;overflow: hidden\"><a href=\"http:\/\/www.friedens-warte.de\/de\/heftarchiv\/2014\/heft-3-4.html\" rel='nofollow'><img loading=\"lazy\" decoding=\"async\" class=\"attachment-266x266 \" src=\"https:\/\/www.hsu-hh.de\/staackib\/wp-content\/uploads\/sites\/757\/2017\/11\/Friedenswarte-2014.jpg\" alt=\"Friedenswarte 2014 (3-4)\" width=\"111\" height=\"159\" \/><\/a><\/div>\n<div class=\"content-area\">\n<p>Staack, Michael (Gastherausgeber) (2015): Dekonstruktion von Souver\u00e4nit\u00e4t. Diskurse zur Legitimierung milit\u00e4rischer Interventionen, Die Friedens-Warte, Band 89, Ausgabe 3\/2014.\u00a0<a href=\"http:\/\/www.friedens-warte.de\/de\/heftarchiv\/2014\/heft-3-4.html\" rel='nofollow'>\u21d2<\/a><\/p>\n<\/div>\n<\/div>\n<\/div>\n<p>\u00a0<\/p>\n<div class=\"col-xs-12 downloads-item\">\n<div class=\"row pub-block\">\n<div class=\"img-area download-image\" style=\"max-width: 100px;overflow: hidden\"><a href=\"https:\/\/www.hsu-hh.de\/staackib\/wp-content\/uploads\/sites\/757\/2017\/11\/Verlag-Schutzverantwortung.jpg\"><img loading=\"lazy\" decoding=\"async\" class=\"attachment-266x266 \" src=\"https:\/\/www.hsu-hh.de\/staackib\/wp-content\/uploads\/sites\/757\/2017\/11\/Staack_Krause_Schutzverantwortung.jpg\" alt=\"Staack_Krause 2015_Schutzverantwortung in der Debatte\" width=\"104\" height=\"149\" \/><\/a><\/div>\n<div class=\"content-area\">\n<p>Staack, Michael\/Krause, Dan (<abbr title=\"Herausgeber\">Hrsg.<\/abbr>) (2015):\u00a0Schutzverantwortung in der Debatte. Die \u00bbResponsibility to Protect\u00ab nach dem Libyen-Dissens, Schriftenreihe des Wissenschaftlichen Forums f\u00fcr Internationale Sicherheit (WIFIS), Band 32.\u00a0<a href=\"https:\/\/www.hsu-hh.de\/staackib\/wp-content\/uploads\/sites\/757\/2017\/11\/Verlag-Schutzverantwortung.jpg\" target=\"_blank\" rel=\"noopener noreferrer\">\u21d2<\/a><\/p>\n<\/div>\n<\/div>\n<\/div>\n<p>\u00a0<\/p>\n<div class=\"col-xs-12 downloads-item\">\n<div class=\"row pub-block\">\n<div class=\"img-area download-image\" style=\"max-width: 100px;overflow: hidden\"><a href=\"https:\/\/www.hsu-hh.de\/staackib\/wp-content\/uploads\/sites\/757\/2017\/11\/Verlag-Europa.jpg\"><img loading=\"lazy\" decoding=\"async\" class=\"attachment-266x266 \" src=\"https:\/\/www.hsu-hh.de\/staackib\/wp-content\/uploads\/sites\/757\/2017\/11\/Staack_Krause_Europa.jpg\" alt=\"Staack\/Krause 2014\" width=\"109\" height=\"156\" \/><\/a><\/div>\n<div class=\"content-area\">\n<p>Staack, Michael\/Krause, Dan (<abbr title=\"Herausgeber\">Hrsg.<\/abbr>) (2014):\u00a0Europa als sicherheitspolitischer Akteur.\u00a0Schriftenreihe des Wissenschaftlichen Forums f\u00fcr Internationale Sicherheit (WIFIS), Band 31.\u00a0<a href=\"https:\/\/www.hsu-hh.de\/staackib\/wp-content\/uploads\/sites\/757\/2017\/11\/Verlag-Europa.jpg\" target=\"_blank\" rel=\"noopener noreferrer\">\u21d2<\/a><\/p>\n<\/div>\n<\/div>\n<\/div>\n<p>\u00a0<\/p>\n<div class=\"col-xs-12 downloads-item\">\n<div class=\"row pub-block\">\n<div class=\"img-area download-image\" style=\"max-width: 100px;overflow: hidden\"><a href=\"https:\/\/www.hsu-hh.de\/staackib\/wp-content\/uploads\/sites\/757\/2017\/11\/Verlag-Asien.jpg\"><img loading=\"lazy\" decoding=\"async\" class=\"attachment-266x266 \" src=\"https:\/\/www.hsu-hh.de\/staackib\/wp-content\/uploads\/sites\/757\/2017\/11\/Staack_Asien.jpg\" alt=\"Staack 2013_Asiens Aufstieg in der Weltpolitik\" width=\"112\" height=\"157\" \/><\/a><\/div>\n<div class=\"content-area\">\n<p>Staack, Michael (<abbr title=\"Herausgeber\">Hrsg.<\/abbr>) (2013):\u00a0Asiens Aufstieg in der Weltpolitik,\u00a0Schriftenreihe des Wissenschaftlichen Forums f\u00fcr Internationale Sicherheit (WIFIS), Band 30.\u00a0<a href=\"https:\/\/www.hsu-hh.de\/staackib\/wp-content\/uploads\/sites\/757\/2017\/11\/Verlag-Asien.jpg\" target=\"_blank\" rel=\"noopener noreferrer\">\u21d2<\/a><\/p>\n<\/div>\n<\/div>\n<\/div>\n<p>\u00a0<\/p>\n<div class=\"col-xs-12 downloads-item\">\n<div class=\"row pub-block\">\n<div class=\"img-area download-image\" style=\"max-width: 100px;overflow: hidden\"><a href=\"https:\/\/www.hsu-hh.de\/staackib\/wp-content\/uploads\/sites\/757\/2017\/11\/flyer_product_231160_de-1.pdf\"><img loading=\"lazy\" decoding=\"async\" class=\"attachment-266x266 \" src=\"https:\/\/www.hsu-hh.de\/staackib\/wp-content\/uploads\/sites\/757\/2017\/11\/Deckel-Internationale-Politik_6e.png\" alt=\"Staack 2011_Internationale Politik\" width=\"104\" height=\"146\" \/><\/a><\/div>\n<div class=\"content-area\">\n<p>Staack,\u00a0Michael (<abbr title=\"Herausgeber\">Hrsg.<\/abbr>) (2011): Einf\u00fchrung in die Internationale Politik, Studienbuch, Oldenbourg Wissenschaftsverlag. <a href=\"https:\/\/www.hsu-hh.de\/staackib\/wp-content\/uploads\/sites\/757\/2017\/11\/flyer_product_231160_de-1.pdf\" target=\"_blank\" rel=\"noopener noreferrer\">\u21d2<\/a><\/p>\n<\/div>\n<\/div>\n<\/div>\n<p>\u00a0<\/p>\n\n\n<div class=\"wp-block-columns is-layout-flex wp-container-core-columns-is-layout-9d6595d7 wp-block-columns-is-layout-flex\"><\/div>\n","protected":false},"excerpt":{"rendered":"<p>\u00a0 Groten, David (2019): How Sentiment Matters in International Relations. China and the South China Sea Dispute, International and Security Studies, Volume 7, Opladen, Berlin &amp; Toronto: Verlag Barbara Budrich. [&hellip;]<\/p>\n","protected":false},"author":89,"featured_media":1587,"parent":0,"menu_order":0,"comment_status":"closed","ping_status":"closed","template":"","meta":{"footnotes":""},"categories":[4],"tags":[],"class_list":["post-165","page","type-page","status-publish","has-post-thumbnail","hentry","category-forschung"],"_links":{"self":[{"href":"https:\/\/www.hsu-hh.de\/staackib\/wp-json\/wp\/v2\/pages\/165","targetHints":{"allow":["GET"]}}],"collection":[{"href":"https:\/\/www.hsu-hh.de\/staackib\/wp-json\/wp\/v2\/pages"}],"about":[{"href":"https:\/\/www.hsu-hh.de\/staackib\/wp-json\/wp\/v2\/types\/page"}],"author":[{"embeddable":true,"href":"https:\/\/www.hsu-hh.de\/staackib\/wp-json\/wp\/v2\/users\/89"}],"replies":[{"embeddable":true,"href":"https:\/\/www.hsu-hh.de\/staackib\/wp-json\/wp\/v2\/comments?post=165"}],"version-history":[{"count":58,"href":"https:\/\/www.hsu-hh.de\/staackib\/wp-json\/wp\/v2\/pages\/165\/revisions"}],"predecessor-version":[{"id":2924,"href":"https:\/\/www.hsu-hh.de\/staackib\/wp-json\/wp\/v2\/pages\/165\/revisions\/2924"}],"wp:featuredmedia":[{"embeddable":true,"href":"https:\/\/www.hsu-hh.de\/staackib\/wp-json\/wp\/v2\/media\/1587"}],"wp:attachment":[{"href":"https:\/\/www.hsu-hh.de\/staackib\/wp-json\/wp\/v2\/media?parent=165"}],"wp:term":[{"taxonomy":"category","embeddable":true,"href":"https:\/\/www.hsu-hh.de\/staackib\/wp-json\/wp\/v2\/categories?post=165"},{"taxonomy":"post_tag","embeddable":true,"href":"https:\/\/www.hsu-hh.de\/staackib\/wp-json\/wp\/v2\/tags?post=165"}],"curies":[{"name":"wp","href":"https:\/\/api.w.org\/{rel}","templated":true}]}}