{"id":75,"date":"2017-07-03T15:52:18","date_gmt":"2017-07-03T13:52:18","guid":{"rendered":"https:\/\/www.hsu-hh.de\/vorlage\/?page_id=75"},"modified":"2025-02-03T07:39:40","modified_gmt":"2025-02-03T06:39:40","slug":"startpage","status":"publish","type":"page","link":"https:\/\/www.hsu-hh.de\/sprachen\/en\/","title":{"rendered":""},"content":{"rendered":"\n<div class=\"wp-block-columns is-layout-flex wp-container-core-columns-is-layout-9d6595d7 wp-block-columns-is-layout-flex\">\n<div class=\"wp-block-column is-layout-flow wp-block-column-is-layout-flow\">\n<p class=\"has-text-align-center has-large-font-size\"><strong>Welcome to the Language Centre<\/strong><\/p>\n<\/div>\n<\/div>\n\n\n\n<div class=\"wp-block-columns is-layout-flex wp-container-core-columns-is-layout-9d6595d7 wp-block-columns-is-layout-flex\">\n<div class=\"wp-block-column is-layout-flow wp-block-column-is-layout-flow\">\n<div style=\"height:84px\" aria-hidden=\"true\" class=\"wp-block-spacer\"><\/div>\n<\/div>\n<\/div>\n\n\n\n<div class=\"wp-block-columns is-layout-flex wp-container-core-columns-is-layout-9d6595d7 wp-block-columns-is-layout-flex\">\n<div class=\"wp-block-column is-layout-flow wp-block-column-is-layout-flow\" style=\"flex-basis:100%\">\n<p class=\"has-text-align-left\"><strong>NEW: Tandem Programme<\/strong><br><em>Immersive experience<\/em>: tandem language lessons allow you to immerse yourself in the target<br>language and practice speaking with a native speaker.<br> <em>Cultural exchange<\/em>: learning a language in the tandem programme offers the opportunity for cultural<br>exchange and allows you to get to know another culture and improve your intercultural<br>communication skills.<br><em>Increased motivation<\/em>: a language partner who also learns from you can increase your motivation<br>and therefore help you to pursue your learning goals.<br><em>Improved accuracy<\/em>: practising with a native speaker can help you identify and correct pronunciation<br>and grammatical errors.<br><em>Using the language in real life<\/em>: learning in tandem provides the opportunity to use the language in<br>real-life situations, which is crucial for improving fluency and confidence.<br><em>Personal connection<\/em>: learning a tandem language can also lead to you building a personal<br>relationship with your language partner, which can be a fun, interesting and long-lasting experience.<\/p>\n\n\n\n<p class=\"has-text-align-left\">For more <a href=\"https:\/\/www.hsu-hh.de\/sprachen\/gela\" data-type=\"URL\" data-id=\"https:\/\/www.hsu-hh.de\/sprachen\/gela\">information <\/a>contact <a href=\"mailto:davids@hsu-hh.de\" data-type=\"mailto\" data-id=\"mailto:davids@hsu-hh.de\" rel='nofollow'>Sol\u00e8ne David<\/a><\/p>\n\n\n\n<p><\/p>\n<\/div>\n<\/div>\n\n\n\n<hr class=\"wp-block-separator has-alpha-channel-opacity is-style-default\" \/>\n\n\n\n<div class=\"wp-block-columns is-layout-flex wp-container-core-columns-is-layout-9d6595d7 wp-block-columns-is-layout-flex\">\n<div class=\"wp-block-column is-layout-flow wp-block-column-is-layout-flow\" style=\"flex-basis:100%\">\n<div style=\"height:40px\" aria-hidden=\"true\" class=\"wp-block-spacer\"><\/div>\n<\/div>\n<\/div>\n\n\n\n<p class=\"has-text-align-left\"><strong>General Information: <\/strong><\/p>\n\n\n\n<p class=\"has-text-align-left\">Course registration for modules as well as non-modules is done via the Campus Management System (CMS) in the autumn trimester and is valid for 3 trimesters. Cancellations or changes are only possible within the first 2 weeks of the term.<\/p>\n\n\n\n<p class=\"has-text-align-left\"><\/p>\n\n\n\n<div class=\"wp-block-columns is-layout-flex wp-container-core-columns-is-layout-9d6595d7 wp-block-columns-is-layout-flex\">\n<div class=\"wp-block-column is-layout-flow wp-block-column-is-layout-flow\">\n<hr class=\"wp-block-separator has-alpha-channel-opacity\" \/>\n<\/div>\n<\/div>\n\n\n\n<p>For more <a href=\"https:\/\/www.hsu-hh.de\/sprachen\/category\/news\">news<\/a> visit our German website <a href=\"https:\/\/www.hsu-hh.de\/sprachen\/\">here<\/a>. <\/p>\n\n\n\n<p class=\"has-medium-font-size\"><\/p>\n\n\n<div id=\"category_content_ty6JgcJX\" class=\"hsu_category archive-page\"><article  id=\"post-3323\" class=\"category-list-item post-3323 post type-post status-publish format-standard hentry \"><a href=\"https:\/\/www.hsu-hh.de\/sprachen\/die-kleinen-sprachen-sind-zurueck-das-sprachenzentrum-erweitert-sein-portfolio\" title=\"NEU: Arabisch, Koreanisch, Japanisch, Polnisch, Schwedisch. Das Sprachenzentrum erweitert sein Portfolio.\" ><div class=\"hsu_category_article-content-wrap\"><div class=\"hsu_category_article-content-wrap-inner\"><div>\t<header class=\"entry-header\">\t\t<h3 class=\"entry-title\">NEU: Arabisch, Koreanisch, Japanisch, Polnisch, Schwedisch. Das Sprachenzentrum erweitert sein Portfolio.\t\t<\/h3>\t<\/header><div class=\"entry-content-excerpt\">Ab dem Wintertrimester 2025 bieten wir neben unseren Modulkursen wieder weitere Sprachkurse wie Schwedisch, Arabisch, Koreanisch, Japanisch, Italienisch und Polnisch\u00a0an. Weitere Sprachkurse befinden sich in Planung. Die Kurse stehen allen Studierenden und Mitarbeitenden der HSU offen. Interesse? Informieren Sie sich hier \u00fcber unser Angebot.<\/div> <\/div><\/div><\/div><\/a><\/article><article  id=\"post-3297\" class=\"category-list-item post-3297 post type-post status-publish format-standard hentry \"><a href=\"https:\/\/www.hsu-hh.de\/sprachen\/tandem-programm-des-sprachenzentrums-hat-neue-kooperationspartner\" title=\"*** Tandem Programm des Sprachenzentrums hat neue Kooperationspartner***\" ><div class=\"hsu_category_article-content-wrap\"><div class=\"hsu_category_article-content-wrap-inner\"><div>\t<header class=\"entry-header\">\t\t<h3 class=\"entry-title\">*** Tandem Programm des Sprachenzentrums hat neue Kooperationspartner***\t\t<\/h3>\t<\/header><div class=\"entry-content-excerpt\">Wir freuen uns, mit der Edinburgh University Students\u2019 Association, dem Language Resource Centre der Newcastle University, England, sowie der Maison des Langues de l&#8217;Universit\u00e9 de Poitiers, Frankreich, neue Kooperationspartner f\u00fcr unser Tandemprogramm gefunden zu haben. Sie haben Interesse an einem E-Tandem mit englischen oder franz\u00f6sischen Muttersprachler:innen? Senden Sie uns gerne Ihre Bewerbung oder Fragen an&#8230;<\/div> <\/div><\/div><\/div><\/a><\/article><article  id=\"post-3054\" class=\"category-list-item post-3054 post type-post status-publish format-standard hentry \"><a href=\"https:\/\/www.hsu-hh.de\/sprachen\/sommerintensivkurse-2024-jetzt-anmelden\" title=\"Sommerintensivkurse 2026 - Anmeldungen jetzt m\u00f6glich!\" ><div class=\"hsu_category_article-content-wrap\"><div class=\"hsu_category_article-content-wrap-inner\"><div>\t<header class=\"entry-header\">\t\t<h3 class=\"entry-title\">Sommerintensivkurse 2026 &#8211; Anmeldungen jetzt m\u00f6glich!\t\t<\/h3>\t<\/header><div class=\"entry-content-excerpt\">In der vorlesungsfreien Zeit 2026 bietet das Sprachenzentrum wieder Intensivkurse an. Diese finden von montags bis freitags jeweils von 08:00-13:00 Uhr statt. Anmeldung (unter Angabe von Namen, Matrikelnummer und Kurs) ab sofort\u00a0hier\u00a0oder direkt bei\u00a0Dr.\u00a0Novo (Raum 1124).Zu diesem Zeitpunkt sind folgende Intensivkurse geplant: ENGLISCH Die Englischmodule in der vorlesungsfreien Zeit k\u00f6nnen nicht als Praxismodule belegt werden,&#8230;<\/div> <\/div><\/div><\/div><\/a><\/article><\/div><div class=\"clearfix\"><\/div>","protected":false},"excerpt":{"rendered":"<p>Welcome to the Language Centre NEW: Tandem ProgrammeImmersive experience: tandem language lessons allow you to immerse yourself in the targetlanguage and practice speaking with a native speaker. Cultural exchange: learning [&hellip;]<\/p>\n","protected":false},"author":1,"featured_media":0,"parent":0,"menu_order":0,"comment_status":"closed","ping_status":"closed","template":"","meta":{"footnotes":""},"categories":[37],"tags":[],"class_list":["post-75","page","type-page","status-publish","hentry","category-startpage"],"_links":{"self":[{"href":"https:\/\/www.hsu-hh.de\/sprachen\/wp-json\/wp\/v2\/pages\/75","targetHints":{"allow":["GET"]}}],"collection":[{"href":"https:\/\/www.hsu-hh.de\/sprachen\/wp-json\/wp\/v2\/pages"}],"about":[{"href":"https:\/\/www.hsu-hh.de\/sprachen\/wp-json\/wp\/v2\/types\/page"}],"author":[{"embeddable":true,"href":"https:\/\/www.hsu-hh.de\/sprachen\/wp-json\/wp\/v2\/users\/1"}],"replies":[{"embeddable":true,"href":"https:\/\/www.hsu-hh.de\/sprachen\/wp-json\/wp\/v2\/comments?post=75"}],"version-history":[{"count":41,"href":"https:\/\/www.hsu-hh.de\/sprachen\/wp-json\/wp\/v2\/pages\/75\/revisions"}],"predecessor-version":[{"id":3376,"href":"https:\/\/www.hsu-hh.de\/sprachen\/wp-json\/wp\/v2\/pages\/75\/revisions\/3376"}],"wp:attachment":[{"href":"https:\/\/www.hsu-hh.de\/sprachen\/wp-json\/wp\/v2\/media?parent=75"}],"wp:term":[{"taxonomy":"category","embeddable":true,"href":"https:\/\/www.hsu-hh.de\/sprachen\/wp-json\/wp\/v2\/categories?post=75"},{"taxonomy":"post_tag","embeddable":true,"href":"https:\/\/www.hsu-hh.de\/sprachen\/wp-json\/wp\/v2\/tags?post=75"}],"curies":[{"name":"wp","href":"https:\/\/api.w.org\/{rel}","templated":true}]}}