{"id":73,"date":"2017-07-03T15:52:08","date_gmt":"2017-07-03T13:52:08","guid":{"rendered":"https:\/\/www.hsu-hh.de\/vorlage\/?page_id=73"},"modified":"2024-09-16T13:34:57","modified_gmt":"2024-09-16T11:34:57","slug":"startseite","status":"publish","type":"page","link":"https:\/\/www.hsu-hh.de\/sprachen\/","title":{"rendered":""},"content":{"rendered":"\n<p class=\"has-text-align-center has-large-font-size\"><strong>Herzlich Willkommen am Sprachenzentrum der Helmut-Schmidt-Universit\u00e4t\/Universit\u00e4t der Bundeswehr Hamburg<\/strong><\/p>\n\n\n\n<div class=\"wp-block-columns is-layout-flex wp-container-core-columns-is-layout-9d6595d7 wp-block-columns-is-layout-flex\">\n<div class=\"wp-block-column is-layout-flow wp-block-column-is-layout-flow\"><\/div>\n<\/div>\n\n\n\n<p><\/p>\n\n\n\n<p class=\"has-text-align-center\"><\/p>\n\n\n\n<div style=\"height:25px\" aria-hidden=\"true\" class=\"wp-block-spacer\"><\/div>\n\n\n\n<hr class=\"wp-block-separator has-alpha-channel-opacity is-style-default\" \/>\n\n\n\n<div style=\"height:25px\" aria-hidden=\"true\" class=\"wp-block-spacer\"><\/div>\n\n\n\n<h2 class=\"wp-block-heading\">Aktuelles<\/h2>\n\n\n\n<div style=\"height:25px\" aria-hidden=\"true\" class=\"wp-block-spacer\"><\/div>\n\n\n<div id=\"category_content_vxHDV7Em\" class=\"hsu_category archive-page\"><article  id=\"post-3323\" class=\"category-list-item post-3323 post type-post status-publish format-standard hentry \"><a href=\"https:\/\/www.hsu-hh.de\/sprachen\/die-kleinen-sprachen-sind-zurueck-das-sprachenzentrum-erweitert-sein-portfolio\" title=\"NEU: Arabisch, Koreanisch, Japanisch, Polnisch, Schwedisch. Das Sprachenzentrum erweitert sein Portfolio.\" ><div class=\"hsu_category_article-content-wrap\"><div class=\"hsu_category_article-content-wrap-inner\"><div>\t<header class=\"entry-header\">\t\t<h3 class=\"entry-title\">NEU: Arabisch, Koreanisch, Japanisch, Polnisch, Schwedisch. Das Sprachenzentrum erweitert sein Portfolio.\t\t<\/h3>\t<\/header><div class=\"entry-content-excerpt\">Ab dem Wintertrimester 2025 bieten wir neben unseren Modulkursen wieder weitere Sprachkurse wie Schwedisch, Arabisch, Koreanisch, Japanisch, Italienisch und Polnisch\u00a0an. Weitere Sprachkurse befinden sich in Planung. Die Kurse stehen allen Studierenden und Mitarbeitenden der HSU offen. Interesse? Informieren Sie sich hier \u00fcber unser Angebot.<\/div> <\/div><\/div><\/div><\/a><\/article><article  id=\"post-3297\" class=\"category-list-item post-3297 post type-post status-publish format-standard hentry \"><a href=\"https:\/\/www.hsu-hh.de\/sprachen\/tandem-programm-des-sprachenzentrums-hat-neue-kooperationspartner\" title=\"*** Tandem Programm des Sprachenzentrums hat neue Kooperationspartner***\" ><div class=\"hsu_category_article-content-wrap\"><div class=\"hsu_category_article-content-wrap-inner\"><div>\t<header class=\"entry-header\">\t\t<h3 class=\"entry-title\">*** Tandem Programm des Sprachenzentrums hat neue Kooperationspartner***\t\t<\/h3>\t<\/header><div class=\"entry-content-excerpt\">Wir freuen uns, mit der Edinburgh University Students\u2019 Association, dem Language Resource Centre der Newcastle University, England, sowie der Maison des Langues de l&#8217;Universit\u00e9 de Poitiers, Frankreich, neue Kooperationspartner f\u00fcr unser Tandemprogramm gefunden zu haben. Sie haben Interesse an einem E-Tandem mit englischen oder franz\u00f6sischen Muttersprachler:innen? Senden Sie uns gerne Ihre Bewerbung oder Fragen an&#8230;<\/div> <\/div><\/div><\/div><\/a><\/article><article  id=\"post-3054\" class=\"category-list-item post-3054 post type-post status-publish format-standard hentry \"><a href=\"https:\/\/www.hsu-hh.de\/sprachen\/sommerintensivkurse-2024-jetzt-anmelden\" title=\"Sommerintensivkurse 2026 - Anmeldungen jetzt m\u00f6glich!\" ><div class=\"hsu_category_article-content-wrap\"><div class=\"hsu_category_article-content-wrap-inner\"><div>\t<header class=\"entry-header\">\t\t<h3 class=\"entry-title\">Sommerintensivkurse 2026 &#8211; Anmeldungen jetzt m\u00f6glich!\t\t<\/h3>\t<\/header><div class=\"entry-content-excerpt\">In der vorlesungsfreien Zeit 2026 bietet das Sprachenzentrum wieder Intensivkurse an. Diese finden von montags bis freitags jeweils von 08:00-13:00 Uhr statt. Anmeldung (unter Angabe von Namen, Matrikelnummer und Kurs) ab sofort\u00a0hier\u00a0oder direkt bei\u00a0Dr.\u00a0Novo (Raum 1124).Zu diesem Zeitpunkt sind folgende Intensivkurse geplant: ENGLISCH Die Englischmodule in der vorlesungsfreien Zeit k\u00f6nnen nicht als Praxismodule belegt werden,&#8230;<\/div> <\/div><\/div><\/div><\/a><\/article><\/div><div class=\"clearfix\"><\/div>\n\n\n<p><\/p>\n","protected":false},"excerpt":{"rendered":"<p>Herzlich Willkommen am Sprachenzentrum der Helmut-Schmidt-Universit\u00e4t\/Universit\u00e4t der Bundeswehr Hamburg Aktuelles<\/p>\n","protected":false},"author":1,"featured_media":0,"parent":0,"menu_order":0,"comment_status":"closed","ping_status":"closed","template":"","meta":{"footnotes":""},"categories":[35],"tags":[],"class_list":["post-73","page","type-page","status-publish","hentry","category-startseite"],"_links":{"self":[{"href":"https:\/\/www.hsu-hh.de\/sprachen\/wp-json\/wp\/v2\/pages\/73","targetHints":{"allow":["GET"]}}],"collection":[{"href":"https:\/\/www.hsu-hh.de\/sprachen\/wp-json\/wp\/v2\/pages"}],"about":[{"href":"https:\/\/www.hsu-hh.de\/sprachen\/wp-json\/wp\/v2\/types\/page"}],"author":[{"embeddable":true,"href":"https:\/\/www.hsu-hh.de\/sprachen\/wp-json\/wp\/v2\/users\/1"}],"replies":[{"embeddable":true,"href":"https:\/\/www.hsu-hh.de\/sprachen\/wp-json\/wp\/v2\/comments?post=73"}],"version-history":[{"count":284,"href":"https:\/\/www.hsu-hh.de\/sprachen\/wp-json\/wp\/v2\/pages\/73\/revisions"}],"predecessor-version":[{"id":3378,"href":"https:\/\/www.hsu-hh.de\/sprachen\/wp-json\/wp\/v2\/pages\/73\/revisions\/3378"}],"wp:attachment":[{"href":"https:\/\/www.hsu-hh.de\/sprachen\/wp-json\/wp\/v2\/media?parent=73"}],"wp:term":[{"taxonomy":"category","embeddable":true,"href":"https:\/\/www.hsu-hh.de\/sprachen\/wp-json\/wp\/v2\/categories?post=73"},{"taxonomy":"post_tag","embeddable":true,"href":"https:\/\/www.hsu-hh.de\/sprachen\/wp-json\/wp\/v2\/tags?post=73"}],"curies":[{"name":"wp","href":"https:\/\/api.w.org\/{rel}","templated":true}]}}