{"id":3360,"date":"2025-02-03T07:14:08","date_gmt":"2025-02-03T06:14:08","guid":{"rendered":"https:\/\/www.hsu-hh.de\/sprachen\/?page_id=3360"},"modified":"2025-02-03T07:14:15","modified_gmt":"2025-02-03T06:14:15","slug":"koreanisch","status":"publish","type":"page","link":"https:\/\/www.hsu-hh.de\/sprachen\/koreanisch","title":{"rendered":"Koreanisch"},"content":{"rendered":"\n<p>Koreanisch ist eine einzigartige Sprache und hat ein relativ junges, eigenes Alphabet bestehend aus 19 Konsonanten und 21 Vokalen. Nat\u00fcrlich gibt es aufgrund des Einflusses der chinesischen Sprache einige W\u00f6rter, die dem Chinesischen und Japanischen \u00e4hneln. Aber Koreanisch hat seine eigene Grammatik, Satzstellung und Redewendungen, welche die gesprochene Sprache und Kultur gut widerspiegelt (Respekt, H\u00f6flichkeit und Freundlichkeit). K-Kultur wie <abbr title=\"zum Beispiel\">z.B.<\/abbr> K-Pop, K-Filme, K-Literatur, K-Essen, K-Kosmetics sind bereits ber\u00fchmt, aber verlieben Sie sich durch diesen Kurs in den Charme der K-Sprache, Koreanisch!<\/p>\n\n\n\n<p>Kursbeginn: Mittwoch, 9. April<br>Kursende: Mittwoch, 18. Juni<br>Kurszeit: 15:45 bis 19:00 Uhr<br>Lehrbuch:\u00a0Fast &amp; Fun Korean 1, Verlag: Darakwon \/<abbr title=\"International Standard Book Number\">ISBN<\/abbr>: 978-3-12-528657-3<br>Kursleiterin: Misun Nam<\/p>\n","protected":false},"excerpt":{"rendered":"<p>Koreanisch ist eine einzigartige Sprache und hat ein relativ junges, eigenes Alphabet bestehend aus 19 Konsonanten und 21 Vokalen. Nat\u00fcrlich gibt es aufgrund des Einflusses der chinesischen Sprache einige W\u00f6rter, [&hellip;]<\/p>\n","protected":false},"author":3324,"featured_media":0,"parent":0,"menu_order":0,"comment_status":"closed","ping_status":"closed","template":"","meta":{"footnotes":""},"categories":[4],"tags":[],"class_list":["post-3360","page","type-page","status-publish","hentry","category-forschung"],"_links":{"self":[{"href":"https:\/\/www.hsu-hh.de\/sprachen\/wp-json\/wp\/v2\/pages\/3360","targetHints":{"allow":["GET"]}}],"collection":[{"href":"https:\/\/www.hsu-hh.de\/sprachen\/wp-json\/wp\/v2\/pages"}],"about":[{"href":"https:\/\/www.hsu-hh.de\/sprachen\/wp-json\/wp\/v2\/types\/page"}],"author":[{"embeddable":true,"href":"https:\/\/www.hsu-hh.de\/sprachen\/wp-json\/wp\/v2\/users\/3324"}],"replies":[{"embeddable":true,"href":"https:\/\/www.hsu-hh.de\/sprachen\/wp-json\/wp\/v2\/comments?post=3360"}],"version-history":[{"count":1,"href":"https:\/\/www.hsu-hh.de\/sprachen\/wp-json\/wp\/v2\/pages\/3360\/revisions"}],"predecessor-version":[{"id":3361,"href":"https:\/\/www.hsu-hh.de\/sprachen\/wp-json\/wp\/v2\/pages\/3360\/revisions\/3361"}],"wp:attachment":[{"href":"https:\/\/www.hsu-hh.de\/sprachen\/wp-json\/wp\/v2\/media?parent=3360"}],"wp:term":[{"taxonomy":"category","embeddable":true,"href":"https:\/\/www.hsu-hh.de\/sprachen\/wp-json\/wp\/v2\/categories?post=3360"},{"taxonomy":"post_tag","embeddable":true,"href":"https:\/\/www.hsu-hh.de\/sprachen\/wp-json\/wp\/v2\/tags?post=3360"}],"curies":[{"name":"wp","href":"https:\/\/api.w.org\/{rel}","templated":true}]}}