{"id":3356,"date":"2025-01-29T11:58:38","date_gmt":"2025-01-29T10:58:38","guid":{"rendered":"https:\/\/www.hsu-hh.de\/sprachen\/?page_id=3356"},"modified":"2025-01-29T11:58:45","modified_gmt":"2025-01-29T10:58:45","slug":"polnisch","status":"publish","type":"page","link":"https:\/\/www.hsu-hh.de\/sprachen\/polnisch","title":{"rendered":"Polnisch"},"content":{"rendered":"\n<p>Kursbeginn: Montag, 7. Juli<br>Kursende: Mittwoch, 23. Juli<br>Kurszeit: 11:00 bis 17:00 Uhr<\/p>\n\n\n\n<p><strong>Inhalte<\/strong><\/p>\n\n\n\n<p>Am Anfang des Erlernens einer Sprache bilden die linguistischen Kompetenzen (Schwerpunkte Grammatik und Wortschatz) orientiert an der kommunikativen Sprachkompetenz den zentralen Lernschwerpunkt. \u00dcber diese genannten Elemente hinaus sollen die Studierenden gleichzeitig die Sprache in ihrem soziokulturellen Kontext kennen lernen. Hier k\u00f6nnen einige soziolinguistische Kompetenzen entwickelt werden, indem die Studierenden schon auf diesem Niveau einige spezifische kulturelle Eigenarten kennen lernen, um so den direkten und offenen Kontakt mit Muttersprachler*innen zu gew\u00e4hrleisten.<br>Dazu erwerben die Studierenden Techniken der Wissensorganisation zum Erlernen einer neuen Sprache und zur Reflexion \u00fcber den eigenen Lernprozess mit dem Ziel diesen Prozess effektiv zu gestalten.<\/p>\n\n\n\n<p><strong>Ziel<\/strong><\/p>\n\n\n\n<p>F\u00fchrt zum Niveau A1 des Gemeinsamen europ\u00e4ischen Referenzrahmens (GER).<br>Am Ende des Niveaus A1 k\u00f6nnen sich die Studierenden auf einfache Weise in der gew\u00e4hlten Sprache verst\u00e4ndigen. Sie k\u00f6nnen soziale Kontakte schriftlich und m\u00fcndlich herstellen und in realistischen Alltagssituationen an und au\u00dferhalb der Universit\u00e4t einfache Bed\u00fcrfnisse ausdr\u00fccken, konkrete Fragen stellen und auf entsprechende Fragen zu ihrer Person und ihren Interessen antworten, sowie einfache Sachverhalte (Personen, Objekte, L\u00e4nder) in kurzen S\u00e4tzen beschreiben. Sie k\u00f6nnen in sehr einfacher Form Vorlieben und Abneigungen ausdr\u00fccken und begr\u00fcnden.<\/p>\n\n\n\n<p><strong>Teilnahmevoraussetzungen<\/strong><\/p>\n\n\n\n<p>F\u00fcr Anf\u00e4nger ohne Vorkenntnisse<\/p>\n\n\n\n<p><strong>Literatur<\/strong><\/p>\n\n\n\n<p><strong>Razem neu A1-A2 &#8211; Hybride Ausgabe allango<\/strong><br><strong>Polnisch f\u00fcr Anf\u00e4nger<\/strong><br><strong>Kursbuch mit Audios inklusive Lizenzschl\u00fcssel allango (24 Monate<\/strong>)<br><strong><abbr title=\"International Standard Book Number\">ISBN<\/abbr><\/strong>\u00a0<strong>978-3-12-528669-6<br><\/strong><br>und<br><br><a href=\"https:\/\/www.klett-sprachen.de\/razem-neu-a1-a2\/t-1\/9783125286429\" rel='nofollow'><strong>Razem neu A1-A2<\/strong><\/a><br><strong>\u00dcbungsbuch A1 &#8211; A2<br><abbr title=\"International Standard Book Number\">ISBN<\/abbr><\/strong>\u00a0<strong> 978-3-12-528642-9<\/strong><\/p>\n","protected":false},"excerpt":{"rendered":"<p>Kursbeginn: Montag, 7. JuliKursende: Mittwoch, 23. JuliKurszeit: 11:00 bis 17:00 Uhr Inhalte Am Anfang des Erlernens einer Sprache bilden die linguistischen Kompetenzen (Schwerpunkte Grammatik und Wortschatz) orientiert an der kommunikativen [&hellip;]<\/p>\n","protected":false},"author":3324,"featured_media":0,"parent":0,"menu_order":0,"comment_status":"closed","ping_status":"closed","template":"","meta":{"footnotes":""},"categories":[4],"tags":[],"class_list":["post-3356","page","type-page","status-publish","hentry","category-forschung"],"_links":{"self":[{"href":"https:\/\/www.hsu-hh.de\/sprachen\/wp-json\/wp\/v2\/pages\/3356","targetHints":{"allow":["GET"]}}],"collection":[{"href":"https:\/\/www.hsu-hh.de\/sprachen\/wp-json\/wp\/v2\/pages"}],"about":[{"href":"https:\/\/www.hsu-hh.de\/sprachen\/wp-json\/wp\/v2\/types\/page"}],"author":[{"embeddable":true,"href":"https:\/\/www.hsu-hh.de\/sprachen\/wp-json\/wp\/v2\/users\/3324"}],"replies":[{"embeddable":true,"href":"https:\/\/www.hsu-hh.de\/sprachen\/wp-json\/wp\/v2\/comments?post=3356"}],"version-history":[{"count":1,"href":"https:\/\/www.hsu-hh.de\/sprachen\/wp-json\/wp\/v2\/pages\/3356\/revisions"}],"predecessor-version":[{"id":3357,"href":"https:\/\/www.hsu-hh.de\/sprachen\/wp-json\/wp\/v2\/pages\/3356\/revisions\/3357"}],"wp:attachment":[{"href":"https:\/\/www.hsu-hh.de\/sprachen\/wp-json\/wp\/v2\/media?parent=3356"}],"wp:term":[{"taxonomy":"category","embeddable":true,"href":"https:\/\/www.hsu-hh.de\/sprachen\/wp-json\/wp\/v2\/categories?post=3356"},{"taxonomy":"post_tag","embeddable":true,"href":"https:\/\/www.hsu-hh.de\/sprachen\/wp-json\/wp\/v2\/tags?post=3356"}],"curies":[{"name":"wp","href":"https:\/\/api.w.org\/{rel}","templated":true}]}}