{"id":3349,"date":"2025-01-29T11:50:46","date_gmt":"2025-01-29T10:50:46","guid":{"rendered":"https:\/\/www.hsu-hh.de\/sprachen\/?page_id=3349"},"modified":"2025-01-29T11:54:05","modified_gmt":"2025-01-29T10:54:05","slug":"japanisch","status":"publish","type":"page","link":"https:\/\/www.hsu-hh.de\/sprachen\/japanisch","title":{"rendered":"Japanisch"},"content":{"rendered":"\n<p><strong>Japanisch f\u00fcr Anf\u00e4nger (ohne Vorkenntnis)<\/strong>&nbsp;<\/p>\n\n\n\n<p>Kursbeginn: Montag, 7. April<br>Kursende: Montag, 16. Juni<br>Kurszeit: 15:45 bis 19:00 Uhr<\/p>\n\n\n\n<p>1.&nbsp;&nbsp;&nbsp;&nbsp; 15:45\u201317:15: Schrift (<em>Hiragana &amp; Katakana<\/em>), Grammatik<\/p>\n\n\n\n<p>2.&nbsp;&nbsp;&nbsp;&nbsp; 17:30\u201319:00: Praktische \u00dcbungen (Aussprache, Dialoge, Spiele <abbr title=\"und so weiter\">usw.<\/abbr>)<\/p>\n\n\n\n<p>Im ersten Unterrichtsteil (15:30\u201317:15) werden wir zun\u00e4chst,&nbsp;ca. 30 min,&nbsp;die japanische Schrift, Hiragana und Katakana, nach und nach erlernen. Danach folgt die Grammatik, f\u00fcr die wir grunds\u00e4tzlich das Lernbuch&nbsp;<em>Minna no Nihongo<\/em>&nbsp;I (\u307f\u3093\u306a\u306e\u65e5\u672c\u8a9e&nbsp;\u521d\u7d1aI) verwenden. Anhand dieses Lernbuches werden mit Fragen und \u00dcbungen die neu eingef\u00fchrten Vokabeln und Grammatikelemente einge\u00fcbt. Bei Bedarf werden themenweise zus\u00e4tzlich noch (interessante\/besser erkl\u00e4rte) Lehrmaterialien verwendet. (Alle Materialien k\u00f6nnen als PDF verteilt werden.)&nbsp;Im zweiten Unterrichtsteil (17:30\u201319:00) wird der Schwerpunkt auf die praktische \u00dcbung gelegt. Die Ein\u00fcbung der japanischen Aussprache dient dazu, dass die Lernenden die japanischen Kl\u00e4nge erkennen und&nbsp;sich von Anfang an&nbsp;mit der authentischen Aussprache vertraut machen. Um eine Br\u00fccke zwischen der theoretischen Grammatik und der echten Kommunikation zu bauen, lernen die Lernenden z. B. in Form eines Dialogs oder eines Spiels, m\u00f6glichst viel zu sprechen. Die typischen Sprachelemente wie z. B. die \u201echinesischen&#8220; Schriftzeichen (<em>Kanji<\/em>), kulturelle Nuancen und H\u00f6flichkeitsformen (<em>Keigo<\/em>) oder die Onomatop\u00f6ie <abbr title=\"und so weiter\">usw.<\/abbr> werden im Laufe des&nbsp;Trimesters gesondert angesprochen.<\/p>\n\n\n\n<p>Lernziele&nbsp;f\u00fcr&nbsp;<strong>Japanisch f\u00fcr Anf\u00e4nger (ohne Vorkenntnis)<\/strong>&nbsp;sind vor allem die Beherrschung der zwei japanischen Schriftarten,&nbsp;<em>Hiragana<\/em>&nbsp;und&nbsp;<em>Katakana<\/em>, sowie die F\u00e4higkeit, sich auf Japanisch (mit guter Aussprache!) vorzustellen oder einfache Konversationen zu f\u00fchren. Damit wir gemeinsam diese Ziele erreichen k\u00f6nnen, sind individuelle Vor- und Nacharbeiten sehr erw\u00fcnscht.<\/p>\n","protected":false},"excerpt":{"rendered":"<p>Japanisch f\u00fcr Anf\u00e4nger (ohne Vorkenntnis)&nbsp; Kursbeginn: Montag, 7. AprilKursende: Montag, 16. JuniKurszeit: 15:45 bis 19:00 Uhr 1.&nbsp;&nbsp;&nbsp;&nbsp; 15:45\u201317:15: Schrift (Hiragana &amp; Katakana), Grammatik 2.&nbsp;&nbsp;&nbsp;&nbsp; 17:30\u201319:00: Praktische \u00dcbungen (Aussprache, Dialoge, Spiele [&hellip;]<\/p>\n","protected":false},"author":3324,"featured_media":0,"parent":0,"menu_order":0,"comment_status":"closed","ping_status":"closed","template":"","meta":{"footnotes":""},"categories":[4],"tags":[],"class_list":["post-3349","page","type-page","status-publish","hentry","category-forschung"],"_links":{"self":[{"href":"https:\/\/www.hsu-hh.de\/sprachen\/wp-json\/wp\/v2\/pages\/3349","targetHints":{"allow":["GET"]}}],"collection":[{"href":"https:\/\/www.hsu-hh.de\/sprachen\/wp-json\/wp\/v2\/pages"}],"about":[{"href":"https:\/\/www.hsu-hh.de\/sprachen\/wp-json\/wp\/v2\/types\/page"}],"author":[{"embeddable":true,"href":"https:\/\/www.hsu-hh.de\/sprachen\/wp-json\/wp\/v2\/users\/3324"}],"replies":[{"embeddable":true,"href":"https:\/\/www.hsu-hh.de\/sprachen\/wp-json\/wp\/v2\/comments?post=3349"}],"version-history":[{"count":2,"href":"https:\/\/www.hsu-hh.de\/sprachen\/wp-json\/wp\/v2\/pages\/3349\/revisions"}],"predecessor-version":[{"id":3354,"href":"https:\/\/www.hsu-hh.de\/sprachen\/wp-json\/wp\/v2\/pages\/3349\/revisions\/3354"}],"wp:attachment":[{"href":"https:\/\/www.hsu-hh.de\/sprachen\/wp-json\/wp\/v2\/media?parent=3349"}],"wp:term":[{"taxonomy":"category","embeddable":true,"href":"https:\/\/www.hsu-hh.de\/sprachen\/wp-json\/wp\/v2\/categories?post=3349"},{"taxonomy":"post_tag","embeddable":true,"href":"https:\/\/www.hsu-hh.de\/sprachen\/wp-json\/wp\/v2\/tags?post=3349"}],"curies":[{"name":"wp","href":"https:\/\/api.w.org\/{rel}","templated":true}]}}