{"id":3020,"date":"2024-01-30T15:45:03","date_gmt":"2024-01-30T14:45:03","guid":{"rendered":"https:\/\/www.hsu-hh.de\/sprachen\/?page_id=3020"},"modified":"2026-01-25T14:40:30","modified_gmt":"2026-01-25T13:40:30","slug":"sommerintensivkurse-2024","status":"publish","type":"page","link":"https:\/\/www.hsu-hh.de\/sprachen\/sommerintensivkurse-2024","title":{"rendered":"Sommerintensivkurse 2026"},"content":{"rendered":"\n<p id=\"block-c957f810-f558-4dfb-8860-3d2b32ef1e16\">Hier finden Sie Informationen zu den Sommerintensivkursen 2026. F\u00fcr das Jahr 2027 werden die Informationen im kommenden Fr\u00fchjahr auf den neusten Stand gebracht.<\/p>\n\n\n\n<p id=\"block-c957f810-f558-4dfb-8860-3d2b32ef1e16\"><br>In der vorlesungsfreien Zeit 2026 bietet das Sprachenzentrum wieder Intensivkurse an. Diese finden von montags bis freitags jeweils von 08:00-13:00 Uhr statt. Anmeldung (unter Angabe von Namen, Matrikelnummer und Kurs) ab sofort\u00a0<a href=\"mailto:novo@hsu-hh.de\" rel='nofollow'>hier<\/a>\u00a0oder direkt bei\u00a0<abbr title=\"Doktor\">Dr.<\/abbr>\u00a0Novo (Raum 1124).<br>Zu diesem Zeitpunkt sind folgende Intensivkurse geplant:<\/p>\n\n\n\n<div style=\"height:49px\" aria-hidden=\"true\" class=\"wp-block-spacer\"><\/div>\n\n\n\n<p style=\"font-size:28px\"><strong>ENGLISCH<\/strong><\/p>\n\n\n\n<p>Die Englischmodule in der vorlesungsfreien Zeit k\u00f6nnen nicht als Praxismodule belegt werden, sondern sind als Intensivkurse konzipiert, die Studierenden die Gelegenheit zum Erwerb der 4 ECTS geben sollen.<\/p>\n\n\n\n<p>Die Englischmodule in der vorlesungsfreien Zeit k\u00f6nnen nicht als Praxismodule belegt werden, sondern sind als Intensivkurse konzipiert, die Studierenden die Gelegenheit zum Erwerb der 4 ECTS geben sollen.<\/p>\n\n\n\n<p><strong>Business English (BEC)<\/strong>: 13.07.-31.07.2026<br>Dauer: 3 Wochen \/ ECTS: 4<br>M\u00fcndliche Pr\u00fcfung und schriftliche Pr\u00fcfung in Form eines Portfolios<\/p>\n\n\n\n<p><strong>General English Topics (GET)<\/strong>: 24.08.-11.09.2026<br>Dauer: 3 Wochen \/ ECTS: 4<br>M\u00fcndliche Pr\u00fcfung und schriftliche Pr\u00fcfung in Form eines Portfolios<\/p>\n\n\n\n<p style=\"font-size:27px\"><strong>RUSSISCH<\/strong><\/p>\n\n\n\n<p><strong>Niveau A1.1<\/strong>: 13.07.-31.07.2026<br>Achtung: F\u00fcr den Erwerb der ECTS d\u00fcrfen sich nur Anf\u00e4nger ohne Vorkenntnisse anmelden!<br>Dauer: 3 Wochen \/ ECTS: 4<br>M\u00fcndliche Pr\u00fcfung und schriftliche Pr\u00fcfung in Form eines Portfolios<\/p>\n\n\n\n<p style=\"font-size:28px\"><strong>FRANZ\u00d6SISCH<\/strong><\/p>\n\n\n\n<p><strong>Modul A1<\/strong>: 13.07.-31.07.2026<br>4 ECTS \/ 3 Wochen<br>Anf\u00e4nger ohne Vorkenntnisse oder max. bis 2 Jahren Schulunterricht<\/p>\n\n\n\n<p><strong>Modul A2<\/strong>: 13.07.-31.07.2026<br>4 ECTS \/ 3 Wochen<br>Sprachkenntnisse im Umfang von max. 4 Jahren Schulunterricht<\/p>\n\n\n\n<p><strong>Modul B1<\/strong>: 13.07.-31.07.2026<br>4 ECTS \/ 3 Wochen<br>Sprachkenntnisse im Umfang von max. 6 Jahren Schulunterricht<\/p>\n\n\n\n<p><strong>Sprachkurse als Praktikumsersatz \u2013 Praxismodul Studiengang Politikwissenschaft<\/strong>:<\/p>\n\n\n\n<p>\u2013BACHELORPHASE<\/p>\n\n\n\n<p><strong>Praxismodul A1<\/strong>: 13.07.-14.08.2026<br>7 ECTS \/ 5 Wochen<br>Anf\u00e4nger ohne Vorkenntnisse oder max. bis 2 Jahren Schulunterricht<\/p>\n\n\n\n<p><strong>Praxismodul A2<\/strong>: 13.07.-14.08.2026<br>7 ECTS \/ 5 Wochen<br>Sprachkenntnisse im Umfang von max. 4 Jahren Schulunterricht<\/p>\n\n\n\n<p><strong>Praxismodul B1<\/strong>: 13.07.-14.08.2026<br>7 ECTS \/ 5 Wochen<br>Sprachkenntnisse im Umfang von max. 6 Jahren Schulunterricht<\/p>\n\n\n\n<p>-MASTERPHASE<\/p>\n\n\n\n<p><strong>Praxismodul A1<\/strong>: 13.07.-07.08.2026<br>5 ECTS \/ 4 Wochen<br>Anf\u00e4nger ohne Vorkenntnisse oder max. bis 2 Jahren Schulunterricht<\/p>\n\n\n\n<p><strong>Praxismodul A2<\/strong>: 13.07.-07.08.2026<br>5 ECTS \/ 4 Wochen<br>Sprachkenntnisse im Umfang von max. 4 Jahren Schulunterricht<\/p>\n\n\n\n<p><strong>Praxismodul B1<\/strong>: 13.07.-07.08.2026<br>5 ECTS \/ 4 Wochen<br>Sprachkenntnisse im Umfang von max. 6 Jahren Schulunterricht<\/p>\n\n\n\n<p><strong>Sprachkurse als Praktikumsersatz Studiengang Geschichtswissenschaft:<\/strong><\/p>\n\n\n\n<p><strong>Praktikum f\u00fcr Historiker A1<\/strong>: 13.07.-21.08.2026<br>10 ETCS \/ 6 Wochen<br>Anf\u00e4nger ohne Vorkenntnisse oder max. bis 2 Jahren Schulunterricht<\/p>\n\n\n\n<p><strong>Praktikum f\u00fcr Historiker A2:<\/strong>&nbsp;13.07.-21.08.2026<br>10 ETCS \/ 6 Wochen<br>Sprachkenntnisse im Umfang von max. 4 Jahren Schulunterricht<\/p>\n\n\n\n<p><strong>Praktikum f\u00fcr Historiker B1<\/strong>: 13.07.-21.08.2026<br>10 ETCS \/ 6 Wochen<br>Sprachkenntnisse im Umfang von max. 6 Jahren Schulunterricht<br><\/p>\n\n\n\n<p style=\"font-size:28px\"><strong>SPANISCH<\/strong><\/p>\n\n\n\n<p><strong>Modul A1 Anf\u00e4nger<\/strong>: 07.07.-25.07.2026<br>Dauer: 3 Wochen \/ ETCS: 4<br>M\u00fcndliche Pr\u00fcfung und schriftliche Pr\u00fcfung in Form eines Portfolios<\/p>\n\n\n\n<p><strong>Modul A1-Anf\u00e4nger:<\/strong>&nbsp;17.08.-04.09.2026<br>Dauer: 3 Wochen \/ ETCS: 4<br>M\u00fcndliche Pr\u00fcfung und schriftliche Pr\u00fcfung in Form eines Portfolios<\/p>\n\n\n\n<p><strong>Praxismodul Studiengang Politikwissenschaft:<\/strong><\/p>\n\n\n\n<p>BACHELORPHASE<br><br><strong>Praxismodul A1<\/strong>: 17.08.- 18.09.2026<br>Dauer: 5 Wochen \/ ECTS: 7<\/p>\n\n\n\n<p>MASTERPHASE<br><br><strong>Praxismodul A1<\/strong>: 17.08. \u2013 11.09.2026<br>Dauer: 4 Wochen \/ ECTS: 5<\/p>\n\n\n\n<p><br><\/p>\n","protected":false},"excerpt":{"rendered":"<p>Hier finden Sie Informationen zu den Sommerintensivkursen 2026. F\u00fcr das Jahr 2027 werden die Informationen im kommenden Fr\u00fchjahr auf den neusten Stand gebracht. In der vorlesungsfreien Zeit 2026 bietet das [&hellip;]<\/p>\n","protected":false},"author":3324,"featured_media":0,"parent":0,"menu_order":0,"comment_status":"closed","ping_status":"closed","template":"","meta":{"footnotes":""},"categories":[4],"tags":[],"class_list":["post-3020","page","type-page","status-publish","hentry","category-forschung"],"_links":{"self":[{"href":"https:\/\/www.hsu-hh.de\/sprachen\/wp-json\/wp\/v2\/pages\/3020","targetHints":{"allow":["GET"]}}],"collection":[{"href":"https:\/\/www.hsu-hh.de\/sprachen\/wp-json\/wp\/v2\/pages"}],"about":[{"href":"https:\/\/www.hsu-hh.de\/sprachen\/wp-json\/wp\/v2\/types\/page"}],"author":[{"embeddable":true,"href":"https:\/\/www.hsu-hh.de\/sprachen\/wp-json\/wp\/v2\/users\/3324"}],"replies":[{"embeddable":true,"href":"https:\/\/www.hsu-hh.de\/sprachen\/wp-json\/wp\/v2\/comments?post=3020"}],"version-history":[{"count":28,"href":"https:\/\/www.hsu-hh.de\/sprachen\/wp-json\/wp\/v2\/pages\/3020\/revisions"}],"predecessor-version":[{"id":3539,"href":"https:\/\/www.hsu-hh.de\/sprachen\/wp-json\/wp\/v2\/pages\/3020\/revisions\/3539"}],"wp:attachment":[{"href":"https:\/\/www.hsu-hh.de\/sprachen\/wp-json\/wp\/v2\/media?parent=3020"}],"wp:term":[{"taxonomy":"category","embeddable":true,"href":"https:\/\/www.hsu-hh.de\/sprachen\/wp-json\/wp\/v2\/categories?post=3020"},{"taxonomy":"post_tag","embeddable":true,"href":"https:\/\/www.hsu-hh.de\/sprachen\/wp-json\/wp\/v2\/tags?post=3020"}],"curies":[{"name":"wp","href":"https:\/\/api.w.org\/{rel}","templated":true}]}}