{"id":2133,"date":"2023-02-01T12:59:26","date_gmt":"2023-02-01T11:59:26","guid":{"rendered":"https:\/\/www.hsu-hh.de\/sprachen\/?page_id=2133"},"modified":"2026-04-15T11:51:51","modified_gmt":"2026-04-15T09:51:51","slug":"projekte","status":"publish","type":"page","link":"https:\/\/www.hsu-hh.de\/sprachen\/projekte","title":{"rendered":"Projekte"},"content":{"rendered":"\n<div style=\"height:54px\" aria-hidden=\"true\" class=\"wp-block-spacer\"><\/div>\n\n\n\n<p>Unser <a href=\"https:\/\/www.hsu-hh.de\/sprachen\/tandem\">Tandem-Programm<\/a><\/p>\n\n\n\n<figure class=\"wp-block-image size-large\"><img loading=\"lazy\" decoding=\"async\" width=\"1024\" height=\"576\" src=\"https:\/\/www.hsu-hh.de\/sprachen\/wp-content\/uploads\/sites\/737\/2025\/02\/Tandem-Webseite-WT-25-Version-B-1024x576.jpg\" data-credit=\"David\" alt=\"\" class=\"wp-image-3386\" srcset=\"https:\/\/www.hsu-hh.de\/sprachen\/wp-content\/uploads\/sites\/737\/2025\/02\/Tandem-Webseite-WT-25-Version-B-1024x576.jpg 1024w, https:\/\/www.hsu-hh.de\/sprachen\/wp-content\/uploads\/sites\/737\/2025\/02\/Tandem-Webseite-WT-25-Version-B-300x169.jpg 300w, https:\/\/www.hsu-hh.de\/sprachen\/wp-content\/uploads\/sites\/737\/2025\/02\/Tandem-Webseite-WT-25-Version-B-768x432.jpg 768w, https:\/\/www.hsu-hh.de\/sprachen\/wp-content\/uploads\/sites\/737\/2025\/02\/Tandem-Webseite-WT-25-Version-B-1536x864.jpg 1536w, https:\/\/www.hsu-hh.de\/sprachen\/wp-content\/uploads\/sites\/737\/2025\/02\/Tandem-Webseite-WT-25-Version-B-1100x619.jpg 1100w, https:\/\/www.hsu-hh.de\/sprachen\/wp-content\/uploads\/sites\/737\/2025\/02\/Tandem-Webseite-WT-25-Version-B.jpg 1920w\" sizes=\"auto, (max-width: 1024px) 100vw, 1024px\" \/><\/figure>\n\n\n\n<p>Weitere Informationen sowie Anmeldeformulare finden Sie <a href=\"https:\/\/www.hsu-hh.de\/sprachen\/tandem\">hier<\/a>.<\/p>\n\n\n\n<figure class=\"wp-block-image size-large\"><img loading=\"lazy\" decoding=\"async\" width=\"1024\" height=\"791\" src=\"https:\/\/www.hsu-hh.de\/sprachen\/wp-content\/uploads\/sites\/737\/2026\/02\/Webseite1-1024x791.jpg\" data-credit=\"Schulte\" alt=\"\" class=\"wp-image-3554\" srcset=\"https:\/\/www.hsu-hh.de\/sprachen\/wp-content\/uploads\/sites\/737\/2026\/02\/Webseite1-1024x791.jpg 1024w, https:\/\/www.hsu-hh.de\/sprachen\/wp-content\/uploads\/sites\/737\/2026\/02\/Webseite1-300x232.jpg 300w, https:\/\/www.hsu-hh.de\/sprachen\/wp-content\/uploads\/sites\/737\/2026\/02\/Webseite1-768x593.jpg 768w, https:\/\/www.hsu-hh.de\/sprachen\/wp-content\/uploads\/sites\/737\/2026\/02\/Webseite1-1536x1187.jpg 1536w, https:\/\/www.hsu-hh.de\/sprachen\/wp-content\/uploads\/sites\/737\/2026\/02\/Webseite1-2048x1583.jpg 2048w, https:\/\/www.hsu-hh.de\/sprachen\/wp-content\/uploads\/sites\/737\/2026\/02\/Webseite1-1100x850.jpg 1100w\" sizes=\"auto, (max-width: 1024px) 100vw, 1024px\" \/><\/figure>\n\n\n\n<p>Weitere Informationen und Links zu bisherigen Publikationen finden Sie <a href=\"https:\/\/www.hsu-hh.de\/sprachen\/creative-writing\">hier<\/a>.<\/p>\n\n\n\n<hr class=\"wp-block-separator has-alpha-channel-opacity is-style-default\" \/>\n\n\n\n<p><a href=\"https:\/\/ilias.hsu-hh.de\/ilias.php?ref_id=407201&amp;cmdClass=ilrepositorygui&amp;cmdNode=zm&amp;baseClass=ilRepositoryGUI\" data-type=\"URL\" data-id=\"https:\/\/ilias.hsu-hh.de\/ilias.php?ref_id=407201&amp;cmdClass=ilrepositorygui&amp;cmdNode=zm&amp;baseClass=ilRepositoryGUI\" rel='nofollow'>Gemeinsames Lernangebot der Sprachenzentren der Universit\u00e4ten der Bundeswehr Hamburg und M\u00fcnchen<\/a><\/p>\n\n\n\n<div class=\"wp-block-columns is-layout-flex wp-container-core-columns-is-layout-9d6595d7 wp-block-columns-is-layout-flex\">\n<div class=\"wp-block-column is-vertically-aligned-center is-layout-flow wp-block-column-is-layout-flow\"><div class=\"wp-block-image\">\n<figure class=\"aligncenter size-full\"><img loading=\"lazy\" decoding=\"async\" width=\"221\" height=\"150\" src=\"https:\/\/www.hsu-hh.de\/sprachen\/wp-content\/uploads\/sites\/737\/2022\/07\/hsulogo.png\" data-credit=\"HSU\" alt=\"HSUlogo\" class=\"wp-image-2142\" \/><\/figure>\n<\/div><\/div>\n\n\n\n<div class=\"wp-block-column is-vertically-aligned-center is-layout-flow wp-block-column-is-layout-flow\"><div class=\"wp-block-image\">\n<figure class=\"aligncenter size-full is-resized\"><img loading=\"lazy\" decoding=\"async\" width=\"882\" height=\"170\" src=\"https:\/\/www.hsu-hh.de\/sprachen\/wp-content\/uploads\/sites\/737\/2022\/07\/882px-Signet_unibw.svg.png\" data-credit=\"unibw\" alt=\"unibw\" class=\"wp-image-2143\" style=\"width:297px;height:57px\" srcset=\"https:\/\/www.hsu-hh.de\/sprachen\/wp-content\/uploads\/sites\/737\/2022\/07\/882px-Signet_unibw.svg.png 882w, https:\/\/www.hsu-hh.de\/sprachen\/wp-content\/uploads\/sites\/737\/2022\/07\/882px-Signet_unibw.svg-300x58.png 300w, https:\/\/www.hsu-hh.de\/sprachen\/wp-content\/uploads\/sites\/737\/2022\/07\/882px-Signet_unibw.svg-768x148.png 768w\" sizes=\"auto, (max-width: 882px) 100vw, 882px\" \/><\/figure>\n<\/div><\/div>\n<\/div>\n\n\n\n<p>Liebe <abbr title=\"Helmut Schmidt Universit\u00e4t\">HSU<\/abbr>-Angeh\u00f6rige,<\/p>\n\n\n\n<p>wir freuen uns Ihnen <a href=\"https:\/\/ilias.hsu-hh.de\/ilias.php?ref_id=407201&amp;cmdClass=ilrepositorygui&amp;cmdNode=zm&amp;baseClass=ilRepositoryGUI\" data-type=\"URL\" data-id=\"https:\/\/ilias.hsu-hh.de\/ilias.php?ref_id=407201&amp;cmdClass=ilrepositorygui&amp;cmdNode=zm&amp;baseClass=ilRepositoryGUI\" rel='nofollow'>hier <\/a>\u00dcbungsmaterial zu pr\u00e4sentieren, das Ihnen beim \u00dcben und Lernen helfen soll. Das Material enth\u00e4lt \u00dcbungstests des Bundessprachenamtes und \u00dcbungen, die von den Lehrkr\u00e4ften der Sprachenzentren der beiden Bundeswehr-Universit\u00e4ten erstellt wurden. Wir w\u00fcnschen Ihnen viel Spa\u00df beim Ausprobieren und w\u00fcrden uns \u00fcber R\u00fcckmeldungen freuen. Diese Seiten befinden sich noch im Aufbau und wir hoffen, dass nach und nach neue \u00dcbungen hinzukommen werden.<\/p>\n\n\n\n<p><\/p>\n\n\n\n<p>Dear learners,<\/p>\n\n\n\n<p>On the <a href=\"https:\/\/ilias.hsu-hh.de\/ilias.php?ref_id=407201&amp;cmdClass=ilrepositorygui&amp;cmdNode=zm&amp;baseClass=ilRepositoryGUI\" data-type=\"URL\" data-id=\"https:\/\/ilias.hsu-hh.de\/ilias.php?ref_id=407201&amp;cmdClass=ilrepositorygui&amp;cmdNode=zm&amp;baseClass=ilRepositoryGUI\" rel='nofollow'>following pages<\/a> you will find exercises which were designed either by the Federal Office of Languages (Bundessprachenamt) in preparation for STANAG 6001 exams or by the teachers of the language centres of the two German military universities in Munich and Hamburg. We hope you will find these exercises helpful and would welcome any feedback you may have for us. With time, more exercises will follow.<\/p>\n\n\n\n<div class=\"wp-block-media-text is-stacked-on-mobile\"><figure class=\"wp-block-media-text__media\"><\/figure><div class=\"wp-block-media-text__content\">\n<p><\/p>\n<\/div><\/div>\n\n\n\n<hr class=\"wp-block-separator has-alpha-channel-opacity\" \/>\n\n\n\n<p><\/p>\n","protected":false},"excerpt":{"rendered":"<p>Unser Tandem-Programm Weitere Informationen sowie Anmeldeformulare finden Sie hier. Weitere Informationen und Links zu bisherigen Publikationen finden Sie hier. Gemeinsames Lernangebot der Sprachenzentren der Universit\u00e4ten der Bundeswehr Hamburg und M\u00fcnchen [&hellip;]<\/p>\n","protected":false},"author":3324,"featured_media":0,"parent":0,"menu_order":0,"comment_status":"closed","ping_status":"closed","template":"","meta":{"footnotes":""},"categories":[4],"tags":[],"class_list":["post-2133","page","type-page","status-publish","hentry","category-forschung"],"_links":{"self":[{"href":"https:\/\/www.hsu-hh.de\/sprachen\/wp-json\/wp\/v2\/pages\/2133","targetHints":{"allow":["GET"]}}],"collection":[{"href":"https:\/\/www.hsu-hh.de\/sprachen\/wp-json\/wp\/v2\/pages"}],"about":[{"href":"https:\/\/www.hsu-hh.de\/sprachen\/wp-json\/wp\/v2\/types\/page"}],"author":[{"embeddable":true,"href":"https:\/\/www.hsu-hh.de\/sprachen\/wp-json\/wp\/v2\/users\/3324"}],"replies":[{"embeddable":true,"href":"https:\/\/www.hsu-hh.de\/sprachen\/wp-json\/wp\/v2\/comments?post=2133"}],"version-history":[{"count":70,"href":"https:\/\/www.hsu-hh.de\/sprachen\/wp-json\/wp\/v2\/pages\/2133\/revisions"}],"predecessor-version":[{"id":3561,"href":"https:\/\/www.hsu-hh.de\/sprachen\/wp-json\/wp\/v2\/pages\/2133\/revisions\/3561"}],"wp:attachment":[{"href":"https:\/\/www.hsu-hh.de\/sprachen\/wp-json\/wp\/v2\/media?parent=2133"}],"wp:term":[{"taxonomy":"category","embeddable":true,"href":"https:\/\/www.hsu-hh.de\/sprachen\/wp-json\/wp\/v2\/categories?post=2133"},{"taxonomy":"post_tag","embeddable":true,"href":"https:\/\/www.hsu-hh.de\/sprachen\/wp-json\/wp\/v2\/tags?post=2133"}],"curies":[{"name":"wp","href":"https:\/\/api.w.org\/{rel}","templated":true}]}}