{"id":2128,"date":"2022-12-14T11:38:29","date_gmt":"2022-12-14T10:38:29","guid":{"rendered":"https:\/\/www.hsu-hh.de\/sprachen\/?page_id=2128"},"modified":"2023-08-15T11:53:32","modified_gmt":"2023-08-15T09:53:32","slug":"faqs","status":"publish","type":"page","link":"https:\/\/www.hsu-hh.de\/sprachen\/faqs","title":{"rendered":"FAQs"},"content":{"rendered":"\n<figure class=\"wp-block-image size-full is-resized\"><img loading=\"lazy\" decoding=\"async\" src=\"https:\/\/www.hsu-hh.de\/sprachen\/wp-content\/uploads\/sites\/737\/2017\/09\/j4RQbjUxWATSFFKK.jpg\" data-credit=\"\" alt=\"FAQ Bild\" class=\"wp-image-407\" width=\"135\" height=\"128\" \/><\/figure>\n\n\n\n<div style=\"height:56px\" aria-hidden=\"true\" class=\"wp-block-spacer\"><\/div>\n\n\n\n<p><strong>Welche Pr\u00fcfungsarten gibt es?<\/strong><\/p>\n\n\n\n<p>Wir unterscheiden zwischen den folgenden Pr\u00fcfungsarten: <\/p>\n\n\n\n<p>Milit\u00e4rische Forderung: SLP (Standardisiertes Leistungsprofil nach STANAG 6001), Pr\u00fcfungen des Bundesprachenamtes, in Pr\u00e4senz durchzuf\u00fchren <\/p>\n\n\n\n<p>Akademische Forderung: Modulpr\u00fcfung laut APO f\u00fcr 4 ECTS, Pr\u00fcfungen des Sprachenzentrums der <abbr title=\"Helmut Schmidt Universit\u00e4t\">HSU<\/abbr>, werden als Videopr\u00fcfung oder in Pr\u00e4senz im m\u00fcndlichen Gebrauch durchgef\u00fchrt und als Portfolio im schriftlichen Gebrauch <\/p>\n\n\n\n<p><a href=\"https:\/\/www.hsu-hh.de\/sprachen\/wp-content\/uploads\/sites\/737\/2023\/08\/FAQs-SLP-und-Modul.pdf\">Mehr Informationen zu SLP- und Modulpr\u00fcfungen<\/a><\/p>\n\n\n\n<p><strong>Wer kann an einem Modul teilnehmen?<\/strong><\/p>\n\n\n\n<p>Teilnehmen k\u00f6nnen Studierende aller Fakult\u00e4ten, die Vorkenntnisse entsprechend der Modulbeschreibungen besitzen. Bitte lassen Sie sich im Sprachenzentrum beraten, um einen f\u00fcr Sie angemessenen Kurs zu finden.<br><\/p>\n\n\n\n<p><strong>Wie melde ich mich f\u00fcr ein Modul an?<\/strong><\/p>\n\n\n\n<p>Die Anmeldung f\u00fcr alle unsere Sprachkurse erfolgt \u00fcber das Campus Management System im Herbsttrimester. Folgen Sie den Anweisungen am Orientierungstag. Hilfe bei der Anmeldung finden Sie hier: <a href=\"mailto:novo@hsu-hh.de\" data-type=\"mailto\" data-id=\"mailto:novo@hsu-hh.de\" rel='nofollow'><abbr title=\"Doktor\">Dr.<\/abbr> Maribel Novo<\/a>.<\/p>\n\n\n\n<p><strong>Wie kann ich die 4 Leistungspunkte erreichen?<\/strong><\/p>\n\n\n\n<p>1) Regelm\u00e4\u00dfige aktive Teilnahme an einem Modulkurs in drei Trimestern oder einem Intensivkurs in der vorlesungsfreien Zeit;<\/p>\n\n\n\n<p>2) Bestehen der Modulpr\u00fcfungen (diese findet in der Regel am Ende des Fr\u00fchjahrstrimesters statt).<\/p>\n\n\n\n<p><strong>Kann man ein Modul als Intensivkurs im Sommer belegen?<\/strong><\/p>\n\n\n\n<p>Ja. Wir bieten einige Module in den Sprachen Englisch, Franz\u00f6sisch, Spanisch und Russisch in der vorlesungsfreien Zeit an (3 Wochen \u00e0 5 Unterrichtsstunden am Tag).<\/p>\n\n\n\n<p><strong>Was sollte ich \u00fcber die Studien- und Pr\u00fcfungsordnung wissen?<\/strong><\/p>\n\n\n\n<p>Die LSt 3 (SLP 3332) ENGLISCH&nbsp; ist f\u00fcr alle Studierenden Voraussetzung f\u00fcr den Erwerb des Bachelors-Abschlusses. Dieses SLP 3332 ist sp\u00e4testens zum Ende des zweiten Studienjahres nachzuweisen.&nbsp; <strong>Ausnahme<\/strong>: Studiengang Politikwissenschaften: Das SLP 3332 muss bereits zum Ende des 1. Studienjahres nachgewiesen werden.<\/p>\n\n\n\n<hr class=\"wp-block-separator has-css-opacity\" \/>\n\n\n\n<p>Ein Sprachmodul mit 4 Leistungspunkten ist in allen Studieng\u00e4ngen vorgeschrieben.<\/p>\n\n\n\n<p><strong>Ausnahme 1<\/strong>: Studiengang Wirtschaftsingenieurwesen.<\/p>\n\n\n\n<p><strong>Ausnahme 2:<\/strong> Studierende aller Studieng\u00e4nge, die an den Zielkursen teilgenommen haben (also ohne ein vollst\u00e4ndiges SLP 3332 in Englisch an die <abbr title=\"Helmut Schmidt Universit\u00e4t\">HSU<\/abbr> gekommen sind), k\u00f6nnen das Sprachmodul durch eine andere akademische Leistung aus dem ISA-Bereich ersetzen.<\/p>\n\n\n\n<p><strong>ISA anstatt Sprachmodul?<\/strong><\/p>\n\n\n\n<p>Studierende aller Studieng\u00e4nge, die an den Zielkursen teilgenommen haben, k\u00f6nnen das Sprachmodul durch eine andere akademische Leistung (ISA Modul) substituieren. Legen Sie dazu im Pr\u00fcfungsamt folgende Informationen vor: a) schriftliche Best\u00e4tigung, dass Sie bei Beginn des Studiums kein vollst\u00e4ndiges SLP hatten &#8211; erhalten Sie im Gesch\u00e4ftszimmer &#8211; , b) schriftliche Angabe des gew\u00fcnschten ISA-Moduls.<\/p>\n","protected":false},"excerpt":{"rendered":"<p>Welche Pr\u00fcfungsarten gibt es? Wir unterscheiden zwischen den folgenden Pr\u00fcfungsarten: Milit\u00e4rische Forderung: SLP (Standardisiertes Leistungsprofil nach STANAG 6001), Pr\u00fcfungen des Bundesprachenamtes, in Pr\u00e4senz durchzuf\u00fchren Akademische Forderung: Modulpr\u00fcfung laut APO f\u00fcr [&hellip;]<\/p>\n","protected":false},"author":3324,"featured_media":0,"parent":0,"menu_order":0,"comment_status":"closed","ping_status":"closed","template":"","meta":{"footnotes":""},"categories":[4],"tags":[],"class_list":["post-2128","page","type-page","status-publish","hentry","category-forschung"],"_links":{"self":[{"href":"https:\/\/www.hsu-hh.de\/sprachen\/wp-json\/wp\/v2\/pages\/2128","targetHints":{"allow":["GET"]}}],"collection":[{"href":"https:\/\/www.hsu-hh.de\/sprachen\/wp-json\/wp\/v2\/pages"}],"about":[{"href":"https:\/\/www.hsu-hh.de\/sprachen\/wp-json\/wp\/v2\/types\/page"}],"author":[{"embeddable":true,"href":"https:\/\/www.hsu-hh.de\/sprachen\/wp-json\/wp\/v2\/users\/3324"}],"replies":[{"embeddable":true,"href":"https:\/\/www.hsu-hh.de\/sprachen\/wp-json\/wp\/v2\/comments?post=2128"}],"version-history":[{"count":12,"href":"https:\/\/www.hsu-hh.de\/sprachen\/wp-json\/wp\/v2\/pages\/2128\/revisions"}],"predecessor-version":[{"id":2795,"href":"https:\/\/www.hsu-hh.de\/sprachen\/wp-json\/wp\/v2\/pages\/2128\/revisions\/2795"}],"wp:attachment":[{"href":"https:\/\/www.hsu-hh.de\/sprachen\/wp-json\/wp\/v2\/media?parent=2128"}],"wp:term":[{"taxonomy":"category","embeddable":true,"href":"https:\/\/www.hsu-hh.de\/sprachen\/wp-json\/wp\/v2\/categories?post=2128"},{"taxonomy":"post_tag","embeddable":true,"href":"https:\/\/www.hsu-hh.de\/sprachen\/wp-json\/wp\/v2\/tags?post=2128"}],"curies":[{"name":"wp","href":"https:\/\/api.w.org\/{rel}","templated":true}]}}