{"id":2121,"date":"2023-01-26T09:34:44","date_gmt":"2023-01-26T08:34:44","guid":{"rendered":"https:\/\/www.hsu-hh.de\/sprachen\/?page_id=2121"},"modified":"2025-02-03T09:53:24","modified_gmt":"2025-02-03T08:53:24","slug":"weitere-sprachen","status":"publish","type":"page","link":"https:\/\/www.hsu-hh.de\/sprachen\/weitere-sprachen","title":{"rendered":"Weitere Sprachen"},"content":{"rendered":"\n<p><strong>NICHT-MODULKURSE<\/strong><\/p>\n\n\n\n<p>Neben unseren Modulkursen bieten wir auch weitere Sprachkurse an, die f\u00fcr alle Studierenden und Mitarbeiter offen sind. Das Angebot befindet sich gerade im Aufbau. F\u00fcr weitere Informationen oder bei Fragen wenden Sie sich gern jederzeit an <a href=\"mailto:hansens@hsu-hh.de\" rel='nofollow'>Sven Hansen<\/a>.<br>Bitte beachten Sie, dass in diesen Kursen keine Leistungspunkte (ECTS) erworben werden k\u00f6nnen.<\/p>\n\n\n\n<div style=\"height:39px\" aria-hidden=\"true\" class=\"wp-block-spacer\"><\/div>\n\n\n\n<p class=\"has-medium-font-size\"><strong>ARABISCH<\/strong> <\/p>\n\n\n\n<p>\u0627\u0644\u0644\u063a\u0629 \u0627\u0644\u0639\u0631\u0628\u064a\u0629 \u0644\u0644\u0645\u0628\u062a\u062f\u0626\u064a\u0646 (Arabisch f\u00fcr Anf\u00e4nger) &#8211; Werden Sie fit in Arabisch!<br>M\u00f6chten Sie die arabische Sprache von Grund auf lernen?<br>Unser Intensivkurs f\u00fcr Anf\u00e4nger ist genau das Richtige f\u00fcr Sie!<br>Ohne Vorkenntnisse starten Sie mit dem bew\u00e4hrten Lehrbuch \u201eSalam A1-A2 Arabisch f\u00fcr Anf\u00e4nger\u201c und tauchen in die faszinierende Welt der arabischen Sprache ein.<br>Unser erfahrener Lehrer <abbr title=\"Doktor\">Dr.<\/abbr> Mahmood Khalifa mit \u00fcber 20 Jahren Unterrichtserfahrung legt besonderen Wert auf das gesprochene Arabisch, sodass Sie sich schnell in Alltagssituationen verst\u00e4ndigen k\u00f6nnen.<br>Starten Sie im Fr\u00fchjahrstrimester Ihre Sprachreise und entdecken Sie eine neue Welt!<\/p>\n\n\n\n<p>Kursbeginn: Dienstag, 8. April<br>Kursende: Dienstag, 17. Juni<br>Kurszeit: 15:45 &#8211; 19:00 Uhr<\/p>\n\n\n\n<p>Dieser Kurs ist f\u00fcr Studierende und Mitarbeitende kostenpflichtig! F\u00fcr weitere Informationen wenden Sie sich an <a href=\"mailto:hansens@hsu-hh.de\" rel='nofollow'>Sven Hansen<\/a>.<\/p>\n\n\n\n<div style=\"height:100px\" aria-hidden=\"true\" class=\"wp-block-spacer\"><\/div>\n\n\n\n<p><strong><a href=\"https:\/\/www.hsu-hh.de\/sprachen\/?page_id=3349\">JAPANISCH<\/a><\/strong><\/p>\n\n\n\n<p>\u521d\u5fc3\u8005\u306e\u305f\u3081\u306e\u65e5\u672c\u8a9e &#8211; Japanisch f\u00fcr Anf\u00e4nger<\/p>\n\n\n\n<p>Japanisch Intensivkurs ohne Vorkenntnisse f\u00fcr Studierende und Mitarbeitende, die gern die Grundlagen der japanischen Sprache erlernen und tiefere Einblicke in die Kultur und Geschichte Japans bekommen m\u00f6chten. Unsere erfahrene Dozentin Frau <abbr title=\"Doktor\">Dr.<\/abbr> Ayako Nakamura vermittelt Ihnen dabei die Grundlagen der japanischen Sprache in Wort und Schrift.<\/p>\n\n\n\n<p>Kursbeginn: Montag, 7. April<br>Kursende: Montag, 16. Juni<br>Kurszeit: 15:45 bis 19:00 Uhr<\/p>\n\n\n\n<p>Dieser Kurs ist f\u00fcr Studierende und Mitarbeitende kostenpflichtig! Weitere Einzelheiten finden Sie <a href=\"https:\/\/www.hsu-hh.de\/sprachen\/?page_id=3349\">hier<\/a>. Bei Fragen wenden Sie sich an <a href=\"mailto:hansens@hsu-hh.de\" rel='nofollow'>Sven Hansen<\/a>.<\/p>\n\n\n\n<div style=\"height:100px\" aria-hidden=\"true\" class=\"wp-block-spacer\"><\/div>\n\n\n\n<p class=\"has-medium-font-size\"><strong><a href=\"https:\/\/www.hsu-hh.de\/sprachen\/?page_id=3360\">KOREANISCH <\/a><\/strong><\/p>\n\n\n\n<p>\ucd08\ubcf4\uc790\ub97c&nbsp;\uc704\ud55c&nbsp;\ud55c\uad6d\uc5b4&nbsp;\u2013 Koreanisch f\u00fcr Anf\u00e4nger<\/p>\n\n\n\n<p>Unser Koreanisch Intensivkurs kann von allen Studierenden und Mitarbeitenden besucht werden, die gerne die Grundlagen der koreanischen Sprache erlernen und tiefe Einblicke in die Kultur und Geschichte Koreas bekommen m\u00f6chten. Vorkenntnisse sind nicht erforderlich. Unsere erfahrene Dozentin Frau Misun Nam vermittelt Ihnen die Grundlagen der koreanischen Sprache in Wort und Schrift.<\/p>\n\n\n\n<p>Kursbeginn: Mittwoch, 9. April<br>Kursende: Mittwoch, 18. Juni<br>Kurszeit: 15:45 bis 19:00 Uhr<\/p>\n\n\n\n<p>Dieser Kurs ist f\u00fcr Studierende und Mitarbeitende kostenpflichtig! Weitere Einzelheiten finden Sie <a href=\"https:\/\/www.hsu-hh.de\/sprachen\/koreanisch\">hier<\/a>. Bei Fragen wenden Sie sich an <a href=\"mailto:hansens@hsu-hh.de\" rel='nofollow'>Sven Hansen<\/a>.<\/p>\n\n\n\n<div style=\"height:100px\" aria-hidden=\"true\" class=\"wp-block-spacer\"><\/div>\n\n\n\n<p class=\"has-medium-font-size\"><strong><a href=\"https:\/\/www.hsu-hh.de\/sprachen\/polnisch\">POLNISCH<\/a><\/strong><\/p>\n\n\n\n<p>Polski dla pocz\u0105tkuj\u0105cych &#8211; Polnisch f\u00fcr Anf\u00e4nger A1<\/p>\n\n\n\n<p>Dreiw\u00f6chiger Sommer-Intensivkurs f\u00fcr Interessierte ohne Vorkenntnisse an zwei Tagen in der Woche! In der Zeit vom 7. bis 23. Juli bietet unsere erfahrene Dozentin Frau Katarzyna Golab-Schafrik montags und mittwochs von 11:00 bis 17:00 Uhr (45 Minuten Pause) einen Anf\u00e4ngerkurs in Polnisch, der Ihnen die Grundlagen der polnischen Sprache und tiefere Einblicke in die Kultur und Geschichte unseres \u00f6stlichen Nachbarn bietet.<\/p>\n\n\n\n<p>Kursbeginn: Montag, 7. Juli<br>Kursende: Mittwoch, 23. Juli<br>Kurszeit: 11:00 bis 17:00 Uhr<\/p>\n\n\n\n<p>Dieser Kurs ist f\u00fcr Studierende und Mitarbeitende kostenpflichtig! Weitere Einzelheiten finden Sie <a href=\"https:\/\/www.hsu-hh.de\/sprachen\/polnisch\">hier<\/a>. Bei Fragen wenden Sie sich an <a href=\"mailto:hansens@hsu-hh.de\" rel='nofollow'>Sven Hansen<\/a>.<\/p>\n\n\n\n<div style=\"height:57px\" aria-hidden=\"true\" class=\"wp-block-spacer\"><\/div>\n\n\n\n<p><strong>SCHWEDISCH<\/strong><br><br>Svenska f\u00f6r nyb\u00f6rjare &#8211; Schwedisch f\u00fcr Anf\u00e4nger A1<\/p>\n\n\n\n<p>Schwedisch Intensivkurs ohne Vorkenntnisse f\u00fcr Studierende und Mitarbeitende, die gern die Grundlagen der schwedischen Sprache erlernen und tiefere Einblicke in die Kultur und Geschichte unseres n\u00f6rdlichen Nachbarn bekommen m\u00f6chten. Unser langj\u00e4hriger Schwedischlehrer Sven Hansen legt seinen Fokus auf die m\u00fcndliche Kommunikation und vermittelt Ihnen Sprachkompetenzen, um an allt\u00e4glichen Gespr\u00e4chen teilnehmen zu k\u00f6nnen.<\/p>\n\n\n\n<p>Kursbeginn: Freitag, 10. Januar<br>Kursende: Freitag, 21. M\u00e4rz<br>Kurszeit: 8:00 bis 11:15 Uhr<\/p>\n\n\n\n<p>Dieser Kurs ist f\u00fcr Studierende und Mitarbeitende kostenlos!<\/p>\n\n\n\n<div style=\"height:100px\" aria-hidden=\"true\" class=\"wp-block-spacer\"><\/div>\n\n\n\n<p><strong>Weitere Angebote folgen in K\u00fcrze. Besuchen Sie uns also bald wieder, um auf dem Laufenden zu bleiben.<\/strong><\/p>\n","protected":false},"excerpt":{"rendered":"<p>NICHT-MODULKURSE Neben unseren Modulkursen bieten wir auch weitere Sprachkurse an, die f\u00fcr alle Studierenden und Mitarbeiter offen sind. Das Angebot befindet sich gerade im Aufbau. F\u00fcr weitere Informationen oder bei [&hellip;]<\/p>\n","protected":false},"author":3324,"featured_media":0,"parent":0,"menu_order":0,"comment_status":"closed","ping_status":"closed","template":"","meta":{"footnotes":""},"categories":[4],"tags":[],"class_list":["post-2121","page","type-page","status-publish","hentry","category-forschung"],"_links":{"self":[{"href":"https:\/\/www.hsu-hh.de\/sprachen\/wp-json\/wp\/v2\/pages\/2121","targetHints":{"allow":["GET"]}}],"collection":[{"href":"https:\/\/www.hsu-hh.de\/sprachen\/wp-json\/wp\/v2\/pages"}],"about":[{"href":"https:\/\/www.hsu-hh.de\/sprachen\/wp-json\/wp\/v2\/types\/page"}],"author":[{"embeddable":true,"href":"https:\/\/www.hsu-hh.de\/sprachen\/wp-json\/wp\/v2\/users\/3324"}],"replies":[{"embeddable":true,"href":"https:\/\/www.hsu-hh.de\/sprachen\/wp-json\/wp\/v2\/comments?post=2121"}],"version-history":[{"count":58,"href":"https:\/\/www.hsu-hh.de\/sprachen\/wp-json\/wp\/v2\/pages\/2121\/revisions"}],"predecessor-version":[{"id":3382,"href":"https:\/\/www.hsu-hh.de\/sprachen\/wp-json\/wp\/v2\/pages\/2121\/revisions\/3382"}],"wp:attachment":[{"href":"https:\/\/www.hsu-hh.de\/sprachen\/wp-json\/wp\/v2\/media?parent=2121"}],"wp:term":[{"taxonomy":"category","embeddable":true,"href":"https:\/\/www.hsu-hh.de\/sprachen\/wp-json\/wp\/v2\/categories?post=2121"},{"taxonomy":"post_tag","embeddable":true,"href":"https:\/\/www.hsu-hh.de\/sprachen\/wp-json\/wp\/v2\/tags?post=2121"}],"curies":[{"name":"wp","href":"https:\/\/api.w.org\/{rel}","templated":true}]}}