{"id":2109,"date":"2023-01-26T09:34:20","date_gmt":"2023-01-26T08:34:20","guid":{"rendered":"https:\/\/www.hsu-hh.de\/sprachen\/?page_id=2109"},"modified":"2025-10-28T09:34:09","modified_gmt":"2025-10-28T08:34:09","slug":"russisch","status":"publish","type":"page","link":"https:\/\/www.hsu-hh.de\/sprachen\/russisch","title":{"rendered":"Russisch"},"content":{"rendered":"\n<p><strong>MODULKURSE (4 ECTS)<\/strong> &gt;<\/p>\n\n\n\n<p><strong>Russisch Modul A1.1<\/strong> -Anf\u00e4nger<\/p>\n\n\n\n<p> 4 Unterrichtstunden \/ Woche, Pr\u00e4senzunterricht<\/p>\n\n\n\n<p> 1 Trimester (<abbr title=\"Herbsttrimester\">HT<\/abbr> oder <abbr title=\"Wintertrimester\">WT<\/abbr> oder <abbr title=\"Fr\u00fchjahrstrimester\">FT<\/abbr>)<\/p>\n\n\n\n<p> Die maximale Anzahl der Studierenden pro Kurs: 14<\/p>\n\n\n\n<p> Modul Pr\u00fcfungen am Ende des Trimesters<\/p>\n\n\n\n<p> M\u00fcndliche Pr\u00fcfung: 20 Minuten + Schriftlich Pr\u00fcfung: Portfolio<\/p>\n\n\n\n<p> Weitere Informationen: <a href=\"mailto:schulzma@hsu-hh.de\" rel='nofollow'>Marina Schulz<\/a><\/p>\n\n\n\n<p>___________________________________________________________________________________________________________<\/p>\n\n\n\n<p><strong>Russisch Modulkurs Niveau A 2 \u00a0 \u00a0 \u00a0<\/strong><br><br>2 Unterrichtstunden \/ Woche, Pr\u00e4senzunterricht<\/p>\n\n\n\n<p>&nbsp;3 Trimester (<abbr title=\"Herbsttrimester\">HT<\/abbr>, <abbr title=\"Wintertrimester\">WT<\/abbr>, <abbr title=\"Fr\u00fchjahrstrimester\">FT<\/abbr>)<\/p>\n\n\n\n<p>Maximale Anzahl der Studierenden pro Kurs: 14 <\/p>\n\n\n\n<p>Modulpr\u00fcfungen am Ende des <abbr title=\"Fr\u00fchjahrstrimester\">FT<\/abbr><\/p>\n\n\n\n<p>M\u00fcndliche Pr\u00fcfung: 15 Minuten + Schriftliche Pr\u00fcfung: Portfolio<\/p>\n\n\n\n<p>Weitere Informationen: <a href=\"mailto:schulzma@hsu-hh.de\" rel=\"noreferrer noopener\" target=\"_blank\">Marina Schulz<\/a><\/p>\n\n\n\n<div style=\"height:100px\" aria-hidden=\"true\" class=\"wp-block-spacer\"><\/div>\n\n\n\n<p><\/p>\n","protected":false},"excerpt":{"rendered":"<p>MODULKURSE (4 ECTS) &gt; Russisch Modul A1.1 -Anf\u00e4nger 4 Unterrichtstunden \/ Woche, Pr\u00e4senzunterricht 1 Trimester (HT oder WT oder FT) Die maximale Anzahl der Studierenden pro Kurs: 14 Modul Pr\u00fcfungen [&hellip;]<\/p>\n","protected":false},"author":3324,"featured_media":0,"parent":0,"menu_order":0,"comment_status":"closed","ping_status":"closed","template":"","meta":{"footnotes":""},"categories":[4],"tags":[],"class_list":["post-2109","page","type-page","status-publish","hentry","category-forschung"],"_links":{"self":[{"href":"https:\/\/www.hsu-hh.de\/sprachen\/wp-json\/wp\/v2\/pages\/2109","targetHints":{"allow":["GET"]}}],"collection":[{"href":"https:\/\/www.hsu-hh.de\/sprachen\/wp-json\/wp\/v2\/pages"}],"about":[{"href":"https:\/\/www.hsu-hh.de\/sprachen\/wp-json\/wp\/v2\/types\/page"}],"author":[{"embeddable":true,"href":"https:\/\/www.hsu-hh.de\/sprachen\/wp-json\/wp\/v2\/users\/3324"}],"replies":[{"embeddable":true,"href":"https:\/\/www.hsu-hh.de\/sprachen\/wp-json\/wp\/v2\/comments?post=2109"}],"version-history":[{"count":25,"href":"https:\/\/www.hsu-hh.de\/sprachen\/wp-json\/wp\/v2\/pages\/2109\/revisions"}],"predecessor-version":[{"id":3532,"href":"https:\/\/www.hsu-hh.de\/sprachen\/wp-json\/wp\/v2\/pages\/2109\/revisions\/3532"}],"wp:attachment":[{"href":"https:\/\/www.hsu-hh.de\/sprachen\/wp-json\/wp\/v2\/media?parent=2109"}],"wp:term":[{"taxonomy":"category","embeddable":true,"href":"https:\/\/www.hsu-hh.de\/sprachen\/wp-json\/wp\/v2\/categories?post=2109"},{"taxonomy":"post_tag","embeddable":true,"href":"https:\/\/www.hsu-hh.de\/sprachen\/wp-json\/wp\/v2\/tags?post=2109"}],"curies":[{"name":"wp","href":"https:\/\/api.w.org\/{rel}","templated":true}]}}