{"id":1986,"date":"2023-01-26T09:30:49","date_gmt":"2023-01-26T08:30:49","guid":{"rendered":"https:\/\/www.hsu-hh.de\/sprachen\/?page_id=1986"},"modified":"2024-09-16T13:33:46","modified_gmt":"2024-09-16T11:33:46","slug":"kurse","status":"publish","type":"page","link":"https:\/\/www.hsu-hh.de\/sprachen\/kurse","title":{"rendered":"Kurse"},"content":{"rendered":"\n<p>Hier finden Sie die aktualisierte Fassung des <a href=\"https:\/\/www.hsu-hh.de\/sprachen\/wp-content\/uploads\/sites\/737\/2024\/09\/AA_Modulhandbuch_Sprachenzentrum_Stand-2024.pdf\">Modulhandbuchs f\u00fcr Fremdsprachenmodule<\/a> der Helmut-Schmidt-Universit\u00e4t\/Universit\u00e4t der Bundeswehr Hamburg.<\/p>\n\n\n\n<div style=\"height:42px\" aria-hidden=\"true\" class=\"wp-block-spacer\"><\/div>\n\n\n\n<div class=\"wp-block-media-text alignwide is-stacked-on-mobile\" style=\"grid-template-columns:15% auto\"><figure class=\"wp-block-media-text__media\"><a href=\"https:\/\/www.hsu-hh.de\/sprachen\/englisch\"><img loading=\"lazy\" decoding=\"async\" width=\"150\" height=\"150\" src=\"https:\/\/www.hsu-hh.de\/sprachen\/wp-content\/uploads\/sites\/737\/2024\/01\/sun-346710_1280-150x150.png\" data-credit=\"Pixabay\" alt=\"\" class=\"wp-image-3008 size-thumbnail\" srcset=\"https:\/\/www.hsu-hh.de\/sprachen\/wp-content\/uploads\/sites\/737\/2024\/01\/sun-346710_1280-150x150.png 150w, https:\/\/www.hsu-hh.de\/sprachen\/wp-content\/uploads\/sites\/737\/2024\/01\/sun-346710_1280-100x100.png 100w\" sizes=\"auto, (max-width: 150px) 100vw, 150px\" \/><\/a><\/figure><div class=\"wp-block-media-text__content\">\n<h2 class=\"wp-block-heading\"><a href=\"https:\/\/www.hsu-hh.de\/sprachen\/sommerintensivkurse-2024\" data-type=\"URL\" data-id=\"https:\/\/www.hsu-hh.de\/sprachen\/englisch\">SOMMERINTENSIVKURSE<\/a><\/h2>\n<\/div><\/div>\n\n\n\n<hr class=\"wp-block-separator has-alpha-channel-opacity\" \/>\n\n\n\n<div class=\"wp-block-media-text alignwide is-stacked-on-mobile\" style=\"grid-template-columns:15% auto\"><figure class=\"wp-block-media-text__media\"><a href=\"https:\/\/www.hsu-hh.de\/sprachen\/englisch\"><img loading=\"lazy\" decoding=\"async\" width=\"75\" height=\"50\" src=\"https:\/\/www.hsu-hh.de\/sprachen\/wp-content\/uploads\/sites\/737\/2017\/09\/6k6SLYnEKwGrNeCW.gif\" data-credit=\"\" alt=\"British flag\" class=\"wp-image-362 size-full\" \/><\/a><\/figure><div class=\"wp-block-media-text__content\">\n<h2 class=\"wp-block-heading\"><a href=\"https:\/\/www.hsu-hh.de\/sprachen\/englisch\" data-type=\"URL\" data-id=\"https:\/\/www.hsu-hh.de\/sprachen\/englisch\">ENGLISCH<\/a><\/h2>\n<\/div><\/div>\n\n\n\n<hr class=\"wp-block-separator has-css-opacity\" \/>\n\n\n\n<div class=\"wp-block-media-text alignwide is-stacked-on-mobile\" style=\"grid-template-columns:15% auto\"><figure class=\"wp-block-media-text__media\"><a href=\"https:\/\/www.hsu-hh.de\/sprachen\/franzoesisch\"><img loading=\"lazy\" decoding=\"async\" width=\"75\" height=\"50\" src=\"https:\/\/www.hsu-hh.de\/sprachen\/wp-content\/uploads\/sites\/737\/2017\/09\/5yPtrwky7guXvxPA.gif\" data-credit=\"\" alt=\"Frans\u00f6sische Flagge\" class=\"wp-image-360 size-full\" \/><\/a><\/figure><div class=\"wp-block-media-text__content\">\n<h2 class=\"wp-block-heading\"><a href=\"https:\/\/www.hsu-hh.de\/sprachen\/franzoesisch\" data-type=\"URL\" data-id=\"https:\/\/www.hsu-hh.de\/sprachen\/franzoesisch\" target=\"_blank\" rel=\"noreferrer noopener\">FRANZ\u00d6SISCH<\/a><\/h2>\n<\/div><\/div>\n\n\n\n<hr class=\"wp-block-separator has-css-opacity\" \/>\n\n\n\n<div class=\"wp-block-media-text alignwide is-stacked-on-mobile\" style=\"grid-template-columns:15% auto\"><figure class=\"wp-block-media-text__media\"><a href=\"https:\/\/www.hsu-hh.de\/sprachen\/spanisch\"><img loading=\"lazy\" decoding=\"async\" width=\"75\" height=\"50\" src=\"https:\/\/www.hsu-hh.de\/sprachen\/wp-content\/uploads\/sites\/737\/2017\/09\/PAlSvDvHYv18BhWO.gif\" data-credit=\"\" alt=\"Spanische Flage\" class=\"wp-image-353 size-full\" \/><\/a><\/figure><div class=\"wp-block-media-text__content\">\n<h2 class=\"wp-block-heading\"><a href=\"https:\/\/www.hsu-hh.de\/sprachen\/spanisch\" data-type=\"URL\" data-id=\"https:\/\/www.hsu-hh.de\/sprachen\/spanisch\">SPANISCH<\/a><\/h2>\n<\/div><\/div>\n\n\n\n<hr class=\"wp-block-separator has-css-opacity\" \/>\n\n\n\n<div class=\"wp-block-media-text alignwide is-stacked-on-mobile\" style=\"grid-template-columns:15% auto\"><figure class=\"wp-block-media-text__media\"><a href=\"https:\/\/www.hsu-hh.de\/sprachen\/russisch\"><img loading=\"lazy\" decoding=\"async\" width=\"127\" height=\"85\" src=\"https:\/\/www.hsu-hh.de\/sprachen\/wp-content\/uploads\/sites\/737\/2017\/09\/gTSYqfMtmVmqyUCK.gif\" data-credit=\"\" alt=\"Russische Flagge\" class=\"wp-image-386 size-full\" \/><\/a><\/figure><div class=\"wp-block-media-text__content\">\n<h2 class=\"wp-block-heading\"><a href=\"https:\/\/www.hsu-hh.de\/sprachen\/russisch\" data-type=\"URL\" data-id=\"https:\/\/www.hsu-hh.de\/sprachen\/russisch\">RUSSISCH<\/a><\/h2>\n<\/div><\/div>\n\n\n\n<hr class=\"wp-block-separator has-css-opacity\" \/>\n\n\n\n<div class=\"wp-block-media-text alignwide is-stacked-on-mobile\" style=\"grid-template-columns:15% auto\"><figure class=\"wp-block-media-text__media\"><a href=\"https:\/\/www.hsu-hh.de\/sprachen\/deutsch-als-fremdsprache\"><img loading=\"lazy\" decoding=\"async\" width=\"75\" height=\"50\" src=\"https:\/\/www.hsu-hh.de\/sprachen\/wp-content\/uploads\/sites\/737\/2017\/09\/tEy66nCEQVKjyiRE-1.gif\" data-credit=\"\" alt=\"Deutsche Flagge\" class=\"wp-image-384 size-full\" \/><\/a><\/figure><div class=\"wp-block-media-text__content\">\n<h2 class=\"wp-block-heading\"><a href=\"https:\/\/www.hsu-hh.de\/sprachen\/deutsch-als-fremdsprache\" data-type=\"URL\" data-id=\"https:\/\/www.hsu-hh.de\/sprachen\/deutsch-als-fremdsprache\">DEUTSCH<\/a><\/h2>\n<\/div><\/div>\n\n\n\n<hr class=\"wp-block-separator has-css-opacity\" \/>\n\n\n\n<div class=\"wp-block-media-text alignwide is-stacked-on-mobile\" style=\"grid-template-columns:15% auto\"><figure class=\"wp-block-media-text__media\"><a href=\"https:\/\/www.hsu-hh.de\/sprachen\/weitere-sprachen\"><img loading=\"lazy\" decoding=\"async\" width=\"150\" height=\"150\" src=\"https:\/\/www.hsu-hh.de\/sprachen\/wp-content\/uploads\/sites\/737\/2022\/07\/592px-International_flag_globe-150x150.png\" data-credit=\"world\" alt=\"World\" class=\"wp-image-2010 size-thumbnail\" srcset=\"https:\/\/www.hsu-hh.de\/sprachen\/wp-content\/uploads\/sites\/737\/2022\/07\/592px-International_flag_globe-150x150.png 150w, https:\/\/www.hsu-hh.de\/sprachen\/wp-content\/uploads\/sites\/737\/2022\/07\/592px-International_flag_globe-100x100.png 100w\" sizes=\"auto, (max-width: 150px) 100vw, 150px\" \/><\/a><\/figure><div class=\"wp-block-media-text__content\">\n<h2 class=\"wp-block-heading\"><a href=\"https:\/\/www.hsu-hh.de\/sprachen\/weitere-sprachen\" data-type=\"URL\" data-id=\"https:\/\/www.hsu-hh.de\/sprachen\/weitere-sprachen\">WEITERE SPRACHEN<\/a><\/h2>\n<\/div><\/div>\n\n\n\n<div style=\"height:56px\" aria-hidden=\"true\" class=\"wp-block-spacer\"><\/div>\n\n\n\n<p><strong>ANFORDERUNGEN<\/strong><\/p>\n\n\n\n<p>Das Sprachenzentrum f\u00fchrt zielorientierten Aufbauunterricht f\u00fcr neuimmatrikulierte Studierende durch, die das Studium&nbsp;<strong>ohne ein vollst\u00e4ndiges SLP Englisch 3332<\/strong> antreten. Diese Studierenden m\u00fcssen die fehlenden Fertigkeiten und somit die noch ausstehenden 8 ECTS-Punkte m\u00f6glichst innerhalb des ersten Studienjahres erwerben. Die Teilnahme an den daf\u00fcr eingerichteten&nbsp; ZIELKURSEN <abbr title=\"beziehungsweise\">bzw.<\/abbr> FAST TRACKS ist verpflichtend.<\/p>\n\n\n\n<p><strong>Wahlpflichtmodul&nbsp; Fremdsprachenausbildung<\/strong>&nbsp;&nbsp; (4 ECTS-Punkte )<br>Die Fremdsprachenmodule in den Sprachen Englisch, Franz\u00f6sisch, Spanisch und Russisch f\u00fchren zum Erwerb von 4 ECTS-Punkten in&nbsp; in der Bachelor-Studienphase.<\/p>\n\n\n\n<p>Ausnahmen: 1) Studiengang Wirtschaftsingenieurwesen;&nbsp; 2) Studierende, die im Rahmen der ZIELKURSE an der <abbr title=\"Helmut Schmidt Universit\u00e4t\">HSU<\/abbr> die 8 Leistungspunkte f\u00fcr Englisch SLP 3332 erworben haben (Kompensationsm\u00f6glichkeit durch ein ISA-Modul).<\/p>\n\n\n\n<p><strong>Aktualisierung<\/strong> des SLP-Zeugnisses Englisch auf mindestens 3332 im Laufe des Studiums ( B.A. oder M.A.), <strong>bis sp\u00e4testens Ende Wintertrimester des 4. Studienjahres.<\/strong><\/p>\n\n\n\n<p><strong>Master-Studienphase<\/strong> &nbsp; Im Rahmen der Master-Studienphase k\u00f6nnen Leistungspunkte f\u00fcr Sprachmodule im Studiengang Geschichte erworben werden.<\/p>\n\n\n\n<p><\/p>\n\n\n\n<p><strong>NEU: Pilotprojekt des Sprachenzentrums!<\/strong><\/p>\n\n\n\n<p>Ab dem Herbsttrimester 2023 bieten wir Pilotkurse, die in nur einem Trimester (12 Wochen) zu 4 Leistungspunkten f\u00fchren. Diese Kurse sollten nur von Studierenden belegt werden, die bereit sind, pro Woche bis zu 50 Vokabeln und die erforderliche Grammatik zu lernen. Die Progression ist sehr schnell und es darf nur eine Lehrveranstaltung ausgelassen werden.<\/p>\n","protected":false},"excerpt":{"rendered":"<p>Hier finden Sie die aktualisierte Fassung des Modulhandbuchs f\u00fcr Fremdsprachenmodule der Helmut-Schmidt-Universit\u00e4t\/Universit\u00e4t der Bundeswehr Hamburg. SOMMERINTENSIVKURSE ENGLISCH FRANZ\u00d6SISCH SPANISCH RUSSISCH DEUTSCH WEITERE SPRACHEN ANFORDERUNGEN Das Sprachenzentrum f\u00fchrt zielorientierten Aufbauunterricht f\u00fcr [&hellip;]<\/p>\n","protected":false},"author":3324,"featured_media":0,"parent":0,"menu_order":0,"comment_status":"closed","ping_status":"closed","template":"","meta":{"footnotes":""},"categories":[4],"tags":[],"class_list":["post-1986","page","type-page","status-publish","hentry","category-forschung"],"_links":{"self":[{"href":"https:\/\/www.hsu-hh.de\/sprachen\/wp-json\/wp\/v2\/pages\/1986","targetHints":{"allow":["GET"]}}],"collection":[{"href":"https:\/\/www.hsu-hh.de\/sprachen\/wp-json\/wp\/v2\/pages"}],"about":[{"href":"https:\/\/www.hsu-hh.de\/sprachen\/wp-json\/wp\/v2\/types\/page"}],"author":[{"embeddable":true,"href":"https:\/\/www.hsu-hh.de\/sprachen\/wp-json\/wp\/v2\/users\/3324"}],"replies":[{"embeddable":true,"href":"https:\/\/www.hsu-hh.de\/sprachen\/wp-json\/wp\/v2\/comments?post=1986"}],"version-history":[{"count":55,"href":"https:\/\/www.hsu-hh.de\/sprachen\/wp-json\/wp\/v2\/pages\/1986\/revisions"}],"predecessor-version":[{"id":3195,"href":"https:\/\/www.hsu-hh.de\/sprachen\/wp-json\/wp\/v2\/pages\/1986\/revisions\/3195"}],"wp:attachment":[{"href":"https:\/\/www.hsu-hh.de\/sprachen\/wp-json\/wp\/v2\/media?parent=1986"}],"wp:term":[{"taxonomy":"category","embeddable":true,"href":"https:\/\/www.hsu-hh.de\/sprachen\/wp-json\/wp\/v2\/categories?post=1986"},{"taxonomy":"post_tag","embeddable":true,"href":"https:\/\/www.hsu-hh.de\/sprachen\/wp-json\/wp\/v2\/tags?post=1986"}],"curies":[{"name":"wp","href":"https:\/\/api.w.org\/{rel}","templated":true}]}}