{"id":73,"date":"2017-07-03T15:52:08","date_gmt":"2017-07-03T13:52:08","guid":{"rendered":"https:\/\/www.hsu-hh.de\/vorlage\/?page_id=73"},"modified":"2024-11-14T12:45:05","modified_gmt":"2024-11-14T11:45:05","slug":"startseite","status":"publish","type":"page","link":"https:\/\/www.hsu-hh.de\/sportzentrum\/","title":{"rendered":"WIR f\u00fcr den SPORT!"},"content":{"rendered":"\n<p class=\"has-text-align-left\"><\/p>\n\n\n\n<p>Mit unserem vielf\u00e4ltigen Angebot f\u00fcr den Dienst- und Hochschulsport, welches sich sowohl an der Zentralvorschrift K\u00f6rperliche Leistungsf\u00e4higkeit (KLF) als auch am Hamburger Hochschulgesetz orientiert, unterst\u00fctzen wir die \u00fcber 2.200 studierenden Offz\/OA bei der Wahrnehmung des sportlichen Trainings und darauf aufbauend beim milit\u00e4rischen Fitnesstraining.<\/p>\n\n\n\n<p>Auch \u00fcbernimmt das Sportzentrum die Abnahmen des Basisfitness Tests (BFT) und hilft bei der Vorbereitung zur Erlangung des Deutschen Sportabzeichens (DSA) des Deutschen Olympischen Sportbundes. Des Weiteren z\u00e4hlen die Begleitung der Studierendenschaft bei den Deutschen Hochschulmeisterschaften des adh und die Aus- <abbr title=\"beziehungsweise\">bzw.<\/abbr> Weiterbildung zur \u00dcbungsleiterin\/zum \u00dcbungsleiter Bundeswehr zu unseren Kernaufgaben.<\/p>\n\n\n\n<p>Es ist unser \u00fcbergeordnetes Ansinnen, zum positiven Erscheinungsbild der <abbr title=\"Helmut Schmidt Universit\u00e4t\">HSU<\/abbr>\/UniBw H in der \u00d6ffentlichkeit beizutragen und unsere gesamte Universit\u00e4tsgesellschaft \u00fcber den Sport zu verbinden.<\/p>\n\n\n\n<p>Deshalb erm\u00f6glichen wir auch den fast 1.200 Besch\u00e4ftigten, \u00fcber das Betrieblichen Gesundheitsmanagement aktiv zu werden, einen Ausgleich zu schaffen und sich dem Gesundheitssport zu widmen.<\/p>\n\n\n\n<p>Mit der Koordination der Sportst\u00e4ttenvergabe, der Beschaffung, Instandsetzung sowie Pflege des Sportmaterials und Pl\u00e4nen zur Bauunterhaltung der Sportanlagen bringen wir uns nachhaltig als Zentrale Einrichtung ein.<\/p>\n\n\n\n<p>Unserem Team Sportzentrum geh\u00f6ren zwei Sportlehrer, ein Hallen-\/Ger\u00e4tewart, zwei sold. Studentische-Hilfskr\u00e4fte und der Leiter an. Mit den Kollegen der Schwimmhalle und der BGM-Beauftragten arbeiten wir unmittelbar zusammen.<\/p>\n\n\n\n<p class=\"has-text-align-left\">F\u00fcr aktuelle Informationen sind wir auf <strong>instagram<\/strong> zu finden: <strong><a href=\"https:\/\/www.instagram.com\/hsu.sportzentrum\/?next=%2Fhsu.sportzentrum%2F&amp;hl=de\" rel='nofollow'>hsu.sportzentrum<\/a><\/strong><\/p>\n","protected":false},"excerpt":{"rendered":"<p>Mit unserem vielf\u00e4ltigen Angebot f\u00fcr den Dienst- und Hochschulsport, welches sich sowohl an der Zentralvorschrift K\u00f6rperliche Leistungsf\u00e4higkeit (KLF) als auch am Hamburger Hochschulgesetz orientiert, unterst\u00fctzen wir die \u00fcber 2.200 studierenden [&hellip;]<\/p>\n","protected":false},"author":1,"featured_media":0,"parent":0,"menu_order":0,"comment_status":"closed","ping_status":"closed","template":"faculty.php","meta":{"footnotes":""},"categories":[4],"tags":[],"class_list":["post-73","page","type-page","status-publish","hentry","category-forschung"],"_links":{"self":[{"href":"https:\/\/www.hsu-hh.de\/sportzentrum\/wp-json\/wp\/v2\/pages\/73","targetHints":{"allow":["GET"]}}],"collection":[{"href":"https:\/\/www.hsu-hh.de\/sportzentrum\/wp-json\/wp\/v2\/pages"}],"about":[{"href":"https:\/\/www.hsu-hh.de\/sportzentrum\/wp-json\/wp\/v2\/types\/page"}],"author":[{"embeddable":true,"href":"https:\/\/www.hsu-hh.de\/sportzentrum\/wp-json\/wp\/v2\/users\/1"}],"replies":[{"embeddable":true,"href":"https:\/\/www.hsu-hh.de\/sportzentrum\/wp-json\/wp\/v2\/comments?post=73"}],"version-history":[{"count":72,"href":"https:\/\/www.hsu-hh.de\/sportzentrum\/wp-json\/wp\/v2\/pages\/73\/revisions"}],"predecessor-version":[{"id":2655,"href":"https:\/\/www.hsu-hh.de\/sportzentrum\/wp-json\/wp\/v2\/pages\/73\/revisions\/2655"}],"wp:attachment":[{"href":"https:\/\/www.hsu-hh.de\/sportzentrum\/wp-json\/wp\/v2\/media?parent=73"}],"wp:term":[{"taxonomy":"category","embeddable":true,"href":"https:\/\/www.hsu-hh.de\/sportzentrum\/wp-json\/wp\/v2\/categories?post=73"},{"taxonomy":"post_tag","embeddable":true,"href":"https:\/\/www.hsu-hh.de\/sportzentrum\/wp-json\/wp\/v2\/tags?post=73"}],"curies":[{"name":"wp","href":"https:\/\/api.w.org\/{rel}","templated":true}]}}