{"id":669,"date":"2018-03-06T14:20:49","date_gmt":"2018-03-06T13:20:49","guid":{"rendered":"https:\/\/www.hsu-hh.de\/sportzentrum\/?page_id=669"},"modified":"2018-11-13T13:00:25","modified_gmt":"2018-11-13T12:00:25","slug":"das-deutsche-sportabzeichen-dsa","status":"publish","type":"page","link":"https:\/\/www.hsu-hh.de\/sportzentrum\/das-deutsche-sportabzeichen-dsa","title":{"rendered":"Das Deutsche Sportabzeichen (DSA)"},"content":{"rendered":"<p><img loading=\"lazy\" decoding=\"async\" class=\"alignleft size-full wp-image-668\" src=\"https:\/\/www.hsu-hh.de\/sportzentrum\/wp-content\/uploads\/sites\/707\/2018\/03\/DOSB_logo.jpg\" alt=\"DOSB Logo\" width=\"190\" height=\"232\" \/>Jeder studierende Offz\/OA ist verpflichtet einmal j\u00e4hrlich die Disziplinen des Deutschen Sportabzeichens abzulegen und sich hierauf durch regelm\u00e4\u00dfiges und systematisches Training vorzubereiten.<\/p>\n<p><strong>Zusatztraining<\/strong><\/p>\n<p>F\u00fcr das Training sind die Sportlehrer zu den angewiesenen Zeiten in den Sporthallen, <abbr title=\"beziehungsweise\">bzw.<\/abbr> der\u00a0<a href=\"https:\/\/www.hsu-hh.de\/sportzentrum\/schwimmhalle\">Schwimmhalle<\/a> verantwortlich.<\/p>\n<p><strong>Abnahmezeitraum 08.01.2018 \u2013 30.06.2018<\/strong><\/p>\n<p>&nbsp;<\/p>\n<p>&nbsp;<\/p>\n<p><a href=\"https:\/\/www.hsu-hh.de\/sportzentrum\/wp-content\/uploads\/sites\/707\/2018\/03\/030218_Leitfaden-DSA.pdf\">Leitfaden f\u00fcr die Abnahme der Pr\u00fcfungen zum Deutschen Sportabzeichen<\/a><\/p>\n<p><a href=\"https:\/\/www.hsu-hh.de\/sportzentrum\/wp-content\/uploads\/sites\/707\/2018\/03\/DSA_2007.pdf\">\u00c4nderungen und Informationen zum neuen Deutschen Sportabzeichen 2007<\/a><\/p>\n<p>Jeder studierende Offz\/OA weist bis zum <abbr title=\"oben genannt\">o.g.<\/abbr> Termin die Bedingungen nach. Teilnehmer, die die Bedingungen nicht erf\u00fcllen, haben bis zum\u00a0<strong>06.11.2018<\/strong> die M\u00f6glichkeit der Nachpr\u00fcfung. Das Sportzentrum bietet f\u00fcr die Abnahme der Bedingungen Schwimmen w\u00f6chentlich den Montag, Mittwoch und Freitag von 09.00 bis 11.00 <abbr title=\"beziehungsweise\">bzw.<\/abbr> 11.30 Uhr in der\u00a0<a href=\"https:\/\/www.hsu-hh.de\/sportzentrum\/schwimmhalle\">Schwimmhalle\u00a0<\/a>an\u00a0<strong>(Mittwoch und Freitag nach Absprache -&gt; 2 Tage vorher !)<\/strong>.<\/p>\n<p>Es gelten die Pr\u00fcfungsrichtlinien des DSB in der jeweils g\u00fcltigen Fassung. In den Studentenfachbereichen sind f\u00fcr die Gruppen Pr\u00fcfer und Stellvertreter festgelegt, in deren Verantwortung die DSA-Abnahmen durchgef\u00fchrt werden k\u00f6nnen. Die erbrachten Leistungen werden in die Sportleistungsbl\u00e4tter eingetragen. Au\u00dferhalb der Bundeswehr abgelegte und beurkundete Leistungen werden anerkannt.<\/p>\n<h3>Urkunden<\/h3>\n<p>Die Verleihung der Urkunden f\u00fcr das DSA erfolgt durch den Hamburger Sportbund. Dazu sind die vollst\u00e4ndig ausgef\u00fcllten Pr\u00fcfkarten (Original und Duplikat) vom Gruppenleiter zu best\u00e4tigen, zu stempeln und gruppenweise als Sammelsendung vorzulegen beim<\/p>\n<p style=\"text-align: center\"><strong>Hamburger Sportbund<\/strong><br \/>\nHaus des Sports<br \/>\nSch\u00e4ferkampsallee 1<br \/>\n20357 Hamburg<br \/>\nTel. (040) 41908 278\u00a0(Frau Thal)<\/p>\n<p>&nbsp;<\/p>\n<p><strong>Wichtig: Entstehende Kosten werden nicht von der Bundeswehr getragen!<\/strong><\/p>\n<p>Bewertungstabellen erhalten Sie in den Gesch\u00e4ftszimmern der SFB, im Sportzentrum oder bei den Abnahmeberechtigten.<\/p>\n<p>Homepage &#8222;Deutsches Sportabzeichen&#8220;:\u00a0<a href=\"http:\/\/www.deutsches-sportabzeichen.de\" rel='nofollow'>www.deutsches-sportabzeichen.de<\/a><\/p>\n","protected":false},"excerpt":{"rendered":"<p>Jeder studierende Offz\/OA ist verpflichtet einmal j\u00e4hrlich die Disziplinen des Deutschen Sportabzeichens abzulegen und sich hierauf durch regelm\u00e4\u00dfiges und systematisches Training vorzubereiten. Zusatztraining F\u00fcr das Training sind die Sportlehrer zu [&hellip;]<\/p>\n","protected":false},"author":18,"featured_media":0,"parent":0,"menu_order":0,"comment_status":"closed","ping_status":"closed","template":"","meta":{"footnotes":""},"categories":[],"tags":[],"class_list":["post-669","page","type-page","status-publish","hentry"],"_links":{"self":[{"href":"https:\/\/www.hsu-hh.de\/sportzentrum\/wp-json\/wp\/v2\/pages\/669","targetHints":{"allow":["GET"]}}],"collection":[{"href":"https:\/\/www.hsu-hh.de\/sportzentrum\/wp-json\/wp\/v2\/pages"}],"about":[{"href":"https:\/\/www.hsu-hh.de\/sportzentrum\/wp-json\/wp\/v2\/types\/page"}],"author":[{"embeddable":true,"href":"https:\/\/www.hsu-hh.de\/sportzentrum\/wp-json\/wp\/v2\/users\/18"}],"replies":[{"embeddable":true,"href":"https:\/\/www.hsu-hh.de\/sportzentrum\/wp-json\/wp\/v2\/comments?post=669"}],"version-history":[{"count":5,"href":"https:\/\/www.hsu-hh.de\/sportzentrum\/wp-json\/wp\/v2\/pages\/669\/revisions"}],"predecessor-version":[{"id":1007,"href":"https:\/\/www.hsu-hh.de\/sportzentrum\/wp-json\/wp\/v2\/pages\/669\/revisions\/1007"}],"wp:attachment":[{"href":"https:\/\/www.hsu-hh.de\/sportzentrum\/wp-json\/wp\/v2\/media?parent=669"}],"wp:term":[{"taxonomy":"category","embeddable":true,"href":"https:\/\/www.hsu-hh.de\/sportzentrum\/wp-json\/wp\/v2\/categories?post=669"},{"taxonomy":"post_tag","embeddable":true,"href":"https:\/\/www.hsu-hh.de\/sportzentrum\/wp-json\/wp\/v2\/tags?post=669"}],"curies":[{"name":"wp","href":"https:\/\/api.w.org\/{rel}","templated":true}]}}