{"id":574,"date":"2018-03-02T11:29:53","date_gmt":"2018-03-02T10:29:53","guid":{"rendered":"https:\/\/www.hsu-hh.de\/sportzentrum\/?page_id=574"},"modified":"2025-09-02T09:28:07","modified_gmt":"2025-09-02T07:28:07","slug":"schwimmhalle","status":"publish","type":"page","link":"https:\/\/www.hsu-hh.de\/sportzentrum\/sportstaetten\/schwimmhalle","title":{"rendered":"Schwimmhalle"},"content":{"rendered":"\n<div class=\"wp-block-columns alignwide is-layout-flex wp-container-core-columns-is-layout-9d6595d7 wp-block-columns-is-layout-flex\">\n<div class=\"wp-block-column is-layout-flow wp-block-column-is-layout-flow\" style=\"flex-basis:50%\">\n<figure class=\"wp-block-image\"><img decoding=\"async\" src=\"https:\/\/www.hsu-hh.de\/sportzentrum\/wp-content\/uploads\/sites\/707\/2022\/07\/IMG_20220618_111029-768x1024.jpg\" alt=\"Schwimmhalle\" class=\"wp-image-2355\" \/><\/figure>\n<\/div>\n\n\n\n<div class=\"wp-block-column is-layout-flow wp-block-column-is-layout-flow\" style=\"flex-basis:50%\">\n<p class=\"has-medium-font-size\">Die Schwimmhalle der Helmut-Schmidt-Universit\u00e4t \/ Universit\u00e4t der Bundeswehr Hamburg ist regul\u00e4r ge\u00f6ffnet.<\/p>\n\n\n\n<p>Es gibt einen neuen Belegungsplan. <\/p>\n\n\n\n<p>F\u00fcr Informationen zur Schwimmhallenbelegung an der <abbr title=\"Helmut Schmidt Universit\u00e4t\">HSU<\/abbr> wenden Sie sich bitte an Herrn Ahrendt: swim@hsu-hh.de oder 040-6541 2420.<\/p>\n\n\n\n<p><\/p>\n\n\n\n<p>Au\u00dferdienstliche Schwimmzeiten f\u00fcr alle <abbr title=\"Helmut Schmidt Universit\u00e4t\">HSU<\/abbr> Angeh\u00f6rigen<\/p>\n\n\n\n<p>Mo 07:30-09:00 und 12:00-15:00 Uhr<\/p>\n\n\n\n<p>Di 07:30-10:00 und 12:00-15:00 Uhr<\/p>\n\n\n\n<p>Mi 12:00-16:00 Uhr<\/p>\n\n\n\n<p>Fr 07:30-12:00 Uhr<\/p>\n\n\n\n<p>Abnahme IGF-Schwimmen<br>Mo 09:00-11:30 Uhr<\/p>\n<\/div>\n<\/div>\n","protected":false},"excerpt":{"rendered":"<p>Die Schwimmhalle der Helmut-Schmidt-Universit\u00e4t \/ Universit\u00e4t der Bundeswehr Hamburg ist regul\u00e4r ge\u00f6ffnet. Es gibt einen neuen Belegungsplan. F\u00fcr Informationen zur Schwimmhallenbelegung an der HSU wenden Sie sich bitte an Herrn [&hellip;]<\/p>\n","protected":false},"author":18,"featured_media":0,"parent":1533,"menu_order":0,"comment_status":"closed","ping_status":"closed","template":"","meta":{"footnotes":""},"categories":[4],"tags":[],"class_list":["post-574","page","type-page","status-publish","hentry","category-forschung"],"_links":{"self":[{"href":"https:\/\/www.hsu-hh.de\/sportzentrum\/wp-json\/wp\/v2\/pages\/574","targetHints":{"allow":["GET"]}}],"collection":[{"href":"https:\/\/www.hsu-hh.de\/sportzentrum\/wp-json\/wp\/v2\/pages"}],"about":[{"href":"https:\/\/www.hsu-hh.de\/sportzentrum\/wp-json\/wp\/v2\/types\/page"}],"author":[{"embeddable":true,"href":"https:\/\/www.hsu-hh.de\/sportzentrum\/wp-json\/wp\/v2\/users\/18"}],"replies":[{"embeddable":true,"href":"https:\/\/www.hsu-hh.de\/sportzentrum\/wp-json\/wp\/v2\/comments?post=574"}],"version-history":[{"count":29,"href":"https:\/\/www.hsu-hh.de\/sportzentrum\/wp-json\/wp\/v2\/pages\/574\/revisions"}],"predecessor-version":[{"id":3010,"href":"https:\/\/www.hsu-hh.de\/sportzentrum\/wp-json\/wp\/v2\/pages\/574\/revisions\/3010"}],"up":[{"embeddable":true,"href":"https:\/\/www.hsu-hh.de\/sportzentrum\/wp-json\/wp\/v2\/pages\/1533"}],"wp:attachment":[{"href":"https:\/\/www.hsu-hh.de\/sportzentrum\/wp-json\/wp\/v2\/media?parent=574"}],"wp:term":[{"taxonomy":"category","embeddable":true,"href":"https:\/\/www.hsu-hh.de\/sportzentrum\/wp-json\/wp\/v2\/categories?post=574"},{"taxonomy":"post_tag","embeddable":true,"href":"https:\/\/www.hsu-hh.de\/sportzentrum\/wp-json\/wp\/v2\/tags?post=574"}],"curies":[{"name":"wp","href":"https:\/\/api.w.org\/{rel}","templated":true}]}}