{"id":2900,"date":"2025-01-27T08:14:59","date_gmt":"2025-01-27T07:14:59","guid":{"rendered":"https:\/\/www.hsu-hh.de\/sportzentrum\/?page_id=2900"},"modified":"2025-01-27T08:36:27","modified_gmt":"2025-01-27T07:36:27","slug":"deutsche-hochschulmeisterschaften","status":"publish","type":"page","link":"https:\/\/www.hsu-hh.de\/sportzentrum\/deutsche-hochschulmeisterschaften","title":{"rendered":"Deutsche Hochschulmeisterschaften (adh)"},"content":{"rendered":"\n<div class=\"wp-block-columns is-layout-flex wp-container-core-columns-is-layout-9d6595d7 wp-block-columns-is-layout-flex\">\n<div class=\"wp-block-column is-layout-flow wp-block-column-is-layout-flow\">\n<p class=\"has-text-align-left\">Die aktuellen Termine aus dem Wettkampfprogramm des Allgemeinen Deutschen Hochschulsportverbands (adh), welcher die Deutschen Hochschulmeisterschaften (DHM), den Deutschen Hochschulpokal und die adh-Open\u00a0<abbr title=\"beziehungsweise\">bzw.<\/abbr>\u00a0-Trophy organisiert, sind untenstehend eingestellt. Es werden j\u00e4hrlich bundesweit \u00fcber 50 Wettk\u00e4mpfe in mehr als 30 Sportarten veranstaltet. Jeder Universit\u00e4tsangeh\u00f6rige kann hieran teilnehmen. Das Startgeld und die Reisekosten werden durch die <abbr title=\"Helmut Schmidt Universit\u00e4t\">HSU<\/abbr>\/UniBw H nach vorheriger Anmeldung beim Sportzentrum erstattet.<\/p>\n\n\n\n<p class=\"has-text-align-left\"><a href=\"https:\/\/www.adh.de\/\" target=\"_blank\" rel=\"noreferrer noopener\">Hier<\/a>\u00a0sind Details wie bspw. die einzelnen Ausschreibungen zu finden.<br>Der Veranstaltungskalender wird fortlaufend durch den adh aktualisiert. <\/p>\n<\/div>\n<\/div>\n\n\n<div class=\"wp-block-image\">\n<figure class=\"aligncenter size-full\"><img loading=\"lazy\" decoding=\"async\" width=\"253\" height=\"1008\" src=\"https:\/\/www.hsu-hh.de\/sportzentrum\/wp-content\/uploads\/sites\/707\/2024\/12\/adh1.png\" data-credit=\"adh\" alt=\"\" class=\"wp-image-2810\" srcset=\"https:\/\/www.hsu-hh.de\/sportzentrum\/wp-content\/uploads\/sites\/707\/2024\/12\/adh1.png 253w, https:\/\/www.hsu-hh.de\/sportzentrum\/wp-content\/uploads\/sites\/707\/2024\/12\/adh1-75x300.png 75w\" sizes=\"auto, (max-width: 253px) 100vw, 253px\" \/><\/figure>\n<\/div>","protected":false},"excerpt":{"rendered":"<p>Die aktuellen Termine aus dem Wettkampfprogramm des Allgemeinen Deutschen Hochschulsportverbands (adh), welcher die Deutschen Hochschulmeisterschaften (DHM), den Deutschen Hochschulpokal und die adh-Open\u00a0bzw.\u00a0-Trophy organisiert, sind untenstehend eingestellt. Es werden j\u00e4hrlich bundesweit [&hellip;]<\/p>\n","protected":false},"author":4016,"featured_media":0,"parent":0,"menu_order":0,"comment_status":"closed","ping_status":"closed","template":"","meta":{"footnotes":""},"categories":[4],"tags":[],"class_list":["post-2900","page","type-page","status-publish","hentry","category-forschung"],"_links":{"self":[{"href":"https:\/\/www.hsu-hh.de\/sportzentrum\/wp-json\/wp\/v2\/pages\/2900","targetHints":{"allow":["GET"]}}],"collection":[{"href":"https:\/\/www.hsu-hh.de\/sportzentrum\/wp-json\/wp\/v2\/pages"}],"about":[{"href":"https:\/\/www.hsu-hh.de\/sportzentrum\/wp-json\/wp\/v2\/types\/page"}],"author":[{"embeddable":true,"href":"https:\/\/www.hsu-hh.de\/sportzentrum\/wp-json\/wp\/v2\/users\/4016"}],"replies":[{"embeddable":true,"href":"https:\/\/www.hsu-hh.de\/sportzentrum\/wp-json\/wp\/v2\/comments?post=2900"}],"version-history":[{"count":6,"href":"https:\/\/www.hsu-hh.de\/sportzentrum\/wp-json\/wp\/v2\/pages\/2900\/revisions"}],"predecessor-version":[{"id":2911,"href":"https:\/\/www.hsu-hh.de\/sportzentrum\/wp-json\/wp\/v2\/pages\/2900\/revisions\/2911"}],"wp:attachment":[{"href":"https:\/\/www.hsu-hh.de\/sportzentrum\/wp-json\/wp\/v2\/media?parent=2900"}],"wp:term":[{"taxonomy":"category","embeddable":true,"href":"https:\/\/www.hsu-hh.de\/sportzentrum\/wp-json\/wp\/v2\/categories?post=2900"},{"taxonomy":"post_tag","embeddable":true,"href":"https:\/\/www.hsu-hh.de\/sportzentrum\/wp-json\/wp\/v2\/tags?post=2900"}],"curies":[{"name":"wp","href":"https:\/\/api.w.org\/{rel}","templated":true}]}}