{"id":2863,"date":"2025-01-24T17:03:33","date_gmt":"2025-01-24T16:03:33","guid":{"rendered":"https:\/\/www.hsu-hh.de\/sportzentrum\/?page_id=2863"},"modified":"2026-02-23T06:50:49","modified_gmt":"2026-02-23T05:50:49","slug":"24h-schwimmen","status":"publish","type":"page","link":"https:\/\/www.hsu-hh.de\/sportzentrum\/24h-schwimmen","title":{"rendered":"Das 24h &#8211; Schwimmen"},"content":{"rendered":"\n<p>zugunsten der <a href=\"https:\/\/www.dbwv.de\/der-verband\/stiftungen-engagement\/soldaten-und-veteranen-stiftung-svs\/\" rel='nofollow'>Soldaten und Veteranen Stiftung (SVS)<\/a><\/p>\n\n\n\n<h1 class=\"wp-block-heading\">Start 06. Juni 2026 12.00 Uhr <br>Ende 07. Juni 2026 13.00 Uhr<\/h1>\n\n\n\n<p class=\"has-medium-font-size\"><em>&nbsp;<\/em><br>Bei dieser Sportveranstaltung f\u00fcr den guten Zweck geht es darum, als Team innerhalb von 24 Stunden viele Kilometer im Wasser zur\u00fcckzulegen.&nbsp;Die Bahnen werden von unabh\u00e4ngigen Bahnenz\u00e4hlern (m\/w\/d)&nbsp;mit Handklickern gez\u00e4hlt und registriert.<\/p>\n\n\n\n<h3 class=\"wp-block-heading has-medium-font-size\"><strong>TEILNEHMENDENKREIS<\/strong><\/h3>\n\n\n\n<p class=\"has-medium-font-size\">Die Anmeldung ist sowohl f\u00fcr <abbr title=\"Helmut Schmidt Universit\u00e4t\">HSU<\/abbr>-Angeh\u00f6rige als auch f\u00fcr Angeh\u00f6rige anderer Dienststellen der Bundeswehr und eingeladenen Teams m\u00f6glich.&nbsp; Mit dabei waren bisher Teams der Landes- &amp; Bundespolizei, des Bundeswehrkrankenhauses , des Betriebssportverbands Hamburg (BSV), bekannter Hamburger Unternehmen, Schwimmvereine, der Schwimm-AG der UniBw M\u00fcnchen u.v.m.<br><br><strong>ANMELDUNG UND AUSSCHREIBUNG<\/strong><\/p>\n\n\n\n<p class=\"has-medium-font-size\">Die Gruppengr\u00f6\u00dfe betr\u00e4gt mindestens 15 und bis zu 40 Personen. \u00a0<br>Es wird um eine Spende von 15 EUR pro Person gebeten.<br><br>Jedes Team benennt einen Teamkapit\u00e4n (m\/w\/d), welcher das Anmeldeformular <abbr title=\"inclusive\">inkl.<\/abbr> Teilnehmendenliste bei uns per E-Mail an <a href=\"mailto:24hSchwimmen@gmx.de\" rel='nofollow'>24hSchwimmen@gmx.de<\/a> einreicht.<br><br>Der Startplatz ist erst sicher, sobald:<br><br>a) ihr eine Best\u00e4tigungsmail der Projektleitung erhalten habt<br>und<br>b) die Teilnahmegeb\u00fchren gesammelt durch den Teamkapit\u00e4n (m\/w\/d) auf das hier angegebene Spendenkonto \u00fcberwiesen wurden.<br><br>Alle Informationen sind in der untenstehenden Ausschreibung (siehe Download) zu finden.<\/p>\n\n\n\n<p class=\"has-medium-font-size\"><strong>SPENDENKONTO<\/strong><br><strong>Soldaten und Veteranen Stiftung (SVS)<\/strong><br><strong>IBAN: DE51 3806 0186 0000 0300 40<\/strong><\/p>\n\n\n\n<p class=\"has-medium-font-size\">Alle Teilnahmegeb\u00fchren und alle dar\u00fcber hinaus get\u00e4tigten Spendengelder flie\u00dfen zu 100% in die Soldaten und Veteranen Stiftung<a href=\"http:\/\/www.soldaten-veteranenstiftung.de\/\" target=\"_blank\" rel=\"noreferrer noopener\">.<\/a><\/p>\n\n\n\n<p class=\"has-medium-font-size\"><strong>VERANSTALTUNGSORT<\/strong>:<br>Schwimmhalle der Helmut-Schmidt-Universit\u00e4t\/Uni Bw H<br>Holstenhofweg 85&nbsp;<br>22043 Hamburg<br><\/p>\n\n\n\n<div class=\"wp-block-hsu-downloadblock\"><div class=\"thumbnail-area\"><img decoding=\"async\" src=\"\/wp-content\/themes\/hsu\/img\/dummy\/downloads_dummy.png\" alt=\"Download Symbol-Icon\" \/><\/div><div class=\"text-area\">Ausschreibung 24h Schwimmen 2026<\/div><div class=\"download-area\"><a class=\"download-link\" href=\"https:\/\/www.hsu-hh.de\/sportzentrum\/wp-content\/uploads\/sites\/707\/2026\/02\/Ausschreibung_24hSchwimmen_2026.pdf\"><span class=\"download-name\">pdf laden<\/span><span class=\"download-icon\"><img decoding=\"async\" class=\"download-icon\" alt=\"download icon\" src=\"\/wp-content\/themes\/hsu\/img\/icons\/download_icon.png\" \/><\/span><span class=\"download-size\">205 kB<\/span><\/a><\/div><\/div>\n\n\n\n<div class=\"wp-block-hsu-downloadblock\"><div class=\"thumbnail-area\"><img decoding=\"async\" src=\"\/wp-content\/themes\/hsu\/img\/dummy\/downloads_dummy.png\" alt=\"Download Symbol-Icon\" \/><\/div><div class=\"text-area\">Anmeldung zum 24h &#8211; Schwimmen<\/div><div class=\"download-area\"><a class=\"download-link\" href=\"https:\/\/www.hsu-hh.de\/sportzentrum\/wp-content\/uploads\/sites\/707\/2025\/01\/Anmeldung-24h-Schwimmen-2025.pdf\"><span class=\"download-name\">pdf laden<\/span><span class=\"download-icon\"><img decoding=\"async\" class=\"download-icon\" alt=\"download icon\" src=\"\/wp-content\/themes\/hsu\/img\/icons\/download_icon.png\" \/><\/span><span class=\"download-size\">199 kB<\/span><\/a><\/div><\/div>\n\n\n\n<p><\/p>\n","protected":false},"excerpt":{"rendered":"<p>zugunsten der Soldaten und Veteranen Stiftung (SVS) Start 06. Juni 2026 12.00 Uhr Ende 07. Juni 2026 13.00 Uhr &nbsp;Bei dieser Sportveranstaltung f\u00fcr den guten Zweck geht es darum, als [&hellip;]<\/p>\n","protected":false},"author":4016,"featured_media":0,"parent":0,"menu_order":0,"comment_status":"closed","ping_status":"closed","template":"","meta":{"footnotes":""},"categories":[4],"tags":[],"class_list":["post-2863","page","type-page","status-publish","hentry","category-forschung"],"_links":{"self":[{"href":"https:\/\/www.hsu-hh.de\/sportzentrum\/wp-json\/wp\/v2\/pages\/2863","targetHints":{"allow":["GET"]}}],"collection":[{"href":"https:\/\/www.hsu-hh.de\/sportzentrum\/wp-json\/wp\/v2\/pages"}],"about":[{"href":"https:\/\/www.hsu-hh.de\/sportzentrum\/wp-json\/wp\/v2\/types\/page"}],"author":[{"embeddable":true,"href":"https:\/\/www.hsu-hh.de\/sportzentrum\/wp-json\/wp\/v2\/users\/4016"}],"replies":[{"embeddable":true,"href":"https:\/\/www.hsu-hh.de\/sportzentrum\/wp-json\/wp\/v2\/comments?post=2863"}],"version-history":[{"count":35,"href":"https:\/\/www.hsu-hh.de\/sportzentrum\/wp-json\/wp\/v2\/pages\/2863\/revisions"}],"predecessor-version":[{"id":3046,"href":"https:\/\/www.hsu-hh.de\/sportzentrum\/wp-json\/wp\/v2\/pages\/2863\/revisions\/3046"}],"wp:attachment":[{"href":"https:\/\/www.hsu-hh.de\/sportzentrum\/wp-json\/wp\/v2\/media?parent=2863"}],"wp:term":[{"taxonomy":"category","embeddable":true,"href":"https:\/\/www.hsu-hh.de\/sportzentrum\/wp-json\/wp\/v2\/categories?post=2863"},{"taxonomy":"post_tag","embeddable":true,"href":"https:\/\/www.hsu-hh.de\/sportzentrum\/wp-json\/wp\/v2\/tags?post=2863"}],"curies":[{"name":"wp","href":"https:\/\/api.w.org\/{rel}","templated":true}]}}