{"id":2681,"date":"2024-11-20T13:27:12","date_gmt":"2024-11-20T12:27:12","guid":{"rendered":"https:\/\/www.hsu-hh.de\/sportzentrum\/?page_id=2681"},"modified":"2025-11-12T15:08:33","modified_gmt":"2025-11-12T14:08:33","slug":"sportfoerderverein","status":"publish","type":"page","link":"https:\/\/www.hsu-hh.de\/sportzentrum\/sportfoerderverein","title":{"rendered":"Sportf\u00f6rderverein"},"content":{"rendered":"\n<p>Eine der zentralen Voraussetzungen f\u00fcr das Sportangebot der <abbr title=\"Helmut Schmidt Universit\u00e4t\">HSU<\/abbr>\/UniBw Hamburg mit mehr als 25 Arbeitsgemeinschaften von Eishockey \u00fcber Football bis hin zu Segeln und Kitesurfen sowie vielf\u00e4ltigen Kursen f\u00fcr alle Universit\u00e4tsangeh\u00f6rigen ist der Sportf\u00f6rderverein an der <abbr title=\"Helmut Schmidt Universit\u00e4t\">HSU<\/abbr> e.V. Durch seine finanzielle Unterst\u00fctzung ist es m\u00f6glich, das Programm weitgehend kostenfrei in hoher Qualit\u00e4t durchzuf\u00fchren und st\u00e4ndig zu verbessern.<\/p>\n\n\n\n<p>Der Satzungszweck des Vereins ist die ideelle und materielle F\u00f6rderung des Sports an unserer <abbr title=\"Helmut Schmidt Universit\u00e4t\">HSU<\/abbr>. Dazu geh\u00f6ren die Unterst\u00fctzung und Durchf\u00fchrung von sportlichen Wettk\u00e4mpfen, die Organisation von Fort- und Ausbildungen f\u00fcr \u00dcbungsleiterinnen und \u00dcbungsleiter sowie die Schaffung, Erhaltung und der Betrieb von Sportanlagen wie dem HB und DB GYM. Mit den Mitteln des Vereins werden Trainingsm\u00f6glichkeiten erweitert, Sportger\u00e4te angeschafft und Wettkampfteams unterst\u00fctzt. Ohne diese F\u00f6rderung w\u00e4re Hochschulsport in seiner heutigen Form nicht denkbar.<\/p>\n\n\n\n<p>Der SpoF\u00f6V arbeitet gemeinn\u00fctzig, sprich seine Gelder werden ausschlie\u00dflich f\u00fcr den Hochschulsport verwendet. Er finanziert sich \u00fcber Mitgliedsbeitr\u00e4ge, aktuell 40 \u20ac pro Jahr. Dieser geringe Beitrag hat gro\u00dfe Wirkung: Er sichert nicht nur den Erhalt der bestehenden Angebote, sondern erm\u00f6glicht deren kontinuierliche Verbesserung. Alle Mittel gehen 1:1 in den Sport.<\/p>\n\n\n\n<p>Wer also das vielf\u00e4ltige Sportangebot der <abbr title=\"Helmut Schmidt Universit\u00e4t\">HSU<\/abbr> f\u00fcr sich nutzen m\u00f6chte, ist dazu angehalten, eine Mitgliedschaft zu beantragen. Denn jeder Beitrag tr\u00e4gt dazu bei, den Sport an der <abbr title=\"Helmut Schmidt Universit\u00e4t\">HSU<\/abbr> aufrechtzuerhalten und zu verbessern.<\/p>\n\n\n\n<p><strong>Die Mitgliedschaft<\/strong><br>Das Mitgliedsformular kann digital ausgef\u00fcllt und anschlie\u00dfend an <a href=\"mailto:leitersportzentrum@hsu.hamburg\" rel='nofollow'>leitersportzentrum@hsu.hamburg<\/a> \u00fcbersandt werden. Das Formular kann auch im B\u00fcro des SpoZ (H3 Dachgeschoss) abgegeben werden:<\/p>\n\n\n\n<p><a href=\"https:\/\/intranet.hsu-hh.de\/ilias.php?baseClass=ilrepositorygui&amp;cmdNode=105:oe&amp;cmdClass=ilObjFileGUI&amp;cmd=sendfile&amp;ref_id=13382&amp;origin=dropzone\" rel='nofollow'>Mitgliedschaft Sportf\u00f6rderverein<\/a><\/p>\n\n\n\n<p><strong>Der Vorstand<\/strong><br>Am 18. Dezember 2024 w\u00e4hlte die Mitgliederversammlung den amtierenden Vorstand:<\/p>\n\n\n\n<p><strong>Michael Neumann (Vorsitzender)<br>OTL Thomas Waterholter (stellvertr. Vorsitzender)<br>Tilman Cassier (Gesch\u00e4ftsf\u00fchrer)<\/strong><\/p>\n\n\n\n<p><strong>Die F\u00f6rderungen<\/strong><br>Antr\u00e4ge zur Beschaffung der Sportinfrastruktur k\u00f6nnen \u00fcber das folgende Formular an den Vorstand gestellt werden:<\/p>\n\n\n\n<p><a href=\"https:\/\/intranet.hsu-hh.de\/ilias.php?baseClass=ilrepositorygui&amp;cmdNode=105:oe&amp;cmdClass=ilObjFileGUI&amp;cmd=sendfile&amp;ref_id=13377\" rel='nofollow'>Antragsformular F\u00f6rdermittel<\/a><\/p>\n\n\n\n<p>Es sei erw\u00e4hnt, dass nat\u00fcrlich nur F\u00f6rderantr\u00e4ge gepr\u00fcft werden, die durch ein Mitglied gestellt wurden. Seit dem Jahr 2025 wurden die AGs Boxen, Cheerleading, Freifall, Schwimmen, Rettungsschwimmen, Darts, Fu\u00dfball, Basketball, Volleyball, Golf, Segeln, Triathlon sowie das HB GYM und DB GYM mit F\u00f6rderungen unterst\u00fctzt.<\/p>\n\n\n\n<p><strong>Die Satzung<\/strong><br>Die aktuelle Satzung des Vereins kann hier eingesehen werden:<\/p>\n\n\n\n<p><a href=\"https:\/\/www.hsu-hh.de\/sportzentrum\/wp-content\/uploads\/sites\/707\/2024\/11\/SpoFoeV_Satzung.pdf\">SpoF\u00f6V_Satzung<\/a><\/p>\n\n\n\n<p><\/p>\n","protected":false},"excerpt":{"rendered":"<p>Eine der zentralen Voraussetzungen f\u00fcr das Sportangebot der HSU\/UniBw Hamburg mit mehr als 25 Arbeitsgemeinschaften von Eishockey \u00fcber Football bis hin zu Segeln und Kitesurfen sowie vielf\u00e4ltigen Kursen f\u00fcr alle [&hellip;]<\/p>\n","protected":false},"author":4016,"featured_media":0,"parent":0,"menu_order":0,"comment_status":"closed","ping_status":"closed","template":"","meta":{"footnotes":""},"categories":[4],"tags":[],"class_list":["post-2681","page","type-page","status-publish","hentry","category-forschung"],"_links":{"self":[{"href":"https:\/\/www.hsu-hh.de\/sportzentrum\/wp-json\/wp\/v2\/pages\/2681","targetHints":{"allow":["GET"]}}],"collection":[{"href":"https:\/\/www.hsu-hh.de\/sportzentrum\/wp-json\/wp\/v2\/pages"}],"about":[{"href":"https:\/\/www.hsu-hh.de\/sportzentrum\/wp-json\/wp\/v2\/types\/page"}],"author":[{"embeddable":true,"href":"https:\/\/www.hsu-hh.de\/sportzentrum\/wp-json\/wp\/v2\/users\/4016"}],"replies":[{"embeddable":true,"href":"https:\/\/www.hsu-hh.de\/sportzentrum\/wp-json\/wp\/v2\/comments?post=2681"}],"version-history":[{"count":15,"href":"https:\/\/www.hsu-hh.de\/sportzentrum\/wp-json\/wp\/v2\/pages\/2681\/revisions"}],"predecessor-version":[{"id":3026,"href":"https:\/\/www.hsu-hh.de\/sportzentrum\/wp-json\/wp\/v2\/pages\/2681\/revisions\/3026"}],"wp:attachment":[{"href":"https:\/\/www.hsu-hh.de\/sportzentrum\/wp-json\/wp\/v2\/media?parent=2681"}],"wp:term":[{"taxonomy":"category","embeddable":true,"href":"https:\/\/www.hsu-hh.de\/sportzentrum\/wp-json\/wp\/v2\/categories?post=2681"},{"taxonomy":"post_tag","embeddable":true,"href":"https:\/\/www.hsu-hh.de\/sportzentrum\/wp-json\/wp\/v2\/tags?post=2681"}],"curies":[{"name":"wp","href":"https:\/\/api.w.org\/{rel}","templated":true}]}}