{"id":2657,"date":"2024-11-15T10:46:06","date_gmt":"2024-11-15T09:46:06","guid":{"rendered":"https:\/\/www.hsu-hh.de\/sportzentrum\/?page_id=2657"},"modified":"2026-01-21T14:02:56","modified_gmt":"2026-01-21T13:02:56","slug":"militaerisches-fitnesstraining","status":"publish","type":"page","link":"https:\/\/www.hsu-hh.de\/sportzentrum\/militaerisches-fitnesstraining","title":{"rendered":"Milit\u00e4risches Fitnesstraining (MilFit)"},"content":{"rendered":"\n<p>Milit\u00e4rische Fitness beschreibt die Kompetenz eines Soldaten, die physischen und psychischen Anforderungen seines milit\u00e4rischen Dienstes erf\u00fcllen zu k\u00f6nnen. Es f\u00fcllt die L\u00fccke zwischen Sport und Gefechtsdienst.<\/p>\n\n\n\n<p>Des Weiteren beschreibt MilFit den Auspr\u00e4gungsgrad der Bef\u00e4higung, milit\u00e4rische Bewegungsmuster und Belastungsformen bew\u00e4ltigen zu k\u00f6nnen. Sie ist Grundlage einer schnellen Entscheidungs- und Reaktionsf\u00e4higkeit unter physisch und mental besonders fordernden Situationen. Sie zielt auf eine erh\u00f6hte Widerstandsf\u00e4higkeit (Robustheit) gegen\u00fcber internen und externen Belastungen ab und sorgt so f\u00fcr eine erh\u00f6hte Verletzungsprophylaxe.<\/p>\n\n\n\n<p class=\"has-text-align-left\">Herausbildung einer guten milit\u00e4rischen Einsatzf\u00e4higkeit und K\u00f6rperliche Leistungsf\u00e4higkeit ist die Voraussetzung f\u00fcr die milit\u00e4rische Leistungsf\u00e4higkeit. Ein Soldat muss in seinem T\u00e4tigkeitsbereich \/ bezogen auf sein individuelles Anforderungsprofil, k\u00f6rperlich und geistig Leistungsf\u00e4hig sein und muss \u00fcber eine ad\u00e4quate Soldatengrundfitness verf\u00fcgen.<\/p>\n\n\n\n<p><strong>Termine<br>Montags 08.30 Uhr bis 10.00 Uhr<br>Mittwochs 08.30 Uhr bis 10.00 Uhr<br>Freitags 09.30 Uhr bis 11.00 Uhr.<\/strong><br><br>Es wird um Anmeldung unter <a href=\"sportzentrum@hsu-hh.de\" data-type=\"link\" data-id=\"sportzentrum@hsu-hh.de\" rel='nofollow'>sportzentrum@hsu.hamburg<\/a> gebeten.<\/p>\n\n\n\n<div class=\"wp-block-columns is-layout-flex wp-container-core-columns-is-layout-9d6595d7 wp-block-columns-is-layout-flex\">\n<div class=\"wp-block-column is-layout-flow wp-block-column-is-layout-flow\" style=\"flex-basis:100%\"><script>\tvar sosereDefaults = {\"allowfullscreen\":true,\"fit\":\"contain\",\"transition\":\"crossfade\",\"loop\":true,\"autoplay\":\"3000\",\"stopautoplayontouch\":true,\"keyboard\":true,\"nav\":\"thumbs\"}<\/script><div class='sosere--wp' data-ids='2775,2779,2780,2781'data-link='file'data-itemtag='dl'data-icontag='dt'data-captiontag='dd'data-columns='0'data-size='large'data-width='1024'data-auto='false'data-max-width='100%'data-ratio='1.4992679355783'><div id='gallery-1' class='gallery galleryid-2657 gallery-columns-0 gallery-size-thumbnail'><dl class='gallery-item'>\n\t\t\t<dt class='gallery-icon landscape'>\n\t\t\t\t<a href='https:\/\/www.hsu-hh.de\/sportzentrum\/wp-content\/uploads\/sites\/707\/2024\/11\/20240521_HSU_Bw_HH_HSU_CUP_2024_Gelhausen_053-2-1024x683.jpg' data-full='https:\/\/www.hsu-hh.de\/sportzentrum\/wp-content\/uploads\/sites\/707\/2024\/11\/20240521_HSU_Bw_HH_HSU_CUP_2024_Gelhausen_053-2-scaled.jpg' data-credit=\"Christian Gelhausen\/HSU Bw Hambu\"><img loading=\"lazy\" decoding=\"async\" width=\"150\" height=\"150\" src=\"https:\/\/www.hsu-hh.de\/sportzentrum\/wp-content\/uploads\/sites\/707\/2024\/11\/20240521_HSU_Bw_HH_HSU_CUP_2024_Gelhausen_053-2-150x150.jpg\" class=\"attachment-thumbnail size-thumbnail\" alt=\"\" aria-describedby=\"gallery-1-2775\" srcset=\"https:\/\/www.hsu-hh.de\/sportzentrum\/wp-content\/uploads\/sites\/707\/2024\/11\/20240521_HSU_Bw_HH_HSU_CUP_2024_Gelhausen_053-2-150x150.jpg 150w, https:\/\/www.hsu-hh.de\/sportzentrum\/wp-content\/uploads\/sites\/707\/2024\/11\/20240521_HSU_Bw_HH_HSU_CUP_2024_Gelhausen_053-2-100x100.jpg 100w\" sizes=\"auto, (max-width: 150px) 100vw, 150px\" \/><\/a>\n\t\t\t<\/dt>\n\t\t\t\t<dd class='wp-caption-text gallery-caption' id='gallery-1-2775'>\n\t\t\t\tMilFit an der Helmut-Schmidt-Universit\u00e4t \/ UniBw H\n\t\t\t\t<\/dd><\/dl><dl class='gallery-item'>\n\t\t\t<dt class='gallery-icon landscape'>\n\t\t\t\t<a href='https:\/\/www.hsu-hh.de\/sportzentrum\/wp-content\/uploads\/sites\/707\/2024\/11\/20240521_HSU_Bw_HH_HSU_CUP_2024_Gelhausen_057-2-1024x732.jpg' data-full='https:\/\/www.hsu-hh.de\/sportzentrum\/wp-content\/uploads\/sites\/707\/2024\/11\/20240521_HSU_Bw_HH_HSU_CUP_2024_Gelhausen_057-2-scaled.jpg' data-credit=\"Christian Gelhausen\/HSU Bw Hambu\"><img loading=\"lazy\" decoding=\"async\" width=\"150\" height=\"150\" src=\"https:\/\/www.hsu-hh.de\/sportzentrum\/wp-content\/uploads\/sites\/707\/2024\/11\/20240521_HSU_Bw_HH_HSU_CUP_2024_Gelhausen_057-2-150x150.jpg\" class=\"attachment-thumbnail size-thumbnail\" alt=\"\" aria-describedby=\"gallery-1-2779\" srcset=\"https:\/\/www.hsu-hh.de\/sportzentrum\/wp-content\/uploads\/sites\/707\/2024\/11\/20240521_HSU_Bw_HH_HSU_CUP_2024_Gelhausen_057-2-150x150.jpg 150w, https:\/\/www.hsu-hh.de\/sportzentrum\/wp-content\/uploads\/sites\/707\/2024\/11\/20240521_HSU_Bw_HH_HSU_CUP_2024_Gelhausen_057-2-100x100.jpg 100w\" sizes=\"auto, (max-width: 150px) 100vw, 150px\" \/><\/a>\n\t\t\t<\/dt>\n\t\t\t\t<dd class='wp-caption-text gallery-caption' id='gallery-1-2779'>\n\t\t\t\tKleine Hinderniswand\n\t\t\t\t<\/dd><\/dl><dl class='gallery-item'>\n\t\t\t<dt class='gallery-icon landscape'>\n\t\t\t\t<a href='https:\/\/www.hsu-hh.de\/sportzentrum\/wp-content\/uploads\/sites\/707\/2024\/11\/20240521_HSU_Bw_HH_HSU_CUP_2024_Gelhausen_131-2-1024x683.jpg' data-full='https:\/\/www.hsu-hh.de\/sportzentrum\/wp-content\/uploads\/sites\/707\/2024\/11\/20240521_HSU_Bw_HH_HSU_CUP_2024_Gelhausen_131-2-scaled.jpg' data-credit=\"Christian Gelhausen\/HSU Bw Hambu\"><img loading=\"lazy\" decoding=\"async\" width=\"150\" height=\"150\" src=\"https:\/\/www.hsu-hh.de\/sportzentrum\/wp-content\/uploads\/sites\/707\/2024\/11\/20240521_HSU_Bw_HH_HSU_CUP_2024_Gelhausen_131-2-150x150.jpg\" class=\"attachment-thumbnail size-thumbnail\" alt=\"\" aria-describedby=\"gallery-1-2780\" srcset=\"https:\/\/www.hsu-hh.de\/sportzentrum\/wp-content\/uploads\/sites\/707\/2024\/11\/20240521_HSU_Bw_HH_HSU_CUP_2024_Gelhausen_131-2-150x150.jpg 150w, https:\/\/www.hsu-hh.de\/sportzentrum\/wp-content\/uploads\/sites\/707\/2024\/11\/20240521_HSU_Bw_HH_HSU_CUP_2024_Gelhausen_131-2-100x100.jpg 100w\" sizes=\"auto, (max-width: 150px) 100vw, 150px\" \/><\/a>\n\t\t\t<\/dt>\n\t\t\t\t<dd class='wp-caption-text gallery-caption' id='gallery-1-2780'>\n\t\t\t\tSeilsteg\n\t\t\t\t<\/dd><\/dl><dl class='gallery-item'>\n\t\t\t<dt class='gallery-icon landscape'>\n\t\t\t\t<a href='https:\/\/www.hsu-hh.de\/sportzentrum\/wp-content\/uploads\/sites\/707\/2024\/11\/20240521_HSU_Bw_HH_HSU_CUP_2024_Gelhausen_125-2-1024x683.jpg' data-full='https:\/\/www.hsu-hh.de\/sportzentrum\/wp-content\/uploads\/sites\/707\/2024\/11\/20240521_HSU_Bw_HH_HSU_CUP_2024_Gelhausen_125-2-scaled.jpg' data-credit=\"Christian Gelhausen\/HSU Bw Hambu\"><img loading=\"lazy\" decoding=\"async\" width=\"150\" height=\"150\" src=\"https:\/\/www.hsu-hh.de\/sportzentrum\/wp-content\/uploads\/sites\/707\/2024\/11\/20240521_HSU_Bw_HH_HSU_CUP_2024_Gelhausen_125-2-150x150.jpg\" class=\"attachment-thumbnail size-thumbnail\" alt=\"\" aria-describedby=\"gallery-1-2781\" srcset=\"https:\/\/www.hsu-hh.de\/sportzentrum\/wp-content\/uploads\/sites\/707\/2024\/11\/20240521_HSU_Bw_HH_HSU_CUP_2024_Gelhausen_125-2-150x150.jpg 150w, https:\/\/www.hsu-hh.de\/sportzentrum\/wp-content\/uploads\/sites\/707\/2024\/11\/20240521_HSU_Bw_HH_HSU_CUP_2024_Gelhausen_125-2-100x100.jpg 100w\" sizes=\"auto, (max-width: 150px) 100vw, 150px\" \/><\/a>\n\t\t\t<\/dt>\n\t\t\t\t<dd class='wp-caption-text gallery-caption' id='gallery-1-2781'>\n\t\t\t\tGleiten unter Tarnnetz\n\t\t\t\t<\/dd><\/dl>\n\t\t<\/div>\n<\/div><\/div>\n<\/div>\n","protected":false},"excerpt":{"rendered":"<p>Milit\u00e4rische Fitness beschreibt die Kompetenz eines Soldaten, die physischen und psychischen Anforderungen seines milit\u00e4rischen Dienstes erf\u00fcllen zu k\u00f6nnen. Es f\u00fcllt die L\u00fccke zwischen Sport und Gefechtsdienst. Des Weiteren beschreibt MilFit [&hellip;]<\/p>\n","protected":false},"author":4016,"featured_media":2775,"parent":0,"menu_order":0,"comment_status":"closed","ping_status":"closed","template":"","meta":{"footnotes":""},"categories":[4],"tags":[],"class_list":["post-2657","page","type-page","status-publish","has-post-thumbnail","hentry","category-forschung"],"_links":{"self":[{"href":"https:\/\/www.hsu-hh.de\/sportzentrum\/wp-json\/wp\/v2\/pages\/2657","targetHints":{"allow":["GET"]}}],"collection":[{"href":"https:\/\/www.hsu-hh.de\/sportzentrum\/wp-json\/wp\/v2\/pages"}],"about":[{"href":"https:\/\/www.hsu-hh.de\/sportzentrum\/wp-json\/wp\/v2\/types\/page"}],"author":[{"embeddable":true,"href":"https:\/\/www.hsu-hh.de\/sportzentrum\/wp-json\/wp\/v2\/users\/4016"}],"replies":[{"embeddable":true,"href":"https:\/\/www.hsu-hh.de\/sportzentrum\/wp-json\/wp\/v2\/comments?post=2657"}],"version-history":[{"count":13,"href":"https:\/\/www.hsu-hh.de\/sportzentrum\/wp-json\/wp\/v2\/pages\/2657\/revisions"}],"predecessor-version":[{"id":3035,"href":"https:\/\/www.hsu-hh.de\/sportzentrum\/wp-json\/wp\/v2\/pages\/2657\/revisions\/3035"}],"wp:featuredmedia":[{"embeddable":true,"href":"https:\/\/www.hsu-hh.de\/sportzentrum\/wp-json\/wp\/v2\/media\/2775"}],"wp:attachment":[{"href":"https:\/\/www.hsu-hh.de\/sportzentrum\/wp-json\/wp\/v2\/media?parent=2657"}],"wp:term":[{"taxonomy":"category","embeddable":true,"href":"https:\/\/www.hsu-hh.de\/sportzentrum\/wp-json\/wp\/v2\/categories?post=2657"},{"taxonomy":"post_tag","embeddable":true,"href":"https:\/\/www.hsu-hh.de\/sportzentrum\/wp-json\/wp\/v2\/tags?post=2657"}],"curies":[{"name":"wp","href":"https:\/\/api.w.org\/{rel}","templated":true}]}}