{"id":2494,"date":"2023-03-27T08:17:11","date_gmt":"2023-03-27T06:17:11","guid":{"rendered":"https:\/\/www.hsu-hh.de\/sportzentrum\/?page_id=2494"},"modified":"2024-12-18T08:41:57","modified_gmt":"2024-12-18T07:41:57","slug":"wettkampf","status":"publish","type":"page","link":"https:\/\/www.hsu-hh.de\/sportzentrum\/wettkampf","title":{"rendered":"Wettk\u00e4mpfe"},"content":{"rendered":"<div class=\"wp-block-image\">\n<figure class=\"alignright size-full is-resized\"><img loading=\"lazy\" decoding=\"async\" width=\"253\" height=\"1008\" src=\"https:\/\/www.hsu-hh.de\/sportzentrum\/wp-content\/uploads\/sites\/707\/2024\/12\/adh1.png\" data-credit=\"adh\" alt=\"\" class=\"wp-image-2810\" style=\"width:315px;height:auto\" srcset=\"https:\/\/www.hsu-hh.de\/sportzentrum\/wp-content\/uploads\/sites\/707\/2024\/12\/adh1.png 253w, https:\/\/www.hsu-hh.de\/sportzentrum\/wp-content\/uploads\/sites\/707\/2024\/12\/adh1-75x300.png 75w\" sizes=\"auto, (max-width: 253px) 100vw, 253px\" \/><\/figure>\n<\/div>\n\n\n<p><br>Das Sportzentrum unterst\u00fctzt die folgenden Sportveranstaltungen.<\/p>\n\n\n\n<p class=\"has-medium-font-size\"><br><strong>Deutsche Hochschulmeisterschaften (DHM)<\/strong><\/p>\n\n\n\n<p class=\"has-text-align-left\">Die aktuellen Termine aus dem Wettkampfprogramm des Allgemeinen Deutschen Hochschul-sportverbands (adh), welcher die Deutschen Hochschulmeisterschaften (DHM), den Deutschen Hochschulpokal und die adh-Open <abbr title=\"beziehungsweise\">bzw.<\/abbr> -Trophy organisiert, ist rechtsb\u00fcndig eingestellt. Es werden j\u00e4hrlich bundesweit \u00fcber 50 Wettk\u00e4mpfe in mehr als 30 Sportarten veranstaltet. Jeder Universit\u00e4ts-angeh\u00f6rige kann hieran teilnehmen.<\/p>\n\n\n\n<p><a href=\"https:\/\/www.adh.de\/\" data-type=\"URL\" data-id=\"https:\/\/www.adh.de\/fileadmin\/user_upload\/pdf\/medien\/adh-Seiten\/adh_Plakat_Wettkampf_SoSe23-A2.pdf\" target=\"_blank\" rel=\"noreferrer noopener\">Hier<\/a> sind Details wie bspw. die einzelnen Ausschreibungen zu finden.<\/p>\n\n\n\n<p class=\"has-medium-font-size\"><br><strong>Betriebssportverband Hamburg (BSV <abbr title=\"Hamburg\">HH<\/abbr>)<\/strong><\/p>\n\n\n\n<p>Der BSV Hamburg organisiert f\u00fcr rund 350 Unternehmen, Beh\u00f6rden und Institutionen in der Metropolregion Hamburg betriebssportliche Wettk\u00e4mpfe. Das Sportzentrum ist hier Mitglied. <\/p>\n\n\n\n<p>Ein Wettkampfkalender kann <a href=\"https:\/\/www.bsv-hamburg.de\/termine-des-bsv.html\" rel='nofollow'>hier <\/a>eingesehen werden. <\/p>\n\n\n\n<p class=\"has-medium-font-size\"><br><strong>Laufveranstaltungen (Bundeswehr intern)<\/strong><\/p>\n\n\n\n<p>Im hochschulinternen Portal <a href=\"https:\/\/ilias.hsu-hh.de\/goto.php?target=file_553591_download&amp;client_id=unibw\" rel='nofollow'>ILIAS<\/a> ist eine \u00dcbersicht von Laufveranstaltungen hinterlegt, die durch die Bundeswehr unterst\u00fctzt werden. Darunter sind unter anderem der Hannover, K\u00f6ln, M\u00fcnster, Guttenberg-, Schwarzwaldmarathon und <a href=\"https:\/\/www.hsu-hh.de\/laufen-fuer-den-guten-zweck-12-solidaritaetslauf\">Solidarit\u00e4tslauf Hamburg<\/a>.<\/p>\n","protected":false},"excerpt":{"rendered":"<p>Das Sportzentrum unterst\u00fctzt die folgenden Sportveranstaltungen. Deutsche Hochschulmeisterschaften (DHM) Die aktuellen Termine aus dem Wettkampfprogramm des Allgemeinen Deutschen Hochschul-sportverbands (adh), welcher die Deutschen Hochschulmeisterschaften (DHM), den Deutschen Hochschulpokal und die [&hellip;]<\/p>\n","protected":false},"author":2503,"featured_media":0,"parent":0,"menu_order":0,"comment_status":"closed","ping_status":"closed","template":"","meta":{"footnotes":""},"categories":[4],"tags":[],"class_list":["post-2494","page","type-page","status-publish","hentry","category-forschung"],"_links":{"self":[{"href":"https:\/\/www.hsu-hh.de\/sportzentrum\/wp-json\/wp\/v2\/pages\/2494","targetHints":{"allow":["GET"]}}],"collection":[{"href":"https:\/\/www.hsu-hh.de\/sportzentrum\/wp-json\/wp\/v2\/pages"}],"about":[{"href":"https:\/\/www.hsu-hh.de\/sportzentrum\/wp-json\/wp\/v2\/types\/page"}],"author":[{"embeddable":true,"href":"https:\/\/www.hsu-hh.de\/sportzentrum\/wp-json\/wp\/v2\/users\/2503"}],"replies":[{"embeddable":true,"href":"https:\/\/www.hsu-hh.de\/sportzentrum\/wp-json\/wp\/v2\/comments?post=2494"}],"version-history":[{"count":22,"href":"https:\/\/www.hsu-hh.de\/sportzentrum\/wp-json\/wp\/v2\/pages\/2494\/revisions"}],"predecessor-version":[{"id":2811,"href":"https:\/\/www.hsu-hh.de\/sportzentrum\/wp-json\/wp\/v2\/pages\/2494\/revisions\/2811"}],"wp:attachment":[{"href":"https:\/\/www.hsu-hh.de\/sportzentrum\/wp-json\/wp\/v2\/media?parent=2494"}],"wp:term":[{"taxonomy":"category","embeddable":true,"href":"https:\/\/www.hsu-hh.de\/sportzentrum\/wp-json\/wp\/v2\/categories?post=2494"},{"taxonomy":"post_tag","embeddable":true,"href":"https:\/\/www.hsu-hh.de\/sportzentrum\/wp-json\/wp\/v2\/tags?post=2494"}],"curies":[{"name":"wp","href":"https:\/\/api.w.org\/{rel}","templated":true}]}}