{"id":2492,"date":"2023-03-27T08:16:27","date_gmt":"2023-03-27T06:16:27","guid":{"rendered":"https:\/\/www.hsu-hh.de\/sportzentrum\/?page_id=2492"},"modified":"2024-11-26T13:30:59","modified_gmt":"2024-11-26T12:30:59","slug":"hochschulsport","status":"publish","type":"page","link":"https:\/\/www.hsu-hh.de\/sportzentrum\/hochschulsport","title":{"rendered":"Hochschulsport"},"content":{"rendered":"\n<figure class=\"wp-block-image size-large\"><img loading=\"lazy\" decoding=\"async\" width=\"1024\" height=\"591\" src=\"https:\/\/www.hsu-hh.de\/sportzentrum\/wp-content\/uploads\/sites\/707\/2024\/11\/Uebersicht-Hochschulsport-Herbsttrimester-2024-1024x591.png\" data-credit=\"Sportzentrum\" alt=\"\" class=\"wp-image-2648\" srcset=\"https:\/\/www.hsu-hh.de\/sportzentrum\/wp-content\/uploads\/sites\/707\/2024\/11\/Uebersicht-Hochschulsport-Herbsttrimester-2024-1024x591.png 1024w, https:\/\/www.hsu-hh.de\/sportzentrum\/wp-content\/uploads\/sites\/707\/2024\/11\/Uebersicht-Hochschulsport-Herbsttrimester-2024-300x173.png 300w, https:\/\/www.hsu-hh.de\/sportzentrum\/wp-content\/uploads\/sites\/707\/2024\/11\/Uebersicht-Hochschulsport-Herbsttrimester-2024-768x443.png 768w, https:\/\/www.hsu-hh.de\/sportzentrum\/wp-content\/uploads\/sites\/707\/2024\/11\/Uebersicht-Hochschulsport-Herbsttrimester-2024-1536x887.png 1536w, https:\/\/www.hsu-hh.de\/sportzentrum\/wp-content\/uploads\/sites\/707\/2024\/11\/Uebersicht-Hochschulsport-Herbsttrimester-2024-1100x635.png 1100w, https:\/\/www.hsu-hh.de\/sportzentrum\/wp-content\/uploads\/sites\/707\/2024\/11\/Uebersicht-Hochschulsport-Herbsttrimester-2024.png 1583w\" sizes=\"auto, (max-width: 1024px) 100vw, 1024px\" \/><\/figure>\n\n\n\n<p><strong>Von Studierenden f\u00fcr Studierende!<\/strong><\/p>\n\n\n\n<p>Der Hochschulsport ist den Angeh\u00f6rigen der Helmut-Schmidt-Universit\u00e4t\/Universit\u00e4t der Bundeswehr vorbehalten. \u00dcber die hochschulinterne Plattform ILIAS kann <a href=\"https:\/\/ilias.hsu-hh.de\/goto.php?target=cat_277714&amp;client_id=unibw\" rel='nofollow'>HIER <\/a>auf Detailinformationen mit den verantwortlichen Ansprechpartner\/innen zugegriffen werden. Bei freien Kapazit\u00e4ten steht das Sportangebot auch allen Angeh\u00f6rigen weiterer Bundeswehr-Dienststellen zur Verf\u00fcgung.<\/p>\n\n\n\n<p>Das Sportzentrum bedankt sich bei allen Leiterinnen und Leitern der Hochschulsport-AGs f\u00fcr ihr Engagement!<\/p>\n","protected":false},"excerpt":{"rendered":"<p>Von Studierenden f\u00fcr Studierende! Der Hochschulsport ist den Angeh\u00f6rigen der Helmut-Schmidt-Universit\u00e4t\/Universit\u00e4t der Bundeswehr vorbehalten. \u00dcber die hochschulinterne Plattform ILIAS kann HIER auf Detailinformationen mit den verantwortlichen Ansprechpartner\/innen zugegriffen werden. Bei [&hellip;]<\/p>\n","protected":false},"author":2503,"featured_media":0,"parent":0,"menu_order":0,"comment_status":"closed","ping_status":"closed","template":"","meta":{"footnotes":""},"categories":[4],"tags":[],"class_list":["post-2492","page","type-page","status-publish","hentry","category-forschung"],"_links":{"self":[{"href":"https:\/\/www.hsu-hh.de\/sportzentrum\/wp-json\/wp\/v2\/pages\/2492","targetHints":{"allow":["GET"]}}],"collection":[{"href":"https:\/\/www.hsu-hh.de\/sportzentrum\/wp-json\/wp\/v2\/pages"}],"about":[{"href":"https:\/\/www.hsu-hh.de\/sportzentrum\/wp-json\/wp\/v2\/types\/page"}],"author":[{"embeddable":true,"href":"https:\/\/www.hsu-hh.de\/sportzentrum\/wp-json\/wp\/v2\/users\/2503"}],"replies":[{"embeddable":true,"href":"https:\/\/www.hsu-hh.de\/sportzentrum\/wp-json\/wp\/v2\/comments?post=2492"}],"version-history":[{"count":7,"href":"https:\/\/www.hsu-hh.de\/sportzentrum\/wp-json\/wp\/v2\/pages\/2492\/revisions"}],"predecessor-version":[{"id":2755,"href":"https:\/\/www.hsu-hh.de\/sportzentrum\/wp-json\/wp\/v2\/pages\/2492\/revisions\/2755"}],"wp:attachment":[{"href":"https:\/\/www.hsu-hh.de\/sportzentrum\/wp-json\/wp\/v2\/media?parent=2492"}],"wp:term":[{"taxonomy":"category","embeddable":true,"href":"https:\/\/www.hsu-hh.de\/sportzentrum\/wp-json\/wp\/v2\/categories?post=2492"},{"taxonomy":"post_tag","embeddable":true,"href":"https:\/\/www.hsu-hh.de\/sportzentrum\/wp-json\/wp\/v2\/tags?post=2492"}],"curies":[{"name":"wp","href":"https:\/\/api.w.org\/{rel}","templated":true}]}}